{"id":819,"date":"2019-03-04T00:34:16","date_gmt":"2019-03-03T23:34:16","guid":{"rendered":"https:\/\/agora.xtec.cat\/esc-cirera\/?page_id=819"},"modified":"2019-10-09T16:05:51","modified_gmt":"2019-10-09T14:05:51","slug":"projectes-del-centre","status":"publish","type":"page","link":"https:\/\/agora.xtec.cat\/esc-cirera\/projecte-educatiu\/projectes-del-centre\/","title":{"rendered":"Projectes del centre"},"content":{"rendered":"<p>L\u2019escola Cirera ja porta 3 anys participant en grups d&#8217;escoles que aposten per a la Innovaci\u00f3 Educativa en el treball per Projectes. Cada any, des del 2016 hem anat implementant projectes a cada cicle. El primer any al Cicle Mitj\u00e0, el segon any al Cicle Superior i el tercer any al Cicle Inicial. Aix\u00ed que si voleu veure els projectes on ha participat l&#8217;escola Cirera podeu visitar els seg\u00fcents enlla\u00e7os:<\/p>\n<p><a href=\"http:\/\/blocs.xtec.cat\/xcbprojecte259\/\">Xarxa de compet\u00e8ncies b\u00e0siques 2016-2017<\/a><\/p>\n<p><a href=\"https:\/\/blocs.xtec.cat\/xcbprojecte259\/category\/centres-docents\/escola-cirera\/\">Mulla\u2019t!<\/a><\/p>\n<p><a href=\"https:\/\/blocs.xtec.cat\/xcbprojecte259\/category\/centres-docents\/escola-cirera\/\"><img loading=\"lazy\" decoding=\"async\" class=\"alignnone wp-image-730\" src=\"https:\/\/agora.xtec.cat\/esc-cirera\/wp-content\/uploads\/usu1997\/2019\/02\/mullat.jpg\" alt=\"\" width=\"333\" height=\"100\" srcset=\"https:\/\/agora.xtec.cat\/esc-cirera\/wp-content\/uploads\/usu1997\/2019\/02\/mullat.jpg 898w, https:\/\/agora.xtec.cat\/esc-cirera\/wp-content\/uploads\/usu1997\/2019\/02\/mullat-300x90.jpg 300w, https:\/\/agora.xtec.cat\/esc-cirera\/wp-content\/uploads\/usu1997\/2019\/02\/mullat-768x231.jpg 768w\" sizes=\"auto, (max-width: 333px) 100vw, 333px\" \/><\/a><\/p>\n<p>L\u2019Escola Cirera participa a:<\/p>\n<p><a href=\"http:\/\/blocs.xtec.cat\/xcbprojecte280\/\">Xarxa de Compet\u00e8ncies B\u00e0siques 2017-2018<\/a><\/p>\n<p><a href=\"https:\/\/blocs.xtec.cat\/xcbprojecte280\/category\/centres-docents\/escola-cirera\/\">Ajuda\u2019m a ajudar-te!<\/a><\/p>\n<p><a href=\"http:\/\/blocs.xtec.cat\/xcbprojecte280\/\" target=\"_blank\" rel=\"noopener noreferrer\"><img decoding=\"async\" src=\"http:\/\/blocs.xtec.cat\/xcbprojecte\/files\/2015\/11\/Logo-xCB-petit.jpg\" \/><\/a><\/p>\n<p>L\u2019Escola Cirera participa a:<\/p>\n<p><a href=\"https:\/\/blocs.xtec.cat\/escolacirerainicial\/2019\/04\/11\/som-picasso\/\">Xarxes de Compet\u00e8ncies B\u00e0siques: 18-19<\/a><\/p>\n<p>Tem\u00e0tica: Picasso<\/p>\n<p><span style=\"font-weight: 400;\">L\u2019escola Cirera des de fa 3 cursos participa en Projectes d\u2019innovaci\u00f3 Educativa en Xarxa. Compartim amb altres escoles del Territori del Maresme i del Vall\u00e8s Occidental aquests projectes, per tal d\u2019implementar-los dins la nostra realitat<\/span><\/p>\n<p><span style=\"font-weight: 400;\">El balan\u00e7 \u00e9s molt positiu i enriquidor, ja que compartim les idees a trav\u00e9s de la difusi\u00f3 dels nostres projectes a internet en webs comunes on hi col\u00b7laborem en Xarxa.<\/span><\/p>\n<p><span style=\"font-weight: 400;\">L&#8217;any passat ho vam voler\u00a0 implementar a 1r. <\/span><\/p>\n<p><span style=\"font-weight: 400;\">Amb el projecte \u201c<a href=\"https:\/\/blocs.xtec.cat\/escolacirerainicial\/2019\/04\/11\/som-picasso\/\">Som Picasso<\/a>\u201d.<\/span><\/p>\n<p>&nbsp;<\/p>\n<p>Altres Projectes de centre:<\/p>\n<p>&nbsp;<\/p>\n<table style=\"height: 373px;\" width=\"453\">\n<tbody>\n<tr>\n<td style=\"width: 87.04px;\"><strong>CURS<\/strong><\/td>\n<td style=\"width: 358.4px;\"><strong>PROJECTE<\/strong><\/td>\n<\/tr>\n<tr>\n<td style=\"width: 87.04px;\">\u00a0EI<\/td>\n<td style=\"width: 358.4px;\">El nom de la classe. Aquest curs\u00a0els grups d\u2019Infantil tenen noms\u00a0triats per cada grup-classe, i s\u00f3n d\u2019animals, de planetes&#8230;<\/td>\n<\/tr>\n<tr>\n<td style=\"width: 87.04px;\">\u00a01r<\/td>\n<td style=\"width: 358.4px;\">Treball per projectes a l\u2019\u00e0rea de Medi: l\u2019hort i Joan Mir\u00f3<\/td>\n<\/tr>\n<tr>\n<td style=\"width: 87.04px;\">\u00a02n<\/td>\n<td style=\"width: 358.4px;\">Treball per projectes a l\u2019\u00e0rea de Medi. Projecte interdisciplinari: l\u2019hort i Joan Mir\u00f3<\/td>\n<\/tr>\n<tr>\n<td style=\"width: 87.04px;\">\u00a03r<\/td>\n<td style=\"width: 358.4px;\">Treball per projectes a l\u2019\u00e0rea de<\/td>\n<\/tr>\n<tr>\n<td style=\"width: 87.04px;\">\u00a04t<\/td>\n<td style=\"width: 358.4px;\">Treball per projectes a l\u2019\u00e0rea de<\/td>\n<\/tr>\n<tr>\n<td style=\"width: 87.04px;\">\u00a05\u00e8<\/td>\n<td style=\"width: 358.4px;\">Treball per projectes a l\u2019\u00e0rea de<\/td>\n<\/tr>\n<tr>\n<td style=\"width: 87.04px;\">\u00a06\u00e8<\/td>\n<td style=\"width: 358.4px;\">Treball per projectes a l\u2019\u00e0rea de<\/td>\n<\/tr>\n<\/tbody>\n<\/table>\n<h4>Lectures des de 1r fins a 6\u00e8<\/h4>\n<p>Tots es alumnes de Prim\u00e0ria llegeixen un m\u00ednim de tres llibres durant el curs:<\/p>\n<table style=\"height: 353px;\" width=\"460\">\n<tbody>\n<tr style=\"height: 41px;\">\n<td style=\"width: 37.12px; height: 41px;\"><\/td>\n<td style=\"width: 110.08px; height: 41px;\"><strong>En catal\u00e0<\/strong><\/td>\n<td style=\"width: 135.04px; height: 41px;\"><strong>En castell\u00e0<\/strong><\/td>\n<td style=\"width: 166.4px; height: 41px;\"><strong>En catal\u00e0 o castell\u00e0<\/strong><\/td>\n<\/tr>\n<tr style=\"height: 41px;\">\n<td style=\"width: 37.12px; height: 41px;\">1r<\/td>\n<td style=\"width: 110.08px; height: 41px;\">\u00a0Col.leccions de llibres variats de la biblioteca d&#8217;aula, aix\u00ed com contes de la vida de Pablo Picasso o b\u00e9 de Joan Mir\u00f3<\/td>\n<td style=\"width: 135.04px; height: 41px;\">\u00a0Col.leccions de llibres variats de la biblioteca d&#8217;aula<\/td>\n<td style=\"width: 166.4px; height: 292px;\" rowspan=\"6\">L\u2019escola ofereix un llibre de manera que s\u2019intercanvia amb l\u2019altre grup classe en diferent moment del curs i que pertany a la biblioteca de l\u2019escola.<\/td>\n<\/tr>\n<tr style=\"height: 87px;\">\n<td style=\"width: 37.12px; height: 87px;\">2n<\/td>\n<td style=\"width: 110.08px; height: 87px;\">&#8220;El vol de l&#8217;oreneta&#8221; de\u00a0Josep G\u00f2rriz i Verd\u00fa<\/p>\n<p><a href=\"https:\/\/agora.xtec.cat\/esc-cirera\/wp-content\/uploads\/usu1997\/2019\/04\/20190406_123455.jpg\"><img loading=\"lazy\" decoding=\"async\" class=\"alignnone size-full wp-image-1109\" src=\"https:\/\/agora.xtec.cat\/esc-cirera\/wp-content\/uploads\/usu1997\/2019\/04\/20190406_123455.jpg\" alt=\"\" width=\"681\" height=\"258\" srcset=\"https:\/\/agora.xtec.cat\/esc-cirera\/wp-content\/uploads\/usu1997\/2019\/04\/20190406_123455.jpg 681w, https:\/\/agora.xtec.cat\/esc-cirera\/wp-content\/uploads\/usu1997\/2019\/04\/20190406_123455-300x114.jpg 300w\" sizes=\"auto, (max-width: 681px) 100vw, 681px\" \/><\/a><\/p>\n<p>i<\/p>\n<div class=\"kno-ecr-pt kno-fb-ctx HOpgu gsmt\" data-local-attribute=\"d3bn\" data-ved=\"2ahUKEwjny9jborvhAhUQWhoKHYTWAdsQ3B0oATAAegQIDRAL\">El Pa\u00eds de les cent paraules<\/div>\n<div class=\"wwUB2c kno-fb-ctx\"><span data-ved=\"2ahUKEwjny9jborvhAhUQWhoKHYTWAdsQ2kooAjAAegQIDRAM\">Llibre de Marta Mata i Garriga<\/span><\/div>\n<\/td>\n<td style=\"width: 135.04px; height: 87px;\">\u00a0Col.leccions de llibres variats de la biblioteca d&#8217;aula<\/p>\n<p>Libro de lecturas 2\u00b0 Prim\u00e0ria &#8221; Con los pies en los zapatos&#8221; &#8211; Pix\u00e9polis. Ed. Baula.<\/td>\n<\/tr>\n<tr style=\"height: 41px;\">\n<td style=\"width: 37.12px; height: 41px;\">3r<\/td>\n<td style=\"width: 110.08px; height: 41px;\">El gegant egoista<\/p>\n<p>El meu nom \u00e9s Stilton<\/td>\n<td style=\"width: 135.04px; height: 41px;\"><\/td>\n<\/tr>\n<tr style=\"height: 41px;\">\n<td style=\"width: 37.12px; height: 41px;\">4t<\/td>\n<td style=\"width: 110.08px; height: 41px;\">Aventura de terror del club dels cinc<\/p>\n<p>La meravellosa medecina d&#8217;en Jordi<\/td>\n<td style=\"width: 135.04px; height: 41px;\"><\/td>\n<\/tr>\n<tr style=\"height: 41px;\">\n<td style=\"width: 37.12px; height: 41px;\">5\u00e8<\/td>\n<td style=\"width: 110.08px; height: 41px;\">Els patis del Petit Nicol\u00e0s<\/p>\n<p>Els 5 al tur\u00f3 del contrabandista<\/td>\n<td style=\"width: 135.04px; height: 41px;\"><\/td>\n<\/tr>\n<tr style=\"height: 41px;\">\n<td style=\"width: 37.12px; height: 41px;\">6\u00e8<\/td>\n<td style=\"width: 110.08px; height: 41px;\">El petit vampir<\/p>\n<p>El geperut de Notre Dame.<\/td>\n<td style=\"width: 135.04px; height: 41px;\"><\/td>\n<\/tr>\n<\/tbody>\n<\/table>\n<h4>\u00a0Treball d\u2019artistes a l\u2019\u00e0rea de pl\u00e0stica (Cicle Superior en llengua anglesa)<\/h4>\n<table style=\"height: 750px;\" width=\"463\">\n<tbody>\n<tr>\n<td style=\"width: 96px;\"><strong>CURS<\/strong><\/td>\n<td style=\"width: 201.6px;\"><strong>ARTISTA<\/strong><\/td>\n<td style=\"width: 156.16px;\"><strong>RECURS I\/O T\u00c8CNICA PL\u00c0STICA<\/strong><\/td>\n<\/tr>\n<tr>\n<td style=\"width: 96px;\">P3<\/td>\n<td style=\"width: 201.6px;\"><\/td>\n<td style=\"width: 156.16px;\"><\/td>\n<\/tr>\n<tr>\n<td style=\"width: 96px;\">P4<\/td>\n<td style=\"width: 201.6px;\"><\/td>\n<td style=\"width: 156.16px;\"><\/td>\n<\/tr>\n<tr>\n<td style=\"width: 96px;\">P5<\/td>\n<td style=\"width: 201.6px;\"><\/td>\n<td style=\"width: 156.16px;\"><\/td>\n<\/tr>\n<tr>\n<td style=\"width: 96px;\">1r<\/td>\n<td style=\"width: 201.6px;\">Pablo Picasso (relacionat amb\u00a0 la sortida al Museu Pablo Picasso) \/ alternat amb Joan Mir\u00f3 (relacionat amb la sortida a la Fundaci\u00f3 Joan Mir\u00f3<\/td>\n<td style=\"width: 156.16px;\">Diferents t\u00e8cniques de pintura<\/td>\n<\/tr>\n<tr>\n<td style=\"width: 96px;\">2n<\/td>\n<td style=\"width: 201.6px;\">Pablo Picasso (relacionat amb\u00a0 la sortida al Museu Pablo Picasso) \/ alternat amb Joan Mir\u00f3 (relacionat amb la sortida a la Fundaci\u00f3 Joan Mir\u00f3<\/td>\n<td style=\"width: 156.16px;\">Diferents t\u00e8cniques de pintura<\/td>\n<\/tr>\n<tr>\n<td style=\"width: 96px;\">3r<\/td>\n<td style=\"width: 201.6px;\"><\/td>\n<td style=\"width: 156.16px;\"><\/td>\n<\/tr>\n<tr>\n<td style=\"width: 96px;\">4t<\/td>\n<td style=\"width: 201.6px;\"><\/td>\n<td style=\"width: 156.16px;\"><\/td>\n<\/tr>\n<tr>\n<td style=\"width: 96px;\">5\u00e8<\/td>\n<td style=\"width: 201.6px;\"><\/td>\n<td style=\"width: 156.16px;\"><\/td>\n<\/tr>\n<tr>\n<td style=\"width: 96px;\">6\u00e8<\/td>\n<td style=\"width: 201.6px;\"><\/td>\n<td style=\"width: 156.16px;\"><\/td>\n<\/tr>\n<\/tbody>\n<\/table>\n<p>&nbsp;<\/p>\n<p>&nbsp;<\/p>\n<p>&nbsp;<\/p>\n<p>&nbsp;<\/p>\n<p>&nbsp;<\/p>\n","protected":false},"excerpt":{"rendered":"<p>L\u2019escola Cirera ja porta 3 anys participant en grups d&#8217;escoles que aposten per a la Innovaci\u00f3 Educativa en el treball per Projectes. Cada any, des del 2016 hem anat implementant projectes a cada cicle. El primer any al Cicle Mitj\u00e0, el segon any al Cicle Superior i el tercer any al Cicle Inicial. Aix\u00ed que [&hellip;]<\/p>\n","protected":false},"author":1,"featured_media":0,"parent":64,"menu_order":0,"comment_status":"closed","ping_status":"closed","template":"","meta":{"_bbp_topic_count":0,"_bbp_reply_count":0,"_bbp_total_topic_count":0,"_bbp_total_reply_count":0,"_bbp_voice_count":0,"_bbp_anonymous_reply_count":0,"_bbp_topic_count_hidden":0,"_bbp_reply_count_hidden":0,"_bbp_forum_subforum_count":0,"site-sidebar-layout":"default","site-content-layout":"","ast-site-content-layout":"","site-content-style":"default","site-sidebar-style":"default","ast-global-header-display":"","ast-banner-title-visibility":"","ast-main-header-display":"","ast-hfb-above-header-display":"","ast-hfb-below-header-display":"","ast-hfb-mobile-header-display":"","site-post-title":"","ast-breadcrumbs-content":"","ast-featured-img":"","footer-sml-layout":"","theme-transparent-header-meta":"","adv-header-id-meta":"","stick-header-meta":"","header-above-stick-meta":"","header-main-stick-meta":"","header-below-stick-meta":"","astra-migrate-meta-layouts":"default","ast-page-background-enabled":"default","ast-page-background-meta":{"desktop":{"background-color":"var(--ast-global-color-4)","background-image":"","background-repeat":"repeat","background-position":"center center","background-size":"auto","background-attachment":"scroll","background-type":"","background-media":"","overlay-type":"","overlay-color":"","overlay-opacity":"","overlay-gradient":""},"tablet":{"background-color":"","background-image":"","background-repeat":"repeat","background-position":"center center","background-size":"auto","background-attachment":"scroll","background-type":"","background-media":"","overlay-type":"","overlay-color":"","overlay-opacity":"","overlay-gradient":""},"mobile":{"background-color":"","background-image":"","background-repeat":"repeat","background-position":"center center","background-size":"auto","background-attachment":"scroll","background-type":"","background-media":"","overlay-type":"","overlay-color":"","overlay-opacity":"","overlay-gradient":""}},"ast-content-background-meta":{"desktop":{"background-color":"var(--ast-global-color-5)","background-image":"","background-repeat":"repeat","background-position":"center center","background-size":"auto","background-attachment":"scroll","background-type":"","background-media":"","overlay-type":"","overlay-color":"","overlay-opacity":"","overlay-gradient":""},"tablet":{"background-color":"var(--ast-global-color-5)","background-image":"","background-repeat":"repeat","background-position":"center center","background-size":"auto","background-attachment":"scroll","background-type":"","background-media":"","overlay-type":"","overlay-color":"","overlay-opacity":"","overlay-gradient":""},"mobile":{"background-color":"var(--ast-global-color-5)","background-image":"","background-repeat":"repeat","background-position":"center center","background-size":"auto","background-attachment":"scroll","background-type":"","background-media":"","overlay-type":"","overlay-color":"","overlay-opacity":"","overlay-gradient":""}},"footnotes":""},"class_list":["post-819","page","type-page","status-publish","hentry"],"post_mailing_queue_ids":[],"_links":{"self":[{"href":"https:\/\/agora.xtec.cat\/esc-cirera\/wp-json\/wp\/v2\/pages\/819","targetHints":{"allow":["GET"]}}],"collection":[{"href":"https:\/\/agora.xtec.cat\/esc-cirera\/wp-json\/wp\/v2\/pages"}],"about":[{"href":"https:\/\/agora.xtec.cat\/esc-cirera\/wp-json\/wp\/v2\/types\/page"}],"author":[{"embeddable":true,"href":"https:\/\/agora.xtec.cat\/esc-cirera\/wp-json\/wp\/v2\/users\/1"}],"replies":[{"embeddable":true,"href":"https:\/\/agora.xtec.cat\/esc-cirera\/wp-json\/wp\/v2\/comments?post=819"}],"version-history":[{"count":4,"href":"https:\/\/agora.xtec.cat\/esc-cirera\/wp-json\/wp\/v2\/pages\/819\/revisions"}],"predecessor-version":[{"id":1519,"href":"https:\/\/agora.xtec.cat\/esc-cirera\/wp-json\/wp\/v2\/pages\/819\/revisions\/1519"}],"up":[{"embeddable":true,"href":"https:\/\/agora.xtec.cat\/esc-cirera\/wp-json\/wp\/v2\/pages\/64"}],"wp:attachment":[{"href":"https:\/\/agora.xtec.cat\/esc-cirera\/wp-json\/wp\/v2\/media?parent=819"}],"curies":[{"name":"wp","href":"https:\/\/api.w.org\/{rel}","templated":true}]}}