{"id":815,"date":"2019-03-04T00:34:16","date_gmt":"2019-03-03T23:34:16","guid":{"rendered":"https:\/\/agora.xtec.cat\/esc-cirera\/?page_id=815"},"modified":"2025-09-02T12:24:55","modified_gmt":"2025-09-02T10:24:55","slug":"qui-som","status":"publish","type":"page","link":"https:\/\/agora.xtec.cat\/esc-cirera\/qui-som\/","title":{"rendered":"Qui som?"},"content":{"rendered":"<p>Durant el curs 2025-26 comptem amb un total de\u00a0<strong>19 mestres<\/strong>\u00a0repartits en les dues etapes: educaci\u00f3 infantil i prim\u00e0ria. A m\u00e9s, comptem amb dues persones del personal\u00a0<strong>PAS\u00a0<\/strong>(Personal d\u2019Administraci\u00f3 i Serveis), que s\u00f3n una administrativa i una conserge, imprescindibles per al bon funcionament del centre. Comptem tamb\u00e9 amb\u00a0<strong>dues vetlladores\u00a0<\/strong>que atenen a infants amb NEE, i un\u00a0<strong>t\u00e8cnic\/a d\u2019integraci\u00f3 social (TIS)<\/strong>.<\/p>\n<p><span style=\"font-weight: 400;\">La distribuci\u00f3 de l\u2019equip \u00e9s la seg\u00fcent:<\/span><\/p>\n<table style=\"border-collapse: collapse; width: 100%;\">\n<tbody>\n<tr>\n<td style=\"width: 33.3333%;\"><strong>Educaci\u00f3 Infantil<\/strong><\/p>\n<ul class=\"wp-block-list\">\n<li><strong>I3<\/strong>\u00a0-&gt; Laura Moreno<\/li>\n<li><strong>I4<\/strong>\u00a0-&gt; Mari Gonz\u00e1lez<\/li>\n<li><strong>I5<\/strong>\u00a0-&gt; Montse Escribano<\/li>\n<li><strong>Refor\u00e7os Infantil\u00a0<\/strong>-&gt; Paqui Patricio<\/li>\n<\/ul>\n<\/td>\n<td style=\"width: 33.3333%;\"><strong>Educaci\u00f3 Prim\u00e0ria<\/strong><\/p>\n<ul class=\"wp-block-list\">\n<li><strong>1r -&gt;\u00a0<\/strong>Silvia Mart\u00ednez<\/li>\n<li><strong>2n<\/strong>\u00a0-&gt; Silvia Mu\u00f1oz<\/li>\n<li><strong>3r<\/strong>\u00a0-&gt; Anna Garcia i Maria Morata<\/li>\n<li><strong>4t<\/strong>\u00a0-&gt; Anna Mari Riera<\/li>\n<li><strong>5\u00e8<\/strong>\u00a0-&gt; Emi Moreno<\/li>\n<li><strong>6\u00e8<\/strong>\u00a0-&gt; Alba Domingo<\/li>\n<li><strong>Refor\u00e7os Prim\u00e0ria<\/strong> -&gt; Maria Vall\u00e8s<\/li>\n<\/ul>\n<\/td>\n<td style=\"width: 33.3333%;\"><strong>Especialitats<\/strong><\/p>\n<ul id=\"block-8fa7203a-675d-4ea0-9f1e-8b579f79d3cb\" class=\"wp-block-list\">\n<li><strong>Angl\u00e8s\u00a0<\/strong>-&gt; Inma Nogu\u00e9s<\/li>\n<li><strong>M\u00fasica<\/strong>\u00a0-&gt; Efr\u00e9n Montagud<\/li>\n<li><strong>Educaci\u00f3 F\u00edsica<\/strong>\u00a0-&gt; Cristina Garcia<\/li>\n<li><strong>MESIs<\/strong>\u00a0-&gt; Silvia Mu\u00f1oz, Carol i Pilar<\/li>\n<li><strong>Religi\u00f3\u00a0<\/strong>-&gt; Carolina R\u00edos<\/li>\n<li><strong>Rob\u00f2tica\u00a0<\/strong>-&gt; Estefania, Anna Mari i Efr\u00e9n<\/li>\n<\/ul>\n<\/td>\n<\/tr>\n<\/tbody>\n<\/table>\n<p>&nbsp;<\/p>\n<p><img loading=\"lazy\" decoding=\"async\" class=\"wp-image-5935 size-full alignleft\" src=\"https:\/\/agora.xtec.cat\/esc-cirera\/wp-content\/uploads\/usu1997\/2025\/09\/Captura-de-pantalla-2025-09-02-122039.png\" alt=\"\" width=\"853\" height=\"678\" srcset=\"https:\/\/agora.xtec.cat\/esc-cirera\/wp-content\/uploads\/usu1997\/2025\/09\/Captura-de-pantalla-2025-09-02-122039.png 853w, https:\/\/agora.xtec.cat\/esc-cirera\/wp-content\/uploads\/usu1997\/2025\/09\/Captura-de-pantalla-2025-09-02-122039-300x238.png 300w, https:\/\/agora.xtec.cat\/esc-cirera\/wp-content\/uploads\/usu1997\/2025\/09\/Captura-de-pantalla-2025-09-02-122039-768x610.png 768w\" sizes=\"auto, (max-width: 853px) 100vw, 853px\" \/><\/p>\n<p>El claustre de l&#8217;escola, amb la Txell Soler (conserge) i Dolors Mellado (administrativa)<\/p>\n<p>&nbsp;<\/p>\n<p>&nbsp;<\/p>\n<p>&nbsp;<\/p>\n<p>&nbsp;<\/p>\n<p>&nbsp;<\/p>\n<p>&nbsp;<\/p>\n<p>&nbsp;<\/p>\n<p>&nbsp;<\/p>\n<p>&nbsp;<\/p>\n<p>&nbsp;<\/p>\n<p>&nbsp;<\/p>\n<p>&nbsp;<\/p>\n<p>&nbsp;<\/p>\n<p><img loading=\"lazy\" decoding=\"async\" class=\"wp-image-5936  alignleft\" src=\"https:\/\/agora.xtec.cat\/esc-cirera\/wp-content\/uploads\/usu1997\/2025\/09\/Captura-de-pantalla-2025-09-02-122326.png\" alt=\"\" width=\"712\" height=\"518\" srcset=\"https:\/\/agora.xtec.cat\/esc-cirera\/wp-content\/uploads\/usu1997\/2025\/09\/Captura-de-pantalla-2025-09-02-122326.png 1167w, https:\/\/agora.xtec.cat\/esc-cirera\/wp-content\/uploads\/usu1997\/2025\/09\/Captura-de-pantalla-2025-09-02-122326-300x218.png 300w, https:\/\/agora.xtec.cat\/esc-cirera\/wp-content\/uploads\/usu1997\/2025\/09\/Captura-de-pantalla-2025-09-02-122326-1024x744.png 1024w, https:\/\/agora.xtec.cat\/esc-cirera\/wp-content\/uploads\/usu1997\/2025\/09\/Captura-de-pantalla-2025-09-02-122326-768x558.png 768w\" sizes=\"auto, (max-width: 712px) 100vw, 712px\" \/><\/p>\n<p>&nbsp;<\/p>\n<p>L&#8217;equip directiu: Pilar, Estefania i Carol<\/p>\n<p>&nbsp;<\/p>\n<p>&nbsp;<\/p>\n<p>&nbsp;<\/p>\n<p>&nbsp;<\/p>\n<p>&nbsp;<\/p>\n<p>&nbsp;<\/p>\n<p>&nbsp;<\/p>\n<p>&nbsp;<\/p>\n<p>&nbsp;<\/p>\n<p>&nbsp;<\/p>\n<p>&nbsp;<\/p>\n<p>&nbsp;<\/p>\n<p><img loading=\"lazy\" decoding=\"async\" class=\"alignnone wp-image-5934 size-full\" src=\"https:\/\/agora.xtec.cat\/esc-cirera\/wp-content\/uploads\/usu1997\/2025\/09\/Captura-de-pantalla-2025-09-02-121828.png\" alt=\"\" width=\"580\" height=\"847\" srcset=\"https:\/\/agora.xtec.cat\/esc-cirera\/wp-content\/uploads\/usu1997\/2025\/09\/Captura-de-pantalla-2025-09-02-121828.png 580w, https:\/\/agora.xtec.cat\/esc-cirera\/wp-content\/uploads\/usu1997\/2025\/09\/Captura-de-pantalla-2025-09-02-121828-205x300.png 205w\" sizes=\"auto, (max-width: 580px) 100vw, 580px\" \/><\/p>\n","protected":false},"excerpt":{"rendered":"<p>Durant el curs 2025-26 comptem amb un total de\u00a019 mestres\u00a0repartits en les dues etapes: educaci\u00f3 infantil i prim\u00e0ria. A m\u00e9s, comptem amb dues persones del personal\u00a0PAS\u00a0(Personal d\u2019Administraci\u00f3 i Serveis), que s\u00f3n una administrativa i una conserge, imprescindibles per al bon funcionament del centre. Comptem tamb\u00e9 amb\u00a0dues vetlladores\u00a0que atenen a infants amb NEE, i un\u00a0t\u00e8cnic\/a d\u2019integraci\u00f3 [&hellip;]<\/p>\n","protected":false},"author":1,"featured_media":0,"parent":0,"menu_order":0,"comment_status":"closed","ping_status":"closed","template":"","meta":{"_bbp_topic_count":0,"_bbp_reply_count":0,"_bbp_total_topic_count":0,"_bbp_total_reply_count":0,"_bbp_voice_count":0,"_bbp_anonymous_reply_count":0,"_bbp_topic_count_hidden":0,"_bbp_reply_count_hidden":0,"_bbp_forum_subforum_count":0,"site-sidebar-layout":"default","site-content-layout":"","ast-site-content-layout":"","site-content-style":"default","site-sidebar-style":"default","ast-global-header-display":"","ast-banner-title-visibility":"","ast-main-header-display":"","ast-hfb-above-header-display":"","ast-hfb-below-header-display":"","ast-hfb-mobile-header-display":"","site-post-title":"","ast-breadcrumbs-content":"","ast-featured-img":"","footer-sml-layout":"","theme-transparent-header-meta":"","adv-header-id-meta":"","stick-header-meta":"","header-above-stick-meta":"","header-main-stick-meta":"","header-below-stick-meta":"","astra-migrate-meta-layouts":"default","ast-page-background-enabled":"default","ast-page-background-meta":{"desktop":{"background-color":"var(--ast-global-color-4)","background-image":"","background-repeat":"repeat","background-position":"center center","background-size":"auto","background-attachment":"scroll","background-type":"","background-media":"","overlay-type":"","overlay-color":"","overlay-opacity":"","overlay-gradient":""},"tablet":{"background-color":"","background-image":"","background-repeat":"repeat","background-position":"center center","background-size":"auto","background-attachment":"scroll","background-type":"","background-media":"","overlay-type":"","overlay-color":"","overlay-opacity":"","overlay-gradient":""},"mobile":{"background-color":"","background-image":"","background-repeat":"repeat","background-position":"center center","background-size":"auto","background-attachment":"scroll","background-type":"","background-media":"","overlay-type":"","overlay-color":"","overlay-opacity":"","overlay-gradient":""}},"ast-content-background-meta":{"desktop":{"background-color":"var(--ast-global-color-5)","background-image":"","background-repeat":"repeat","background-position":"center center","background-size":"auto","background-attachment":"scroll","background-type":"","background-media":"","overlay-type":"","overlay-color":"","overlay-opacity":"","overlay-gradient":""},"tablet":{"background-color":"var(--ast-global-color-5)","background-image":"","background-repeat":"repeat","background-position":"center center","background-size":"auto","background-attachment":"scroll","background-type":"","background-media":"","overlay-type":"","overlay-color":"","overlay-opacity":"","overlay-gradient":""},"mobile":{"background-color":"var(--ast-global-color-5)","background-image":"","background-repeat":"repeat","background-position":"center center","background-size":"auto","background-attachment":"scroll","background-type":"","background-media":"","overlay-type":"","overlay-color":"","overlay-opacity":"","overlay-gradient":""}},"footnotes":""},"class_list":["post-815","page","type-page","status-publish","hentry"],"post_mailing_queue_ids":[],"_links":{"self":[{"href":"https:\/\/agora.xtec.cat\/esc-cirera\/wp-json\/wp\/v2\/pages\/815","targetHints":{"allow":["GET"]}}],"collection":[{"href":"https:\/\/agora.xtec.cat\/esc-cirera\/wp-json\/wp\/v2\/pages"}],"about":[{"href":"https:\/\/agora.xtec.cat\/esc-cirera\/wp-json\/wp\/v2\/types\/page"}],"author":[{"embeddable":true,"href":"https:\/\/agora.xtec.cat\/esc-cirera\/wp-json\/wp\/v2\/users\/1"}],"replies":[{"embeddable":true,"href":"https:\/\/agora.xtec.cat\/esc-cirera\/wp-json\/wp\/v2\/comments?post=815"}],"version-history":[{"count":7,"href":"https:\/\/agora.xtec.cat\/esc-cirera\/wp-json\/wp\/v2\/pages\/815\/revisions"}],"predecessor-version":[{"id":5937,"href":"https:\/\/agora.xtec.cat\/esc-cirera\/wp-json\/wp\/v2\/pages\/815\/revisions\/5937"}],"wp:attachment":[{"href":"https:\/\/agora.xtec.cat\/esc-cirera\/wp-json\/wp\/v2\/media?parent=815"}],"curies":[{"name":"wp","href":"https:\/\/api.w.org\/{rel}","templated":true}]}}