{"id":77,"date":"2014-09-18T14:05:08","date_gmt":"2014-09-18T13:05:08","guid":{"rendered":"http:\/\/agora.xtec.cat\/esc-cirera\/?page_id=77"},"modified":"2026-01-20T16:51:34","modified_gmt":"2026-01-20T15:51:34","slug":"acollida","status":"publish","type":"page","link":"https:\/\/agora.xtec.cat\/esc-cirera\/serveis\/acollida\/","title":{"rendered":"Extraescolars i acollida matinal"},"content":{"rendered":"<p>L\u2019AFA gestiona diverses activitats culturals, esportives i l\u00fadiques fora de l\u2019horari escolar (esports, tallers\u2026), a trav\u00e9s de l\u2019associaci\u00f3\u00a0<strong><a href=\"https:\/\/enlleurat.org\/\">Enlleura\u2019t<\/a>.<\/strong>\u00a0L\u2019Associaci\u00f3 de Lleure i Cultura Enlleura\u2019t ofereix una gesti\u00f3 sense \u00e0nim de lucre, amb una visi\u00f3 educativa, integradora i l\u00fadica, desenvolupada per professionals qualificats. Els objectius de les\u00a0<strong>activitats extraescolars<\/strong>\u00a0s\u00f3n els seg\u00fcents:<\/p>\n<ul class=\"wp-block-list\">\n<li>Oferir activitats d\u2019oci que complementin l\u2019ensenyament lectiu i que siguin atractives, tant per als pares com per als infants.<\/li>\n<li>Promoure la pr\u00e0ctica esportiva com a forma d\u2019oci saludable en el temps de lleure.<\/li>\n<li>Potenciar l\u2019educaci\u00f3 en valors mitjan\u00e7ant el lleure.<\/li>\n<li>Ser realistes amb el moment de crisi econ\u00f2mica i reduir al m\u00ednim el cost de l\u2019activitat. El nostre \u00e9s un projecte sense \u00e0nim de lucre.<\/li>\n<li>Facilitar a les fam\u00edlies la conciliaci\u00f3 de la vida familiar i laboral.<\/li>\n<\/ul>\n<p><a href=\"https:\/\/escolacirera.cat\/wp-content\/uploads\/2025\/07\/info-extraescolars-cirera.-curs-25-26.pdf\">Aqu\u00ed teniu el tr\u00edptic<\/a> amb tota la informaci\u00f3 rellevant.<\/p>\n<p>Podeu demanar m\u00e9s informaci\u00f3 a en\u00a0<strong>Jose Guijarro<\/strong>:<\/p>\n<ul class=\"wp-block-list\">\n<li>Al correu electr\u00f2nic: cirera@enlleurat.org<\/li>\n<li>Al tel\u00e8fon: 644 60 59 27 (amb servei de WhatsApp)<\/li>\n<\/ul>\n","protected":false},"excerpt":{"rendered":"<p>L\u2019AFA gestiona diverses activitats culturals, esportives i l\u00fadiques fora de l\u2019horari escolar (esports, tallers\u2026), a trav\u00e9s de l\u2019associaci\u00f3\u00a0Enlleura\u2019t.\u00a0L\u2019Associaci\u00f3 de Lleure i Cultura Enlleura\u2019t ofereix una gesti\u00f3 sense \u00e0nim de lucre, amb una visi\u00f3 educativa, integradora i l\u00fadica, desenvolupada per professionals qualificats. Els objectius de les\u00a0activitats extraescolars\u00a0s\u00f3n els seg\u00fcents: Oferir activitats d\u2019oci que complementin l\u2019ensenyament lectiu [&hellip;]<\/p>\n","protected":false},"author":1,"featured_media":0,"parent":66,"menu_order":20,"comment_status":"closed","ping_status":"closed","template":"","meta":{"_bbp_topic_count":0,"_bbp_reply_count":0,"_bbp_total_topic_count":0,"_bbp_total_reply_count":0,"_bbp_voice_count":0,"_bbp_anonymous_reply_count":0,"_bbp_topic_count_hidden":0,"_bbp_reply_count_hidden":0,"_bbp_forum_subforum_count":0,"site-sidebar-layout":"default","site-content-layout":"","ast-site-content-layout":"default","site-content-style":"default","site-sidebar-style":"default","ast-global-header-display":"","ast-banner-title-visibility":"","ast-main-header-display":"","ast-hfb-above-header-display":"","ast-hfb-below-header-display":"","ast-hfb-mobile-header-display":"","site-post-title":"","ast-breadcrumbs-content":"","ast-featured-img":"","footer-sml-layout":"","theme-transparent-header-meta":"default","adv-header-id-meta":"","stick-header-meta":"","header-above-stick-meta":"","header-main-stick-meta":"","header-below-stick-meta":"","astra-migrate-meta-layouts":"set","ast-page-background-enabled":"default","ast-page-background-meta":{"desktop":{"background-color":"var(--ast-global-color-4)","background-image":"","background-repeat":"repeat","background-position":"center center","background-size":"auto","background-attachment":"scroll","background-type":"","background-media":"","overlay-type":"","overlay-color":"","overlay-opacity":"","overlay-gradient":""},"tablet":{"background-color":"","background-image":"","background-repeat":"repeat","background-position":"center center","background-size":"auto","background-attachment":"scroll","background-type":"","background-media":"","overlay-type":"","overlay-color":"","overlay-opacity":"","overlay-gradient":""},"mobile":{"background-color":"","background-image":"","background-repeat":"repeat","background-position":"center center","background-size":"auto","background-attachment":"scroll","background-type":"","background-media":"","overlay-type":"","overlay-color":"","overlay-opacity":"","overlay-gradient":""}},"ast-content-background-meta":{"desktop":{"background-color":"var(--ast-global-color-5)","background-image":"","background-repeat":"repeat","background-position":"center center","background-size":"auto","background-attachment":"scroll","background-type":"","background-media":"","overlay-type":"","overlay-color":"","overlay-opacity":"","overlay-gradient":""},"tablet":{"background-color":"var(--ast-global-color-5)","background-image":"","background-repeat":"repeat","background-position":"center center","background-size":"auto","background-attachment":"scroll","background-type":"","background-media":"","overlay-type":"","overlay-color":"","overlay-opacity":"","overlay-gradient":""},"mobile":{"background-color":"var(--ast-global-color-5)","background-image":"","background-repeat":"repeat","background-position":"center center","background-size":"auto","background-attachment":"scroll","background-type":"","background-media":"","overlay-type":"","overlay-color":"","overlay-opacity":"","overlay-gradient":""}},"footnotes":""},"class_list":["post-77","page","type-page","status-publish","hentry"],"post_mailing_queue_ids":[],"_links":{"self":[{"href":"https:\/\/agora.xtec.cat\/esc-cirera\/wp-json\/wp\/v2\/pages\/77","targetHints":{"allow":["GET"]}}],"collection":[{"href":"https:\/\/agora.xtec.cat\/esc-cirera\/wp-json\/wp\/v2\/pages"}],"about":[{"href":"https:\/\/agora.xtec.cat\/esc-cirera\/wp-json\/wp\/v2\/types\/page"}],"author":[{"embeddable":true,"href":"https:\/\/agora.xtec.cat\/esc-cirera\/wp-json\/wp\/v2\/users\/1"}],"replies":[{"embeddable":true,"href":"https:\/\/agora.xtec.cat\/esc-cirera\/wp-json\/wp\/v2\/comments?post=77"}],"version-history":[{"count":6,"href":"https:\/\/agora.xtec.cat\/esc-cirera\/wp-json\/wp\/v2\/pages\/77\/revisions"}],"predecessor-version":[{"id":6084,"href":"https:\/\/agora.xtec.cat\/esc-cirera\/wp-json\/wp\/v2\/pages\/77\/revisions\/6084"}],"up":[{"embeddable":true,"href":"https:\/\/agora.xtec.cat\/esc-cirera\/wp-json\/wp\/v2\/pages\/66"}],"wp:attachment":[{"href":"https:\/\/agora.xtec.cat\/esc-cirera\/wp-json\/wp\/v2\/media?parent=77"}],"curies":[{"name":"wp","href":"https:\/\/api.w.org\/{rel}","templated":true}]}}