{"id":73,"date":"2014-09-18T14:01:51","date_gmt":"2014-09-18T13:01:51","guid":{"rendered":"http:\/\/agora.xtec.cat\/esc-cirera\/?page_id=73"},"modified":"2025-07-10T13:00:27","modified_gmt":"2025-07-10T11:00:27","slug":"menjador-escolar","status":"publish","type":"page","link":"https:\/\/agora.xtec.cat\/esc-cirera\/serveis\/menjador-escolar\/","title":{"rendered":"Menjador escolar"},"content":{"rendered":"<p>El servei de menjador de la nostra escola est\u00e0 gestionat pel Consell Comarcal del Maresme. L\u2019empresa que s\u2019encarrega d\u2019elaborar i servir el menjar en el nostre centre, aix\u00ed com de fer el cobrament dels rebuts \u00e9s\u00a0Serhs.<\/p>\n<ul class=\"wp-block-list\">\n<li>L\u2019horari de menjador \u00e9s de\u00a012.30h a 15.00h.<\/li>\n<li>Els preus s\u00f3n els seg\u00fcents:\n<ul class=\"wp-block-list\">\n<li>Usuari espor\u00e0dic: 8,29\u20ac<\/li>\n<li>Usuari fix: 7,54\u20ac<\/li>\n<\/ul>\n<\/li>\n<li>Les comunicacions de l\u2019\u00fas del servei es poden fer trucant al tel\u00e8fon de la coordinadora del Servei de Menjador, la Laura Lla\u00f3: 600076156<\/li>\n<\/ul>\n<p>Per \u00faltim, us deixem dos documents de refer\u00e8ncia sobre el menjador:<\/p>\n<ul>\n<li><a href=\"https:\/\/agora.xtec.cat\/esc-cirera\/wp-content\/uploads\/usu1997\/2022\/12\/NORMATIVA-LA-CIRERA-22-23.docx-1.pdf\">Normativa del menjador &#8211; Escola Cirera 22-23 <\/a><\/li>\n<li><a style=\"font-family: inherit; font-size: 1em;\" href=\"https:\/\/agora.xtec.cat\/esc-cirera\/wp-content\/uploads\/usu1997\/2019\/04\/Pla-de-funcionament-corregit.pdf\">Pla de funcionament de menjador de l&#8217;Escola Cirera &#8211; Consell comarcal<\/a><\/li>\n<\/ul>\n","protected":false},"excerpt":{"rendered":"<p>El servei de menjador de la nostra escola est\u00e0 gestionat pel Consell Comarcal del Maresme. L\u2019empresa que s\u2019encarrega d\u2019elaborar i servir el menjar en el nostre centre, aix\u00ed com de fer el cobrament dels rebuts \u00e9s\u00a0Serhs. L\u2019horari de menjador \u00e9s de\u00a012.30h a 15.00h. Els preus s\u00f3n els seg\u00fcents: Usuari espor\u00e0dic: 8,29\u20ac Usuari fix: 7,54\u20ac Les [&hellip;]<\/p>\n","protected":false},"author":1,"featured_media":0,"parent":66,"menu_order":30,"comment_status":"closed","ping_status":"closed","template":"page-templates\/side-menu.php","meta":{"_bbp_topic_count":0,"_bbp_reply_count":0,"_bbp_total_topic_count":0,"_bbp_total_reply_count":0,"_bbp_voice_count":0,"_bbp_anonymous_reply_count":0,"_bbp_topic_count_hidden":0,"_bbp_reply_count_hidden":0,"_bbp_forum_subforum_count":0,"site-sidebar-layout":"default","site-content-layout":"","ast-site-content-layout":"","site-content-style":"default","site-sidebar-style":"default","ast-global-header-display":"","ast-banner-title-visibility":"","ast-main-header-display":"","ast-hfb-above-header-display":"","ast-hfb-below-header-display":"","ast-hfb-mobile-header-display":"","site-post-title":"","ast-breadcrumbs-content":"","ast-featured-img":"","footer-sml-layout":"","theme-transparent-header-meta":"","adv-header-id-meta":"","stick-header-meta":"","header-above-stick-meta":"","header-main-stick-meta":"","header-below-stick-meta":"","astra-migrate-meta-layouts":"default","ast-page-background-enabled":"default","ast-page-background-meta":{"desktop":{"background-color":"var(--ast-global-color-4)","background-image":"","background-repeat":"repeat","background-position":"center center","background-size":"auto","background-attachment":"scroll","background-type":"","background-media":"","overlay-type":"","overlay-color":"","overlay-opacity":"","overlay-gradient":""},"tablet":{"background-color":"","background-image":"","background-repeat":"repeat","background-position":"center center","background-size":"auto","background-attachment":"scroll","background-type":"","background-media":"","overlay-type":"","overlay-color":"","overlay-opacity":"","overlay-gradient":""},"mobile":{"background-color":"","background-image":"","background-repeat":"repeat","background-position":"center center","background-size":"auto","background-attachment":"scroll","background-type":"","background-media":"","overlay-type":"","overlay-color":"","overlay-opacity":"","overlay-gradient":""}},"ast-content-background-meta":{"desktop":{"background-color":"var(--ast-global-color-5)","background-image":"","background-repeat":"repeat","background-position":"center center","background-size":"auto","background-attachment":"scroll","background-type":"","background-media":"","overlay-type":"","overlay-color":"","overlay-opacity":"","overlay-gradient":""},"tablet":{"background-color":"var(--ast-global-color-5)","background-image":"","background-repeat":"repeat","background-position":"center center","background-size":"auto","background-attachment":"scroll","background-type":"","background-media":"","overlay-type":"","overlay-color":"","overlay-opacity":"","overlay-gradient":""},"mobile":{"background-color":"var(--ast-global-color-5)","background-image":"","background-repeat":"repeat","background-position":"center center","background-size":"auto","background-attachment":"scroll","background-type":"","background-media":"","overlay-type":"","overlay-color":"","overlay-opacity":"","overlay-gradient":""}},"footnotes":""},"class_list":["post-73","page","type-page","status-publish","hentry"],"post_mailing_queue_ids":[],"_links":{"self":[{"href":"https:\/\/agora.xtec.cat\/esc-cirera\/wp-json\/wp\/v2\/pages\/73","targetHints":{"allow":["GET"]}}],"collection":[{"href":"https:\/\/agora.xtec.cat\/esc-cirera\/wp-json\/wp\/v2\/pages"}],"about":[{"href":"https:\/\/agora.xtec.cat\/esc-cirera\/wp-json\/wp\/v2\/types\/page"}],"author":[{"embeddable":true,"href":"https:\/\/agora.xtec.cat\/esc-cirera\/wp-json\/wp\/v2\/users\/1"}],"replies":[{"embeddable":true,"href":"https:\/\/agora.xtec.cat\/esc-cirera\/wp-json\/wp\/v2\/comments?post=73"}],"version-history":[{"count":8,"href":"https:\/\/agora.xtec.cat\/esc-cirera\/wp-json\/wp\/v2\/pages\/73\/revisions"}],"predecessor-version":[{"id":5916,"href":"https:\/\/agora.xtec.cat\/esc-cirera\/wp-json\/wp\/v2\/pages\/73\/revisions\/5916"}],"up":[{"embeddable":true,"href":"https:\/\/agora.xtec.cat\/esc-cirera\/wp-json\/wp\/v2\/pages\/66"}],"wp:attachment":[{"href":"https:\/\/agora.xtec.cat\/esc-cirera\/wp-json\/wp\/v2\/media?parent=73"}],"curies":[{"name":"wp","href":"https:\/\/api.w.org\/{rel}","templated":true}]}}