{"id":64,"date":"2014-09-18T12:39:08","date_gmt":"2014-09-18T11:39:08","guid":{"rendered":"http:\/\/agora.xtec.cat\/esc-cirera\/?page_id=64"},"modified":"2026-01-29T12:17:42","modified_gmt":"2026-01-29T11:17:42","slug":"projecte-educatiu","status":"publish","type":"page","link":"https:\/\/agora.xtec.cat\/esc-cirera\/projecte-educatiu\/","title":{"rendered":"Projecte educatiu"},"content":{"rendered":"<p>Durant el curs 2023-24 l\u2019escola va engegar un\u00a0<strong>proc\u00e9s de reflexi\u00f3<\/strong>\u00a0sobre el funcionament, la metodologia i l\u2019organitzaci\u00f3, amb l\u2019objectiu d\u2019<strong>ajustar<\/strong>\u00a0al m\u00e0xim el<strong>\u00a0projecte educatiu<\/strong>\u00a0del centre a la nostra realitat educativa i a les necessitats del context. D\u2019una banda, aquest proc\u00e9s va estar impulsat pel canvi de\u00a0<strong><a href=\"https:\/\/projectes.xtec.cat\/nou-curriculum\/\">Curr\u00edculum<\/a><\/strong>, orientat a l\u2019assoliment d\u2019unes compet\u00e8ncies b\u00e0siques que s\u2019han de desenvolupar a partir de situacions contextualitzades, properes i significatives pels infants. D\u2019altra banda, va haver un <strong>canvi en l\u2019equip directiu<\/strong>\u00a0del centre i, en conseq\u00fc\u00e8ncia, es van reorientar els objectius a assolir al llarg dels propers anys.<\/p>\n<p>&nbsp;<\/p>\n<p><img loading=\"lazy\" decoding=\"async\" class=\"size-full wp-image-6091 aligncenter\" src=\"https:\/\/agora.xtec.cat\/esc-cirera\/wp-content\/uploads\/usu1997\/2026\/01\/Captura-de-pantalla-2026-01-29-121537.png\" alt=\"\" width=\"1550\" height=\"863\" srcset=\"https:\/\/agora.xtec.cat\/esc-cirera\/wp-content\/uploads\/usu1997\/2026\/01\/Captura-de-pantalla-2026-01-29-121537.png 1550w, https:\/\/agora.xtec.cat\/esc-cirera\/wp-content\/uploads\/usu1997\/2026\/01\/Captura-de-pantalla-2026-01-29-121537-300x167.png 300w, https:\/\/agora.xtec.cat\/esc-cirera\/wp-content\/uploads\/usu1997\/2026\/01\/Captura-de-pantalla-2026-01-29-121537-1024x570.png 1024w, https:\/\/agora.xtec.cat\/esc-cirera\/wp-content\/uploads\/usu1997\/2026\/01\/Captura-de-pantalla-2026-01-29-121537-768x428.png 768w, https:\/\/agora.xtec.cat\/esc-cirera\/wp-content\/uploads\/usu1997\/2026\/01\/Captura-de-pantalla-2026-01-29-121537-1536x855.png 1536w\" sizes=\"auto, (max-width: 1550px) 100vw, 1550px\" \/><\/p>\n<p>&nbsp;<\/p>\n<p class=\"wp-block-paragraph\">A continuaci\u00f3 destaquem elements clau de la nostra l\u00ednia metodol\u00f2gica i del nostre dia a dia:<\/p>\n<table style=\"border-collapse: collapse; width: 98.8174%; height: 72px;\">\n<tbody>\n<tr style=\"height: 47px;\">\n<td style=\"width: 25%; height: 47px; text-align: center; background-color: #dcd9fa;\">\n<h5><a href=\"https:\/\/agora.xtec.cat\/esc-cirera\/projecte-educatiu\/ed-infantil\/\"><span style=\"color: #000000;\">Educaci\u00f3 Infantil (I3, I4, I5)<\/span><\/a><\/h5>\n<\/td>\n<td style=\"width: 25%; height: 47px; text-align: center; background-color: #dcd9fa;\">\n<h5><a href=\"https:\/\/agora.xtec.cat\/esc-cirera\/projecte-educatiu\/ed-primaria\/\"><span style=\"color: #000000;\">Educaci\u00f3 prim\u00e0ria (1r &#8211; 6\u00e8)<\/span><\/a><\/h5>\n<\/td>\n<\/tr>\n<\/tbody>\n<\/table>\n","protected":false},"excerpt":{"rendered":"<p>Durant el curs 2023-24 l\u2019escola va engegar un\u00a0proc\u00e9s de reflexi\u00f3\u00a0sobre el funcionament, la metodologia i l\u2019organitzaci\u00f3, amb l\u2019objectiu d\u2019ajustar\u00a0al m\u00e0xim el\u00a0projecte educatiu\u00a0del centre a la nostra realitat educativa i a les necessitats del context. D\u2019una banda, aquest proc\u00e9s va estar impulsat pel canvi de\u00a0Curr\u00edculum, orientat a l\u2019assoliment d\u2019unes compet\u00e8ncies b\u00e0siques que s\u2019han de desenvolupar a [&hellip;]<\/p>\n","protected":false},"author":1,"featured_media":0,"parent":0,"menu_order":0,"comment_status":"closed","ping_status":"closed","template":"","meta":{"_bbp_topic_count":0,"_bbp_reply_count":0,"_bbp_total_topic_count":0,"_bbp_total_reply_count":0,"_bbp_voice_count":0,"_bbp_anonymous_reply_count":0,"_bbp_topic_count_hidden":0,"_bbp_reply_count_hidden":0,"_bbp_forum_subforum_count":0,"site-sidebar-layout":"default","site-content-layout":"","ast-site-content-layout":"default","site-content-style":"default","site-sidebar-style":"default","ast-global-header-display":"","ast-banner-title-visibility":"","ast-main-header-display":"","ast-hfb-above-header-display":"","ast-hfb-below-header-display":"","ast-hfb-mobile-header-display":"","site-post-title":"","ast-breadcrumbs-content":"","ast-featured-img":"","footer-sml-layout":"","theme-transparent-header-meta":"default","adv-header-id-meta":"","stick-header-meta":"","header-above-stick-meta":"","header-main-stick-meta":"","header-below-stick-meta":"","astra-migrate-meta-layouts":"set","ast-page-background-enabled":"default","ast-page-background-meta":{"desktop":{"background-color":"var(--ast-global-color-4)","background-image":"","background-repeat":"repeat","background-position":"center center","background-size":"auto","background-attachment":"scroll","background-type":"","background-media":"","overlay-type":"","overlay-color":"","overlay-opacity":"","overlay-gradient":""},"tablet":{"background-color":"","background-image":"","background-repeat":"repeat","background-position":"center center","background-size":"auto","background-attachment":"scroll","background-type":"","background-media":"","overlay-type":"","overlay-color":"","overlay-opacity":"","overlay-gradient":""},"mobile":{"background-color":"","background-image":"","background-repeat":"repeat","background-position":"center center","background-size":"auto","background-attachment":"scroll","background-type":"","background-media":"","overlay-type":"","overlay-color":"","overlay-opacity":"","overlay-gradient":""}},"ast-content-background-meta":{"desktop":{"background-color":"var(--ast-global-color-5)","background-image":"","background-repeat":"repeat","background-position":"center center","background-size":"auto","background-attachment":"scroll","background-type":"","background-media":"","overlay-type":"","overlay-color":"","overlay-opacity":"","overlay-gradient":""},"tablet":{"background-color":"var(--ast-global-color-5)","background-image":"","background-repeat":"repeat","background-position":"center center","background-size":"auto","background-attachment":"scroll","background-type":"","background-media":"","overlay-type":"","overlay-color":"","overlay-opacity":"","overlay-gradient":""},"mobile":{"background-color":"var(--ast-global-color-5)","background-image":"","background-repeat":"repeat","background-position":"center center","background-size":"auto","background-attachment":"scroll","background-type":"","background-media":"","overlay-type":"","overlay-color":"","overlay-opacity":"","overlay-gradient":""}},"footnotes":""},"class_list":["post-64","page","type-page","status-publish","hentry"],"post_mailing_queue_ids":[],"_links":{"self":[{"href":"https:\/\/agora.xtec.cat\/esc-cirera\/wp-json\/wp\/v2\/pages\/64","targetHints":{"allow":["GET"]}}],"collection":[{"href":"https:\/\/agora.xtec.cat\/esc-cirera\/wp-json\/wp\/v2\/pages"}],"about":[{"href":"https:\/\/agora.xtec.cat\/esc-cirera\/wp-json\/wp\/v2\/types\/page"}],"author":[{"embeddable":true,"href":"https:\/\/agora.xtec.cat\/esc-cirera\/wp-json\/wp\/v2\/users\/1"}],"replies":[{"embeddable":true,"href":"https:\/\/agora.xtec.cat\/esc-cirera\/wp-json\/wp\/v2\/comments?post=64"}],"version-history":[{"count":7,"href":"https:\/\/agora.xtec.cat\/esc-cirera\/wp-json\/wp\/v2\/pages\/64\/revisions"}],"predecessor-version":[{"id":6092,"href":"https:\/\/agora.xtec.cat\/esc-cirera\/wp-json\/wp\/v2\/pages\/64\/revisions\/6092"}],"wp:attachment":[{"href":"https:\/\/agora.xtec.cat\/esc-cirera\/wp-json\/wp\/v2\/media?parent=64"}],"curies":[{"name":"wp","href":"https:\/\/api.w.org\/{rel}","templated":true}]}}