{"id":578,"date":"2019-02-13T17:51:39","date_gmt":"2019-02-13T16:51:39","guid":{"rendered":"https:\/\/agora.xtec.cat\/esc-cirera\/?page_id=578"},"modified":"2024-01-04T11:39:45","modified_gmt":"2024-01-04T10:39:45","slug":"altres-documents","status":"publish","type":"page","link":"https:\/\/agora.xtec.cat\/esc-cirera\/altres-documents\/","title":{"rendered":"Documents de Centre"},"content":{"rendered":"<p>A continuaci\u00f3 compartim la documentaci\u00f3 de gesti\u00f3 de centre, tenint en compte que ens trobem en proc\u00e9s d\u2019actualitzaci\u00f3 dels mateixos.<\/p>\n<table style=\"border-collapse: collapse; width: 100%; height: 335px;\">\n<tbody>\n<tr style=\"height: 110px;\">\n<td style=\"width: 41.7568%; height: 110px;\"><a href=\"https:\/\/drive.google.com\/file\/d\/19JC2q1QsfuGJgQzBcbw2Knyevs0tUajT\/view?usp=sharing\"><span style=\"font-size: 16px;\">Projecte Educatiu de Centre (PEC)<\/span><\/a><\/td>\n<td style=\"width: 58.2432%; height: 110px;\"><span style=\"font-size: 16px;\">El Projecte Educatiu de Centre \u00e9s el document que recull els trets d&#8217;identitat del centre, els principis pedag\u00f2gics i organitzatius.\u00a0<\/span><\/td>\n<\/tr>\n<tr style=\"height: 32px;\">\n<td style=\"width: 100%; height: 32px;\" colspan=\"2\"><span style=\"font-size: 16px;\">Data d&#8217;actualitzaci\u00f3: Curs 2022-23<\/span><\/td>\n<\/tr>\n<tr style=\"height: 65px;\">\n<td style=\"width: 41.7568%; height: 65px;\"><a href=\"https:\/\/drive.google.com\/file\/d\/1eD6yG9N3R0p-TdcENh_yfJIXwq0PlrJp\/view?usp=sharing\"><span style=\"font-size: 16px;\">Pla Ling\u00fc\u00edstic de Centre<\/span><\/a><\/td>\n<td style=\"width: 58.2432%; height: 65px;\"><span style=\"font-size: 16px;\">El projecte ling\u00fc\u00edstic \u00e9s el document que recull els aspectes relatius a l\u2019ensenyament i a l\u2019\u00fas de les lleng\u00fces en el centre educatiu.<\/span><\/td>\n<\/tr>\n<tr style=\"height: 32px;\">\n<td style=\"width: 41.7568%; height: 32px;\" colspan=\"2\"><span style=\"font-size: 16px;\">Data d&#8217;actualitzaci\u00f3: Curs 2022-23<\/span><span style=\"font-size: 16px;\"><br \/>\n<\/span><\/td>\n<\/tr>\n<tr style=\"height: 32px;\">\n<td style=\"width: 41.7568%; height: 32px;\"><a href=\"https:\/\/drive.google.com\/file\/d\/1uA6bm0sRjPKmMaX5N7YrwEO8KPPJ_j0E\/view?usp=sharing\"><span style=\"font-size: 16px;\">Normes d&#8217;Organitzaci\u00f3 i Funcionament de Centre (NOFC)<\/span><\/a><\/td>\n<td style=\"width: 58.2432%; height: 32px;\"><span style=\"font-size: 16px;\">Les NOFC s\u00f3n el conjunt d\u2019acords i decisions d\u2019organitzaci\u00f3 i funcionament que s\u2019hi adopten per fer possible, en el dia a dia, el treball educatiu i de gesti\u00f3 que permet assolir els objectius proposats en el projecte educatiu del centre i en la programaci\u00f3 anual.<\/span><\/td>\n<\/tr>\n<tr style=\"height: 32px;\">\n<td style=\"width: 41.7568%; height: 32px;\" colspan=\"2\"><span style=\"font-size: 16px;\">Data d&#8217;actualitzaci\u00f3: Curs 2016-17<\/span><\/td>\n<\/tr>\n<\/tbody>\n<\/table>\n","protected":false},"excerpt":{"rendered":"<p>A continuaci\u00f3 compartim la documentaci\u00f3 de gesti\u00f3 de centre, tenint en compte que ens trobem en proc\u00e9s d\u2019actualitzaci\u00f3 dels mateixos. Projecte Educatiu de Centre (PEC) El Projecte Educatiu de Centre \u00e9s el document que recull els trets d&#8217;identitat del centre, els principis pedag\u00f2gics i organitzatius.\u00a0 Data d&#8217;actualitzaci\u00f3: Curs 2022-23 Pla Ling\u00fc\u00edstic de Centre El projecte [&hellip;]<\/p>\n","protected":false},"author":1,"featured_media":0,"parent":0,"menu_order":0,"comment_status":"closed","ping_status":"closed","template":"","meta":{"_bbp_topic_count":0,"_bbp_reply_count":0,"_bbp_total_topic_count":0,"_bbp_total_reply_count":0,"_bbp_voice_count":0,"_bbp_anonymous_reply_count":0,"_bbp_topic_count_hidden":0,"_bbp_reply_count_hidden":0,"_bbp_forum_subforum_count":0,"site-sidebar-layout":"default","site-content-layout":"","ast-site-content-layout":"","site-content-style":"default","site-sidebar-style":"default","ast-global-header-display":"","ast-banner-title-visibility":"","ast-main-header-display":"","ast-hfb-above-header-display":"","ast-hfb-below-header-display":"","ast-hfb-mobile-header-display":"","site-post-title":"","ast-breadcrumbs-content":"","ast-featured-img":"","footer-sml-layout":"","theme-transparent-header-meta":"","adv-header-id-meta":"","stick-header-meta":"","header-above-stick-meta":"","header-main-stick-meta":"","header-below-stick-meta":"","astra-migrate-meta-layouts":"default","ast-page-background-enabled":"default","ast-page-background-meta":{"desktop":{"background-color":"var(--ast-global-color-4)","background-image":"","background-repeat":"repeat","background-position":"center center","background-size":"auto","background-attachment":"scroll","background-type":"","background-media":"","overlay-type":"","overlay-color":"","overlay-opacity":"","overlay-gradient":""},"tablet":{"background-color":"","background-image":"","background-repeat":"repeat","background-position":"center center","background-size":"auto","background-attachment":"scroll","background-type":"","background-media":"","overlay-type":"","overlay-color":"","overlay-opacity":"","overlay-gradient":""},"mobile":{"background-color":"","background-image":"","background-repeat":"repeat","background-position":"center center","background-size":"auto","background-attachment":"scroll","background-type":"","background-media":"","overlay-type":"","overlay-color":"","overlay-opacity":"","overlay-gradient":""}},"ast-content-background-meta":{"desktop":{"background-color":"var(--ast-global-color-5)","background-image":"","background-repeat":"repeat","background-position":"center center","background-size":"auto","background-attachment":"scroll","background-type":"","background-media":"","overlay-type":"","overlay-color":"","overlay-opacity":"","overlay-gradient":""},"tablet":{"background-color":"var(--ast-global-color-5)","background-image":"","background-repeat":"repeat","background-position":"center center","background-size":"auto","background-attachment":"scroll","background-type":"","background-media":"","overlay-type":"","overlay-color":"","overlay-opacity":"","overlay-gradient":""},"mobile":{"background-color":"var(--ast-global-color-5)","background-image":"","background-repeat":"repeat","background-position":"center center","background-size":"auto","background-attachment":"scroll","background-type":"","background-media":"","overlay-type":"","overlay-color":"","overlay-opacity":"","overlay-gradient":""}},"footnotes":""},"class_list":["post-578","page","type-page","status-publish","hentry"],"post_mailing_queue_ids":[],"_links":{"self":[{"href":"https:\/\/agora.xtec.cat\/esc-cirera\/wp-json\/wp\/v2\/pages\/578","targetHints":{"allow":["GET"]}}],"collection":[{"href":"https:\/\/agora.xtec.cat\/esc-cirera\/wp-json\/wp\/v2\/pages"}],"about":[{"href":"https:\/\/agora.xtec.cat\/esc-cirera\/wp-json\/wp\/v2\/types\/page"}],"author":[{"embeddable":true,"href":"https:\/\/agora.xtec.cat\/esc-cirera\/wp-json\/wp\/v2\/users\/1"}],"replies":[{"embeddable":true,"href":"https:\/\/agora.xtec.cat\/esc-cirera\/wp-json\/wp\/v2\/comments?post=578"}],"version-history":[{"count":6,"href":"https:\/\/agora.xtec.cat\/esc-cirera\/wp-json\/wp\/v2\/pages\/578\/revisions"}],"predecessor-version":[{"id":5632,"href":"https:\/\/agora.xtec.cat\/esc-cirera\/wp-json\/wp\/v2\/pages\/578\/revisions\/5632"}],"wp:attachment":[{"href":"https:\/\/agora.xtec.cat\/esc-cirera\/wp-json\/wp\/v2\/media?parent=578"}],"curies":[{"name":"wp","href":"https:\/\/api.w.org\/{rel}","templated":true}]}}