{"id":5708,"date":"2024-02-05T20:19:08","date_gmt":"2024-02-05T19:19:08","guid":{"rendered":"https:\/\/agora.xtec.cat\/esc-cirera\/?page_id=5708"},"modified":"2026-04-15T10:32:18","modified_gmt":"2026-04-15T08:32:18","slug":"preinscripcio-i-matricula","status":"publish","type":"page","link":"https:\/\/agora.xtec.cat\/esc-cirera\/portes-obertes-2026-27\/preinscripcio-i-matricula\/","title":{"rendered":"Preinscripci\u00f3 i matr\u00edcula"},"content":{"rendered":"<main id=\"wp--skip-link--target\" class=\"wp-block-group is-layout-flow wp-container-core-group-is-layout-7 wp-block-group-is-layout-flow\">\r\n<div class=\"wp-block-group is-layout-flow wp-block-group-is-layout-flow\">\r\n<div class=\"entry-content wp-block-post-content has-global-padding is-layout-constrained wp-container-core-post-content-is-layout-1 wp-block-post-content-is-layout-constrained\">\r\n<figure class=\"wp-block-table is-style-regular\">\r\n<table class=\"has-primary-color has-background-background-color has-text-color has-background has-link-color has-fixed-layout\" style=\"width: 97.1978%; height: 607px;\">\r\n<tbody>\r\n<tr style=\"height: 53px;\">\r\n<td style=\"width: 100%; height: 53px;\" colspan=\"2\"><strong>CALENDARI DE PREINSCRIPCI\u00d3 I MATR\u00cdCULA<\/strong><\/td>\r\n<\/tr>\r\n<tr>\r\n<td class=\"wp-block-table__cell-content\" style=\"width: 48.8974%;\">\r\n<div class=\"block-editor-rich-text__editable rich-text\" role=\"textbox\" contenteditable=\"true\" aria-multiline=\"true\" aria-readonly=\"false\" aria-label=\"Texto de la celda del cuerpo\"><strong>Oferta inicial de places als centres educatius<\/strong><\/div>\r\n<\/td>\r\n<td class=\"wp-block-table__cell-content\" style=\"width: 51.1027%;\">\r\n<div class=\"block-editor-rich-text__editable rich-text\" role=\"textbox\" contenteditable=\"true\" aria-multiline=\"true\" aria-readonly=\"false\" aria-label=\"Texto de la celda del cuerpo\">3 de mar\u00e7<\/div>\r\n<\/td>\r\n<\/tr>\r\n<tr>\r\n<td class=\"wp-block-table__cell-content\" style=\"width: 48.8974%;\">\r\n<div class=\"block-editor-rich-text__editable rich-text\" role=\"textbox\" contenteditable=\"true\" aria-multiline=\"true\" aria-readonly=\"false\" aria-label=\"Texto de la celda del cuerpo\"><strong>Presentaci\u00f3 de sol\u00b7licituds telem\u00e0ticament <\/strong>\u00a0<\/div>\r\n<\/td>\r\n<td class=\"wp-block-table__cell-content\" style=\"width: 51.1027%;\">\r\n<div class=\"block-editor-rich-text__editable rich-text\" role=\"textbox\" contenteditable=\"true\" aria-multiline=\"true\" aria-readonly=\"false\" aria-label=\"Texto de la celda del cuerpo\">Del 4 al 18 de mar\u00e7<\/div>\r\n<\/td>\r\n<\/tr>\r\n<tr>\r\n<td class=\"wp-block-table__cell-content\" style=\"width: 48.8974%;\">\r\n<div class=\"block-editor-rich-text__editable rich-text\" role=\"textbox\" contenteditable=\"true\" aria-multiline=\"true\" aria-readonly=\"false\" aria-label=\"Texto de la celda del cuerpo\"><strong>Llista de sol\u00b7licituds amb la puntuaci\u00f3 provisional<\/strong><\/div>\r\n<\/td>\r\n<td class=\"wp-block-table__cell-content\" style=\"width: 51.1027%;\">\r\n<div class=\"block-editor-rich-text__editable rich-text\" role=\"textbox\" contenteditable=\"true\" aria-multiline=\"true\" aria-readonly=\"false\" aria-label=\"Texto de la celda del cuerpo\">15 d\u2019abril<\/div>\r\n<\/td>\r\n<\/tr>\r\n<tr>\r\n<td class=\"wp-block-table__cell-content\" style=\"width: 48.8974%;\">\r\n<div class=\"block-editor-rich-text__editable rich-text\" role=\"textbox\" contenteditable=\"true\" aria-multiline=\"true\" aria-readonly=\"false\" aria-label=\"Texto de la celda del cuerpo\"><strong>Sorteig<\/strong> <strong>de desempat<\/strong><\/div>\r\n<\/td>\r\n<td class=\"wp-block-table__cell-content\" style=\"width: 51.1027%;\">\r\n<div class=\"block-editor-rich-text__editable rich-text\" role=\"textbox\" contenteditable=\"true\" aria-multiline=\"true\" aria-readonly=\"false\" aria-label=\"Texto de la celda del cuerpo\">28 d&#8217;abril<\/div>\r\n<\/td>\r\n<\/tr>\r\n<tr>\r\n<td class=\"wp-block-table__cell-content\" style=\"width: 48.8974%;\">\r\n<div class=\"block-editor-rich-text__editable rich-text\" role=\"textbox\" contenteditable=\"true\" aria-multiline=\"true\" aria-readonly=\"false\" aria-label=\"Texto de la celda del cuerpo\"><strong>Llista de sol\u00b7licituds ordenada per puntuaci\u00f3<\/strong><\/div>\r\n<\/td>\r\n<td class=\"wp-block-table__cell-content\" style=\"width: 51.1027%;\">\r\n<div class=\"block-editor-rich-text__editable rich-text\" role=\"textbox\" contenteditable=\"true\" aria-multiline=\"true\" aria-readonly=\"false\" aria-label=\"Texto de la celda del cuerpo\">29 d&#8217;abril<\/div>\r\n<\/td>\r\n<\/tr>\r\n<tr>\r\n<td class=\"wp-block-table__cell-content\" style=\"width: 48.8974%;\">\r\n<div class=\"block-editor-rich-text__editable rich-text\" role=\"textbox\" contenteditable=\"true\" aria-multiline=\"true\" aria-readonly=\"false\" aria-label=\"Texto de la celda del cuerpo\"><strong>Llista d\u2019alumnes admesos\u00a0 i llista d\u2019espera<\/strong><\/div>\r\n<\/td>\r\n<td class=\"wp-block-table__cell-content\" style=\"width: 51.1027%;\">\r\n<div class=\"block-editor-rich-text__editable rich-text\" role=\"textbox\" contenteditable=\"true\" aria-multiline=\"true\" aria-readonly=\"false\" aria-label=\"Texto de la celda del cuerpo\">10 de juny<\/div>\r\n<\/td>\r\n<\/tr>\r\n<tr>\r\n<td class=\"wp-block-table__cell-content\" style=\"width: 48.8974%;\">\r\n<div class=\"block-editor-rich-text__editable rich-text\" role=\"textbox\" contenteditable=\"true\" aria-multiline=\"true\" aria-readonly=\"false\" aria-label=\"Texto de la celda del cuerpo\"><strong data-rich-text-format-boundary=\"true\">Matr\u00edcula<\/strong><\/div>\r\n<\/td>\r\n<td class=\"wp-block-table__cell-content\" style=\"width: 51.1027%;\">\r\n<div class=\"block-editor-rich-text__editable rich-text\" role=\"textbox\" contenteditable=\"true\" aria-multiline=\"true\" aria-readonly=\"false\" aria-label=\"Texto de la celda del cuerpo\">Del 22 al 30 de juny<\/div>\r\n<\/td>\r\n<\/tr>\r\n<\/tbody>\r\n<\/table>\r\n<\/figure>\r\n<p>Si necessiteu suport en qualsevol moment del proc\u00e9s, no dubteu en contactar amb l\u2019escola a trav\u00e9s dels diferents mitjans (correu electr\u00f2nic [a8056614@xtec.cat], tel\u00e8fon [937987456] o whatsapp [638393550])<\/p>\r\n<p>En aquest espai us deixem informaci\u00f3 de tot el proc\u00e9s de preinscripci\u00f3 i matr\u00edcula per al curs 2026\/27:<\/p>\r\n<ul class=\"wp-block-list\">\r\n<li><a href=\"https:\/\/preinscripcio.gencat.cat\/ca\/inici\">Web oficial del Departament d\u2019Ensenyament sobre el proc\u00e9s de preinscripci\u00f3<\/a><\/li>\r\n<\/ul>\r\n<p><strong>Documentaci\u00f3<\/strong><\/p>\r\n<ul>\r\n<li><a href=\"https:\/\/escolacirera.cat\/wp-content\/uploads\/2026\/03\/oferta_ome_escola_cirera.pdf\">\u00a0Oferta inicial (03\/03\/2026)<\/a><\/li>\r\n<li><a href=\"https:\/\/escolacirera.cat\/wp-content\/uploads\/2026\/04\/informe_barem_provisional_escola_cirera.pdf\">Llista barem provisional preinscripci\u00f3 escolar 2026\/2027<\/a><\/li>\r\n<\/ul>\r\n<\/div>\r\n<\/div>\r\n<\/main>","protected":false},"excerpt":{"rendered":"<p>CALENDARI DE PREINSCRIPCI\u00d3 I MATR\u00cdCULA Oferta inicial de places als centres educatius 3 de mar\u00e7 Presentaci\u00f3 de sol\u00b7licituds telem\u00e0ticament \u00a0 Del 4 al 18 de mar\u00e7 Llista de sol\u00b7licituds amb la puntuaci\u00f3 provisional 15 d\u2019abril Sorteig de desempat 28 d&#8217;abril Llista de sol\u00b7licituds ordenada per puntuaci\u00f3 29 d&#8217;abril Llista d\u2019alumnes admesos\u00a0 i llista d\u2019espera 10 [&hellip;]<\/p>\n","protected":false},"author":18,"featured_media":0,"parent":5706,"menu_order":0,"comment_status":"closed","ping_status":"closed","template":"","meta":{"_bbp_topic_count":0,"_bbp_reply_count":0,"_bbp_total_topic_count":0,"_bbp_total_reply_count":0,"_bbp_voice_count":0,"_bbp_anonymous_reply_count":0,"_bbp_topic_count_hidden":0,"_bbp_reply_count_hidden":0,"_bbp_forum_subforum_count":0,"site-sidebar-layout":"default","site-content-layout":"","ast-site-content-layout":"default","site-content-style":"default","site-sidebar-style":"default","ast-global-header-display":"","ast-banner-title-visibility":"","ast-main-header-display":"","ast-hfb-above-header-display":"","ast-hfb-below-header-display":"","ast-hfb-mobile-header-display":"","site-post-title":"","ast-breadcrumbs-content":"","ast-featured-img":"","footer-sml-layout":"","theme-transparent-header-meta":"default","adv-header-id-meta":"","stick-header-meta":"","header-above-stick-meta":"","header-main-stick-meta":"","header-below-stick-meta":"","astra-migrate-meta-layouts":"set","ast-page-background-enabled":"default","ast-page-background-meta":{"desktop":{"background-color":"var(--ast-global-color-4)","background-image":"","background-repeat":"repeat","background-position":"center center","background-size":"auto","background-attachment":"scroll","background-type":"","background-media":"","overlay-type":"","overlay-color":"","overlay-opacity":"","overlay-gradient":""},"tablet":{"background-color":"","background-image":"","background-repeat":"repeat","background-position":"center center","background-size":"auto","background-attachment":"scroll","background-type":"","background-media":"","overlay-type":"","overlay-color":"","overlay-opacity":"","overlay-gradient":""},"mobile":{"background-color":"","background-image":"","background-repeat":"repeat","background-position":"center center","background-size":"auto","background-attachment":"scroll","background-type":"","background-media":"","overlay-type":"","overlay-color":"","overlay-opacity":"","overlay-gradient":""}},"ast-content-background-meta":{"desktop":{"background-color":"var(--ast-global-color-5)","background-image":"","background-repeat":"repeat","background-position":"center center","background-size":"auto","background-attachment":"scroll","background-type":"","background-media":"","overlay-type":"","overlay-color":"","overlay-opacity":"","overlay-gradient":""},"tablet":{"background-color":"var(--ast-global-color-5)","background-image":"","background-repeat":"repeat","background-position":"center center","background-size":"auto","background-attachment":"scroll","background-type":"","background-media":"","overlay-type":"","overlay-color":"","overlay-opacity":"","overlay-gradient":""},"mobile":{"background-color":"var(--ast-global-color-5)","background-image":"","background-repeat":"repeat","background-position":"center center","background-size":"auto","background-attachment":"scroll","background-type":"","background-media":"","overlay-type":"","overlay-color":"","overlay-opacity":"","overlay-gradient":""}},"footnotes":""},"class_list":["post-5708","page","type-page","status-publish","hentry"],"post_mailing_queue_ids":[],"_links":{"self":[{"href":"https:\/\/agora.xtec.cat\/esc-cirera\/wp-json\/wp\/v2\/pages\/5708","targetHints":{"allow":["GET"]}}],"collection":[{"href":"https:\/\/agora.xtec.cat\/esc-cirera\/wp-json\/wp\/v2\/pages"}],"about":[{"href":"https:\/\/agora.xtec.cat\/esc-cirera\/wp-json\/wp\/v2\/types\/page"}],"author":[{"embeddable":true,"href":"https:\/\/agora.xtec.cat\/esc-cirera\/wp-json\/wp\/v2\/users\/18"}],"replies":[{"embeddable":true,"href":"https:\/\/agora.xtec.cat\/esc-cirera\/wp-json\/wp\/v2\/comments?post=5708"}],"version-history":[{"count":7,"href":"https:\/\/agora.xtec.cat\/esc-cirera\/wp-json\/wp\/v2\/pages\/5708\/revisions"}],"predecessor-version":[{"id":6114,"href":"https:\/\/agora.xtec.cat\/esc-cirera\/wp-json\/wp\/v2\/pages\/5708\/revisions\/6114"}],"up":[{"embeddable":true,"href":"https:\/\/agora.xtec.cat\/esc-cirera\/wp-json\/wp\/v2\/pages\/5706"}],"wp:attachment":[{"href":"https:\/\/agora.xtec.cat\/esc-cirera\/wp-json\/wp\/v2\/media?parent=5708"}],"curies":[{"name":"wp","href":"https:\/\/api.w.org\/{rel}","templated":true}]}}