{"id":5706,"date":"2024-02-05T20:18:42","date_gmt":"2024-02-05T19:18:42","guid":{"rendered":"https:\/\/agora.xtec.cat\/esc-cirera\/?page_id=5706"},"modified":"2026-01-19T16:54:52","modified_gmt":"2026-01-19T15:54:52","slug":"portes-obertes-2026-27","status":"publish","type":"page","link":"https:\/\/agora.xtec.cat\/esc-cirera\/portes-obertes-2026-27\/","title":{"rendered":"Portes obertes 2026-27"},"content":{"rendered":"<p><img loading=\"lazy\" decoding=\"async\" class=\"alignnone size-full wp-image-6042\" src=\"https:\/\/agora.xtec.cat\/esc-cirera\/wp-content\/uploads\/usu1997\/2026\/01\/formulari-portes-obertes.png\" alt=\"\" width=\"1920\" height=\"480\" srcset=\"https:\/\/agora.xtec.cat\/esc-cirera\/wp-content\/uploads\/usu1997\/2026\/01\/formulari-portes-obertes.png 1920w, https:\/\/agora.xtec.cat\/esc-cirera\/wp-content\/uploads\/usu1997\/2026\/01\/formulari-portes-obertes-300x75.png 300w, https:\/\/agora.xtec.cat\/esc-cirera\/wp-content\/uploads\/usu1997\/2026\/01\/formulari-portes-obertes-1024x256.png 1024w, https:\/\/agora.xtec.cat\/esc-cirera\/wp-content\/uploads\/usu1997\/2026\/01\/formulari-portes-obertes-768x192.png 768w, https:\/\/agora.xtec.cat\/esc-cirera\/wp-content\/uploads\/usu1997\/2026\/01\/formulari-portes-obertes-1536x384.png 1536w\" sizes=\"auto, (max-width: 1920px) 100vw, 1920px\" \/><\/p>\n<p>Hola fam\u00edlies! Amb l\u2019objectiu que pugueu venir a con\u00e8ixer l\u2019escola estem organitzant les portes obertes d\u2019enguany. Ens encantaria mostrar-vos com \u00e9s el nostre projecte educatiu i que pugueu con\u00e8ixer qui som.<\/p>\n<p>La jornada de portes obertes ser\u00e0 el\u00a0<strong>diumenge 22 de febrer de 10h a 13h. <\/strong>Per tal de facilitar la gesti\u00f3, l\u2019horari es distribuir\u00e0 en<strong>\u00a0tres torns<\/strong>: de<strong> 10h a 11h<\/strong>, de\u00a0<strong>11h a 12h<\/strong>\u00a0i de\u00a0<strong>12h a 13h<\/strong>, aproximadament. Primer us farem una breu presentaci\u00f3 del projecte de l\u2019escola i de la transformaci\u00f3 que estem duent a terme, i posteriorment us farem el recorregut per totes les instal\u00b7lacions. Tamb\u00e9 podeu venir el\u00a0<strong>dijous 26 a la tarda, de 15:30h a 17h<\/strong>, demanant cita pr\u00e8via.<\/p>\n<p>Podeu apuntar-vos mitjan\u00e7ant\u00a0<strong><a href=\"https:\/\/forms.gle\/zRoTP6fJhkoUu4nPA\">aquest formulari<\/a><\/strong>, enviant un\u00a0<strong>whatsapp<\/strong>\u00a0al m\u00f2bil de l\u2019escola (<strong>638 39 35 50<\/strong>),\u00a0<strong>trucant<\/strong>\u00a0per tel\u00e8fon al\u00a0<strong>93 798 74 56<\/strong>\u00a0o b\u00e9 escrivint un\u00a0<strong>correu electr\u00f2nic<\/strong>\u00a0a\u00a0<strong>a8056614@xtec.cat<\/strong>, indicant qui sou, quin dia i quin torn preferiu per venir.<\/p>\n<p>Molt\u00edssimes gr\u00e0cies! Us esperem amb moltes ganes!\ud83d\udc99<\/p>\n","protected":false},"excerpt":{"rendered":"<p>Hola fam\u00edlies! Amb l\u2019objectiu que pugueu venir a con\u00e8ixer l\u2019escola estem organitzant les portes obertes d\u2019enguany. Ens encantaria mostrar-vos com \u00e9s el nostre projecte educatiu i que pugueu con\u00e8ixer qui som. La jornada de portes obertes ser\u00e0 el\u00a0diumenge 22 de febrer de 10h a 13h. Per tal de facilitar la gesti\u00f3, l\u2019horari es distribuir\u00e0 en\u00a0tres [&hellip;]<\/p>\n","protected":false},"author":18,"featured_media":0,"parent":0,"menu_order":0,"comment_status":"closed","ping_status":"closed","template":"","meta":{"_bbp_topic_count":0,"_bbp_reply_count":0,"_bbp_total_topic_count":0,"_bbp_total_reply_count":0,"_bbp_voice_count":0,"_bbp_anonymous_reply_count":0,"_bbp_topic_count_hidden":0,"_bbp_reply_count_hidden":0,"_bbp_forum_subforum_count":0,"site-sidebar-layout":"default","site-content-layout":"","ast-site-content-layout":"default","site-content-style":"default","site-sidebar-style":"default","ast-global-header-display":"","ast-banner-title-visibility":"","ast-main-header-display":"","ast-hfb-above-header-display":"","ast-hfb-below-header-display":"","ast-hfb-mobile-header-display":"","site-post-title":"","ast-breadcrumbs-content":"","ast-featured-img":"","footer-sml-layout":"","theme-transparent-header-meta":"default","adv-header-id-meta":"","stick-header-meta":"","header-above-stick-meta":"","header-main-stick-meta":"","header-below-stick-meta":"","astra-migrate-meta-layouts":"set","ast-page-background-enabled":"default","ast-page-background-meta":{"desktop":{"background-color":"var(--ast-global-color-4)","background-image":"","background-repeat":"repeat","background-position":"center center","background-size":"auto","background-attachment":"scroll","background-type":"","background-media":"","overlay-type":"","overlay-color":"","overlay-opacity":"","overlay-gradient":""},"tablet":{"background-color":"","background-image":"","background-repeat":"repeat","background-position":"center center","background-size":"auto","background-attachment":"scroll","background-type":"","background-media":"","overlay-type":"","overlay-color":"","overlay-opacity":"","overlay-gradient":""},"mobile":{"background-color":"","background-image":"","background-repeat":"repeat","background-position":"center center","background-size":"auto","background-attachment":"scroll","background-type":"","background-media":"","overlay-type":"","overlay-color":"","overlay-opacity":"","overlay-gradient":""}},"ast-content-background-meta":{"desktop":{"background-color":"var(--ast-global-color-5)","background-image":"","background-repeat":"repeat","background-position":"center center","background-size":"auto","background-attachment":"scroll","background-type":"","background-media":"","overlay-type":"","overlay-color":"","overlay-opacity":"","overlay-gradient":""},"tablet":{"background-color":"var(--ast-global-color-5)","background-image":"","background-repeat":"repeat","background-position":"center center","background-size":"auto","background-attachment":"scroll","background-type":"","background-media":"","overlay-type":"","overlay-color":"","overlay-opacity":"","overlay-gradient":""},"mobile":{"background-color":"var(--ast-global-color-5)","background-image":"","background-repeat":"repeat","background-position":"center center","background-size":"auto","background-attachment":"scroll","background-type":"","background-media":"","overlay-type":"","overlay-color":"","overlay-opacity":"","overlay-gradient":""}},"footnotes":""},"class_list":["post-5706","page","type-page","status-publish","hentry"],"post_mailing_queue_ids":[],"_links":{"self":[{"href":"https:\/\/agora.xtec.cat\/esc-cirera\/wp-json\/wp\/v2\/pages\/5706","targetHints":{"allow":["GET"]}}],"collection":[{"href":"https:\/\/agora.xtec.cat\/esc-cirera\/wp-json\/wp\/v2\/pages"}],"about":[{"href":"https:\/\/agora.xtec.cat\/esc-cirera\/wp-json\/wp\/v2\/types\/page"}],"author":[{"embeddable":true,"href":"https:\/\/agora.xtec.cat\/esc-cirera\/wp-json\/wp\/v2\/users\/18"}],"replies":[{"embeddable":true,"href":"https:\/\/agora.xtec.cat\/esc-cirera\/wp-json\/wp\/v2\/comments?post=5706"}],"version-history":[{"count":6,"href":"https:\/\/agora.xtec.cat\/esc-cirera\/wp-json\/wp\/v2\/pages\/5706\/revisions"}],"predecessor-version":[{"id":6050,"href":"https:\/\/agora.xtec.cat\/esc-cirera\/wp-json\/wp\/v2\/pages\/5706\/revisions\/6050"}],"wp:attachment":[{"href":"https:\/\/agora.xtec.cat\/esc-cirera\/wp-json\/wp\/v2\/media?parent=5706"}],"curies":[{"name":"wp","href":"https:\/\/api.w.org\/{rel}","templated":true}]}}