{"id":5681,"date":"2024-01-04T13:05:23","date_gmt":"2024-01-04T12:05:23","guid":{"rendered":"https:\/\/agora.xtec.cat\/esc-cirera\/?page_id=5681"},"modified":"2026-01-20T16:37:52","modified_gmt":"2026-01-20T15:37:52","slug":"ep-musica","status":"publish","type":"page","link":"https:\/\/agora.xtec.cat\/esc-cirera\/projecte-educatiu\/ed-primaria\/ep-musica\/","title":{"rendered":"EP: M\u00fasica"},"content":{"rendered":"<p>La\u00a0<strong>m\u00fasica<\/strong>\u00a0\u00e9s l\u2019altre gran protagonista de l\u2019\u00e0mbit art\u00edstic, per a nosaltres \u00e9s un art i una ci\u00e8ncia a la vegada. L\u2019objectiu general \u00e9s el de viure diferents\u00a0<strong>experi\u00e8ncies esc\u00e8niques i musicals<\/strong>,\u00a0<strong>dintre i fora<\/strong>\u00a0de l\u2019escola, amb\u00a0<strong>respecte<\/strong>\u00a0i<strong>\u00a0gaudi<\/strong>; tot aconseguint els objectius m\u00e9s espec\u00edfics de cada proposta. Des de l\u2019etapa d\u2019educaci\u00f3 infantil fins l\u2019educaci\u00f3 prim\u00e0ria el fil conductor \u00e9s la\u00a0<strong>can\u00e7\u00f3 i el moviment<\/strong>. A mesura que es va avan\u00e7ant anem introduint conceptes clau de la mat\u00e8ria per ser capa\u00e7os d\u2019entendre l\u2019<strong>escriptura musical<\/strong>; anem descobrint diferents\u00a0<strong>timbres\u00a0<\/strong>amb l\u2019ajuda dels\u00a0<strong>instruments<\/strong>\u00a0que tenim a l\u2019aula o d\u2019eines digitals,\u00a0<strong>g\u00e8neres musicals<\/strong>\u00a0des d\u2019un centre d\u2019inter\u00e8s\u2026<\/p>\n<p><img loading=\"lazy\" decoding=\"async\" class=\"alignnone size-full wp-image-6079\" src=\"https:\/\/agora.xtec.cat\/esc-cirera\/wp-content\/uploads\/usu1997\/2026\/01\/Captura-de-pantalla-2026-01-20-163729.png\" alt=\"\" width=\"945\" height=\"461\" srcset=\"https:\/\/agora.xtec.cat\/esc-cirera\/wp-content\/uploads\/usu1997\/2026\/01\/Captura-de-pantalla-2026-01-20-163729.png 945w, https:\/\/agora.xtec.cat\/esc-cirera\/wp-content\/uploads\/usu1997\/2026\/01\/Captura-de-pantalla-2026-01-20-163729-300x146.png 300w, https:\/\/agora.xtec.cat\/esc-cirera\/wp-content\/uploads\/usu1997\/2026\/01\/Captura-de-pantalla-2026-01-20-163729-768x375.png 768w\" sizes=\"auto, (max-width: 945px) 100vw, 945px\" \/><\/p>\n","protected":false},"excerpt":{"rendered":"<p>La\u00a0m\u00fasica\u00a0\u00e9s l\u2019altre gran protagonista de l\u2019\u00e0mbit art\u00edstic, per a nosaltres \u00e9s un art i una ci\u00e8ncia a la vegada. L\u2019objectiu general \u00e9s el de viure diferents\u00a0experi\u00e8ncies esc\u00e8niques i musicals,\u00a0dintre i fora\u00a0de l\u2019escola, amb\u00a0respecte\u00a0i\u00a0gaudi; tot aconseguint els objectius m\u00e9s espec\u00edfics de cada proposta. Des de l\u2019etapa d\u2019educaci\u00f3 infantil fins l\u2019educaci\u00f3 prim\u00e0ria el fil conductor \u00e9s la\u00a0can\u00e7\u00f3 [&hellip;]<\/p>\n","protected":false},"author":1,"featured_media":0,"parent":5476,"menu_order":50,"comment_status":"closed","ping_status":"closed","template":"","meta":{"_bbp_topic_count":0,"_bbp_reply_count":0,"_bbp_total_topic_count":0,"_bbp_total_reply_count":0,"_bbp_voice_count":0,"_bbp_anonymous_reply_count":0,"_bbp_topic_count_hidden":0,"_bbp_reply_count_hidden":0,"_bbp_forum_subforum_count":0,"site-sidebar-layout":"default","site-content-layout":"","ast-site-content-layout":"default","site-content-style":"default","site-sidebar-style":"default","ast-global-header-display":"","ast-banner-title-visibility":"","ast-main-header-display":"","ast-hfb-above-header-display":"","ast-hfb-below-header-display":"","ast-hfb-mobile-header-display":"","site-post-title":"","ast-breadcrumbs-content":"","ast-featured-img":"","footer-sml-layout":"","theme-transparent-header-meta":"default","adv-header-id-meta":"","stick-header-meta":"","header-above-stick-meta":"","header-main-stick-meta":"","header-below-stick-meta":"","astra-migrate-meta-layouts":"set","ast-page-background-enabled":"default","ast-page-background-meta":{"desktop":{"background-color":"var(--ast-global-color-4)","background-image":"","background-repeat":"repeat","background-position":"center center","background-size":"auto","background-attachment":"scroll","background-type":"","background-media":"","overlay-type":"","overlay-color":"","overlay-opacity":"","overlay-gradient":""},"tablet":{"background-color":"","background-image":"","background-repeat":"repeat","background-position":"center center","background-size":"auto","background-attachment":"scroll","background-type":"","background-media":"","overlay-type":"","overlay-color":"","overlay-opacity":"","overlay-gradient":""},"mobile":{"background-color":"","background-image":"","background-repeat":"repeat","background-position":"center center","background-size":"auto","background-attachment":"scroll","background-type":"","background-media":"","overlay-type":"","overlay-color":"","overlay-opacity":"","overlay-gradient":""}},"ast-content-background-meta":{"desktop":{"background-color":"var(--ast-global-color-5)","background-image":"","background-repeat":"repeat","background-position":"center center","background-size":"auto","background-attachment":"scroll","background-type":"","background-media":"","overlay-type":"","overlay-color":"","overlay-opacity":"","overlay-gradient":""},"tablet":{"background-color":"var(--ast-global-color-5)","background-image":"","background-repeat":"repeat","background-position":"center center","background-size":"auto","background-attachment":"scroll","background-type":"","background-media":"","overlay-type":"","overlay-color":"","overlay-opacity":"","overlay-gradient":""},"mobile":{"background-color":"var(--ast-global-color-5)","background-image":"","background-repeat":"repeat","background-position":"center center","background-size":"auto","background-attachment":"scroll","background-type":"","background-media":"","overlay-type":"","overlay-color":"","overlay-opacity":"","overlay-gradient":""}},"footnotes":""},"class_list":["post-5681","page","type-page","status-publish","hentry"],"post_mailing_queue_ids":[],"_links":{"self":[{"href":"https:\/\/agora.xtec.cat\/esc-cirera\/wp-json\/wp\/v2\/pages\/5681","targetHints":{"allow":["GET"]}}],"collection":[{"href":"https:\/\/agora.xtec.cat\/esc-cirera\/wp-json\/wp\/v2\/pages"}],"about":[{"href":"https:\/\/agora.xtec.cat\/esc-cirera\/wp-json\/wp\/v2\/types\/page"}],"author":[{"embeddable":true,"href":"https:\/\/agora.xtec.cat\/esc-cirera\/wp-json\/wp\/v2\/users\/1"}],"replies":[{"embeddable":true,"href":"https:\/\/agora.xtec.cat\/esc-cirera\/wp-json\/wp\/v2\/comments?post=5681"}],"version-history":[{"count":3,"href":"https:\/\/agora.xtec.cat\/esc-cirera\/wp-json\/wp\/v2\/pages\/5681\/revisions"}],"predecessor-version":[{"id":6080,"href":"https:\/\/agora.xtec.cat\/esc-cirera\/wp-json\/wp\/v2\/pages\/5681\/revisions\/6080"}],"up":[{"embeddable":true,"href":"https:\/\/agora.xtec.cat\/esc-cirera\/wp-json\/wp\/v2\/pages\/5476"}],"wp:attachment":[{"href":"https:\/\/agora.xtec.cat\/esc-cirera\/wp-json\/wp\/v2\/media?parent=5681"}],"curies":[{"name":"wp","href":"https:\/\/api.w.org\/{rel}","templated":true}]}}