{"id":5679,"date":"2024-01-04T13:04:29","date_gmt":"2024-01-04T12:04:29","guid":{"rendered":"https:\/\/agora.xtec.cat\/esc-cirera\/?page_id=5679"},"modified":"2025-12-02T12:24:09","modified_gmt":"2025-12-02T11:24:09","slug":"ep-tallers-internivell-deducacio-artistica","status":"publish","type":"page","link":"https:\/\/agora.xtec.cat\/esc-cirera\/projecte-educatiu\/ed-primaria\/ep-tallers-internivell-deducacio-artistica\/","title":{"rendered":"EP: Tallers internivell d\u2019Educaci\u00f3 Art\u00edstica"},"content":{"rendered":"<p>Igual que a l\u2019etapa d\u2019Infantil, l\u2019\u00e0rea d\u2019<strong>Educaci\u00f3 Art\u00edstica<\/strong> es treballa a partir de <strong>tallers internivells<\/strong>. L\u2019\u00e0rea compr\u00e8n quatre \u00e0mbits: <strong>M\u00fasica, Educaci\u00f3 Visual i Pl\u00e0stica, Educaci\u00f3 Audiovisual i Arts Performatives<\/strong>. Cada setmana disposen d\u2019una sessi\u00f3 de m\u00fasica i d\u2019una sessi\u00f3 de tallers, que s\u00f3n <strong>rotatius de forma trimestral<\/strong>. \u00c9s a dir: cada trimestre els nens i nenes treballen una vessant de l&#8217;educaci\u00f3 art\u00edstica en un taller d\u2019unes 6 sessions. En aquest taller es barregen <strong>infants del cicle<\/strong> (1r i 2n, 3r i 4t, 5\u00e8 i 6\u00e8), el que els permet relacionar-se amb nens i nenes d\u2019altres classes i treballar de manera conjunta.<\/p>\n<p>Per exemple, al taller d\u2019audiovisuals hem elaborat una petita hist\u00f2ria amb Scratch Jr, al de performatives s\u2019ha treballat el moviment i l\u2019expressi\u00f3 corporal seguint el m\u00e8tode de <a href=\"https:\/\/hundred.org\/en\/innovations\/segni-mossi\">Segni Mossi<\/a>, i a Visual i Pl\u00e0stica han confegit les seves pr\u00f2pies samarretes amb teixits diversos a partir d\u2019una reflexi\u00f3 sobre el propi cos, els estereotips i les convencions socials.<\/p>\n<p><img loading=\"lazy\" decoding=\"async\" class=\"alignnone size-medium wp-image-5908\" src=\"https:\/\/agora.xtec.cat\/esc-cirera\/wp-content\/uploads\/usu1997\/2025\/07\/tallers-ci-2-225x300.webp\" alt=\"\" width=\"225\" height=\"300\" srcset=\"https:\/\/agora.xtec.cat\/esc-cirera\/wp-content\/uploads\/usu1997\/2025\/07\/tallers-ci-2-225x300.webp 225w, https:\/\/agora.xtec.cat\/esc-cirera\/wp-content\/uploads\/usu1997\/2025\/07\/tallers-ci-2-768x1024.webp 768w, https:\/\/agora.xtec.cat\/esc-cirera\/wp-content\/uploads\/usu1997\/2025\/07\/tallers-ci-2-1152x1536.webp 1152w, https:\/\/agora.xtec.cat\/esc-cirera\/wp-content\/uploads\/usu1997\/2025\/07\/tallers-ci-2.webp 1200w\" sizes=\"auto, (max-width: 225px) 100vw, 225px\" \/> <img loading=\"lazy\" decoding=\"async\" class=\"alignnone size-medium wp-image-5909\" src=\"https:\/\/agora.xtec.cat\/esc-cirera\/wp-content\/uploads\/usu1997\/2025\/07\/taller-perf-2-300x225.webp\" alt=\"\" width=\"300\" height=\"225\" srcset=\"https:\/\/agora.xtec.cat\/esc-cirera\/wp-content\/uploads\/usu1997\/2025\/07\/taller-perf-2-300x225.webp 300w, https:\/\/agora.xtec.cat\/esc-cirera\/wp-content\/uploads\/usu1997\/2025\/07\/taller-perf-2-1024x768.webp 1024w, https:\/\/agora.xtec.cat\/esc-cirera\/wp-content\/uploads\/usu1997\/2025\/07\/taller-perf-2-768x576.webp 768w, https:\/\/agora.xtec.cat\/esc-cirera\/wp-content\/uploads\/usu1997\/2025\/07\/taller-perf-2-1536x1152.webp 1536w, https:\/\/agora.xtec.cat\/esc-cirera\/wp-content\/uploads\/usu1997\/2025\/07\/taller-perf-2-200x150.webp 200w, https:\/\/agora.xtec.cat\/esc-cirera\/wp-content\/uploads\/usu1997\/2025\/07\/taller-perf-2.webp 2000w\" sizes=\"auto, (max-width: 300px) 100vw, 300px\" \/> <img loading=\"lazy\" decoding=\"async\" class=\"alignnone size-medium wp-image-5910\" src=\"https:\/\/agora.xtec.cat\/esc-cirera\/wp-content\/uploads\/usu1997\/2025\/07\/img20231026161923-225x300.webp\" alt=\"\" width=\"225\" height=\"300\" srcset=\"https:\/\/agora.xtec.cat\/esc-cirera\/wp-content\/uploads\/usu1997\/2025\/07\/img20231026161923-225x300.webp 225w, https:\/\/agora.xtec.cat\/esc-cirera\/wp-content\/uploads\/usu1997\/2025\/07\/img20231026161923-768x1024.webp 768w, https:\/\/agora.xtec.cat\/esc-cirera\/wp-content\/uploads\/usu1997\/2025\/07\/img20231026161923-1152x1536.webp 1152w, https:\/\/agora.xtec.cat\/esc-cirera\/wp-content\/uploads\/usu1997\/2025\/07\/img20231026161923-1536x2048.webp 1536w, https:\/\/agora.xtec.cat\/esc-cirera\/wp-content\/uploads\/usu1997\/2025\/07\/img20231026161923-scaled.webp 1920w\" sizes=\"auto, (max-width: 225px) 100vw, 225px\" \/><\/p>\n","protected":false},"excerpt":{"rendered":"<p>Igual que a l\u2019etapa d\u2019Infantil, l\u2019\u00e0rea d\u2019Educaci\u00f3 Art\u00edstica es treballa a partir de tallers internivells. L\u2019\u00e0rea compr\u00e8n quatre \u00e0mbits: M\u00fasica, Educaci\u00f3 Visual i Pl\u00e0stica, Educaci\u00f3 Audiovisual i Arts Performatives. Cada setmana disposen d\u2019una sessi\u00f3 de m\u00fasica i d\u2019una sessi\u00f3 de tallers, que s\u00f3n rotatius de forma trimestral. \u00c9s a dir: cada trimestre els nens i [&hellip;]<\/p>\n","protected":false},"author":1,"featured_media":0,"parent":5476,"menu_order":40,"comment_status":"closed","ping_status":"closed","template":"","meta":{"_bbp_topic_count":0,"_bbp_reply_count":0,"_bbp_total_topic_count":0,"_bbp_total_reply_count":0,"_bbp_voice_count":0,"_bbp_anonymous_reply_count":0,"_bbp_topic_count_hidden":0,"_bbp_reply_count_hidden":0,"_bbp_forum_subforum_count":0,"site-sidebar-layout":"default","site-content-layout":"","ast-site-content-layout":"default","site-content-style":"default","site-sidebar-style":"default","ast-global-header-display":"","ast-banner-title-visibility":"","ast-main-header-display":"","ast-hfb-above-header-display":"","ast-hfb-below-header-display":"","ast-hfb-mobile-header-display":"","site-post-title":"","ast-breadcrumbs-content":"","ast-featured-img":"","footer-sml-layout":"","theme-transparent-header-meta":"default","adv-header-id-meta":"","stick-header-meta":"","header-above-stick-meta":"","header-main-stick-meta":"","header-below-stick-meta":"","astra-migrate-meta-layouts":"set","ast-page-background-enabled":"default","ast-page-background-meta":{"desktop":{"background-color":"var(--ast-global-color-4)","background-image":"","background-repeat":"repeat","background-position":"center center","background-size":"auto","background-attachment":"scroll","background-type":"","background-media":"","overlay-type":"","overlay-color":"","overlay-opacity":"","overlay-gradient":""},"tablet":{"background-color":"","background-image":"","background-repeat":"repeat","background-position":"center center","background-size":"auto","background-attachment":"scroll","background-type":"","background-media":"","overlay-type":"","overlay-color":"","overlay-opacity":"","overlay-gradient":""},"mobile":{"background-color":"","background-image":"","background-repeat":"repeat","background-position":"center center","background-size":"auto","background-attachment":"scroll","background-type":"","background-media":"","overlay-type":"","overlay-color":"","overlay-opacity":"","overlay-gradient":""}},"ast-content-background-meta":{"desktop":{"background-color":"var(--ast-global-color-5)","background-image":"","background-repeat":"repeat","background-position":"center center","background-size":"auto","background-attachment":"scroll","background-type":"","background-media":"","overlay-type":"","overlay-color":"","overlay-opacity":"","overlay-gradient":""},"tablet":{"background-color":"var(--ast-global-color-5)","background-image":"","background-repeat":"repeat","background-position":"center center","background-size":"auto","background-attachment":"scroll","background-type":"","background-media":"","overlay-type":"","overlay-color":"","overlay-opacity":"","overlay-gradient":""},"mobile":{"background-color":"var(--ast-global-color-5)","background-image":"","background-repeat":"repeat","background-position":"center center","background-size":"auto","background-attachment":"scroll","background-type":"","background-media":"","overlay-type":"","overlay-color":"","overlay-opacity":"","overlay-gradient":""}},"footnotes":""},"class_list":["post-5679","page","type-page","status-publish","hentry"],"post_mailing_queue_ids":[],"_links":{"self":[{"href":"https:\/\/agora.xtec.cat\/esc-cirera\/wp-json\/wp\/v2\/pages\/5679","targetHints":{"allow":["GET"]}}],"collection":[{"href":"https:\/\/agora.xtec.cat\/esc-cirera\/wp-json\/wp\/v2\/pages"}],"about":[{"href":"https:\/\/agora.xtec.cat\/esc-cirera\/wp-json\/wp\/v2\/types\/page"}],"author":[{"embeddable":true,"href":"https:\/\/agora.xtec.cat\/esc-cirera\/wp-json\/wp\/v2\/users\/1"}],"replies":[{"embeddable":true,"href":"https:\/\/agora.xtec.cat\/esc-cirera\/wp-json\/wp\/v2\/comments?post=5679"}],"version-history":[{"count":2,"href":"https:\/\/agora.xtec.cat\/esc-cirera\/wp-json\/wp\/v2\/pages\/5679\/revisions"}],"predecessor-version":[{"id":5911,"href":"https:\/\/agora.xtec.cat\/esc-cirera\/wp-json\/wp\/v2\/pages\/5679\/revisions\/5911"}],"up":[{"embeddable":true,"href":"https:\/\/agora.xtec.cat\/esc-cirera\/wp-json\/wp\/v2\/pages\/5476"}],"wp:attachment":[{"href":"https:\/\/agora.xtec.cat\/esc-cirera\/wp-json\/wp\/v2\/media?parent=5679"}],"curies":[{"name":"wp","href":"https:\/\/api.w.org\/{rel}","templated":true}]}}