{"id":5656,"date":"2024-01-04T12:48:29","date_gmt":"2024-01-04T11:48:29","guid":{"rendered":"https:\/\/agora.xtec.cat\/esc-cirera\/?page_id=5656"},"modified":"2025-12-02T12:16:17","modified_gmt":"2025-12-02T11:16:17","slug":"ei-foment-de-lhabit-lector","status":"publish","type":"page","link":"https:\/\/agora.xtec.cat\/esc-cirera\/projecte-educatiu\/ed-infantil\/ei-foment-de-lhabit-lector\/","title":{"rendered":"EI: Foment de l&#8217;h\u00e0bit lector"},"content":{"rendered":"<p>Amb la finalitat de desenvolupar el\u00a0<strong>llenguatge<\/strong>\u00a0i promoure l\u2019<strong>h\u00e0bit lector<\/strong>, els\u00a0<strong>contes<\/strong>\u00a0tenen un paper fonamental en el dia a dia dels infants. Les hist\u00f2ries els permeten connectar amb el seus punts de vista, i imaginar situacions per poder comprendre-les millor. A m\u00e9s, s\u00f3n de gran utilitat per treballar la comprensi\u00f3 i l\u2019expressi\u00f3 oral, fonamentals per al correcte desenvolupament del\u00a0<strong>proc\u00e9s de lectoescriptura<\/strong>. A cada aula disposen d\u2019una\u00a0<strong>petita biblioteca<\/strong>, amb un recull de contes adaptats als projectes que estan treballant, i tamb\u00e9 tenim una\u00a0<strong>biblioteca exclusiva per als nens i nenes d\u2019Infantil<\/strong>.<\/p>\n<p>Aix\u00ed mateix, un dia a la setmana fan una trobada de\u00a0<strong>padrins i fillols<\/strong>: estones en les quals poden compartir una lectura guiada per part de companys\/es m\u00e9s grans, tot creant uns vincles que els acompanyaran al llarg de tota la seva escolaritzaci\u00f3.<\/p>\n<p><img loading=\"lazy\" decoding=\"async\" class=\"alignnone size-medium wp-image-5873\" src=\"https:\/\/agora.xtec.cat\/esc-cirera\/wp-content\/uploads\/usu1997\/2025\/07\/IMG-20240620-WA0004-300x225.jpg\" alt=\"\" width=\"300\" height=\"225\" srcset=\"https:\/\/agora.xtec.cat\/esc-cirera\/wp-content\/uploads\/usu1997\/2025\/07\/IMG-20240620-WA0004-300x225.jpg 300w, https:\/\/agora.xtec.cat\/esc-cirera\/wp-content\/uploads\/usu1997\/2025\/07\/IMG-20240620-WA0004-1024x769.jpg 1024w, https:\/\/agora.xtec.cat\/esc-cirera\/wp-content\/uploads\/usu1997\/2025\/07\/IMG-20240620-WA0004-768x576.jpg 768w, https:\/\/agora.xtec.cat\/esc-cirera\/wp-content\/uploads\/usu1997\/2025\/07\/IMG-20240620-WA0004-1536x1153.jpg 1536w, https:\/\/agora.xtec.cat\/esc-cirera\/wp-content\/uploads\/usu1997\/2025\/07\/IMG-20240620-WA0004-200x150.jpg 200w, https:\/\/agora.xtec.cat\/esc-cirera\/wp-content\/uploads\/usu1997\/2025\/07\/IMG-20240620-WA0004.jpg 2048w\" sizes=\"auto, (max-width: 300px) 100vw, 300px\" \/>\u00a0 \u00a0 <img loading=\"lazy\" decoding=\"async\" class=\"alignnone size-medium wp-image-5869\" src=\"https:\/\/agora.xtec.cat\/esc-cirera\/wp-content\/uploads\/usu1997\/2025\/07\/IMG-20240424-WA0012-300x225.jpg\" alt=\"\" width=\"300\" height=\"225\" srcset=\"https:\/\/agora.xtec.cat\/esc-cirera\/wp-content\/uploads\/usu1997\/2025\/07\/IMG-20240424-WA0012-300x225.jpg 300w, https:\/\/agora.xtec.cat\/esc-cirera\/wp-content\/uploads\/usu1997\/2025\/07\/IMG-20240424-WA0012-1024x768.jpg 1024w, https:\/\/agora.xtec.cat\/esc-cirera\/wp-content\/uploads\/usu1997\/2025\/07\/IMG-20240424-WA0012-768x576.jpg 768w, https:\/\/agora.xtec.cat\/esc-cirera\/wp-content\/uploads\/usu1997\/2025\/07\/IMG-20240424-WA0012-1536x1152.jpg 1536w, https:\/\/agora.xtec.cat\/esc-cirera\/wp-content\/uploads\/usu1997\/2025\/07\/IMG-20240424-WA0012-200x150.jpg 200w, https:\/\/agora.xtec.cat\/esc-cirera\/wp-content\/uploads\/usu1997\/2025\/07\/IMG-20240424-WA0012.jpg 2000w\" sizes=\"auto, (max-width: 300px) 100vw, 300px\" \/>\u00a0 \u00a0 <img loading=\"lazy\" decoding=\"async\" class=\"alignnone size-medium wp-image-5868\" src=\"https:\/\/agora.xtec.cat\/esc-cirera\/wp-content\/uploads\/usu1997\/2025\/07\/IMG-20240424-WA0015-300x225.jpg\" alt=\"\" width=\"300\" height=\"225\" srcset=\"https:\/\/agora.xtec.cat\/esc-cirera\/wp-content\/uploads\/usu1997\/2025\/07\/IMG-20240424-WA0015-300x225.jpg 300w, https:\/\/agora.xtec.cat\/esc-cirera\/wp-content\/uploads\/usu1997\/2025\/07\/IMG-20240424-WA0015-1024x768.jpg 1024w, https:\/\/agora.xtec.cat\/esc-cirera\/wp-content\/uploads\/usu1997\/2025\/07\/IMG-20240424-WA0015-768x576.jpg 768w, https:\/\/agora.xtec.cat\/esc-cirera\/wp-content\/uploads\/usu1997\/2025\/07\/IMG-20240424-WA0015-1536x1152.jpg 1536w, https:\/\/agora.xtec.cat\/esc-cirera\/wp-content\/uploads\/usu1997\/2025\/07\/IMG-20240424-WA0015-200x150.jpg 200w, https:\/\/agora.xtec.cat\/esc-cirera\/wp-content\/uploads\/usu1997\/2025\/07\/IMG-20240424-WA0015.jpg 2000w\" sizes=\"auto, (max-width: 300px) 100vw, 300px\" \/><\/p>\n","protected":false},"excerpt":{"rendered":"<p>Amb la finalitat de desenvolupar el\u00a0llenguatge\u00a0i promoure l\u2019h\u00e0bit lector, els\u00a0contes\u00a0tenen un paper fonamental en el dia a dia dels infants. Les hist\u00f2ries els permeten connectar amb el seus punts de vista, i imaginar situacions per poder comprendre-les millor. A m\u00e9s, s\u00f3n de gran utilitat per treballar la comprensi\u00f3 i l\u2019expressi\u00f3 oral, fonamentals per al correcte [&hellip;]<\/p>\n","protected":false},"author":1,"featured_media":0,"parent":5475,"menu_order":50,"comment_status":"closed","ping_status":"closed","template":"","meta":{"_bbp_topic_count":0,"_bbp_reply_count":0,"_bbp_total_topic_count":0,"_bbp_total_reply_count":0,"_bbp_voice_count":0,"_bbp_anonymous_reply_count":0,"_bbp_topic_count_hidden":0,"_bbp_reply_count_hidden":0,"_bbp_forum_subforum_count":0,"site-sidebar-layout":"default","site-content-layout":"","ast-site-content-layout":"default","site-content-style":"default","site-sidebar-style":"default","ast-global-header-display":"","ast-banner-title-visibility":"","ast-main-header-display":"","ast-hfb-above-header-display":"","ast-hfb-below-header-display":"","ast-hfb-mobile-header-display":"","site-post-title":"","ast-breadcrumbs-content":"","ast-featured-img":"","footer-sml-layout":"","theme-transparent-header-meta":"default","adv-header-id-meta":"","stick-header-meta":"","header-above-stick-meta":"","header-main-stick-meta":"","header-below-stick-meta":"","astra-migrate-meta-layouts":"set","ast-page-background-enabled":"default","ast-page-background-meta":{"desktop":{"background-color":"var(--ast-global-color-4)","background-image":"","background-repeat":"repeat","background-position":"center center","background-size":"auto","background-attachment":"scroll","background-type":"","background-media":"","overlay-type":"","overlay-color":"","overlay-opacity":"","overlay-gradient":""},"tablet":{"background-color":"","background-image":"","background-repeat":"repeat","background-position":"center center","background-size":"auto","background-attachment":"scroll","background-type":"","background-media":"","overlay-type":"","overlay-color":"","overlay-opacity":"","overlay-gradient":""},"mobile":{"background-color":"","background-image":"","background-repeat":"repeat","background-position":"center center","background-size":"auto","background-attachment":"scroll","background-type":"","background-media":"","overlay-type":"","overlay-color":"","overlay-opacity":"","overlay-gradient":""}},"ast-content-background-meta":{"desktop":{"background-color":"var(--ast-global-color-5)","background-image":"","background-repeat":"repeat","background-position":"center center","background-size":"auto","background-attachment":"scroll","background-type":"","background-media":"","overlay-type":"","overlay-color":"","overlay-opacity":"","overlay-gradient":""},"tablet":{"background-color":"var(--ast-global-color-5)","background-image":"","background-repeat":"repeat","background-position":"center center","background-size":"auto","background-attachment":"scroll","background-type":"","background-media":"","overlay-type":"","overlay-color":"","overlay-opacity":"","overlay-gradient":""},"mobile":{"background-color":"var(--ast-global-color-5)","background-image":"","background-repeat":"repeat","background-position":"center center","background-size":"auto","background-attachment":"scroll","background-type":"","background-media":"","overlay-type":"","overlay-color":"","overlay-opacity":"","overlay-gradient":""}},"footnotes":""},"class_list":["post-5656","page","type-page","status-publish","hentry"],"post_mailing_queue_ids":[],"_links":{"self":[{"href":"https:\/\/agora.xtec.cat\/esc-cirera\/wp-json\/wp\/v2\/pages\/5656","targetHints":{"allow":["GET"]}}],"collection":[{"href":"https:\/\/agora.xtec.cat\/esc-cirera\/wp-json\/wp\/v2\/pages"}],"about":[{"href":"https:\/\/agora.xtec.cat\/esc-cirera\/wp-json\/wp\/v2\/types\/page"}],"author":[{"embeddable":true,"href":"https:\/\/agora.xtec.cat\/esc-cirera\/wp-json\/wp\/v2\/users\/1"}],"replies":[{"embeddable":true,"href":"https:\/\/agora.xtec.cat\/esc-cirera\/wp-json\/wp\/v2\/comments?post=5656"}],"version-history":[{"count":2,"href":"https:\/\/agora.xtec.cat\/esc-cirera\/wp-json\/wp\/v2\/pages\/5656\/revisions"}],"predecessor-version":[{"id":5888,"href":"https:\/\/agora.xtec.cat\/esc-cirera\/wp-json\/wp\/v2\/pages\/5656\/revisions\/5888"}],"up":[{"embeddable":true,"href":"https:\/\/agora.xtec.cat\/esc-cirera\/wp-json\/wp\/v2\/pages\/5475"}],"wp:attachment":[{"href":"https:\/\/agora.xtec.cat\/esc-cirera\/wp-json\/wp\/v2\/media?parent=5656"}],"curies":[{"name":"wp","href":"https:\/\/api.w.org\/{rel}","templated":true}]}}