{"id":5648,"date":"2024-01-04T12:45:45","date_gmt":"2024-01-04T11:45:45","guid":{"rendered":"https:\/\/agora.xtec.cat\/esc-cirera\/?page_id=5648"},"modified":"2025-12-02T12:13:06","modified_gmt":"2025-12-02T11:13:06","slug":"ei-treball-globalitzat","status":"publish","type":"page","link":"https:\/\/agora.xtec.cat\/esc-cirera\/projecte-educatiu\/ed-infantil\/ei-treball-globalitzat\/","title":{"rendered":"EI: Treball globalitzat"},"content":{"rendered":"<p>A Infantil entenem l\u2019aprenentatge com una\u00a0<strong>experi\u00e8ncia global<\/strong>,\u00a0<strong>vivencial\u00a0<\/strong>i\u00a0<strong>connectada<\/strong>\u00a0amb la\u00a0<strong>realitat\u00a0<\/strong>m\u00e9s propera dels infants. Aquesta manera d\u2019entendre l\u2019educaci\u00f3 parteix de la idea que els nens i nenes aprenen millor quan all\u00f2 que treballen t\u00e9 un sentit per a ells i forma part del seu entorn immediat. El punt de partida sovint s\u00f3n situacions quotidianes, interessos que sorgeixen dins l\u2019aula o temes vinculats a la vida escolar, com pot ser el nom de la classe o una festivitat propera.<\/p>\n<h5 class=\"wp-block-heading\">Petits projectes que desperten grans aprenentatges<\/h5>\n<p>Un exemple habitual d\u2019aquest enfocament \u00e9s el treball per projectes vinculats al nom de la classe. A partir d\u2019aquest fil conductor, es plantegen activitats diverses que engloben diferents \u00e0mbits:<\/p>\n<ul class=\"wp-block-list\">\n<li><strong>Cerca d\u2019informaci\u00f3<\/strong>\u00a0a trav\u00e9s de contes, v\u00eddeos, imatges o petits experiments.<\/li>\n<li><strong>Activitats de lectoescriptura<\/strong>, treballant el vocabulari relacionat, l\u2019expressi\u00f3 oral i escrita i la identificaci\u00f3 de sons i lletres.<\/li>\n<li><strong>Racons ambientats en el tema del projecte<\/strong>, que permeten explorar-lo des de diferents perspectives (joc simb\u00f2lic, pl\u00e0stica, construccions, ci\u00e8ncia, etc.).<\/li>\n<li><strong>Propostes de descoberta i experimentaci\u00f3<\/strong>, que afavoreixen l\u2019observaci\u00f3, la formulaci\u00f3 de preguntes i el desenvolupament del pensament cr\u00edtic.<\/li>\n<li><strong>Activitats art\u00edstiques i creatives<\/strong>, com murals, can\u00e7ons o creacions pl\u00e0stiques.<\/li>\n<\/ul>\n<p><img loading=\"lazy\" decoding=\"async\" class=\"alignnone size-medium wp-image-5867 alignleft\" src=\"https:\/\/agora.xtec.cat\/esc-cirera\/wp-content\/uploads\/usu1997\/2025\/07\/WhatsApp-Image-2025-06-13-at-22.51.54-300x226.jpeg\" alt=\"\" width=\"300\" height=\"226\" srcset=\"https:\/\/agora.xtec.cat\/esc-cirera\/wp-content\/uploads\/usu1997\/2025\/07\/WhatsApp-Image-2025-06-13-at-22.51.54-300x226.jpeg 300w, https:\/\/agora.xtec.cat\/esc-cirera\/wp-content\/uploads\/usu1997\/2025\/07\/WhatsApp-Image-2025-06-13-at-22.51.54-1024x771.jpeg 1024w, https:\/\/agora.xtec.cat\/esc-cirera\/wp-content\/uploads\/usu1997\/2025\/07\/WhatsApp-Image-2025-06-13-at-22.51.54-768x578.jpeg 768w, https:\/\/agora.xtec.cat\/esc-cirera\/wp-content\/uploads\/usu1997\/2025\/07\/WhatsApp-Image-2025-06-13-at-22.51.54-1536x1157.jpeg 1536w, https:\/\/agora.xtec.cat\/esc-cirera\/wp-content\/uploads\/usu1997\/2025\/07\/WhatsApp-Image-2025-06-13-at-22.51.54-200x150.jpeg 200w, https:\/\/agora.xtec.cat\/esc-cirera\/wp-content\/uploads\/usu1997\/2025\/07\/WhatsApp-Image-2025-06-13-at-22.51.54.jpeg 2040w\" sizes=\"auto, (max-width: 300px) 100vw, 300px\" \/>\u00a0 \u00a0 \u00a0 <img loading=\"lazy\" decoding=\"async\" class=\"alignnone size-medium wp-image-5865 alignleft\" src=\"https:\/\/agora.xtec.cat\/esc-cirera\/wp-content\/uploads\/usu1997\/2025\/07\/WhatsApp-Image-2025-06-13-at-22.50.30-300x226.jpeg\" alt=\"\" width=\"300\" height=\"226\" srcset=\"https:\/\/agora.xtec.cat\/esc-cirera\/wp-content\/uploads\/usu1997\/2025\/07\/WhatsApp-Image-2025-06-13-at-22.50.30-300x226.jpeg 300w, https:\/\/agora.xtec.cat\/esc-cirera\/wp-content\/uploads\/usu1997\/2025\/07\/WhatsApp-Image-2025-06-13-at-22.50.30-1024x771.jpeg 1024w, https:\/\/agora.xtec.cat\/esc-cirera\/wp-content\/uploads\/usu1997\/2025\/07\/WhatsApp-Image-2025-06-13-at-22.50.30-768x578.jpeg 768w, https:\/\/agora.xtec.cat\/esc-cirera\/wp-content\/uploads\/usu1997\/2025\/07\/WhatsApp-Image-2025-06-13-at-22.50.30-1536x1157.jpeg 1536w, https:\/\/agora.xtec.cat\/esc-cirera\/wp-content\/uploads\/usu1997\/2025\/07\/WhatsApp-Image-2025-06-13-at-22.50.30-200x150.jpeg 200w, https:\/\/agora.xtec.cat\/esc-cirera\/wp-content\/uploads\/usu1997\/2025\/07\/WhatsApp-Image-2025-06-13-at-22.50.30.jpeg 2040w\" sizes=\"auto, (max-width: 300px) 100vw, 300px\" \/>\u00a0 \u00a0 <img loading=\"lazy\" decoding=\"async\" class=\"alignnone size-medium wp-image-5866 alignleft\" src=\"https:\/\/agora.xtec.cat\/esc-cirera\/wp-content\/uploads\/usu1997\/2025\/07\/WhatsApp-Image-2025-06-13-at-23.05.23-300x226.jpeg\" alt=\"\" width=\"300\" height=\"226\" srcset=\"https:\/\/agora.xtec.cat\/esc-cirera\/wp-content\/uploads\/usu1997\/2025\/07\/WhatsApp-Image-2025-06-13-at-23.05.23-300x226.jpeg 300w, https:\/\/agora.xtec.cat\/esc-cirera\/wp-content\/uploads\/usu1997\/2025\/07\/WhatsApp-Image-2025-06-13-at-23.05.23-1024x771.jpeg 1024w, https:\/\/agora.xtec.cat\/esc-cirera\/wp-content\/uploads\/usu1997\/2025\/07\/WhatsApp-Image-2025-06-13-at-23.05.23-768x578.jpeg 768w, https:\/\/agora.xtec.cat\/esc-cirera\/wp-content\/uploads\/usu1997\/2025\/07\/WhatsApp-Image-2025-06-13-at-23.05.23-1536x1157.jpeg 1536w, https:\/\/agora.xtec.cat\/esc-cirera\/wp-content\/uploads\/usu1997\/2025\/07\/WhatsApp-Image-2025-06-13-at-23.05.23-200x150.jpeg 200w, https:\/\/agora.xtec.cat\/esc-cirera\/wp-content\/uploads\/usu1997\/2025\/07\/WhatsApp-Image-2025-06-13-at-23.05.23.jpeg 2040w\" sizes=\"auto, (max-width: 300px) 100vw, 300px\" \/><\/p>\n","protected":false},"excerpt":{"rendered":"<p>A Infantil entenem l\u2019aprenentatge com una\u00a0experi\u00e8ncia global,\u00a0vivencial\u00a0i\u00a0connectada\u00a0amb la\u00a0realitat\u00a0m\u00e9s propera dels infants. Aquesta manera d\u2019entendre l\u2019educaci\u00f3 parteix de la idea que els nens i nenes aprenen millor quan all\u00f2 que treballen t\u00e9 un sentit per a ells i forma part del seu entorn immediat. El punt de partida sovint s\u00f3n situacions quotidianes, interessos que sorgeixen dins [&hellip;]<\/p>\n","protected":false},"author":1,"featured_media":0,"parent":5475,"menu_order":10,"comment_status":"closed","ping_status":"closed","template":"","meta":{"_bbp_topic_count":0,"_bbp_reply_count":0,"_bbp_total_topic_count":0,"_bbp_total_reply_count":0,"_bbp_voice_count":0,"_bbp_anonymous_reply_count":0,"_bbp_topic_count_hidden":0,"_bbp_reply_count_hidden":0,"_bbp_forum_subforum_count":0,"site-sidebar-layout":"default","site-content-layout":"","ast-site-content-layout":"default","site-content-style":"default","site-sidebar-style":"default","ast-global-header-display":"","ast-banner-title-visibility":"","ast-main-header-display":"","ast-hfb-above-header-display":"","ast-hfb-below-header-display":"","ast-hfb-mobile-header-display":"","site-post-title":"","ast-breadcrumbs-content":"","ast-featured-img":"","footer-sml-layout":"","theme-transparent-header-meta":"default","adv-header-id-meta":"","stick-header-meta":"","header-above-stick-meta":"","header-main-stick-meta":"","header-below-stick-meta":"","astra-migrate-meta-layouts":"set","ast-page-background-enabled":"default","ast-page-background-meta":{"desktop":{"background-color":"var(--ast-global-color-4)","background-image":"","background-repeat":"repeat","background-position":"center center","background-size":"auto","background-attachment":"scroll","background-type":"","background-media":"","overlay-type":"","overlay-color":"","overlay-opacity":"","overlay-gradient":""},"tablet":{"background-color":"","background-image":"","background-repeat":"repeat","background-position":"center center","background-size":"auto","background-attachment":"scroll","background-type":"","background-media":"","overlay-type":"","overlay-color":"","overlay-opacity":"","overlay-gradient":""},"mobile":{"background-color":"","background-image":"","background-repeat":"repeat","background-position":"center center","background-size":"auto","background-attachment":"scroll","background-type":"","background-media":"","overlay-type":"","overlay-color":"","overlay-opacity":"","overlay-gradient":""}},"ast-content-background-meta":{"desktop":{"background-color":"var(--ast-global-color-5)","background-image":"","background-repeat":"repeat","background-position":"center center","background-size":"auto","background-attachment":"scroll","background-type":"","background-media":"","overlay-type":"","overlay-color":"","overlay-opacity":"","overlay-gradient":""},"tablet":{"background-color":"var(--ast-global-color-5)","background-image":"","background-repeat":"repeat","background-position":"center center","background-size":"auto","background-attachment":"scroll","background-type":"","background-media":"","overlay-type":"","overlay-color":"","overlay-opacity":"","overlay-gradient":""},"mobile":{"background-color":"var(--ast-global-color-5)","background-image":"","background-repeat":"repeat","background-position":"center center","background-size":"auto","background-attachment":"scroll","background-type":"","background-media":"","overlay-type":"","overlay-color":"","overlay-opacity":"","overlay-gradient":""}},"footnotes":""},"class_list":["post-5648","page","type-page","status-publish","hentry"],"post_mailing_queue_ids":[],"_links":{"self":[{"href":"https:\/\/agora.xtec.cat\/esc-cirera\/wp-json\/wp\/v2\/pages\/5648","targetHints":{"allow":["GET"]}}],"collection":[{"href":"https:\/\/agora.xtec.cat\/esc-cirera\/wp-json\/wp\/v2\/pages"}],"about":[{"href":"https:\/\/agora.xtec.cat\/esc-cirera\/wp-json\/wp\/v2\/types\/page"}],"author":[{"embeddable":true,"href":"https:\/\/agora.xtec.cat\/esc-cirera\/wp-json\/wp\/v2\/users\/1"}],"replies":[{"embeddable":true,"href":"https:\/\/agora.xtec.cat\/esc-cirera\/wp-json\/wp\/v2\/comments?post=5648"}],"version-history":[{"count":3,"href":"https:\/\/agora.xtec.cat\/esc-cirera\/wp-json\/wp\/v2\/pages\/5648\/revisions"}],"predecessor-version":[{"id":5876,"href":"https:\/\/agora.xtec.cat\/esc-cirera\/wp-json\/wp\/v2\/pages\/5648\/revisions\/5876"}],"up":[{"embeddable":true,"href":"https:\/\/agora.xtec.cat\/esc-cirera\/wp-json\/wp\/v2\/pages\/5475"}],"wp:attachment":[{"href":"https:\/\/agora.xtec.cat\/esc-cirera\/wp-json\/wp\/v2\/media?parent=5648"}],"curies":[{"name":"wp","href":"https:\/\/api.w.org\/{rel}","templated":true}]}}