{"id":5609,"date":"2023-12-22T17:37:32","date_gmt":"2023-12-22T16:37:32","guid":{"rendered":"https:\/\/agora.xtec.cat\/esc-cirera\/?page_id=5609"},"modified":"2024-01-04T11:13:47","modified_gmt":"2024-01-04T10:13:47","slug":"el-nostre-gegant-el-cirerer","status":"publish","type":"page","link":"https:\/\/agora.xtec.cat\/esc-cirera\/el-nostre-gegant-el-cirerer\/","title":{"rendered":"El nostre gegant: el Cirerer"},"content":{"rendered":"<p><span style=\"font-weight: 400;\">En Cirerer representa l\u2019arbre que fa fruit que dona nom a l\u2019escola i al barri i, alhora, es tracta d\u2019un nen rialler i molt aplicat, que sempre porta els seus llibres ben agafats sota el bra\u00e7.<\/span><\/p>\n<p><span style=\"font-weight: 400;\">Aquest peculiar gegant de l\u2019Escola Cirera -aleshores, Escola Jaume Recoder-, sorgeix a l\u2019any 2000 gr\u00e0cies a la iniciativa de l\u2019Associaci\u00f3 de Mares i Pares del centre que, motivats per les ganes de tenir un gegant que representi l\u2019escola i el barri alhora, convoquen un concurs de dibuix per poder escollir, posteriorment, aquell que m\u00e9s s\u2019hi identifiqui. La proposta guanyadora va ser la de fer un arbre d\u2019un cirerer, que a priori, la direcci\u00f3 de l\u2019escola considerava que seria una idea molt senzilla, tot i que s\u2019acaba aprovant i construint a la Finca L\u00f3pez d\u2019Argentona (finca d\u2019un dels constructors).<\/span><\/p>\n<p><span style=\"font-weight: 400;\">La curiosa idea del gegant prov\u00e9 de Manuel Coronil, Francisco L\u00f3pez i Joan P\u00e9rez, uns dels pares de l\u2019AMPA i primers caps de la colla gegantera. No obstant aix\u00f2, Manuel Coronil \u00e9s l\u2019encarregat de portar la direcci\u00f3 de la construcci\u00f3 del projecte. Una de les an\u00e8cdotes que a l\u2019Escola Cirera avui dia encara recorden \u00e9s que en un dels primers detalls que es fixa Coronil abans de comen\u00e7ar la construcci\u00f3 del Cirerer \u00e9s en l\u2019amplada de la porta de l\u2019escola per fer-lo el m\u00e9s ample possible, i aix\u00ed va ser.<a href=\"https:\/\/agora.xtec.cat\/esc-cirera\/wp-content\/uploads\/usu1997\/2023\/12\/Captura-de-pantalla-2023-12-22-a-las-17.36.34.png\">.<img loading=\"lazy\" decoding=\"async\" class=\"wp-image-5611 alignright\" src=\"https:\/\/agora.xtec.cat\/esc-cirera\/wp-content\/uploads\/usu1997\/2023\/12\/Captura-de-pantalla-2023-12-22-a-las-17.36.34.png\" alt=\"\" width=\"314\" height=\"467\" srcset=\"https:\/\/agora.xtec.cat\/esc-cirera\/wp-content\/uploads\/usu1997\/2023\/12\/Captura-de-pantalla-2023-12-22-a-las-17.36.34.png 588w, https:\/\/agora.xtec.cat\/esc-cirera\/wp-content\/uploads\/usu1997\/2023\/12\/Captura-de-pantalla-2023-12-22-a-las-17.36.34-202x300.png 202w\" sizes=\"auto, (max-width: 314px) 100vw, 314px\" \/><\/a><\/span><\/p>\n<p><a href=\"https:\/\/agora.xtec.cat\/esc-cirera\/wp-content\/uploads\/usu1997\/2023\/12\/Captura-de-pantalla-2023-12-22-a-las-17.14.55.png\"><img loading=\"lazy\" decoding=\"async\" class=\"wp-image-5610 alignleft\" src=\"https:\/\/agora.xtec.cat\/esc-cirera\/wp-content\/uploads\/usu1997\/2023\/12\/Captura-de-pantalla-2023-12-22-a-las-17.14.55.png\" alt=\"\" width=\"392\" height=\"475\" srcset=\"https:\/\/agora.xtec.cat\/esc-cirera\/wp-content\/uploads\/usu1997\/2023\/12\/Captura-de-pantalla-2023-12-22-a-las-17.14.55.png 692w, https:\/\/agora.xtec.cat\/esc-cirera\/wp-content\/uploads\/usu1997\/2023\/12\/Captura-de-pantalla-2023-12-22-a-las-17.14.55-247x300.png 247w\" sizes=\"auto, (max-width: 392px) 100vw, 392px\" \/><\/a><\/p>\n<p>&nbsp;<\/p>\n<p>&nbsp;<\/p>\n<p>&nbsp;<\/p>\n<p>&nbsp;<\/p>\n<p>&nbsp;<\/p>\n<p>&nbsp;<\/p>\n<p>&nbsp;<\/p>\n<p>&nbsp;<\/p>\n<p>&nbsp;<\/p>\n<p>&nbsp;<\/p>\n<p>&nbsp;<\/p>\n<p><span style=\"font-weight: 400;\">En Cirerer es presenta p\u00fablicament durant la tradicional trobada de gegants de la diada de Sant Jordi de l\u2019any 2000, per\u00f2 la seva primera presentaci\u00f3 ja s\u2019ha dut a terme uns quants dies abans, el 9 d\u2019abril, a la mateixa escola, on \u00e9s batejat enmig d\u2019una gran festa. Un cop estrenat, tot i el fant\u00e0stic treball fet, Manuel Coronil no volia conformar-s\u2019hi i la intenci\u00f3 al cap de poc era posar-li algun ocellet per les branques amb un sistema que els permet\u00e9s moure les ales, per\u00f2 al final no es va dur a terme. El que s\u00ed que es va aconseguir, va ser un c\u00f2mic del Cirerer, fet pels mateixos constructors i altres pares i mares.<\/span><\/p>\n<p><span style=\"font-weight: 400;\">Al llarg dels anys, el Cirerer s\u2019ha deixat veure incl\u00fas fora les muralles de Matar\u00f3, en alguna ocasi\u00f3, sol\u00b7licitat expressament per la bona impressi\u00f3 de la figura. Ha arribat a participar a trobades de municipis diversos com la Garriga, Sant Antoni de Vilamajor, Arenys de Munt, Calella, Sant Andreu de Llavaneres o\u00a0a la Trobada de Gegants d\u2019Escoles de Catalunya, que cada any \u00e9s a un indret diferent.<\/span><\/p>\n<p><span style=\"font-weight: 400;\">Aquesta informaci\u00f3 ha estat extreta de la p\u00e0gina: <\/span><a href=\"https:\/\/www.gegantsmataro.net\/fitxagegant.php?codi=540&amp;TipoGaleria=A\"><span style=\"font-weight: 400;\">https:\/\/www.gegantsmataro.net\/fitxagegant.php?codi=540&amp;TipoGaleria=A<\/span><\/a><span style=\"font-weight: 400;\">\u00a0<\/span><\/p>\n","protected":false},"excerpt":{"rendered":"<p>En Cirerer representa l\u2019arbre que fa fruit que dona nom a l\u2019escola i al barri i, alhora, es tracta d\u2019un nen rialler i molt aplicat, que sempre porta els seus llibres ben agafats sota el bra\u00e7. Aquest peculiar gegant de l\u2019Escola Cirera -aleshores, Escola Jaume Recoder-, sorgeix a l\u2019any 2000 gr\u00e0cies a la iniciativa de [&hellip;]<\/p>\n","protected":false},"author":1,"featured_media":0,"parent":0,"menu_order":0,"comment_status":"closed","ping_status":"closed","template":"","meta":{"_bbp_topic_count":0,"_bbp_reply_count":0,"_bbp_total_topic_count":0,"_bbp_total_reply_count":0,"_bbp_voice_count":0,"_bbp_anonymous_reply_count":0,"_bbp_topic_count_hidden":0,"_bbp_reply_count_hidden":0,"_bbp_forum_subforum_count":0,"site-sidebar-layout":"default","site-content-layout":"","ast-site-content-layout":"","site-content-style":"default","site-sidebar-style":"default","ast-global-header-display":"","ast-banner-title-visibility":"","ast-main-header-display":"","ast-hfb-above-header-display":"","ast-hfb-below-header-display":"","ast-hfb-mobile-header-display":"","site-post-title":"","ast-breadcrumbs-content":"","ast-featured-img":"","footer-sml-layout":"","theme-transparent-header-meta":"","adv-header-id-meta":"","stick-header-meta":"","header-above-stick-meta":"","header-main-stick-meta":"","header-below-stick-meta":"","astra-migrate-meta-layouts":"default","ast-page-background-enabled":"default","ast-page-background-meta":{"desktop":{"background-color":"var(--ast-global-color-4)","background-image":"","background-repeat":"repeat","background-position":"center center","background-size":"auto","background-attachment":"scroll","background-type":"","background-media":"","overlay-type":"","overlay-color":"","overlay-opacity":"","overlay-gradient":""},"tablet":{"background-color":"","background-image":"","background-repeat":"repeat","background-position":"center center","background-size":"auto","background-attachment":"scroll","background-type":"","background-media":"","overlay-type":"","overlay-color":"","overlay-opacity":"","overlay-gradient":""},"mobile":{"background-color":"","background-image":"","background-repeat":"repeat","background-position":"center center","background-size":"auto","background-attachment":"scroll","background-type":"","background-media":"","overlay-type":"","overlay-color":"","overlay-opacity":"","overlay-gradient":""}},"ast-content-background-meta":{"desktop":{"background-color":"var(--ast-global-color-5)","background-image":"","background-repeat":"repeat","background-position":"center center","background-size":"auto","background-attachment":"scroll","background-type":"","background-media":"","overlay-type":"","overlay-color":"","overlay-opacity":"","overlay-gradient":""},"tablet":{"background-color":"var(--ast-global-color-5)","background-image":"","background-repeat":"repeat","background-position":"center center","background-size":"auto","background-attachment":"scroll","background-type":"","background-media":"","overlay-type":"","overlay-color":"","overlay-opacity":"","overlay-gradient":""},"mobile":{"background-color":"var(--ast-global-color-5)","background-image":"","background-repeat":"repeat","background-position":"center center","background-size":"auto","background-attachment":"scroll","background-type":"","background-media":"","overlay-type":"","overlay-color":"","overlay-opacity":"","overlay-gradient":""}},"footnotes":""},"class_list":["post-5609","page","type-page","status-publish","hentry"],"post_mailing_queue_ids":[],"_links":{"self":[{"href":"https:\/\/agora.xtec.cat\/esc-cirera\/wp-json\/wp\/v2\/pages\/5609","targetHints":{"allow":["GET"]}}],"collection":[{"href":"https:\/\/agora.xtec.cat\/esc-cirera\/wp-json\/wp\/v2\/pages"}],"about":[{"href":"https:\/\/agora.xtec.cat\/esc-cirera\/wp-json\/wp\/v2\/types\/page"}],"author":[{"embeddable":true,"href":"https:\/\/agora.xtec.cat\/esc-cirera\/wp-json\/wp\/v2\/users\/1"}],"replies":[{"embeddable":true,"href":"https:\/\/agora.xtec.cat\/esc-cirera\/wp-json\/wp\/v2\/comments?post=5609"}],"version-history":[{"count":4,"href":"https:\/\/agora.xtec.cat\/esc-cirera\/wp-json\/wp\/v2\/pages\/5609\/revisions"}],"predecessor-version":[{"id":5628,"href":"https:\/\/agora.xtec.cat\/esc-cirera\/wp-json\/wp\/v2\/pages\/5609\/revisions\/5628"}],"wp:attachment":[{"href":"https:\/\/agora.xtec.cat\/esc-cirera\/wp-json\/wp\/v2\/media?parent=5609"}],"curies":[{"name":"wp","href":"https:\/\/api.w.org\/{rel}","templated":true}]}}