{"id":5581,"date":"2023-12-19T11:39:33","date_gmt":"2023-12-19T10:39:33","guid":{"rendered":"https:\/\/agora.xtec.cat\/esc-cirera\/?page_id=5581"},"modified":"2025-12-02T12:48:26","modified_gmt":"2025-12-02T11:48:26","slug":"afa","status":"publish","type":"page","link":"https:\/\/agora.xtec.cat\/esc-cirera\/families\/afa\/","title":{"rendered":"AFA"},"content":{"rendered":"<ul>\r\n<li><strong>Qu\u00e8 \u00e9s l\u2019AFA?<\/strong><\/li>\r\n<\/ul>\r\n<p>Com diuen les seves sigles, Associaci\u00f3 de Mares i Pares d\u2019Alumnes, l\u2019AMPA \u00e9s l\u2019entitat que agrupa els pares i mares de l\u2019escola per tal d\u2019estructurar la seva participaci\u00f3 al servei del conjunt de la comunitat educativa.<\/p>\r\n<ul>\r\n<li><strong>Quines funcions t\u00e9?<\/strong><\/li>\r\n<\/ul>\r\n<p>En general, podem dir que les seves funcions s\u00f3n:<\/p>\r\n<ol>\r\n<li>Dialogar, col\u00b7laborar i donar suport a la comunitat educativa per tal de millor la qualitat de l\u2019educaci\u00f3 dels nens i nenes.<\/li>\r\n<li>Oferir un espai de di\u00e0leg i tamb\u00e9 una infraestructura perqu\u00e8 es puguin organitzar serveis i activitats.<\/li>\r\n<li>Fomentar la relaci\u00f3 entre mestres i AFA i cohesionar la comunitat educativa de l\u2019entorn dels nostres fills.<\/li>\r\n<li>Participar en la millora dels espais i materials de l\u2019escola.<\/li>\r\n<li>Representar les fam\u00edlies al consell escolar. Impulsar reflexions i canvis.<\/li>\r\n<\/ol>\r\n<p><span style=\"font-weight: 400;\">La Junta de l&#8217;AFA de la nostra escola est\u00e0 formada per en Carles Delhomme (President), Esther Saguill\u00f3 (Vicepresidenta), Elisabet Cebri\u00e1n (Secret\u00e0ria) i Rebeca Fern\u00e1ndez (Tresorera). A banda d&#8217;aquestes persones membres, hi ha vocalies i altres components, organitzades en comissions de treball.<\/span><\/p>\r\n\r\n<ul class=\"wp-block-list\">\r\n<li><strong>Dades de contacte:<\/strong><\/li>\r\n<\/ul>\r\n\r\n\r\n\r\n<p>Podeu contactar amb l&#8217;AFA a trav\u00e9s del correu electr\u00f2nic ampa@escolacirera.cat, o b\u00e9 contactar amb les persones delegades de cada aula.<\/p>\r\n","protected":false},"excerpt":{"rendered":"<p>Qu\u00e8 \u00e9s l\u2019AFA? Com diuen les seves sigles, Associaci\u00f3 de Mares i Pares d\u2019Alumnes, l\u2019AMPA \u00e9s l\u2019entitat que agrupa els pares i mares de l\u2019escola per tal d\u2019estructurar la seva participaci\u00f3 al servei del conjunt de la comunitat educativa. Quines funcions t\u00e9? En general, podem dir que les seves funcions s\u00f3n: Dialogar, col\u00b7laborar i donar [&hellip;]<\/p>\n","protected":false},"author":18,"featured_media":0,"parent":5576,"menu_order":0,"comment_status":"closed","ping_status":"closed","template":"","meta":{"_bbp_topic_count":0,"_bbp_reply_count":0,"_bbp_total_topic_count":0,"_bbp_total_reply_count":0,"_bbp_voice_count":0,"_bbp_anonymous_reply_count":0,"_bbp_topic_count_hidden":0,"_bbp_reply_count_hidden":0,"_bbp_forum_subforum_count":0,"site-sidebar-layout":"default","site-content-layout":"","ast-site-content-layout":"default","site-content-style":"default","site-sidebar-style":"default","ast-global-header-display":"","ast-banner-title-visibility":"","ast-main-header-display":"","ast-hfb-above-header-display":"","ast-hfb-below-header-display":"","ast-hfb-mobile-header-display":"","site-post-title":"","ast-breadcrumbs-content":"","ast-featured-img":"","footer-sml-layout":"","theme-transparent-header-meta":"default","adv-header-id-meta":"","stick-header-meta":"","header-above-stick-meta":"","header-main-stick-meta":"","header-below-stick-meta":"","astra-migrate-meta-layouts":"set","ast-page-background-enabled":"default","ast-page-background-meta":{"desktop":{"background-color":"var(--ast-global-color-4)","background-image":"","background-repeat":"repeat","background-position":"center center","background-size":"auto","background-attachment":"scroll","background-type":"","background-media":"","overlay-type":"","overlay-color":"","overlay-opacity":"","overlay-gradient":""},"tablet":{"background-color":"","background-image":"","background-repeat":"repeat","background-position":"center center","background-size":"auto","background-attachment":"scroll","background-type":"","background-media":"","overlay-type":"","overlay-color":"","overlay-opacity":"","overlay-gradient":""},"mobile":{"background-color":"","background-image":"","background-repeat":"repeat","background-position":"center center","background-size":"auto","background-attachment":"scroll","background-type":"","background-media":"","overlay-type":"","overlay-color":"","overlay-opacity":"","overlay-gradient":""}},"ast-content-background-meta":{"desktop":{"background-color":"var(--ast-global-color-5)","background-image":"","background-repeat":"repeat","background-position":"center center","background-size":"auto","background-attachment":"scroll","background-type":"","background-media":"","overlay-type":"","overlay-color":"","overlay-opacity":"","overlay-gradient":""},"tablet":{"background-color":"var(--ast-global-color-5)","background-image":"","background-repeat":"repeat","background-position":"center center","background-size":"auto","background-attachment":"scroll","background-type":"","background-media":"","overlay-type":"","overlay-color":"","overlay-opacity":"","overlay-gradient":""},"mobile":{"background-color":"var(--ast-global-color-5)","background-image":"","background-repeat":"repeat","background-position":"center center","background-size":"auto","background-attachment":"scroll","background-type":"","background-media":"","overlay-type":"","overlay-color":"","overlay-opacity":"","overlay-gradient":""}},"footnotes":""},"class_list":["post-5581","page","type-page","status-publish","hentry"],"post_mailing_queue_ids":[],"_links":{"self":[{"href":"https:\/\/agora.xtec.cat\/esc-cirera\/wp-json\/wp\/v2\/pages\/5581","targetHints":{"allow":["GET"]}}],"collection":[{"href":"https:\/\/agora.xtec.cat\/esc-cirera\/wp-json\/wp\/v2\/pages"}],"about":[{"href":"https:\/\/agora.xtec.cat\/esc-cirera\/wp-json\/wp\/v2\/types\/page"}],"author":[{"embeddable":true,"href":"https:\/\/agora.xtec.cat\/esc-cirera\/wp-json\/wp\/v2\/users\/18"}],"replies":[{"embeddable":true,"href":"https:\/\/agora.xtec.cat\/esc-cirera\/wp-json\/wp\/v2\/comments?post=5581"}],"version-history":[{"count":3,"href":"https:\/\/agora.xtec.cat\/esc-cirera\/wp-json\/wp\/v2\/pages\/5581\/revisions"}],"predecessor-version":[{"id":6030,"href":"https:\/\/agora.xtec.cat\/esc-cirera\/wp-json\/wp\/v2\/pages\/5581\/revisions\/6030"}],"up":[{"embeddable":true,"href":"https:\/\/agora.xtec.cat\/esc-cirera\/wp-json\/wp\/v2\/pages\/5576"}],"wp:attachment":[{"href":"https:\/\/agora.xtec.cat\/esc-cirera\/wp-json\/wp\/v2\/media?parent=5581"}],"curies":[{"name":"wp","href":"https:\/\/api.w.org\/{rel}","templated":true}]}}