{"id":5576,"date":"2023-12-19T11:34:34","date_gmt":"2023-12-19T10:34:34","guid":{"rendered":"https:\/\/agora.xtec.cat\/esc-cirera\/?page_id=5576"},"modified":"2026-01-21T15:50:13","modified_gmt":"2026-01-21T14:50:13","slug":"families","status":"publish","type":"page","link":"https:\/\/agora.xtec.cat\/esc-cirera\/families\/","title":{"rendered":"Fam\u00edlies"},"content":{"rendered":"<p>Des de l&#8217;escola entenem que quan les persones que conformen una <strong>comunitat <\/strong>treballen seguint un mateix cam\u00ed, \u00e9s m\u00e9s senzill crear un ambient propici per a la reflexi\u00f3 i l&#8217;an\u00e0lisi conjunta. \u00c9s per aix\u00f2 que la <strong>confian\u00e7a m\u00fatua<\/strong> i l\u2019<strong>acceptaci\u00f3 de les capacitats <\/strong><strong>pr\u00f2pies i dels altres<\/strong> per a la definici\u00f3 d\u2019un <strong>bon clima de treball<\/strong> esdevenen els pilars al voltant dels quals s\u2019articula la pr\u00e0ctica docent, a partir del lideratge distribu\u00eft. Aix\u00f2 inclou a les <strong>fam\u00edlies<\/strong>, de manera que caldr\u00e0 que es corresponsabilitzin d\u2019all\u00f2 que hi ocorre, a trav\u00e9s de diferents mecanismes de participaci\u00f3, com l&#8217;<strong>AFA<\/strong> o el <strong>Consell Escolar<\/strong>.<\/p>\n<p>Un dels <strong>objectius<\/strong> d&#8217;aquest curs \u00e9s el de promoure al m\u00e0xim la <strong>participaci\u00f3<\/strong> de les fam\u00edlies, especialment en tots els processos d&#8217;avaluaci\u00f3 i revisi\u00f3 del<strong> projecte educatiu<\/strong>. Us animem a participar de la vida del centre i dir la vostra!<\/p>\n","protected":false},"excerpt":{"rendered":"<p>Des de l&#8217;escola entenem que quan les persones que conformen una comunitat treballen seguint un mateix cam\u00ed, \u00e9s m\u00e9s senzill crear un ambient propici per a la reflexi\u00f3 i l&#8217;an\u00e0lisi conjunta. \u00c9s per aix\u00f2 que la confian\u00e7a m\u00fatua i l\u2019acceptaci\u00f3 de les capacitats pr\u00f2pies i dels altres per a la definici\u00f3 d\u2019un bon clima de [&hellip;]<\/p>\n","protected":false},"author":18,"featured_media":0,"parent":0,"menu_order":0,"comment_status":"closed","ping_status":"closed","template":"","meta":{"_bbp_topic_count":0,"_bbp_reply_count":0,"_bbp_total_topic_count":0,"_bbp_total_reply_count":0,"_bbp_voice_count":0,"_bbp_anonymous_reply_count":0,"_bbp_topic_count_hidden":0,"_bbp_reply_count_hidden":0,"_bbp_forum_subforum_count":0,"site-sidebar-layout":"default","site-content-layout":"","ast-site-content-layout":"default","site-content-style":"default","site-sidebar-style":"default","ast-global-header-display":"","ast-banner-title-visibility":"","ast-main-header-display":"","ast-hfb-above-header-display":"","ast-hfb-below-header-display":"","ast-hfb-mobile-header-display":"","site-post-title":"","ast-breadcrumbs-content":"","ast-featured-img":"","footer-sml-layout":"","theme-transparent-header-meta":"default","adv-header-id-meta":"","stick-header-meta":"","header-above-stick-meta":"","header-main-stick-meta":"","header-below-stick-meta":"","astra-migrate-meta-layouts":"set","ast-page-background-enabled":"default","ast-page-background-meta":{"desktop":{"background-color":"var(--ast-global-color-4)","background-image":"","background-repeat":"repeat","background-position":"center center","background-size":"auto","background-attachment":"scroll","background-type":"","background-media":"","overlay-type":"","overlay-color":"","overlay-opacity":"","overlay-gradient":""},"tablet":{"background-color":"","background-image":"","background-repeat":"repeat","background-position":"center center","background-size":"auto","background-attachment":"scroll","background-type":"","background-media":"","overlay-type":"","overlay-color":"","overlay-opacity":"","overlay-gradient":""},"mobile":{"background-color":"","background-image":"","background-repeat":"repeat","background-position":"center center","background-size":"auto","background-attachment":"scroll","background-type":"","background-media":"","overlay-type":"","overlay-color":"","overlay-opacity":"","overlay-gradient":""}},"ast-content-background-meta":{"desktop":{"background-color":"var(--ast-global-color-5)","background-image":"","background-repeat":"repeat","background-position":"center center","background-size":"auto","background-attachment":"scroll","background-type":"","background-media":"","overlay-type":"","overlay-color":"","overlay-opacity":"","overlay-gradient":""},"tablet":{"background-color":"var(--ast-global-color-5)","background-image":"","background-repeat":"repeat","background-position":"center center","background-size":"auto","background-attachment":"scroll","background-type":"","background-media":"","overlay-type":"","overlay-color":"","overlay-opacity":"","overlay-gradient":""},"mobile":{"background-color":"var(--ast-global-color-5)","background-image":"","background-repeat":"repeat","background-position":"center center","background-size":"auto","background-attachment":"scroll","background-type":"","background-media":"","overlay-type":"","overlay-color":"","overlay-opacity":"","overlay-gradient":""}},"footnotes":""},"class_list":["post-5576","page","type-page","status-publish","hentry"],"post_mailing_queue_ids":[],"_links":{"self":[{"href":"https:\/\/agora.xtec.cat\/esc-cirera\/wp-json\/wp\/v2\/pages\/5576","targetHints":{"allow":["GET"]}}],"collection":[{"href":"https:\/\/agora.xtec.cat\/esc-cirera\/wp-json\/wp\/v2\/pages"}],"about":[{"href":"https:\/\/agora.xtec.cat\/esc-cirera\/wp-json\/wp\/v2\/types\/page"}],"author":[{"embeddable":true,"href":"https:\/\/agora.xtec.cat\/esc-cirera\/wp-json\/wp\/v2\/users\/18"}],"replies":[{"embeddable":true,"href":"https:\/\/agora.xtec.cat\/esc-cirera\/wp-json\/wp\/v2\/comments?post=5576"}],"version-history":[{"count":3,"href":"https:\/\/agora.xtec.cat\/esc-cirera\/wp-json\/wp\/v2\/pages\/5576\/revisions"}],"predecessor-version":[{"id":6085,"href":"https:\/\/agora.xtec.cat\/esc-cirera\/wp-json\/wp\/v2\/pages\/5576\/revisions\/6085"}],"wp:attachment":[{"href":"https:\/\/agora.xtec.cat\/esc-cirera\/wp-json\/wp\/v2\/media?parent=5576"}],"curies":[{"name":"wp","href":"https:\/\/api.w.org\/{rel}","templated":true}]}}