{"id":5475,"date":"2023-09-17T20:10:23","date_gmt":"2023-09-17T18:10:23","guid":{"rendered":"https:\/\/agora.xtec.cat\/esc-cirera\/?page_id=5475"},"modified":"2026-01-20T15:53:43","modified_gmt":"2026-01-20T14:53:43","slug":"ed-infantil","status":"publish","type":"page","link":"https:\/\/agora.xtec.cat\/esc-cirera\/projecte-educatiu\/ed-infantil\/","title":{"rendered":"Educaci\u00f3 Infantil"},"content":{"rendered":"<div class=\"wp-block-media-text is-stacked-on-mobile\">\n<div class=\"wp-block-media-text__content\">\n<p><span style=\"font-size: 16px;\">El 2n Cicle d\u2019<\/span><strong style=\"font-size: 16px;\">Educaci\u00f3 Infantil<\/strong><span style=\"font-size: 16px;\">\u00a0\u00e9s l\u2019etapa compresa entre els 3 i els 6 anys, \u00e9s a dir, el cursos d\u2019I3, I4 i I5. \u00c9s una etapa educativa fonamental, en qu\u00e8 els infants fan les primeres descobertes significatives sobre ells mateixos, els altres i el m\u00f3n que els envolta.<\/span><\/p>\n<p style=\"text-align: left;\"><span style=\"font-size: 16px;\">A la nostra escola, entenem que aquests primers anys s\u00f3n essencials per establir les bases del desenvolupament integral dels nens i nenes, respectant el seu ritme maduratiu i fomentant un entorn segur, acollidor i estimulant.<\/span><\/p>\n<\/div>\n<\/div>\n<p>Segons el Decret, els grans <strong>objectius<\/strong>\u00a0de l\u2019etapa s\u00f3n:<\/p>\n<ul>\n<li style=\"list-style-type: none;\">\n<ul>\n<li style=\"list-style-type: none;\">\n<ul>\n<li>Con\u00e8ixer el propi\u00a0<strong>cos<\/strong> i el dels altres, prenent consci\u00e8ncia de les possibilitats de moviment, cura i expressi\u00f3 corporal.<\/li>\n<li>Assolir progressivament s<strong>eguretat afectiva<\/strong>\u00a0i<strong>\u00a0benestar emocional<\/strong>.<\/li>\n<li>Anar adquirint <strong>autonomia\u00a0<\/strong>en situacions quotidianes, resolent i superant nous reptes.<\/li>\n<li>Observar i explorar l\u2019<strong>entorn\u00a0<\/strong>proper (natural, social i cultural) amb curiositat, per comprendre i interpretar el m\u00f3n que l\u2019envolta.<\/li>\n<li><strong>Comunicar-se<\/strong>\u00a0i representar la realitat a trav\u00e9s de diferents llenguatges i formes d\u2019expressi\u00f3.<\/li>\n<li><strong>Afavorir la conviv\u00e8ncia i la relaci\u00f3 positiva amb els altres<\/strong>, desenvolupant habilitats socials com l\u2019empatia, l\u2019escolta i el respecte.<\/li>\n<li><strong>Estimular el pensament i el raonament l\u00f2gic,\u00a0<\/strong>aix\u00ed com una aproximaci\u00f3 significativa a la lectura, l\u2019escriptura, la numeraci\u00f3, la imatge, el moviment i el ritme.<\/li>\n<\/ul>\n<\/li>\n<\/ul>\n<\/li>\n<\/ul>\n<p>Totes les activitats que es duen a terme a les aules d\u2019Infantil tenen com a finalitat l\u2019assoliment d\u2019aquests objectius, sempre prioritzant el benestar i l\u2019inter\u00e8s dels infants. A Infantil, totes les activitats i propostes tenen una intenci\u00f3 educativa clara i es plantegen sempre des del joc, l\u2019experimentaci\u00f3 i la viv\u00e8ncia. Acompanyem els infants des de la proximitat i l\u2019escolta activa, creant espais d\u2019aprenentatge que despertin la seva motivaci\u00f3 i els ajudin a cr\u00e9ixer feli\u00e7os\/es i segurs\/es.<\/p>\n<table style=\"border-collapse: collapse; width: 100%; height: 79px;\">\n<tbody>\n<tr style=\"height: 47px;\">\n<td style=\"width: 25%; height: 47px; text-align: center; background-color: #dcd9fa;\">\n<h5><a href=\"https:\/\/agora.xtec.cat\/esc-cirera\/projecte-educatiu\/ed-infantil\/ei-treball-globalitzat\/\"><span style=\"color: #000000;\">Treball globalitzat: projectes<\/span><\/a><\/h5>\n<\/td>\n<td style=\"width: 25%; height: 47px; text-align: center; background-color: #dcd9fa;\">\n<h5><a href=\"https:\/\/agora.xtec.cat\/esc-cirera\/projecte-educatiu\/ed-infantil\/ei-racons\/\"><span style=\"color: #000000;\">Racons<\/span><\/a><\/h5>\n<\/td>\n<td style=\"width: 25%; height: 47px; text-align: center; background-color: #dcd9fa;\">\n<h5><a href=\"https:\/\/agora.xtec.cat\/esc-cirera\/projecte-educatiu\/ed-infantil\/ei-tallers-deducacio-artistica\/\"><span style=\"color: #000000;\">Tallers d&#8217;Educaci\u00f3 Art\u00edstica<\/span><\/a><\/h5>\n<\/td>\n<td style=\"width: 25%; height: 47px; text-align: center; background-color: #dcd9fa;\">\n<h5><a href=\"https:\/\/agora.xtec.cat\/esc-cirera\/projecte-educatiu\/ed-infantil\/ei-consciencia-fonologica\/\"><span style=\"color: #000000;\">Consci\u00e8ncia fonol\u00f2gica<\/span><\/a><\/h5>\n<\/td>\n<\/tr>\n<tr style=\"height: 32px;\">\n<td style=\"width: 25%; height: 32px; text-align: center; background-color: #dcd9fa;\">\n<h5><a href=\"https:\/\/agora.xtec.cat\/esc-cirera\/projecte-educatiu\/ed-infantil\/ei-foment-de-lhabit-lector\/\"><span style=\"color: #000000;\">Foment de l&#8217;h\u00e0bit lector<\/span><\/a><\/h5>\n<\/td>\n<td style=\"width: 25%; height: 32px; text-align: center; background-color: #dcd9fa;\">\n<h5><a href=\"https:\/\/agora.xtec.cat\/esc-cirera\/projecte-educatiu\/ed-infantil\/ei-treball-de-la-psicomotricitat\/\"><span style=\"color: #000000;\">Treball de la psicomotricitat<\/span><\/a><\/h5>\n<\/td>\n<td style=\"width: 25%; height: 32px; text-align: center; background-color: #dcd9fa;\">\n<h5><a href=\"https:\/\/agora.xtec.cat\/esc-cirera\/projecte-educatiu\/ed-infantil\/ei-participacio-al-programa-si\/\"><span style=\"color: #000000;\">Participaci\u00f3 al Programa SI!<\/span><\/a><\/h5>\n<\/td>\n<td style=\"width: 25%; height: 32px; text-align: center; background-color: #dcd9fa;\">\n<h5><a href=\"https:\/\/agora.xtec.cat\/esc-cirera\/projecte-educatiu\/ed-infantil\/ei-aspectes-organitzatius\/\"><span style=\"color: #000000;\">Aspectes organitzatius<\/span><\/a><\/h5>\n<\/td>\n<\/tr>\n<\/tbody>\n<\/table>\n<p><!-- \/wp:list --><!-- \/wp:list --><\/p>\n","protected":false},"excerpt":{"rendered":"<p>El 2n Cicle d\u2019Educaci\u00f3 Infantil\u00a0\u00e9s l\u2019etapa compresa entre els 3 i els 6 anys, \u00e9s a dir, el cursos d\u2019I3, I4 i I5. \u00c9s una etapa educativa fonamental, en qu\u00e8 els infants fan les primeres descobertes significatives sobre ells mateixos, els altres i el m\u00f3n que els envolta. A la nostra escola, entenem que aquests [&hellip;]<\/p>\n","protected":false},"author":18,"featured_media":0,"parent":64,"menu_order":0,"comment_status":"closed","ping_status":"closed","template":"","meta":{"_bbp_topic_count":0,"_bbp_reply_count":0,"_bbp_total_topic_count":0,"_bbp_total_reply_count":0,"_bbp_voice_count":0,"_bbp_anonymous_reply_count":0,"_bbp_topic_count_hidden":0,"_bbp_reply_count_hidden":0,"_bbp_forum_subforum_count":0,"site-sidebar-layout":"default","site-content-layout":"","ast-site-content-layout":"default","site-content-style":"default","site-sidebar-style":"default","ast-global-header-display":"","ast-banner-title-visibility":"","ast-main-header-display":"","ast-hfb-above-header-display":"","ast-hfb-below-header-display":"","ast-hfb-mobile-header-display":"","site-post-title":"","ast-breadcrumbs-content":"","ast-featured-img":"","footer-sml-layout":"","theme-transparent-header-meta":"default","adv-header-id-meta":"","stick-header-meta":"","header-above-stick-meta":"","header-main-stick-meta":"","header-below-stick-meta":"","astra-migrate-meta-layouts":"set","ast-page-background-enabled":"default","ast-page-background-meta":{"desktop":{"background-color":"var(--ast-global-color-4)","background-image":"","background-repeat":"repeat","background-position":"center center","background-size":"auto","background-attachment":"scroll","background-type":"","background-media":"","overlay-type":"","overlay-color":"","overlay-opacity":"","overlay-gradient":""},"tablet":{"background-color":"","background-image":"","background-repeat":"repeat","background-position":"center center","background-size":"auto","background-attachment":"scroll","background-type":"","background-media":"","overlay-type":"","overlay-color":"","overlay-opacity":"","overlay-gradient":""},"mobile":{"background-color":"","background-image":"","background-repeat":"repeat","background-position":"center center","background-size":"auto","background-attachment":"scroll","background-type":"","background-media":"","overlay-type":"","overlay-color":"","overlay-opacity":"","overlay-gradient":""}},"ast-content-background-meta":{"desktop":{"background-color":"var(--ast-global-color-5)","background-image":"","background-repeat":"repeat","background-position":"center center","background-size":"auto","background-attachment":"scroll","background-type":"","background-media":"","overlay-type":"","overlay-color":"","overlay-opacity":"","overlay-gradient":""},"tablet":{"background-color":"var(--ast-global-color-5)","background-image":"","background-repeat":"repeat","background-position":"center center","background-size":"auto","background-attachment":"scroll","background-type":"","background-media":"","overlay-type":"","overlay-color":"","overlay-opacity":"","overlay-gradient":""},"mobile":{"background-color":"var(--ast-global-color-5)","background-image":"","background-repeat":"repeat","background-position":"center center","background-size":"auto","background-attachment":"scroll","background-type":"","background-media":"","overlay-type":"","overlay-color":"","overlay-opacity":"","overlay-gradient":""}},"footnotes":""},"class_list":["post-5475","page","type-page","status-publish","hentry"],"post_mailing_queue_ids":[],"_links":{"self":[{"href":"https:\/\/agora.xtec.cat\/esc-cirera\/wp-json\/wp\/v2\/pages\/5475","targetHints":{"allow":["GET"]}}],"collection":[{"href":"https:\/\/agora.xtec.cat\/esc-cirera\/wp-json\/wp\/v2\/pages"}],"about":[{"href":"https:\/\/agora.xtec.cat\/esc-cirera\/wp-json\/wp\/v2\/types\/page"}],"author":[{"embeddable":true,"href":"https:\/\/agora.xtec.cat\/esc-cirera\/wp-json\/wp\/v2\/users\/18"}],"replies":[{"embeddable":true,"href":"https:\/\/agora.xtec.cat\/esc-cirera\/wp-json\/wp\/v2\/comments?post=5475"}],"version-history":[{"count":7,"href":"https:\/\/agora.xtec.cat\/esc-cirera\/wp-json\/wp\/v2\/pages\/5475\/revisions"}],"predecessor-version":[{"id":6060,"href":"https:\/\/agora.xtec.cat\/esc-cirera\/wp-json\/wp\/v2\/pages\/5475\/revisions\/6060"}],"up":[{"embeddable":true,"href":"https:\/\/agora.xtec.cat\/esc-cirera\/wp-json\/wp\/v2\/pages\/64"}],"wp:attachment":[{"href":"https:\/\/agora.xtec.cat\/esc-cirera\/wp-json\/wp\/v2\/media?parent=5475"}],"curies":[{"name":"wp","href":"https:\/\/api.w.org\/{rel}","templated":true}]}}