{"id":5424,"date":"2023-07-11T17:30:11","date_gmt":"2023-07-11T15:30:11","guid":{"rendered":"https:\/\/agora.xtec.cat\/esc-cirera\/?page_id=5424"},"modified":"2024-01-04T12:18:38","modified_gmt":"2024-01-04T11:18:38","slug":"edc","status":"publish","type":"page","link":"https:\/\/agora.xtec.cat\/esc-cirera\/projecte-educatiu\/la-tecnologia-a-lescola\/edc\/","title":{"rendered":"Estrat\u00e8gia Digital de Centre"},"content":{"rendered":"\r\n<p>L\u2019<strong>Estrat\u00e8gia Digital de Centre (EDC)<\/strong> \u00e9s un document que recull i planifica les accions que es realitzen en un centre, i les que es realitzaran a mitj\u00e0 termini, per aconseguir la m\u00e0xima compet\u00e8ncia digital de l\u2019alumnat, del professorat i del centre educatiu. Ha de tenir com a refer\u00e8ncia el\u00a0<a href=\"https:\/\/educacio.gencat.cat\/web\/.content\/home\/departament\/publicacions\/colleccions\/pla-educacio-digital\/pla-educacio-digital-catalunya\/pla-educacio-digital.pdf\">Pla d\u2019educaci\u00f3 digital de Catalunya (PEDC)<\/a>, on s\u2019indica la necessitat d\u2019assolir la fita d\u2019una societat digitalment competent, fent \u00e8mfasi en l\u2019equitat i tenint en compte l\u2019evoluci\u00f3 del context social i tecnol\u00f2gic.<\/p>\r\n\r\n\r\n\r\n<p>Us deixem la p\u00e0gina d&#8217;<strong>EDC de la nostra escola<\/strong>, en la qual es recullen tots els objectius i actuacions planificats a quatre anys vista, aix\u00ed com la documentaci\u00f3 que fa refer\u00e8ncia a l&#8217;\u00fas d&#8217;eines digitals al centre: <a href=\"https:\/\/sites.google.com\/view\/edc-escolacirera\/inici\">https:\/\/sites.google.com\/view\/edc-escolacirera\/inici<\/a><\/p>\r\n\r\n<p><a href=\"https:\/\/sites.google.com\/view\/edc-escolacirera\/inici\"><img loading=\"lazy\" decoding=\"async\" class=\"size-full wp-image-5425 alignnone\" src=\"https:\/\/agora.xtec.cat\/esc-cirera\/wp-content\/uploads\/usu1997\/2023\/07\/edc.png\" alt=\"\" width=\"366\" height=\"268\" srcset=\"https:\/\/agora.xtec.cat\/esc-cirera\/wp-content\/uploads\/usu1997\/2023\/07\/edc.png 366w, https:\/\/agora.xtec.cat\/esc-cirera\/wp-content\/uploads\/usu1997\/2023\/07\/edc-300x220.png 300w\" sizes=\"auto, (max-width: 366px) 100vw, 366px\" \/><\/a><\/p>\r\n<p>&nbsp;<\/p>","protected":false},"excerpt":{"rendered":"<p>L\u2019Estrat\u00e8gia Digital de Centre (EDC) \u00e9s un document que recull i planifica les accions que es realitzen en un centre, i les que es realitzaran a mitj\u00e0 termini, per aconseguir la m\u00e0xima compet\u00e8ncia digital de l\u2019alumnat, del professorat i del centre educatiu. Ha de tenir com a refer\u00e8ncia el\u00a0Pla d\u2019educaci\u00f3 digital de Catalunya (PEDC), on [&hellip;]<\/p>\n","protected":false},"author":3,"featured_media":0,"parent":1752,"menu_order":0,"comment_status":"closed","ping_status":"closed","template":"","meta":{"_bbp_topic_count":0,"_bbp_reply_count":0,"_bbp_total_topic_count":0,"_bbp_total_reply_count":0,"_bbp_voice_count":0,"_bbp_anonymous_reply_count":0,"_bbp_topic_count_hidden":0,"_bbp_reply_count_hidden":0,"_bbp_forum_subforum_count":0,"site-sidebar-layout":"default","site-content-layout":"","ast-site-content-layout":"","site-content-style":"default","site-sidebar-style":"default","ast-global-header-display":"","ast-banner-title-visibility":"","ast-main-header-display":"","ast-hfb-above-header-display":"","ast-hfb-below-header-display":"","ast-hfb-mobile-header-display":"","site-post-title":"","ast-breadcrumbs-content":"","ast-featured-img":"","footer-sml-layout":"","theme-transparent-header-meta":"","adv-header-id-meta":"","stick-header-meta":"","header-above-stick-meta":"","header-main-stick-meta":"","header-below-stick-meta":"","astra-migrate-meta-layouts":"default","ast-page-background-enabled":"default","ast-page-background-meta":{"desktop":{"background-color":"var(--ast-global-color-4)","background-image":"","background-repeat":"repeat","background-position":"center center","background-size":"auto","background-attachment":"scroll","background-type":"","background-media":"","overlay-type":"","overlay-color":"","overlay-opacity":"","overlay-gradient":""},"tablet":{"background-color":"","background-image":"","background-repeat":"repeat","background-position":"center center","background-size":"auto","background-attachment":"scroll","background-type":"","background-media":"","overlay-type":"","overlay-color":"","overlay-opacity":"","overlay-gradient":""},"mobile":{"background-color":"","background-image":"","background-repeat":"repeat","background-position":"center center","background-size":"auto","background-attachment":"scroll","background-type":"","background-media":"","overlay-type":"","overlay-color":"","overlay-opacity":"","overlay-gradient":""}},"ast-content-background-meta":{"desktop":{"background-color":"var(--ast-global-color-5)","background-image":"","background-repeat":"repeat","background-position":"center center","background-size":"auto","background-attachment":"scroll","background-type":"","background-media":"","overlay-type":"","overlay-color":"","overlay-opacity":"","overlay-gradient":""},"tablet":{"background-color":"var(--ast-global-color-5)","background-image":"","background-repeat":"repeat","background-position":"center center","background-size":"auto","background-attachment":"scroll","background-type":"","background-media":"","overlay-type":"","overlay-color":"","overlay-opacity":"","overlay-gradient":""},"mobile":{"background-color":"var(--ast-global-color-5)","background-image":"","background-repeat":"repeat","background-position":"center center","background-size":"auto","background-attachment":"scroll","background-type":"","background-media":"","overlay-type":"","overlay-color":"","overlay-opacity":"","overlay-gradient":""}},"footnotes":""},"class_list":["post-5424","page","type-page","status-publish","hentry"],"post_mailing_queue_ids":[],"_links":{"self":[{"href":"https:\/\/agora.xtec.cat\/esc-cirera\/wp-json\/wp\/v2\/pages\/5424","targetHints":{"allow":["GET"]}}],"collection":[{"href":"https:\/\/agora.xtec.cat\/esc-cirera\/wp-json\/wp\/v2\/pages"}],"about":[{"href":"https:\/\/agora.xtec.cat\/esc-cirera\/wp-json\/wp\/v2\/types\/page"}],"author":[{"embeddable":true,"href":"https:\/\/agora.xtec.cat\/esc-cirera\/wp-json\/wp\/v2\/users\/3"}],"replies":[{"embeddable":true,"href":"https:\/\/agora.xtec.cat\/esc-cirera\/wp-json\/wp\/v2\/comments?post=5424"}],"version-history":[{"count":3,"href":"https:\/\/agora.xtec.cat\/esc-cirera\/wp-json\/wp\/v2\/pages\/5424\/revisions"}],"predecessor-version":[{"id":5645,"href":"https:\/\/agora.xtec.cat\/esc-cirera\/wp-json\/wp\/v2\/pages\/5424\/revisions\/5645"}],"up":[{"embeddable":true,"href":"https:\/\/agora.xtec.cat\/esc-cirera\/wp-json\/wp\/v2\/pages\/1752"}],"wp:attachment":[{"href":"https:\/\/agora.xtec.cat\/esc-cirera\/wp-json\/wp\/v2\/media?parent=5424"}],"curies":[{"name":"wp","href":"https:\/\/api.w.org\/{rel}","templated":true}]}}