{"id":5315,"date":"2023-02-06T16:27:53","date_gmt":"2023-02-06T15:27:53","guid":{"rendered":"https:\/\/agora.xtec.cat\/esc-cirera\/?page_id=5315"},"modified":"2026-01-20T16:09:31","modified_gmt":"2026-01-20T15:09:31","slug":"subvencio-pla-proa","status":"publish","type":"page","link":"https:\/\/agora.xtec.cat\/esc-cirera\/subvencio-pla-proa\/","title":{"rendered":"Programa PROA+"},"content":{"rendered":"<p>Durant el curs 2025-26 la nostra escola participa en el programa PROA+, un Pla de millora d\u2019oportunitats educatives, finan\u00e7at pel Fons Social Europeu, el Pla de Recuperaci\u00f3, Transformaci\u00f3 i Resili\u00e8ncia, Next Generation Catalunya i la Generalitat de Catalunya.<\/p>\n<p>Els objectius per aquest curs relacionats amb el projecte PROA+, reflectits a la PGA s\u00f3n:<\/p>\n<ul class=\"wp-block-list\">\n<li>Promoure el benestar emocional, f\u00edsic i mental, mitjan\u00e7ant xerrades i tallers relacionats amb la Salut.<\/li>\n<li>Invertir en material did\u00e0ctic relacionat amb les matem\u00e0tiques, en l\u00ednia amb la metodologia del centre.<\/li>\n<\/ul>\n<p><span style=\"font-weight: 400;\">Per a m\u00e9s informaci\u00f3 podeu consultar la p\u00e0gina seg\u00fcent: <\/span><a href=\"https:\/\/educacio.gencat.cat\/ca\/departament\/linies-estrategiques\/equitat-educativa\/pla-millora-oportunitats-educatives\/index.html\"><span style=\"font-weight: 400;\">https:\/\/educacio.gencat.cat\/ca\/departament\/linies-estrategiques\/equitat-educativa\/pla-millora-oportunitats-educatives\/index.html<\/span><\/a><span style=\"font-weight: 400;\">\u00a0<\/span><\/p>\n<p>&nbsp;<\/p>\n<p>&nbsp;<\/p>\n<p>&nbsp;<\/p>\n","protected":false},"excerpt":{"rendered":"<p>Durant el curs 2025-26 la nostra escola participa en el programa PROA+, un Pla de millora d\u2019oportunitats educatives, finan\u00e7at pel Fons Social Europeu, el Pla de Recuperaci\u00f3, Transformaci\u00f3 i Resili\u00e8ncia, Next Generation Catalunya i la Generalitat de Catalunya. Els objectius per aquest curs relacionats amb el projecte PROA+, reflectits a la PGA s\u00f3n: Promoure el [&hellip;]<\/p>\n","protected":false},"author":3,"featured_media":0,"parent":0,"menu_order":0,"comment_status":"closed","ping_status":"closed","template":"","meta":{"_bbp_topic_count":0,"_bbp_reply_count":0,"_bbp_total_topic_count":0,"_bbp_total_reply_count":0,"_bbp_voice_count":0,"_bbp_anonymous_reply_count":0,"_bbp_topic_count_hidden":0,"_bbp_reply_count_hidden":0,"_bbp_forum_subforum_count":0,"site-sidebar-layout":"default","site-content-layout":"","ast-site-content-layout":"default","site-content-style":"default","site-sidebar-style":"default","ast-global-header-display":"","ast-banner-title-visibility":"","ast-main-header-display":"","ast-hfb-above-header-display":"","ast-hfb-below-header-display":"","ast-hfb-mobile-header-display":"","site-post-title":"","ast-breadcrumbs-content":"","ast-featured-img":"","footer-sml-layout":"","theme-transparent-header-meta":"default","adv-header-id-meta":"","stick-header-meta":"","header-above-stick-meta":"","header-main-stick-meta":"","header-below-stick-meta":"","astra-migrate-meta-layouts":"set","ast-page-background-enabled":"default","ast-page-background-meta":{"desktop":{"background-color":"var(--ast-global-color-4)","background-image":"","background-repeat":"repeat","background-position":"center center","background-size":"auto","background-attachment":"scroll","background-type":"","background-media":"","overlay-type":"","overlay-color":"","overlay-opacity":"","overlay-gradient":""},"tablet":{"background-color":"","background-image":"","background-repeat":"repeat","background-position":"center center","background-size":"auto","background-attachment":"scroll","background-type":"","background-media":"","overlay-type":"","overlay-color":"","overlay-opacity":"","overlay-gradient":""},"mobile":{"background-color":"","background-image":"","background-repeat":"repeat","background-position":"center center","background-size":"auto","background-attachment":"scroll","background-type":"","background-media":"","overlay-type":"","overlay-color":"","overlay-opacity":"","overlay-gradient":""}},"ast-content-background-meta":{"desktop":{"background-color":"var(--ast-global-color-5)","background-image":"","background-repeat":"repeat","background-position":"center center","background-size":"auto","background-attachment":"scroll","background-type":"","background-media":"","overlay-type":"","overlay-color":"","overlay-opacity":"","overlay-gradient":""},"tablet":{"background-color":"var(--ast-global-color-5)","background-image":"","background-repeat":"repeat","background-position":"center center","background-size":"auto","background-attachment":"scroll","background-type":"","background-media":"","overlay-type":"","overlay-color":"","overlay-opacity":"","overlay-gradient":""},"mobile":{"background-color":"var(--ast-global-color-5)","background-image":"","background-repeat":"repeat","background-position":"center center","background-size":"auto","background-attachment":"scroll","background-type":"","background-media":"","overlay-type":"","overlay-color":"","overlay-opacity":"","overlay-gradient":""}},"footnotes":""},"class_list":["post-5315","page","type-page","status-publish","hentry"],"post_mailing_queue_ids":[],"_links":{"self":[{"href":"https:\/\/agora.xtec.cat\/esc-cirera\/wp-json\/wp\/v2\/pages\/5315","targetHints":{"allow":["GET"]}}],"collection":[{"href":"https:\/\/agora.xtec.cat\/esc-cirera\/wp-json\/wp\/v2\/pages"}],"about":[{"href":"https:\/\/agora.xtec.cat\/esc-cirera\/wp-json\/wp\/v2\/types\/page"}],"author":[{"embeddable":true,"href":"https:\/\/agora.xtec.cat\/esc-cirera\/wp-json\/wp\/v2\/users\/3"}],"replies":[{"embeddable":true,"href":"https:\/\/agora.xtec.cat\/esc-cirera\/wp-json\/wp\/v2\/comments?post=5315"}],"version-history":[{"count":5,"href":"https:\/\/agora.xtec.cat\/esc-cirera\/wp-json\/wp\/v2\/pages\/5315\/revisions"}],"predecessor-version":[{"id":6067,"href":"https:\/\/agora.xtec.cat\/esc-cirera\/wp-json\/wp\/v2\/pages\/5315\/revisions\/6067"}],"wp:attachment":[{"href":"https:\/\/agora.xtec.cat\/esc-cirera\/wp-json\/wp\/v2\/media?parent=5315"}],"curies":[{"name":"wp","href":"https:\/\/api.w.org\/{rel}","templated":true}]}}