{"id":30,"date":"2014-09-18T12:30:23","date_gmt":"2014-09-18T11:30:23","guid":{"rendered":"http:\/\/agora.xtec.cat\/esc-cirera\/?page_id=30"},"modified":"2026-01-20T16:17:13","modified_gmt":"2026-01-20T15:17:13","slug":"instal%c2%b7lacions","status":"publish","type":"page","link":"https:\/\/agora.xtec.cat\/esc-cirera\/lescola\/instal%c2%b7lacions\/","title":{"rendered":"Instal\u00b7lacions"},"content":{"rendered":"\r\n<p>L\u2019escola est\u00e0 situada en una zona alta al nord-oest de la ciutat de Matar\u00f3, el que ofereix unes vistes privilegiades de cara al mar. Est\u00e0 situada a prop de l\u2019entrada principal de Matar\u00f3, al barri de Cirera, que disposa d\u2019equipaments municipals diversos com escoles bressol, pavellons esportius, instituts, parcs o un Centre d\u2019Atenci\u00f3 Prim\u00e0ria.<\/p>\r\n<p>El centre est\u00e0 format per 2 edificis: l\u2019edifici principal, on trobem totes les aules i espais complementaris, i el menjador, constru\u00eft m\u00e9s recentment.<\/p>\r\n<p>Els espais de l\u2019edifici principal es distribueixen al llarg de tres pisos: a la planta baixa trobem Educaci\u00f3 Infantil i el Cicle Inicial de Prim\u00e0ria, a la principal Cicle Mitj\u00e0 i Superior. Comptem amb 12 aules grans, molt espaioses i amb molta llum, i amb moltes possibilitats per a la definici\u00f3 de diferents espais o racons; l\u2019aula STEAM, on duem a terme totes les activitats de rob\u00f2tica i matem\u00e0tiques, l\u2019aula d\u2019Arts&amp;crafts on es realitzen els tallers de pl\u00e0stica i el f\u00f2rum, un aula polivalent. Comptem tamb\u00e9 amb dues biblioteques (una per a Ed. Infantil i l\u2019altra per Prim\u00e0ria), una sala de mestres, una aula de m\u00fasica i un gimn\u00e0s molt gran amb vestuaris i dutxes.<\/p>\r\n<p>A m\u00e9s, l\u2019escola t\u00e9 un gran espai exterior, tamb\u00e9 distribu\u00eft en tres pisos: hi ha una pista gran, un pati de sorra i al pis superior hi ha l\u2019entrada de l\u2019escola, juntament amb el menjador.<\/p>\r\n<p><a href=\"https:\/\/agora.xtec.cat\/esc-cirera\/wp-content\/uploads\/usu1997\/2023\/12\/Captura-de-pantalla-2023-12-21-a-las-20.25.15.png\"><img loading=\"lazy\" decoding=\"async\" class=\"alignnone  wp-image-5596\" src=\"https:\/\/agora.xtec.cat\/esc-cirera\/wp-content\/uploads\/usu1997\/2023\/12\/Captura-de-pantalla-2023-12-21-a-las-20.25.15.png\" alt=\"\" width=\"640\" height=\"798\" srcset=\"https:\/\/agora.xtec.cat\/esc-cirera\/wp-content\/uploads\/usu1997\/2023\/12\/Captura-de-pantalla-2023-12-21-a-las-20.25.15.png 707w, https:\/\/agora.xtec.cat\/esc-cirera\/wp-content\/uploads\/usu1997\/2023\/12\/Captura-de-pantalla-2023-12-21-a-las-20.25.15-241x300.png 241w\" sizes=\"auto, (max-width: 640px) 100vw, 640px\" \/><\/a><\/p>\r\n<p><a href=\"https:\/\/agora.xtec.cat\/esc-cirera\/wp-content\/uploads\/usu1997\/2023\/12\/Captura-de-pantalla-2023-12-21-a-las-20.25.15.png\"><img loading=\"lazy\" decoding=\"async\" class=\"alignnone size-full wp-image-6069\" src=\"https:\/\/agora.xtec.cat\/esc-cirera\/wp-content\/uploads\/usu1997\/2026\/01\/Captura-de-pantalla-2026-01-20-161503.png\" alt=\"\" width=\"827\" height=\"493\" srcset=\"https:\/\/agora.xtec.cat\/esc-cirera\/wp-content\/uploads\/usu1997\/2026\/01\/Captura-de-pantalla-2026-01-20-161503.png 827w, https:\/\/agora.xtec.cat\/esc-cirera\/wp-content\/uploads\/usu1997\/2026\/01\/Captura-de-pantalla-2026-01-20-161503-300x179.png 300w, https:\/\/agora.xtec.cat\/esc-cirera\/wp-content\/uploads\/usu1997\/2026\/01\/Captura-de-pantalla-2026-01-20-161503-768x458.png 768w\" sizes=\"auto, (max-width: 827px) 100vw, 827px\" \/><\/a><\/p>\r\n<p><a href=\"https:\/\/agora.xtec.cat\/esc-cirera\/wp-content\/uploads\/usu1997\/2023\/12\/Captura-de-pantalla-2023-12-21-a-las-20.25.15.png\"> <img loading=\"lazy\" decoding=\"async\" class=\"alignnone size-full wp-image-6070\" src=\"https:\/\/agora.xtec.cat\/esc-cirera\/wp-content\/uploads\/usu1997\/2026\/01\/Captura-de-pantalla-2026-01-20-161539.png\" alt=\"\" width=\"822\" height=\"585\" srcset=\"https:\/\/agora.xtec.cat\/esc-cirera\/wp-content\/uploads\/usu1997\/2026\/01\/Captura-de-pantalla-2026-01-20-161539.png 822w, https:\/\/agora.xtec.cat\/esc-cirera\/wp-content\/uploads\/usu1997\/2026\/01\/Captura-de-pantalla-2026-01-20-161539-300x214.png 300w, https:\/\/agora.xtec.cat\/esc-cirera\/wp-content\/uploads\/usu1997\/2026\/01\/Captura-de-pantalla-2026-01-20-161539-768x547.png 768w\" sizes=\"auto, (max-width: 822px) 100vw, 822px\" \/><\/a><\/p>\r\n<p><a href=\"https:\/\/agora.xtec.cat\/esc-cirera\/wp-content\/uploads\/usu1997\/2023\/12\/Captura-de-pantalla-2023-12-21-a-las-20.25.15.png\"> <img loading=\"lazy\" decoding=\"async\" class=\"alignnone size-full wp-image-6071\" src=\"https:\/\/agora.xtec.cat\/esc-cirera\/wp-content\/uploads\/usu1997\/2026\/01\/Captura-de-pantalla-2026-01-20-161553.png\" alt=\"\" width=\"823\" height=\"571\" srcset=\"https:\/\/agora.xtec.cat\/esc-cirera\/wp-content\/uploads\/usu1997\/2026\/01\/Captura-de-pantalla-2026-01-20-161553.png 823w, https:\/\/agora.xtec.cat\/esc-cirera\/wp-content\/uploads\/usu1997\/2026\/01\/Captura-de-pantalla-2026-01-20-161553-300x208.png 300w, https:\/\/agora.xtec.cat\/esc-cirera\/wp-content\/uploads\/usu1997\/2026\/01\/Captura-de-pantalla-2026-01-20-161553-768x533.png 768w\" sizes=\"auto, (max-width: 823px) 100vw, 823px\" \/><\/a><\/p>\r\n<p><a href=\"https:\/\/agora.xtec.cat\/esc-cirera\/wp-content\/uploads\/usu1997\/2023\/12\/Captura-de-pantalla-2023-12-21-a-las-20.25.15.png\"> <img loading=\"lazy\" decoding=\"async\" class=\"alignnone size-full wp-image-6072\" src=\"https:\/\/agora.xtec.cat\/esc-cirera\/wp-content\/uploads\/usu1997\/2026\/01\/Captura-de-pantalla-2026-01-20-161609.png\" alt=\"\" width=\"821\" height=\"594\" srcset=\"https:\/\/agora.xtec.cat\/esc-cirera\/wp-content\/uploads\/usu1997\/2026\/01\/Captura-de-pantalla-2026-01-20-161609.png 821w, https:\/\/agora.xtec.cat\/esc-cirera\/wp-content\/uploads\/usu1997\/2026\/01\/Captura-de-pantalla-2026-01-20-161609-300x217.png 300w, https:\/\/agora.xtec.cat\/esc-cirera\/wp-content\/uploads\/usu1997\/2026\/01\/Captura-de-pantalla-2026-01-20-161609-768x556.png 768w\" sizes=\"auto, (max-width: 821px) 100vw, 821px\" \/><\/a><\/p>\r\n<div class=\"entry-content\">\u00a0 \u00a0<\/div>\r\n<p>&nbsp;<\/p>","protected":false},"excerpt":{"rendered":"<p>L\u2019escola est\u00e0 situada en una zona alta al nord-oest de la ciutat de Matar\u00f3, el que ofereix unes vistes privilegiades de cara al mar. Est\u00e0 situada a prop de l\u2019entrada principal de Matar\u00f3, al barri de Cirera, que disposa d\u2019equipaments municipals diversos com escoles bressol, pavellons esportius, instituts, parcs o un Centre d\u2019Atenci\u00f3 Prim\u00e0ria. El [&hellip;]<\/p>\n","protected":false},"author":1,"featured_media":0,"parent":22,"menu_order":40,"comment_status":"closed","ping_status":"closed","template":"","meta":{"_bbp_topic_count":0,"_bbp_reply_count":0,"_bbp_total_topic_count":0,"_bbp_total_reply_count":0,"_bbp_voice_count":0,"_bbp_anonymous_reply_count":0,"_bbp_topic_count_hidden":0,"_bbp_reply_count_hidden":0,"_bbp_forum_subforum_count":0,"site-sidebar-layout":"default","site-content-layout":"","ast-site-content-layout":"default","site-content-style":"default","site-sidebar-style":"default","ast-global-header-display":"","ast-banner-title-visibility":"","ast-main-header-display":"","ast-hfb-above-header-display":"","ast-hfb-below-header-display":"","ast-hfb-mobile-header-display":"","site-post-title":"","ast-breadcrumbs-content":"","ast-featured-img":"","footer-sml-layout":"","theme-transparent-header-meta":"default","adv-header-id-meta":"","stick-header-meta":"","header-above-stick-meta":"","header-main-stick-meta":"","header-below-stick-meta":"","astra-migrate-meta-layouts":"set","ast-page-background-enabled":"default","ast-page-background-meta":{"desktop":{"background-color":"var(--ast-global-color-4)","background-image":"","background-repeat":"repeat","background-position":"center center","background-size":"auto","background-attachment":"scroll","background-type":"","background-media":"","overlay-type":"","overlay-color":"","overlay-opacity":"","overlay-gradient":""},"tablet":{"background-color":"","background-image":"","background-repeat":"repeat","background-position":"center center","background-size":"auto","background-attachment":"scroll","background-type":"","background-media":"","overlay-type":"","overlay-color":"","overlay-opacity":"","overlay-gradient":""},"mobile":{"background-color":"","background-image":"","background-repeat":"repeat","background-position":"center center","background-size":"auto","background-attachment":"scroll","background-type":"","background-media":"","overlay-type":"","overlay-color":"","overlay-opacity":"","overlay-gradient":""}},"ast-content-background-meta":{"desktop":{"background-color":"var(--ast-global-color-5)","background-image":"","background-repeat":"repeat","background-position":"center center","background-size":"auto","background-attachment":"scroll","background-type":"","background-media":"","overlay-type":"","overlay-color":"","overlay-opacity":"","overlay-gradient":""},"tablet":{"background-color":"var(--ast-global-color-5)","background-image":"","background-repeat":"repeat","background-position":"center center","background-size":"auto","background-attachment":"scroll","background-type":"","background-media":"","overlay-type":"","overlay-color":"","overlay-opacity":"","overlay-gradient":""},"mobile":{"background-color":"var(--ast-global-color-5)","background-image":"","background-repeat":"repeat","background-position":"center center","background-size":"auto","background-attachment":"scroll","background-type":"","background-media":"","overlay-type":"","overlay-color":"","overlay-opacity":"","overlay-gradient":""}},"footnotes":""},"class_list":["post-30","page","type-page","status-publish","hentry"],"post_mailing_queue_ids":[],"_links":{"self":[{"href":"https:\/\/agora.xtec.cat\/esc-cirera\/wp-json\/wp\/v2\/pages\/30","targetHints":{"allow":["GET"]}}],"collection":[{"href":"https:\/\/agora.xtec.cat\/esc-cirera\/wp-json\/wp\/v2\/pages"}],"about":[{"href":"https:\/\/agora.xtec.cat\/esc-cirera\/wp-json\/wp\/v2\/types\/page"}],"author":[{"embeddable":true,"href":"https:\/\/agora.xtec.cat\/esc-cirera\/wp-json\/wp\/v2\/users\/1"}],"replies":[{"embeddable":true,"href":"https:\/\/agora.xtec.cat\/esc-cirera\/wp-json\/wp\/v2\/comments?post=30"}],"version-history":[{"count":7,"href":"https:\/\/agora.xtec.cat\/esc-cirera\/wp-json\/wp\/v2\/pages\/30\/revisions"}],"predecessor-version":[{"id":6073,"href":"https:\/\/agora.xtec.cat\/esc-cirera\/wp-json\/wp\/v2\/pages\/30\/revisions\/6073"}],"up":[{"embeddable":true,"href":"https:\/\/agora.xtec.cat\/esc-cirera\/wp-json\/wp\/v2\/pages\/22"}],"wp:attachment":[{"href":"https:\/\/agora.xtec.cat\/esc-cirera\/wp-json\/wp\/v2\/media?parent=30"}],"curies":[{"name":"wp","href":"https:\/\/api.w.org\/{rel}","templated":true}]}}