{"id":1920,"date":"2020-02-10T17:37:30","date_gmt":"2020-02-10T16:37:30","guid":{"rendered":"https:\/\/agora.xtec.cat\/esc-cirera\/?page_id=1920"},"modified":"2022-01-10T15:24:14","modified_gmt":"2022-01-10T14:24:14","slug":"normes-i-organitzacio-de-centre-nofc","status":"publish","type":"page","link":"https:\/\/agora.xtec.cat\/esc-cirera\/projecte-educatiu\/normes-i-organitzacio-de-centre-nofc\/","title":{"rendered":"Normes i Organitzaci\u00f3 de Centre &#8211; NOFC"},"content":{"rendered":"<p>Aqu\u00ed podeu visualitzar i llegir les Normes i Organitzaci\u00f3 de Centre (NOFC):<\/p>\n<h5><a href=\"https:\/\/agora.xtec.cat\/esc-cirera\/wp-content\/uploads\/usu1997\/2021\/11\/NOFC-maig-2016_-def.pdf\">NOFC maig 2016<\/a><\/h5>\n<ul>\n<li>La porta de l\u2019escola s\u2019obre a les\u00a0<strong>8.55\u00a0<\/strong>i a les\u00a0<strong>14.55<\/strong>\u00a0i les classes comencen a l\u2019hora en punt.<\/li>\n<li>La\u00a0<strong>comunicaci\u00f3 fam\u00edlia-escola<\/strong>\u00a0es fa a trav\u00e9s de l\u2019<strong>agenda<\/strong>. Cal signar-les un cop llegides.<\/li>\n<li>L\u2019<strong>assist\u00e8ncia<\/strong>\u00a0a l\u2019escola \u00e9s\u00a0<strong>obligat\u00f2ria<\/strong>. Les faltes d\u2019assist\u00e8ncia s\u2019han de justificar per escrit a l\u2019agenda.<\/li>\n<li>S\u2019ha d\u2019arribar a l\u2019escola amb\u00a0<strong>puntualitat<\/strong>. Els retards s\u2019han de justificar per escrit a l\u2019agenda.<\/li>\n<li>En el cas d\u2019<strong>abs\u00e8ncies reiterades\u00a0<\/strong>s\u2019iniciar\u00e0\u00a0<strong>protocol d\u2019absentisme<\/strong>.<\/li>\n<li>En cas de\u00a0<strong>reincid\u00e8ncia en els retards de recollida de l\u2019alumnat<\/strong>, tant si \u00e9s al migdia com a la tarda, si no es localitza la fam\u00edlia, es comunicar\u00e0 a la\u00a0<strong>Policia Local<\/strong>.<\/li>\n<li>Quan un alumne\u00a0<strong>hagi de sortir de l\u2019escola<\/strong>\u00a0durant l\u2019horari escolar, s\u2019ha de notificar per escrit a l\u2019agenda o via telef\u00f2nica i ha de ser recollit per un adult.<\/li>\n<li>S\u2019ha de portar\u00a0<strong>tot el material necessari<\/strong>\u00a0a l\u2019escola (llibres, quaderns, agenda, flauta, bossa educaci\u00f3 f\u00edsica, bossa per anar a piscina\u2026).<\/li>\n<li>Cal venir a l\u2019escola amb una\u00a0<strong>correcta higiene<\/strong>\u00a0personal i\u00a0<strong>sense estar malalt\/a<\/strong>.<\/li>\n<li>No es poden portar xiclets, llaminadures, joguines, diners i vambes de rodes, ni a l\u2019escola, ni a les hores de menjador ni a les activitats complement\u00e0ries (sortides).\u00a0<strong>L\u2019escola no es fa responsable dels objectes personals<\/strong>\u00a0dels alumnes.<\/li>\n<li>\u00c9s\u00a0<strong>obligat realitzar les tasques escolars.<\/strong><\/li>\n<li>\u00c9s obligatori\u00a0<strong>respectar els companys i companyes<\/strong>\u00a0en tots els aspectes, incloses les seves pertinences.<\/li>\n<li>\u00c9s obligat el\u00a0<strong>respecte i obedi\u00e8ncia als mestres i personal del centre<\/strong>\u00a0(conserge, secret\u00e0ria, monitors de menjador\u2026), i el respecte a les seves pertinences.<\/li>\n<li>S\u2019han de\u00a0<strong>respectar les instal\u00b7lacions<\/strong>\u00a0i mobiliari del centre.<\/li>\n<li>En cas de\u00a0<strong>malaltia infecciosa<\/strong>\u00a0(diarrea, conjuntivitis\u2026) o de polls al cap, l\u2019alumne\/a\u00a0<strong>s\u2019ha de quedar a casa<\/strong>\u00a0per evitar el contagi als altres.<\/li>\n<li>Si \u00e9s inevitable que l\u2019alumne\/a\u00a0<strong>prengui un medicament<\/strong>\u00a0dins l\u2019horari escolar cal que porti una\u00a0<strong>autoritzaci\u00f3 signada<\/strong>\u00a0pels pares o tutors, indicant el nom del nen, del medicament, l\u2019hora que l\u2019ha de prendre i la dosi aix\u00ed com l\u2019informe del metge.<\/li>\n<li>Els alumnes d\u2019<strong>infantil\u00a0<\/strong>nom\u00e9s han de portar una\u00a0<strong>motxilla petita amb un got<\/strong>\u00a0 i els de\u00a0<strong>cicle inicial\u00a0<\/strong><strong>motxilla on hi c\u00e0piga la carpeta viatgera<\/strong>. Els alumnes de cicle mitj\u00e0 i cicle superior portaran la motxilla que la fam\u00edlia consideri convenient.<\/li>\n<li>Els\u00a0<strong>dimecres<\/strong>\u00a0\u00e9s el\u00a0<strong>dia de la fruita<\/strong>\u00a0a l\u2019escola. Es recomana portar-ne per esmorzar, i la resta de dies\u00a0<strong>no portar productes industrials<\/strong>. A\u00a0<strong>educaci\u00f3 infantil<\/strong>\u00a0cal portar un tovall\u00f3 de roba, dins de la motxilla petita, per esmorzar a l\u2019aula.<\/li>\n<li>Els\u00a0<strong>aniversaris<\/strong>\u00a0dels alumnes es poden celebrar el mateix dia de l\u2019aniversari avisant uns dies abans i demanant si hi ha alguna intoler\u00e0ncia entre els companys. Nom\u00e9s es podran portar\u00a0<strong>productes de fleca i galetes<\/strong> (amb xocolata o sense), pa amb xocolata. En \u00e8poca de <strong>Pand\u00e8mia<\/strong> pregunteu com cal fer-ho.<\/li>\n<li>Les jaquetes, jerseis, roba d\u2019educaci\u00f3 f\u00edsica, roba de piscina, paraig\u00fces i altres pertinences han d\u2019anar\u00a0<strong>marcades amb nom i cognom<\/strong>.\u00a0<strong>La roba ha de dur una veta ampla<\/strong>.<\/li>\n<li>Els alumnes d\u2019<strong>educaci\u00f3 infantil i Cicle inicial\u00a0<\/strong>han de portar una\u00a0<strong>bata de botons<\/strong>.<\/li>\n<li>En compliment del que estipula la Llei Org\u00e0nica de Protecci\u00f3 de Dades, l\u2019escola permet, en els actes oberts a les fam\u00edlies, l\u2019enregistrament de\u00a0<strong>fotografies o filmacions<\/strong>\u00a0nom\u00e9s per a\u00a0<strong>\u00fas dom\u00e8stic<\/strong>, i en cap cas n\u2019autoritza la seva difusi\u00f3 o publicaci\u00f3 per qualsevol mitj\u00e0, en especial\u00a0<strong>internet<\/strong>.<\/li>\n<\/ul>\n","protected":false},"excerpt":{"rendered":"<p>Aqu\u00ed podeu visualitzar i llegir les Normes i Organitzaci\u00f3 de Centre (NOFC): NOFC maig 2016 La porta de l\u2019escola s\u2019obre a les\u00a08.55\u00a0i a les\u00a014.55\u00a0i les classes comencen a l\u2019hora en punt. La\u00a0comunicaci\u00f3 fam\u00edlia-escola\u00a0es fa a trav\u00e9s de l\u2019agenda. Cal signar-les un cop llegides. L\u2019assist\u00e8ncia\u00a0a l\u2019escola \u00e9s\u00a0obligat\u00f2ria. Les faltes d\u2019assist\u00e8ncia s\u2019han de justificar per escrit a [&hellip;]<\/p>\n","protected":false},"author":1,"featured_media":0,"parent":64,"menu_order":0,"comment_status":"closed","ping_status":"closed","template":"","meta":{"_bbp_topic_count":0,"_bbp_reply_count":0,"_bbp_total_topic_count":0,"_bbp_total_reply_count":0,"_bbp_voice_count":0,"_bbp_anonymous_reply_count":0,"_bbp_topic_count_hidden":0,"_bbp_reply_count_hidden":0,"_bbp_forum_subforum_count":0,"site-sidebar-layout":"default","site-content-layout":"","ast-site-content-layout":"","site-content-style":"default","site-sidebar-style":"default","ast-global-header-display":"","ast-banner-title-visibility":"","ast-main-header-display":"","ast-hfb-above-header-display":"","ast-hfb-below-header-display":"","ast-hfb-mobile-header-display":"","site-post-title":"","ast-breadcrumbs-content":"","ast-featured-img":"","footer-sml-layout":"","theme-transparent-header-meta":"","adv-header-id-meta":"","stick-header-meta":"","header-above-stick-meta":"","header-main-stick-meta":"","header-below-stick-meta":"","astra-migrate-meta-layouts":"default","ast-page-background-enabled":"default","ast-page-background-meta":{"desktop":{"background-color":"var(--ast-global-color-4)","background-image":"","background-repeat":"repeat","background-position":"center center","background-size":"auto","background-attachment":"scroll","background-type":"","background-media":"","overlay-type":"","overlay-color":"","overlay-opacity":"","overlay-gradient":""},"tablet":{"background-color":"","background-image":"","background-repeat":"repeat","background-position":"center center","background-size":"auto","background-attachment":"scroll","background-type":"","background-media":"","overlay-type":"","overlay-color":"","overlay-opacity":"","overlay-gradient":""},"mobile":{"background-color":"","background-image":"","background-repeat":"repeat","background-position":"center center","background-size":"auto","background-attachment":"scroll","background-type":"","background-media":"","overlay-type":"","overlay-color":"","overlay-opacity":"","overlay-gradient":""}},"ast-content-background-meta":{"desktop":{"background-color":"var(--ast-global-color-5)","background-image":"","background-repeat":"repeat","background-position":"center center","background-size":"auto","background-attachment":"scroll","background-type":"","background-media":"","overlay-type":"","overlay-color":"","overlay-opacity":"","overlay-gradient":""},"tablet":{"background-color":"var(--ast-global-color-5)","background-image":"","background-repeat":"repeat","background-position":"center center","background-size":"auto","background-attachment":"scroll","background-type":"","background-media":"","overlay-type":"","overlay-color":"","overlay-opacity":"","overlay-gradient":""},"mobile":{"background-color":"var(--ast-global-color-5)","background-image":"","background-repeat":"repeat","background-position":"center center","background-size":"auto","background-attachment":"scroll","background-type":"","background-media":"","overlay-type":"","overlay-color":"","overlay-opacity":"","overlay-gradient":""}},"footnotes":""},"class_list":["post-1920","page","type-page","status-publish","hentry"],"post_mailing_queue_ids":[],"_links":{"self":[{"href":"https:\/\/agora.xtec.cat\/esc-cirera\/wp-json\/wp\/v2\/pages\/1920","targetHints":{"allow":["GET"]}}],"collection":[{"href":"https:\/\/agora.xtec.cat\/esc-cirera\/wp-json\/wp\/v2\/pages"}],"about":[{"href":"https:\/\/agora.xtec.cat\/esc-cirera\/wp-json\/wp\/v2\/types\/page"}],"author":[{"embeddable":true,"href":"https:\/\/agora.xtec.cat\/esc-cirera\/wp-json\/wp\/v2\/users\/1"}],"replies":[{"embeddable":true,"href":"https:\/\/agora.xtec.cat\/esc-cirera\/wp-json\/wp\/v2\/comments?post=1920"}],"version-history":[{"count":3,"href":"https:\/\/agora.xtec.cat\/esc-cirera\/wp-json\/wp\/v2\/pages\/1920\/revisions"}],"predecessor-version":[{"id":5041,"href":"https:\/\/agora.xtec.cat\/esc-cirera\/wp-json\/wp\/v2\/pages\/1920\/revisions\/5041"}],"up":[{"embeddable":true,"href":"https:\/\/agora.xtec.cat\/esc-cirera\/wp-json\/wp\/v2\/pages\/64"}],"wp:attachment":[{"href":"https:\/\/agora.xtec.cat\/esc-cirera\/wp-json\/wp\/v2\/media?parent=1920"}],"curies":[{"name":"wp","href":"https:\/\/api.w.org\/{rel}","templated":true}]}}