{"id":9435,"date":"2019-11-26T11:33:46","date_gmt":"2019-11-26T10:33:46","guid":{"rendered":"http:\/\/agora.xtec.cat\/esc-cealzina\/?page_id=9435"},"modified":"2019-11-26T12:38:26","modified_gmt":"2019-11-26T11:38:26","slug":"pfi-auxiliar-de-pintura","status":"publish","type":"page","link":"https:\/\/agora.xtec.cat\/esc-cealzina\/projecte-educatiu\/pfi-auxiliar-de-pintura\/","title":{"rendered":"PFI Auxiliar de Pintura"},"content":{"rendered":"<p>El PFI d&#8217;auxiliar de Pintura neix en col\u00b7laboraci\u00f3 amb el mestre de taller del CIRE, amb la voluntat d&#8217;oferir una formaci\u00f3 que permeti a alguns dels nostres alumnes\u00a0 accedir a una formaci\u00f3 laboral de 1000h, i poder aix\u00ed incorporar-se a un mercat laboral o b\u00e9 reenganxar-se a la seva formaci\u00f3 acad\u00e8mica com ja ha passat en algunes ocasions.<\/p>\n<p><a href=\"https:\/\/agora.xtec.cat\/esc-cealzina\/wp-content\/uploads\/usu1566\/2019\/11\/PFI-Auxiliar-Pintura-C.E.-lAlzina.pdf\"><img loading=\"lazy\" decoding=\"async\" class=\"alignnone wp-image-9260 size-thumbnail\" src=\"https:\/\/agora.xtec.cat\/esc-cealzina\/wp-content\/uploads\/usu1566\/2016\/11\/PDF_logo-1080x675-150x150.png\" alt=\"\" width=\"150\" height=\"150\" \/><\/a><\/p>\n","protected":false},"excerpt":{"rendered":"<p>El PFI d&#8217;auxiliar de Pintura neix en col\u00b7laboraci\u00f3 amb el mestre de taller del CIRE, amb la voluntat d&#8217;oferir una formaci\u00f3 que permeti a alguns dels nostres alumnes\u00a0 accedir a una formaci\u00f3 laboral de 1000h, i poder aix\u00ed incorporar-se a un mercat laboral o b\u00e9&hellip;  <a href=\"https:\/\/agora.xtec.cat\/esc-cealzina\/projecte-educatiu\/pfi-auxiliar-de-pintura\/\" title=\"Read PFI Auxiliar de Pintura\">Llegeix m\u00e9s\u00bb<\/a><\/p>\n","protected":false},"author":1,"featured_media":0,"parent":57,"menu_order":30,"comment_status":"closed","ping_status":"closed","template":"page-templates\/side-menu.php","meta":{"_bbp_topic_count":0,"_bbp_reply_count":0,"_bbp_total_topic_count":0,"_bbp_total_reply_count":0,"_bbp_voice_count":0,"_bbp_anonymous_reply_count":0,"_bbp_topic_count_hidden":0,"_bbp_reply_count_hidden":0,"_bbp_forum_subforum_count":0,"footnotes":""},"class_list":["post-9435","page","type-page","status-publish","hentry"],"post_mailing_queue_ids":[],"_links":{"self":[{"href":"https:\/\/agora.xtec.cat\/esc-cealzina\/wp-json\/wp\/v2\/pages\/9435","targetHints":{"allow":["GET"]}}],"collection":[{"href":"https:\/\/agora.xtec.cat\/esc-cealzina\/wp-json\/wp\/v2\/pages"}],"about":[{"href":"https:\/\/agora.xtec.cat\/esc-cealzina\/wp-json\/wp\/v2\/types\/page"}],"author":[{"embeddable":true,"href":"https:\/\/agora.xtec.cat\/esc-cealzina\/wp-json\/wp\/v2\/users\/1"}],"replies":[{"embeddable":true,"href":"https:\/\/agora.xtec.cat\/esc-cealzina\/wp-json\/wp\/v2\/comments?post=9435"}],"version-history":[{"count":2,"href":"https:\/\/agora.xtec.cat\/esc-cealzina\/wp-json\/wp\/v2\/pages\/9435\/revisions"}],"predecessor-version":[{"id":9460,"href":"https:\/\/agora.xtec.cat\/esc-cealzina\/wp-json\/wp\/v2\/pages\/9435\/revisions\/9460"}],"up":[{"embeddable":true,"href":"https:\/\/agora.xtec.cat\/esc-cealzina\/wp-json\/wp\/v2\/pages\/57"}],"wp:attachment":[{"href":"https:\/\/agora.xtec.cat\/esc-cealzina\/wp-json\/wp\/v2\/media?parent=9435"}],"curies":[{"name":"wp","href":"https:\/\/api.w.org\/{rel}","templated":true}]}}