{"id":617,"date":"2016-12-01T11:23:35","date_gmt":"2016-12-01T10:23:35","guid":{"rendered":"http:\/\/agora.xtec.cat\/esc-cealzina\/?page_id=617"},"modified":"2016-12-01T11:26:42","modified_gmt":"2016-12-01T10:26:42","slug":"sant-jordi-2016","status":"publish","type":"page","link":"https:\/\/agora.xtec.cat\/esc-cealzina\/sant-jordi-2016\/","title":{"rendered":"Sant Jordi 2016"},"content":{"rendered":"<p>Activitats dutes a terme durant la festivitat de Sant Jordi 2016<\/p>\n<p>Partit de b\u00e0squet entre un equip de professionals del centre, un equip de joves i un equip de la Federaci\u00f3 Catalana de B\u00e0squet.<\/p>\n<p>&nbsp;<\/p>\n<p><a href=\"http:\/\/agora.xtec.cat\/esc-cealzina\/wp-content\/uploads\/usu1566\/2016\/12\/CIMG1093.jpg\"><img loading=\"lazy\" decoding=\"async\" class=\"alignnone size-large wp-image-619\" src=\"http:\/\/agora.xtec.cat\/esc-cealzina\/wp-content\/uploads\/usu1566\/2016\/12\/CIMG1093-1024x768.jpg\" alt=\"cimg1093\" width=\"1024\" height=\"768\" srcset=\"https:\/\/agora.xtec.cat\/esc-cealzina\/wp-content\/uploads\/usu1566\/2016\/12\/CIMG1093-1024x768.jpg 1024w, https:\/\/agora.xtec.cat\/esc-cealzina\/wp-content\/uploads\/usu1566\/2016\/12\/CIMG1093-300x225.jpg 300w, https:\/\/agora.xtec.cat\/esc-cealzina\/wp-content\/uploads\/usu1566\/2016\/12\/CIMG1093-768x576.jpg 768w, https:\/\/agora.xtec.cat\/esc-cealzina\/wp-content\/uploads\/usu1566\/2016\/12\/CIMG1093-200x150.jpg 200w\" sizes=\"auto, (max-width: 1024px) 100vw, 1024px\" \/><\/a><\/p>\n","protected":false},"excerpt":{"rendered":"<p>Activitats dutes a terme durant la festivitat de Sant Jordi 2016<br \/>\nPartit de b\u00e0squet entre un equip de professionals del centre, un equip de joves i un equip de la Federaci\u00f3 Catalana de B\u00e0squet.<br \/>\n&nbsp;<br \/>\n<a href=\"http:\/\/agora.xtec.cat\/esc-cealzina\/wp-content\/uploads\/usu1566\/2016\/12\/CIMG1093.jpg\"><\/a><\/p>\n","protected":false},"author":1,"featured_media":0,"parent":0,"menu_order":10,"comment_status":"closed","ping_status":"closed","template":"","meta":{"_bbp_topic_count":0,"_bbp_reply_count":0,"_bbp_total_topic_count":0,"_bbp_total_reply_count":0,"_bbp_voice_count":0,"_bbp_anonymous_reply_count":0,"_bbp_topic_count_hidden":0,"_bbp_reply_count_hidden":0,"_bbp_forum_subforum_count":0,"footnotes":""},"class_list":["post-617","page","type-page","status-publish","hentry"],"post_mailing_queue_ids":[],"_links":{"self":[{"href":"https:\/\/agora.xtec.cat\/esc-cealzina\/wp-json\/wp\/v2\/pages\/617","targetHints":{"allow":["GET"]}}],"collection":[{"href":"https:\/\/agora.xtec.cat\/esc-cealzina\/wp-json\/wp\/v2\/pages"}],"about":[{"href":"https:\/\/agora.xtec.cat\/esc-cealzina\/wp-json\/wp\/v2\/types\/page"}],"author":[{"embeddable":true,"href":"https:\/\/agora.xtec.cat\/esc-cealzina\/wp-json\/wp\/v2\/users\/1"}],"replies":[{"embeddable":true,"href":"https:\/\/agora.xtec.cat\/esc-cealzina\/wp-json\/wp\/v2\/comments?post=617"}],"version-history":[{"count":3,"href":"https:\/\/agora.xtec.cat\/esc-cealzina\/wp-json\/wp\/v2\/pages\/617\/revisions"}],"predecessor-version":[{"id":622,"href":"https:\/\/agora.xtec.cat\/esc-cealzina\/wp-json\/wp\/v2\/pages\/617\/revisions\/622"}],"wp:attachment":[{"href":"https:\/\/agora.xtec.cat\/esc-cealzina\/wp-json\/wp\/v2\/media?parent=617"}],"curies":[{"name":"wp","href":"https:\/\/api.w.org\/{rel}","templated":true}]}}