{"id":55,"date":"2014-09-17T16:59:49","date_gmt":"2014-09-17T16:59:49","guid":{"rendered":"http:\/\/agora.xtec.cat\/esc-cealzina\/?page_id=55"},"modified":"2016-11-07T23:31:23","modified_gmt":"2016-11-07T22:31:23","slug":"horaris","status":"publish","type":"page","link":"https:\/\/agora.xtec.cat\/esc-cealzina\/centreeducatiualzina\/horaris\/","title":{"rendered":"Horaris"},"content":{"rendered":"<p>L&#8217;horari d&#8217;atenci\u00f3 directa amb els joves a l&#8217;escola, \u00e9s de dilluns a divendres de 9h30&#8242; a 13h amb el torn del mat\u00ed i de 15h a 16h30&#8242; amb el torn de tarda.<\/p>\n","protected":false},"excerpt":{"rendered":"<p>L&#8217;horari d&#8217;atenci\u00f3 directa amb els joves a l&#8217;escola, \u00e9s de dilluns a divendres de 9h30&#8242; a 13h amb el torn del mat\u00ed i de 15h a 16h30&#8242; amb el torn de tarda.<\/p>\n","protected":false},"author":1,"featured_media":0,"parent":19,"menu_order":60,"comment_status":"closed","ping_status":"closed","template":"page-templates\/side-menu.php","meta":{"_bbp_topic_count":0,"_bbp_reply_count":0,"_bbp_total_topic_count":0,"_bbp_total_reply_count":0,"_bbp_voice_count":0,"_bbp_anonymous_reply_count":0,"_bbp_topic_count_hidden":0,"_bbp_reply_count_hidden":0,"_bbp_forum_subforum_count":0,"footnotes":""},"class_list":["post-55","page","type-page","status-publish","hentry"],"post_mailing_queue_ids":[],"_links":{"self":[{"href":"https:\/\/agora.xtec.cat\/esc-cealzina\/wp-json\/wp\/v2\/pages\/55","targetHints":{"allow":["GET"]}}],"collection":[{"href":"https:\/\/agora.xtec.cat\/esc-cealzina\/wp-json\/wp\/v2\/pages"}],"about":[{"href":"https:\/\/agora.xtec.cat\/esc-cealzina\/wp-json\/wp\/v2\/types\/page"}],"author":[{"embeddable":true,"href":"https:\/\/agora.xtec.cat\/esc-cealzina\/wp-json\/wp\/v2\/users\/1"}],"replies":[{"embeddable":true,"href":"https:\/\/agora.xtec.cat\/esc-cealzina\/wp-json\/wp\/v2\/comments?post=55"}],"version-history":[{"count":2,"href":"https:\/\/agora.xtec.cat\/esc-cealzina\/wp-json\/wp\/v2\/pages\/55\/revisions"}],"predecessor-version":[{"id":457,"href":"https:\/\/agora.xtec.cat\/esc-cealzina\/wp-json\/wp\/v2\/pages\/55\/revisions\/457"}],"up":[{"embeddable":true,"href":"https:\/\/agora.xtec.cat\/esc-cealzina\/wp-json\/wp\/v2\/pages\/19"}],"wp:attachment":[{"href":"https:\/\/agora.xtec.cat\/esc-cealzina\/wp-json\/wp\/v2\/media?parent=55"}],"curies":[{"name":"wp","href":"https:\/\/api.w.org\/{rel}","templated":true}]}}