{"id":468,"date":"2016-11-07T23:29:13","date_gmt":"2016-11-07T22:29:13","guid":{"rendered":"http:\/\/agora.xtec.cat\/esc-cealzina\/?page_id=468"},"modified":"2016-12-01T11:14:36","modified_gmt":"2016-12-01T10:14:36","slug":"biblioteca","status":"publish","type":"page","link":"https:\/\/agora.xtec.cat\/esc-cealzina\/centreeducatiualzina\/biblioteca\/","title":{"rendered":"Biblioteca"},"content":{"rendered":"<p><a href=\"http:\/\/agora.xtec.cat\/esc-cealzina\/wp-content\/uploads\/usu1566\/2016\/11\/Scan0040-e1478557395899.jpg\"><img loading=\"lazy\" decoding=\"async\" class=\"alignnone size-large wp-image-469\" src=\"http:\/\/agora.xtec.cat\/esc-cealzina\/wp-content\/uploads\/usu1566\/2016\/11\/Scan0040-e1478557395899-890x1024.jpg\" alt=\"scan0040\" width=\"890\" height=\"1024\" srcset=\"https:\/\/agora.xtec.cat\/esc-cealzina\/wp-content\/uploads\/usu1566\/2016\/11\/Scan0040-e1478557395899-890x1024.jpg 890w, https:\/\/agora.xtec.cat\/esc-cealzina\/wp-content\/uploads\/usu1566\/2016\/11\/Scan0040-e1478557395899-261x300.jpg 261w, https:\/\/agora.xtec.cat\/esc-cealzina\/wp-content\/uploads\/usu1566\/2016\/11\/Scan0040-e1478557395899-768x884.jpg 768w, https:\/\/agora.xtec.cat\/esc-cealzina\/wp-content\/uploads\/usu1566\/2016\/11\/Scan0040-e1478557395899.jpg 1432w\" sizes=\"auto, (max-width: 890px) 100vw, 890px\" \/><\/a><\/p>\n<p><i>\u201cEl verbo leer, como el verbo amar y el verbo so\u00f1ar, no soporta el modo imperativo&#8217;<\/i><b>.\u00a0<\/b><b>Daniel Pennac<\/b><\/p>\n<p><i>\u201cLa lectura nos regala mucha compa\u00f1\u00eda, libertad para ser de otra manera y ser m\u00e1s\u201d<\/i>. <b>Pedro La\u00edn Entralgo<\/b>.<\/p>\n<p><i>\u201cSi cerca de la biblioteca ten\u00e9is un jard\u00edn ya no os faltar\u00e1 de nada&#8221;<\/i>. <b>\u00a0Cicer\u00f3n<\/b>.<\/p>\n<p><a href=\"http:\/\/agora.xtec.cat\/esc-cealzina\/wp-content\/uploads\/usu1566\/2016\/12\/PBIBLIOTECA.pdf\" target=\"_blank\">Projecte Biblioteca CE l&#8217;Alzina<\/a><\/p>\n<p><a href=\"http:\/\/agora.xtec.cat\/esc-cealzina\/wp-content\/uploads\/usu1566\/2016\/12\/Club-de-Lectura-Dumas.pdf\" target=\"_blank\">Projecte Club de Lectura CE l&#8217;Alzina<\/a><\/p>\n<p>&nbsp;<\/p>\n","protected":false},"excerpt":{"rendered":"<p><a href=\"http:\/\/agora.xtec.cat\/esc-cealzina\/wp-content\/uploads\/usu1566\/2016\/11\/Scan0040-e1478557395899.jpg\"><\/a><br \/>\n\u201cEl verbo leer, como el verbo amar y el verbo so\u00f1ar, no soporta el modo imperativo&#8217;.\u00a0Daniel Pennac<br \/>\n\u201cLa lectura nos regala mucha compa\u00f1\u00eda, libertad para ser de otra manera y ser m\u00e1s\u201d. Pedro La\u00edn Entralgo.<br \/>\n\u201cSi cerca de la biblioteca ten\u00e9is un jard\u00edn ya no os&hellip;  <a href=\"https:\/\/agora.xtec.cat\/esc-cealzina\/centreeducatiualzina\/biblioteca\/\" title=\"Read Biblioteca\">Llegeix m\u00e9s\u00bb<\/a><\/p>\n","protected":false},"author":1,"featured_media":0,"parent":19,"menu_order":70,"comment_status":"closed","ping_status":"closed","template":"page-templates\/side-menu.php","meta":{"_bbp_topic_count":0,"_bbp_reply_count":0,"_bbp_total_topic_count":0,"_bbp_total_reply_count":0,"_bbp_voice_count":0,"_bbp_anonymous_reply_count":0,"_bbp_topic_count_hidden":0,"_bbp_reply_count_hidden":0,"_bbp_forum_subforum_count":0,"footnotes":""},"class_list":["post-468","page","type-page","status-publish","hentry"],"post_mailing_queue_ids":[],"_links":{"self":[{"href":"https:\/\/agora.xtec.cat\/esc-cealzina\/wp-json\/wp\/v2\/pages\/468","targetHints":{"allow":["GET"]}}],"collection":[{"href":"https:\/\/agora.xtec.cat\/esc-cealzina\/wp-json\/wp\/v2\/pages"}],"about":[{"href":"https:\/\/agora.xtec.cat\/esc-cealzina\/wp-json\/wp\/v2\/types\/page"}],"author":[{"embeddable":true,"href":"https:\/\/agora.xtec.cat\/esc-cealzina\/wp-json\/wp\/v2\/users\/1"}],"replies":[{"embeddable":true,"href":"https:\/\/agora.xtec.cat\/esc-cealzina\/wp-json\/wp\/v2\/comments?post=468"}],"version-history":[{"count":3,"href":"https:\/\/agora.xtec.cat\/esc-cealzina\/wp-json\/wp\/v2\/pages\/468\/revisions"}],"predecessor-version":[{"id":616,"href":"https:\/\/agora.xtec.cat\/esc-cealzina\/wp-json\/wp\/v2\/pages\/468\/revisions\/616"}],"up":[{"embeddable":true,"href":"https:\/\/agora.xtec.cat\/esc-cealzina\/wp-json\/wp\/v2\/pages\/19"}],"wp:attachment":[{"href":"https:\/\/agora.xtec.cat\/esc-cealzina\/wp-json\/wp\/v2\/media?parent=468"}],"curies":[{"name":"wp","href":"https:\/\/api.w.org\/{rel}","templated":true}]}}