{"id":39,"date":"2014-09-17T16:36:44","date_gmt":"2014-09-17T16:36:44","guid":{"rendered":"http:\/\/agora.xtec.cat\/esc-cealzina\/?page_id=39"},"modified":"2016-11-16T16:14:26","modified_gmt":"2016-11-16T15:14:26","slug":"instal%c2%b7lacions","status":"publish","type":"page","link":"https:\/\/agora.xtec.cat\/esc-cealzina\/centreeducatiualzina\/instal%c2%b7lacions\/","title":{"rendered":"Instal\u00b7lacions"},"content":{"rendered":"<p><span style=\"color: #000000;\">El centre s\u2019expandeix de forma horitzontal i consta dels seg\u00fcents equipaments: <\/span><\/p>\n<p><span style=\"color: #000000;\">&#8211; Edifici de recepci\u00f3. Consta de: vest\u00edbul, un espai de porteria, de control, d\u2019\u00e0rea, vestidors per a professionals, bugaderia, 3 sales de visites, 2 habitacions per a visites \u00edntimes, dos locutoris i un espai per a escorcolls. <\/span><\/p>\n<p><span style=\"color: #000000;\">&#8211; Edifici d\u2019administraci\u00f3 de dues plantes i un soterrani. La primera planta consta de: cuina, magatzem d\u2019aliments, menjador de personal, despatx de coordinadors, despatx de t\u00e8cnics, sala de professors, una sala amb ordinadors amb connexi\u00f3 a la base de dades i Internet i una sala de reunions. A la segona planta es troben, el despatx del director, del subdirector, del gerent, del cap d\u2019oficina i dels administratius. Al soterrani es troba l\u2019espai del manteniment del centre que consta d\u2019un taller i d\u2019un magatzem. <\/span><\/p>\n<p><span style=\"color: #000000;\">&#8211; Edificis de les unitats de conviv\u00e8ncia. El centre consta de 6 unitats de conviv\u00e8ncia (UC) i una unitat per al compliment de sancions de separaci\u00f3 de grup definitives o cautelars i per a a\u00efllaments provisionals: zona d\u2019intervenci\u00f3 puntual (ZIP); que es troben distribu\u00efdes en quatre edificacions. En un edifici es troben dos UC i la ZIP: Anoia amb 6 habitacions amb una llitera, Bes\u00f2s amb 5 habitacions amb una llitera i la ZIP, amb 3 habitacions d\u2019a\u00efllament provisional, una habitaci\u00f3 individual i sis habitacions amb una llitera. En un segon edifici es troben dos UC: Congost amb 6 habitacions amb una llitera i la unitat Dar\u00f3 amb 6 habitacions amb una llitera. En un tercer edifici es troba la UC Ebre amb 10 habitacions amb una llitera. En un quart edifici es troba la UC Fluvi\u00e0 amb 6 habitacions amb una llitera i 3 habitacions amb dues lliteres. <\/span><\/p>\n<p><span style=\"color: #000000;\">&#8211; Equipaments d\u2019aules taller. Edifici d\u2019aules i tallers que consta de dues plantes i tres m\u00f2duls prefabricats. A la planta superior es troben 4 aules d\u2019ensenyament. A la planta inferior es troben 2 tallers ocupacionals, 3 m\u00f2duls prefabricats per a tallers ocupacionals i 3 m\u00f2duls prefabricats per a aules d\u2019Ensenyament. Ubicades a l\u2019edifici de les UC Anoia i Bes\u00f2s, per\u00f2 separades f\u00edsicament, tenim una aula d\u2019ensenyament i un taller de formaci\u00f3 ocupacional. <\/span><\/p>\n<p><span style=\"color: #000000;\">&#8211; Edifici del taller productiu. Consta d\u2019una sala gran i d\u2019una zona de magatzem. 10 Generalitat de Catalunya Departament de Just\u00edcia &#8211; Equipament sanitari. Ubicat a l\u2019edifici de la UC Fluvi\u00e0 per\u00f2 separat f\u00edsicament, consta d\u2019una sala de consultes, una sala de cures i un magatzem. Al mateix espai es troba un despatx que utilitza el ESMIA. <\/span><\/p>\n<p><span style=\"color: #000000;\">&#8211; Equipaments esportius. Un camp petit de terra, un front\u00f3, una pista poliesportiva, una piscina descoberta i una sala de musculaci\u00f3 ubicada a l\u2019edifici de la UC Ebre per\u00f2 separada f\u00edsicament. <\/span><\/p>\n<p><span style=\"color: #000000;\">&#8211; Altres equipaments. Una biblioteca ubicada a l\u2019edifici on es troben les UC Dar\u00f3 i Congost per\u00f2 separada f\u00edsicament. Un espai per a programes ubicat a l\u2019edifici de la UC Ebre per\u00f2 separat f\u00edsicament que consta de dues sales i dos despatxos per a entrevistes. Despatx de v\u00eddeo confer\u00e8ncies ubicat a l\u2019edifici de la UC Fluvi\u00e0, per\u00f2 separat f\u00edsicament.<\/span><\/p>\n<p><a href=\"http:\/\/agora.xtec.cat\/esc-cealzina\/wp-content\/uploads\/usu1566\/2016\/11\/8.jpg\"><img loading=\"lazy\" decoding=\"async\" class=\"alignnone wp-image-587\" src=\"http:\/\/agora.xtec.cat\/esc-cealzina\/wp-content\/uploads\/usu1566\/2016\/11\/8-1024x768.jpg\" alt=\"8\" width=\"187\" height=\"140\" srcset=\"https:\/\/agora.xtec.cat\/esc-cealzina\/wp-content\/uploads\/usu1566\/2016\/11\/8-1024x768.jpg 1024w, https:\/\/agora.xtec.cat\/esc-cealzina\/wp-content\/uploads\/usu1566\/2016\/11\/8-300x225.jpg 300w, https:\/\/agora.xtec.cat\/esc-cealzina\/wp-content\/uploads\/usu1566\/2016\/11\/8-768x576.jpg 768w, https:\/\/agora.xtec.cat\/esc-cealzina\/wp-content\/uploads\/usu1566\/2016\/11\/8-200x150.jpg 200w\" sizes=\"auto, (max-width: 187px) 100vw, 187px\" \/><\/a>\u00a0 \u00a0 \u00a0 \u00a0 \u00a0 \u00a0 \u00a0 \u00a0 \u00a0 \u00a0 \u00a0 \u00a0 \u00a0<a href=\"http:\/\/agora.xtec.cat\/esc-cealzina\/wp-content\/uploads\/usu1566\/2016\/11\/7.jpg\"><img loading=\"lazy\" decoding=\"async\" class=\"wp-image-586 alignright\" src=\"http:\/\/agora.xtec.cat\/esc-cealzina\/wp-content\/uploads\/usu1566\/2016\/11\/7-1024x768.jpg\" alt=\"7\" width=\"187\" height=\"140\" srcset=\"https:\/\/agora.xtec.cat\/esc-cealzina\/wp-content\/uploads\/usu1566\/2016\/11\/7-1024x768.jpg 1024w, https:\/\/agora.xtec.cat\/esc-cealzina\/wp-content\/uploads\/usu1566\/2016\/11\/7-300x225.jpg 300w, https:\/\/agora.xtec.cat\/esc-cealzina\/wp-content\/uploads\/usu1566\/2016\/11\/7-768x576.jpg 768w, https:\/\/agora.xtec.cat\/esc-cealzina\/wp-content\/uploads\/usu1566\/2016\/11\/7-200x150.jpg 200w\" sizes=\"auto, (max-width: 187px) 100vw, 187px\" \/><\/a><\/p>\n<p><a href=\"http:\/\/agora.xtec.cat\/esc-cealzina\/wp-content\/uploads\/usu1566\/2016\/11\/11.jpg\"><img loading=\"lazy\" decoding=\"async\" class=\"alignnone wp-image-588\" src=\"http:\/\/agora.xtec.cat\/esc-cealzina\/wp-content\/uploads\/usu1566\/2016\/11\/11-1024x681.jpg\" alt=\"11\" width=\"188\" height=\"125\" srcset=\"https:\/\/agora.xtec.cat\/esc-cealzina\/wp-content\/uploads\/usu1566\/2016\/11\/11-1024x681.jpg 1024w, https:\/\/agora.xtec.cat\/esc-cealzina\/wp-content\/uploads\/usu1566\/2016\/11\/11-300x199.jpg 300w, https:\/\/agora.xtec.cat\/esc-cealzina\/wp-content\/uploads\/usu1566\/2016\/11\/11-768x511.jpg 768w\" sizes=\"auto, (max-width: 188px) 100vw, 188px\" \/><\/a>\u00a0 \u00a0 \u00a0 \u00a0 \u00a0 \u00a0 \u00a0 \u00a0 \u00a0 \u00a0 \u00a0 \u00a0 \u00a0<a href=\"http:\/\/agora.xtec.cat\/esc-cealzina\/wp-content\/uploads\/usu1566\/2014\/09\/9.jpg\"><img loading=\"lazy\" decoding=\"async\" class=\"wp-image-590 alignright\" src=\"http:\/\/agora.xtec.cat\/esc-cealzina\/wp-content\/uploads\/usu1566\/2014\/09\/9-1024x768.jpg\" alt=\"9\" width=\"187\" height=\"140\" srcset=\"https:\/\/agora.xtec.cat\/esc-cealzina\/wp-content\/uploads\/usu1566\/2014\/09\/9-1024x768.jpg 1024w, https:\/\/agora.xtec.cat\/esc-cealzina\/wp-content\/uploads\/usu1566\/2014\/09\/9-300x225.jpg 300w, https:\/\/agora.xtec.cat\/esc-cealzina\/wp-content\/uploads\/usu1566\/2014\/09\/9-768x576.jpg 768w, https:\/\/agora.xtec.cat\/esc-cealzina\/wp-content\/uploads\/usu1566\/2014\/09\/9-200x150.jpg 200w\" sizes=\"auto, (max-width: 187px) 100vw, 187px\" \/><\/a><\/p>\n<p>&nbsp;<\/p>\n<p>&nbsp;<\/p>\n","protected":false},"excerpt":{"rendered":"<p>El centre s\u2019expandeix de forma horitzontal i consta dels seg\u00fcents equipaments:<br \/>\n&#8211; Edifici de recepci\u00f3. Consta de: vest\u00edbul, un espai de porteria, de control, d\u2019\u00e0rea, vestidors per a professionals, bugaderia, 3 sales de visites, 2 habitacions per a visites \u00edntimes, dos locutoris i un espai&hellip;  <a href=\"https:\/\/agora.xtec.cat\/esc-cealzina\/centreeducatiualzina\/instal%c2%b7lacions\/\" title=\"Read Instal\u00b7lacions\">Llegeix m\u00e9s\u00bb<\/a><\/p>\n","protected":false},"author":1,"featured_media":0,"parent":19,"menu_order":30,"comment_status":"closed","ping_status":"closed","template":"page-templates\/side-menu.php","meta":{"_bbp_topic_count":0,"_bbp_reply_count":0,"_bbp_total_topic_count":0,"_bbp_total_reply_count":0,"_bbp_voice_count":0,"_bbp_anonymous_reply_count":0,"_bbp_topic_count_hidden":0,"_bbp_reply_count_hidden":0,"_bbp_forum_subforum_count":0,"footnotes":""},"class_list":["post-39","page","type-page","status-publish","hentry"],"post_mailing_queue_ids":[],"_links":{"self":[{"href":"https:\/\/agora.xtec.cat\/esc-cealzina\/wp-json\/wp\/v2\/pages\/39","targetHints":{"allow":["GET"]}}],"collection":[{"href":"https:\/\/agora.xtec.cat\/esc-cealzina\/wp-json\/wp\/v2\/pages"}],"about":[{"href":"https:\/\/agora.xtec.cat\/esc-cealzina\/wp-json\/wp\/v2\/types\/page"}],"author":[{"embeddable":true,"href":"https:\/\/agora.xtec.cat\/esc-cealzina\/wp-json\/wp\/v2\/users\/1"}],"replies":[{"embeddable":true,"href":"https:\/\/agora.xtec.cat\/esc-cealzina\/wp-json\/wp\/v2\/comments?post=39"}],"version-history":[{"count":3,"href":"https:\/\/agora.xtec.cat\/esc-cealzina\/wp-json\/wp\/v2\/pages\/39\/revisions"}],"predecessor-version":[{"id":594,"href":"https:\/\/agora.xtec.cat\/esc-cealzina\/wp-json\/wp\/v2\/pages\/39\/revisions\/594"}],"up":[{"embeddable":true,"href":"https:\/\/agora.xtec.cat\/esc-cealzina\/wp-json\/wp\/v2\/pages\/19"}],"wp:attachment":[{"href":"https:\/\/agora.xtec.cat\/esc-cealzina\/wp-json\/wp\/v2\/media?parent=39"}],"curies":[{"name":"wp","href":"https:\/\/api.w.org\/{rel}","templated":true}]}}