{"id":27,"date":"2014-09-17T16:24:03","date_gmt":"2014-09-17T16:24:03","guid":{"rendered":"http:\/\/agora.xtec.cat\/esc-cealzina\/?page_id=27"},"modified":"2016-11-16T15:52:25","modified_gmt":"2016-11-16T14:52:25","slug":"historia","status":"publish","type":"page","link":"https:\/\/agora.xtec.cat\/esc-cealzina\/centreeducatiualzina\/historia\/","title":{"rendered":"Hist\u00f2ria"},"content":{"rendered":"<p style=\"text-align: justify;\"><span style=\"color: #000000;\"><a href=\"http:\/\/agora.xtec.cat\/esc-cealzina\/wp-content\/uploads\/usu1566\/2016\/11\/5005d97ed41da_original.jpg\"><img loading=\"lazy\" decoding=\"async\" class=\"wp-image-576 alignleft\" src=\"http:\/\/agora.xtec.cat\/esc-cealzina\/wp-content\/uploads\/usu1566\/2016\/11\/5005d97ed41da_original.jpg\" alt=\"5005d97ed41da_original\" width=\"224\" height=\"180\" srcset=\"https:\/\/agora.xtec.cat\/esc-cealzina\/wp-content\/uploads\/usu1566\/2016\/11\/5005d97ed41da_original.jpg 700w, https:\/\/agora.xtec.cat\/esc-cealzina\/wp-content\/uploads\/usu1566\/2016\/11\/5005d97ed41da_original-300x241.jpg 300w\" sizes=\"auto, (max-width: 224px) 100vw, 224px\" \/><\/a>El centre va ser inaugurat el 8 de febrer de 1986 amb la pres\u00e8ncia del Molt Honorable President de la Generalitat de Catalunya Sr. Jordi Pujol i Soley. El centre es va crear amb la finalitat de donar resposta als menors de 12 a 16 anys, la conflictivitat del quals impedia que poguessin ser atesos en la resta dels recursos de medi obert i institucions de la que en aquells moments era la Direcci\u00f3 General de Protecci\u00f3 i Tutela de Menors. Es tractava de poder atendre en un centre tancat menors que requerien uns elevats nivells de contenci\u00f3 sense caure en una estructura de caracter\u00edstiques penitenci\u00e0ries, posant l\u2019accent en els continguts educatius del projecte.<\/span><\/p>\n<p style=\"text-align: justify;\"><span style=\"color: #000000;\"><a href=\"http:\/\/agora.xtec.cat\/esc-cealzina\/wp-content\/uploads\/usu1566\/2016\/11\/5005d962ca82f_original.jpg\"><img loading=\"lazy\" decoding=\"async\" class=\"wp-image-577 alignright\" src=\"http:\/\/agora.xtec.cat\/esc-cealzina\/wp-content\/uploads\/usu1566\/2016\/11\/5005d962ca82f_original.jpg\" alt=\"5005d962ca82f_original\" width=\"237\" height=\"183\" srcset=\"https:\/\/agora.xtec.cat\/esc-cealzina\/wp-content\/uploads\/usu1566\/2016\/11\/5005d962ca82f_original.jpg 700w, https:\/\/agora.xtec.cat\/esc-cealzina\/wp-content\/uploads\/usu1566\/2016\/11\/5005d962ca82f_original-300x231.jpg 300w\" sizes=\"auto, (max-width: 237px) 100vw, 237px\" \/><\/a>El centre, en el decurs del temps, ha anat consolidant i ampliant tant els aspectes educatius com de tractament i de seguretat. A nivell d\u2019infraestructura, es va construir a l\u2019any 1996 un nou edifici per ubicar les aules escolars i els tallers de formaci\u00f3 ocupacional. A l\u2019any 2001, amb l\u2019aprovaci\u00f3 de la Llei org\u00e0nica 5\/2000, reguladora de la responsabilitat penal dels menors, es van construir dos grups educatius per ampliar en 20 places la capacitat del centre. Tamb\u00e9 en aquesta ampliaci\u00f3 es va construir un nou edifici on estan ubicades, la nova entrada al centre, porteria, control de seguretat, i les sales de visites per als interns.<img loading=\"lazy\" decoding=\"async\" class=\"wp-image-575 alignleft\" src=\"http:\/\/agora.xtec.cat\/esc-cealzina\/wp-content\/uploads\/usu1566\/2016\/11\/5005d9f50a267_original.jpg\" alt=\"5005d9f50a267_original\" width=\"186\" height=\"261\" srcset=\"https:\/\/agora.xtec.cat\/esc-cealzina\/wp-content\/uploads\/usu1566\/2016\/11\/5005d9f50a267_original.jpg 500w, https:\/\/agora.xtec.cat\/esc-cealzina\/wp-content\/uploads\/usu1566\/2016\/11\/5005d9f50a267_original-214x300.jpg 214w\" sizes=\"auto, (max-width: 186px) 100vw, 186px\" \/><\/span><\/p>\n<p style=\"text-align: justify;\"><span style=\"color: #000000;\">A nivell de la intervenci\u00f3 dels professionals del centre s\u2019han anat<br \/>\nespecialitzant tant els rols com les funcions, amb una definici\u00f3 m\u00e9s acurada en els rols d\u2019atenci\u00f3 que en un primer moment s\u2019assumien. En aquest sentit, es va anar dissenyant una especialitzaci\u00f3 dels equips d\u2019intervenci\u00f3: equips t\u00e8cnics, mestres de taller per a la formaci\u00f3 ocupacional, un gerent, un coordinador de cap de setmana i un equip de vigilants de seguretat; i a partir de convenis amb d\u2019altres departaments: mestres d\u2019educaci\u00f3, metge, DUI i un equip de salut mental de l\u2019ESMIA.<\/span><\/p>\n<p><img loading=\"lazy\" decoding=\"async\" class=\"wp-image-577 alignright\" src=\"http:\/\/agora.xtec.cat\/esc-cealzina\/wp-content\/uploads\/usu1566\/2016\/11\/5005d962ca82f_original.jpg\" alt=\"5005d962ca82f_original\" width=\"257\" height=\"198\" srcset=\"https:\/\/agora.xtec.cat\/esc-cealzina\/wp-content\/uploads\/usu1566\/2016\/11\/5005d962ca82f_original.jpg 700w, https:\/\/agora.xtec.cat\/esc-cealzina\/wp-content\/uploads\/usu1566\/2016\/11\/5005d962ca82f_original-300x231.jpg 300w\" sizes=\"auto, (max-width: 257px) 100vw, 257px\" \/><\/p>\n","protected":false},"excerpt":{"rendered":"<p><a href=\"http:\/\/agora.xtec.cat\/esc-cealzina\/wp-content\/uploads\/usu1566\/2016\/11\/5005d97ed41da_original.jpg\"><\/a>El centre va ser inaugurat el 8 de febrer de 1986 amb la pres\u00e8ncia del Molt Honorable President de la Generalitat de Catalunya Sr. Jordi Pujol i Soley. El centre es va crear amb la finalitat de donar resposta als menors de 12 a&hellip;  <a href=\"https:\/\/agora.xtec.cat\/esc-cealzina\/centreeducatiualzina\/historia\/\" title=\"Read Hist\u00f2ria\">Llegeix m\u00e9s\u00bb<\/a><\/p>\n","protected":false},"author":1,"featured_media":0,"parent":19,"menu_order":20,"comment_status":"closed","ping_status":"closed","template":"page-templates\/side-menu.php","meta":{"_bbp_topic_count":0,"_bbp_reply_count":0,"_bbp_total_topic_count":0,"_bbp_total_reply_count":0,"_bbp_voice_count":0,"_bbp_anonymous_reply_count":0,"_bbp_topic_count_hidden":0,"_bbp_reply_count_hidden":0,"_bbp_forum_subforum_count":0,"footnotes":""},"class_list":["post-27","page","type-page","status-publish","hentry"],"post_mailing_queue_ids":[],"_links":{"self":[{"href":"https:\/\/agora.xtec.cat\/esc-cealzina\/wp-json\/wp\/v2\/pages\/27","targetHints":{"allow":["GET"]}}],"collection":[{"href":"https:\/\/agora.xtec.cat\/esc-cealzina\/wp-json\/wp\/v2\/pages"}],"about":[{"href":"https:\/\/agora.xtec.cat\/esc-cealzina\/wp-json\/wp\/v2\/types\/page"}],"author":[{"embeddable":true,"href":"https:\/\/agora.xtec.cat\/esc-cealzina\/wp-json\/wp\/v2\/users\/1"}],"replies":[{"embeddable":true,"href":"https:\/\/agora.xtec.cat\/esc-cealzina\/wp-json\/wp\/v2\/comments?post=27"}],"version-history":[{"count":3,"href":"https:\/\/agora.xtec.cat\/esc-cealzina\/wp-json\/wp\/v2\/pages\/27\/revisions"}],"predecessor-version":[{"id":584,"href":"https:\/\/agora.xtec.cat\/esc-cealzina\/wp-json\/wp\/v2\/pages\/27\/revisions\/584"}],"up":[{"embeddable":true,"href":"https:\/\/agora.xtec.cat\/esc-cealzina\/wp-json\/wp\/v2\/pages\/19"}],"wp:attachment":[{"href":"https:\/\/agora.xtec.cat\/esc-cealzina\/wp-json\/wp\/v2\/media?parent=27"}],"curies":[{"name":"wp","href":"https:\/\/api.w.org\/{rel}","templated":true}]}}