{"id":77,"date":"2014-09-18T14:05:08","date_gmt":"2014-09-18T13:05:08","guid":{"rendered":"http:\/\/agora.xtec.cat\/esc-casserres\/?page_id=77"},"modified":"2021-09-11T12:43:03","modified_gmt":"2021-09-11T10:43:03","slug":"acollida","status":"publish","type":"page","link":"https:\/\/agora.xtec.cat\/esc-casserres\/serveis\/acollida\/","title":{"rendered":"Acollida matinal"},"content":{"rendered":"<p><span style=\"font-weight: 400;\">El servei d&#8217;acollida matinal \u00e9s un servei que s&#8217;ofereix des de l&#8217;Ajuntament de Casserres a totes aquelles fam\u00edlies que necessiten deixar als alumnes de l&#8217;escola de manera puntual o permanent fora de l&#8217;horari lectiu.<\/span><\/p>\n<p><span style=\"font-weight: 400;\">A partir d\u2019aquest curs hi haur\u00e0 un nou sistema de pagament establert pel servei d&#8217;acollida matinal d&#8217;aquest curs, aquest servei \u00e9s gestionat per l&#8217;Ajuntament i ser\u00e0 ell qui girar\u00e0 els rebuts.<\/span><\/p>\n<p><span style=\"font-weight: 400;\">L&#8217; acollida matinal es cobrar\u00e0 mitjan\u00e7ant rebut bancari a les fam\u00edlies que utilitzin el servei de forma permanent.<\/span><\/p>\n<p><span style=\"font-weight: 400;\">El primer dia es portar\u00e0 el n\u00fam. del compte corrent i s&#8217;entregar\u00e0 a la monitora, si teniu tiquets de l&#8217;any passat o ja els heu comprat\u00a0 els podeu utilitzar fins a finals de mes.<\/span><\/p>\n<p><span style=\"font-weight: 400;\">El cobrament de l&#8217;activitat ser\u00e0 mitjan\u00e7ant rebut bancari a principis de mes.\u00a0<\/span><\/p>\n<p><span style=\"font-weight: 400;\">Es cobren els dies que s&#8217;ha utilitzat el servei del mes anterior<\/span><\/p>\n<p><span style=\"font-weight: 400;\">En cas de rebuts retornats hi haur\u00e0 un c\u00e0rrec de 3,00 \u20ac.<\/span><\/p>\n<p><span style=\"font-weight: 400;\">Les fam\u00edlies que necessitin el servei de forma espor\u00e0dica poden fer el pagament en met\u00e0lic\u00a0 a la monitora el mateix dia.<\/span><\/p>\n<p><i><span style=\"font-weight: 400;\">Regidoria d\u2019Educaci\u00f3 de l\u2019Ajuntament de Casserres<\/span><\/i><\/p>\n","protected":false},"excerpt":{"rendered":"<p>El servei d&#8217;acollida matinal \u00e9s un servei que s&#8217;ofereix des de l&#8217;Ajuntament de Casserres a totes aquelles fam\u00edlies que necessiten deixar als alumnes de l&#8217;escola de manera puntual o permanent fora de l&#8217;horari lectiu. A partir d\u2019aquest curs hi haur\u00e0 un nou sistema de pagament establert pel servei d&#8217;acollida matinal d&#8217;aquest curs, aquest servei \u00e9s [&hellip;]<\/p>\n","protected":false},"author":1,"featured_media":0,"parent":66,"menu_order":20,"comment_status":"closed","ping_status":"closed","template":"page-templates\/side-menu.php","meta":{"_bbp_topic_count":0,"_bbp_reply_count":0,"_bbp_total_topic_count":0,"_bbp_total_reply_count":0,"_bbp_voice_count":0,"_bbp_anonymous_reply_count":0,"_bbp_topic_count_hidden":0,"_bbp_reply_count_hidden":0,"_bbp_forum_subforum_count":0,"site-sidebar-layout":"default","site-content-layout":"","ast-site-content-layout":"","site-content-style":"default","site-sidebar-style":"default","ast-global-header-display":"","ast-banner-title-visibility":"","ast-main-header-display":"","ast-hfb-above-header-display":"","ast-hfb-below-header-display":"","ast-hfb-mobile-header-display":"","site-post-title":"","ast-breadcrumbs-content":"","ast-featured-img":"","footer-sml-layout":"","theme-transparent-header-meta":"","adv-header-id-meta":"","stick-header-meta":"","header-above-stick-meta":"","header-main-stick-meta":"","header-below-stick-meta":"","astra-migrate-meta-layouts":"default","ast-page-background-enabled":"default","ast-page-background-meta":{"desktop":{"background-color":"var(--ast-global-color-4)","background-image":"","background-repeat":"repeat","background-position":"center center","background-size":"auto","background-attachment":"scroll","background-type":"","background-media":"","overlay-type":"","overlay-color":"","overlay-opacity":"","overlay-gradient":""},"tablet":{"background-color":"","background-image":"","background-repeat":"repeat","background-position":"center center","background-size":"auto","background-attachment":"scroll","background-type":"","background-media":"","overlay-type":"","overlay-color":"","overlay-opacity":"","overlay-gradient":""},"mobile":{"background-color":"","background-image":"","background-repeat":"repeat","background-position":"center center","background-size":"auto","background-attachment":"scroll","background-type":"","background-media":"","overlay-type":"","overlay-color":"","overlay-opacity":"","overlay-gradient":""}},"ast-content-background-meta":{"desktop":{"background-color":"var(--ast-global-color-5)","background-image":"","background-repeat":"repeat","background-position":"center center","background-size":"auto","background-attachment":"scroll","background-type":"","background-media":"","overlay-type":"","overlay-color":"","overlay-opacity":"","overlay-gradient":""},"tablet":{"background-color":"var(--ast-global-color-5)","background-image":"","background-repeat":"repeat","background-position":"center center","background-size":"auto","background-attachment":"scroll","background-type":"","background-media":"","overlay-type":"","overlay-color":"","overlay-opacity":"","overlay-gradient":""},"mobile":{"background-color":"var(--ast-global-color-5)","background-image":"","background-repeat":"repeat","background-position":"center center","background-size":"auto","background-attachment":"scroll","background-type":"","background-media":"","overlay-type":"","overlay-color":"","overlay-opacity":"","overlay-gradient":""}},"footnotes":""},"class_list":["post-77","page","type-page","status-publish","hentry"],"post_mailing_queue_ids":[],"_links":{"self":[{"href":"https:\/\/agora.xtec.cat\/esc-casserres\/wp-json\/wp\/v2\/pages\/77","targetHints":{"allow":["GET"]}}],"collection":[{"href":"https:\/\/agora.xtec.cat\/esc-casserres\/wp-json\/wp\/v2\/pages"}],"about":[{"href":"https:\/\/agora.xtec.cat\/esc-casserres\/wp-json\/wp\/v2\/types\/page"}],"author":[{"embeddable":true,"href":"https:\/\/agora.xtec.cat\/esc-casserres\/wp-json\/wp\/v2\/users\/1"}],"replies":[{"embeddable":true,"href":"https:\/\/agora.xtec.cat\/esc-casserres\/wp-json\/wp\/v2\/comments?post=77"}],"version-history":[{"count":2,"href":"https:\/\/agora.xtec.cat\/esc-casserres\/wp-json\/wp\/v2\/pages\/77\/revisions"}],"predecessor-version":[{"id":3221,"href":"https:\/\/agora.xtec.cat\/esc-casserres\/wp-json\/wp\/v2\/pages\/77\/revisions\/3221"}],"up":[{"embeddable":true,"href":"https:\/\/agora.xtec.cat\/esc-casserres\/wp-json\/wp\/v2\/pages\/66"}],"wp:attachment":[{"href":"https:\/\/agora.xtec.cat\/esc-casserres\/wp-json\/wp\/v2\/media?parent=77"}],"curies":[{"name":"wp","href":"https:\/\/api.w.org\/{rel}","templated":true}]}}