{"id":38,"date":"2014-09-18T12:34:08","date_gmt":"2014-09-18T11:34:08","guid":{"rendered":"http:\/\/agora.xtec.cat\/esc-casserres\/?page_id=38"},"modified":"2026-04-17T10:44:05","modified_gmt":"2026-04-17T08:44:05","slug":"salut","status":"publish","type":"page","link":"https:\/\/agora.xtec.cat\/esc-casserres\/informacio-families\/salut\/","title":{"rendered":"Salut"},"content":{"rendered":"<h2>Administraci\u00f3 de medicaments<\/h2>\n<p>En cas que el vostre fill o filla hagi de prendre un medicament durant les hores d&#8217;escola, ens heu de portar la recepta o informe del metge o metgessa on consti el nom de l&#8217;alumne\/a, la pauta d&#8217;administraci\u00f3 i el nom del medicament que ha de prendre. Tamb\u00e9 haureu de signar l&#8217;autoritzaci\u00f3 corresponent on s&#8217;autoritza el personal del centre educatiu a administrar al fill o filla la medicaci\u00f3 prescrita.<\/p>\n<p><a href=\"https:\/\/drive.google.com\/file\/d\/1ZhQUR5Xu9cCZULtoiROCAfJ30cRL1B9b\/view?usp=sharing\">Enlla\u00e7 al document<\/a><\/p>\n<p>D&#8217;altra banda, amb l&#8217;autoritzaci\u00f3 signada es podr\u00e0 administrar <strong>Paracetamol<\/strong> si no localitzem a ning\u00fa de la fam\u00edlia, no podeu venir immediatament i si la febre \u00e9s elevada.<\/p>\n<p><a href=\"http:\/\/xtec.cat\/monografics\/nodes\/links.html?id=paracetamol\">Enlla\u00e7 al document<\/a><\/p>\n<h2>Al\u00b7l\u00e8rgies i intoler\u00e0ncies<\/h2>\n<p>Si algun\/a alumne\/a presenta algun tipus d&#8217;intoler\u00e0ncia i\/o al\u00b7l\u00e8rgia \u00e9s responsabilitat vostre comunicar-ho al centre, aix\u00ed com tamb\u00e9, entregar una c\u00f2pia del justificant m\u00e8dic pertinent. Per altra banda heu d&#8217;informar degudament al centre sempre que hi hagi alguna modificaci\u00f3.<\/p>\n<h2>Vacunaci\u00f3<\/h2>\n<p>Cada any el Departament de salut administrar\u00e0 les vacunes a l&#8217;escola segons el calendari de vacunacions vigent. Ser\u00e0 als\/ a les alumnes de 6\u00e8 de prim\u00e0ria.<\/p>\n<p>L&#8217;objectiu de la vacunaci\u00f3 escolar \u00e9s facilitar l&#8217;acc\u00e9s a les vacunes i continuar amb el calendari de vacunacions que s&#8217;inicia a la inf\u00e0ncia. Per aquest motiu, \u00e9s molt important la vostra col.laboraci\u00f3.<\/p>\n<p>Per tal d&#8217;administrar les vacunes, us sol.licitarem que empleneu una butlleta indicant si autoritzeu a vacular al vostre fill\/a.<\/p>\n<h2>Polls<\/h2>\n<p>Cal que, des de casa, reviseu el cap dels vostres fills\/es peri\u00f2dicament. En cas que trobeu polls, cal avisar immediatament al centre i deixar el nen\/a a casa fent el tractament per tal d&#8217;evitar contagis.<\/p>\n<p>Quan ja hi hagi el cap net d&#8217;infecci\u00f3, l&#8217;alumne\/a pot tornar al centre.<\/p>\n<p>Si, des de l&#8217;escola, detectem algun cas de polls, avisarem a la fam\u00edlia. En cas que no es porti a terme cap tractament per a la desinfecci\u00f3, enviarem el nen\/a a casa.<\/p>\n<p>&nbsp;<\/p>\n<p>&nbsp;<\/p>\n","protected":false},"excerpt":{"rendered":"<p>Administraci\u00f3 de medicaments En cas que el vostre fill o filla hagi de prendre un medicament durant les hores d&#8217;escola, ens heu de portar la recepta o informe del metge o metgessa on consti el nom de l&#8217;alumne\/a, la pauta d&#8217;administraci\u00f3 i el nom del medicament que ha de prendre. Tamb\u00e9 haureu de signar l&#8217;autoritzaci\u00f3 [&hellip;]<\/p>\n","protected":false},"author":1,"featured_media":0,"parent":5319,"menu_order":80,"comment_status":"closed","ping_status":"closed","template":"","meta":{"_bbp_topic_count":0,"_bbp_reply_count":0,"_bbp_total_topic_count":0,"_bbp_total_reply_count":0,"_bbp_voice_count":0,"_bbp_anonymous_reply_count":0,"_bbp_topic_count_hidden":0,"_bbp_reply_count_hidden":0,"_bbp_forum_subforum_count":0,"site-sidebar-layout":"default","site-content-layout":"","ast-site-content-layout":"","site-content-style":"default","site-sidebar-style":"default","ast-global-header-display":"","ast-banner-title-visibility":"","ast-main-header-display":"","ast-hfb-above-header-display":"","ast-hfb-below-header-display":"","ast-hfb-mobile-header-display":"","site-post-title":"","ast-breadcrumbs-content":"","ast-featured-img":"","footer-sml-layout":"","theme-transparent-header-meta":"","adv-header-id-meta":"","stick-header-meta":"","header-above-stick-meta":"","header-main-stick-meta":"","header-below-stick-meta":"","astra-migrate-meta-layouts":"default","ast-page-background-enabled":"default","ast-page-background-meta":{"desktop":{"background-color":"var(--ast-global-color-4)","background-image":"","background-repeat":"repeat","background-position":"center center","background-size":"auto","background-attachment":"scroll","background-type":"","background-media":"","overlay-type":"","overlay-color":"","overlay-opacity":"","overlay-gradient":""},"tablet":{"background-color":"","background-image":"","background-repeat":"repeat","background-position":"center center","background-size":"auto","background-attachment":"scroll","background-type":"","background-media":"","overlay-type":"","overlay-color":"","overlay-opacity":"","overlay-gradient":""},"mobile":{"background-color":"","background-image":"","background-repeat":"repeat","background-position":"center center","background-size":"auto","background-attachment":"scroll","background-type":"","background-media":"","overlay-type":"","overlay-color":"","overlay-opacity":"","overlay-gradient":""}},"ast-content-background-meta":{"desktop":{"background-color":"var(--ast-global-color-5)","background-image":"","background-repeat":"repeat","background-position":"center center","background-size":"auto","background-attachment":"scroll","background-type":"","background-media":"","overlay-type":"","overlay-color":"","overlay-opacity":"","overlay-gradient":""},"tablet":{"background-color":"var(--ast-global-color-5)","background-image":"","background-repeat":"repeat","background-position":"center center","background-size":"auto","background-attachment":"scroll","background-type":"","background-media":"","overlay-type":"","overlay-color":"","overlay-opacity":"","overlay-gradient":""},"mobile":{"background-color":"var(--ast-global-color-5)","background-image":"","background-repeat":"repeat","background-position":"center center","background-size":"auto","background-attachment":"scroll","background-type":"","background-media":"","overlay-type":"","overlay-color":"","overlay-opacity":"","overlay-gradient":""}},"footnotes":""},"class_list":["post-38","page","type-page","status-publish","hentry"],"post_mailing_queue_ids":[],"_links":{"self":[{"href":"https:\/\/agora.xtec.cat\/esc-casserres\/wp-json\/wp\/v2\/pages\/38","targetHints":{"allow":["GET"]}}],"collection":[{"href":"https:\/\/agora.xtec.cat\/esc-casserres\/wp-json\/wp\/v2\/pages"}],"about":[{"href":"https:\/\/agora.xtec.cat\/esc-casserres\/wp-json\/wp\/v2\/types\/page"}],"author":[{"embeddable":true,"href":"https:\/\/agora.xtec.cat\/esc-casserres\/wp-json\/wp\/v2\/users\/1"}],"replies":[{"embeddable":true,"href":"https:\/\/agora.xtec.cat\/esc-casserres\/wp-json\/wp\/v2\/comments?post=38"}],"version-history":[{"count":3,"href":"https:\/\/agora.xtec.cat\/esc-casserres\/wp-json\/wp\/v2\/pages\/38\/revisions"}],"predecessor-version":[{"id":569,"href":"https:\/\/agora.xtec.cat\/esc-casserres\/wp-json\/wp\/v2\/pages\/38\/revisions\/569"}],"up":[{"embeddable":true,"href":"https:\/\/agora.xtec.cat\/esc-casserres\/wp-json\/wp\/v2\/pages\/5319"}],"wp:attachment":[{"href":"https:\/\/agora.xtec.cat\/esc-casserres\/wp-json\/wp\/v2\/media?parent=38"}],"curies":[{"name":"wp","href":"https:\/\/api.w.org\/{rel}","templated":true}]}}