{"id":26,"date":"2014-09-18T12:24:32","date_gmt":"2014-09-18T11:24:32","guid":{"rendered":"http:\/\/agora.xtec.cat\/esc-casserres\/?page_id=26"},"modified":"2026-04-17T10:29:43","modified_gmt":"2026-04-17T08:29:43","slug":"historia","status":"publish","type":"page","link":"https:\/\/agora.xtec.cat\/esc-casserres\/pagina-dinici-buida\/historia\/","title":{"rendered":"Hist\u00f2ria"},"content":{"rendered":"<h3 class=\"post-title entry-title\"><\/h3>\n<div id=\"post-body-6324915033048817134\" class=\"post-body entry-content\">La nostra escola \u00e9s una escola amb hist\u00f2ria&#8230;<\/p>\n<p>L&#8217;any 2007 va celebrar el 75 aniversari de la seva fundaci\u00f3 i es va\u00a0 publicar un fullet\u00f3 amb la seva hist\u00f2ria fins aquell moment.<br \/>\nSi voleu, aqu\u00ed\u00a0 el teniu\u00a0!!!<\/p><\/div>\n<div class=\"post-body entry-content\"><\/div>\n<div class=\"post-body entry-content\"><\/div>\n<h3 class=\"post-body entry-content\" style=\"text-align: center;\"><em><strong><a href=\"http:\/\/agora.xtec.cat\/esc-casserres\/wp-content\/uploads\/usu1738\/2014\/09\/hist\u00f2ria-per-penjar.pdf\">Hist\u00f2ria Escola Princesa L\u00e0scaris<\/a><\/strong><\/em><\/h3>\n<p>&nbsp;<\/p>\n<p>&nbsp;<\/p>\n","protected":false},"excerpt":{"rendered":"<p>La nostra escola \u00e9s una escola amb hist\u00f2ria&#8230; L&#8217;any 2007 va celebrar el 75 aniversari de la seva fundaci\u00f3 i es va\u00a0 publicar un fullet\u00f3 amb la seva hist\u00f2ria fins aquell moment. Si voleu, aqu\u00ed\u00a0 el teniu\u00a0!!! Hist\u00f2ria Escola Princesa L\u00e0scaris &nbsp; &nbsp;<\/p>\n","protected":false},"author":1,"featured_media":0,"parent":9,"menu_order":20,"comment_status":"closed","ping_status":"closed","template":"","meta":{"_bbp_topic_count":0,"_bbp_reply_count":0,"_bbp_total_topic_count":0,"_bbp_total_reply_count":0,"_bbp_voice_count":0,"_bbp_anonymous_reply_count":0,"_bbp_topic_count_hidden":0,"_bbp_reply_count_hidden":0,"_bbp_forum_subforum_count":0,"site-sidebar-layout":"default","site-content-layout":"","ast-site-content-layout":"","site-content-style":"default","site-sidebar-style":"default","ast-global-header-display":"","ast-banner-title-visibility":"","ast-main-header-display":"","ast-hfb-above-header-display":"","ast-hfb-below-header-display":"","ast-hfb-mobile-header-display":"","site-post-title":"","ast-breadcrumbs-content":"","ast-featured-img":"","footer-sml-layout":"","theme-transparent-header-meta":"","adv-header-id-meta":"","stick-header-meta":"","header-above-stick-meta":"","header-main-stick-meta":"","header-below-stick-meta":"","astra-migrate-meta-layouts":"default","ast-page-background-enabled":"default","ast-page-background-meta":{"desktop":{"background-color":"var(--ast-global-color-4)","background-image":"","background-repeat":"repeat","background-position":"center center","background-size":"auto","background-attachment":"scroll","background-type":"","background-media":"","overlay-type":"","overlay-color":"","overlay-opacity":"","overlay-gradient":""},"tablet":{"background-color":"","background-image":"","background-repeat":"repeat","background-position":"center center","background-size":"auto","background-attachment":"scroll","background-type":"","background-media":"","overlay-type":"","overlay-color":"","overlay-opacity":"","overlay-gradient":""},"mobile":{"background-color":"","background-image":"","background-repeat":"repeat","background-position":"center center","background-size":"auto","background-attachment":"scroll","background-type":"","background-media":"","overlay-type":"","overlay-color":"","overlay-opacity":"","overlay-gradient":""}},"ast-content-background-meta":{"desktop":{"background-color":"var(--ast-global-color-5)","background-image":"","background-repeat":"repeat","background-position":"center center","background-size":"auto","background-attachment":"scroll","background-type":"","background-media":"","overlay-type":"","overlay-color":"","overlay-opacity":"","overlay-gradient":""},"tablet":{"background-color":"var(--ast-global-color-5)","background-image":"","background-repeat":"repeat","background-position":"center center","background-size":"auto","background-attachment":"scroll","background-type":"","background-media":"","overlay-type":"","overlay-color":"","overlay-opacity":"","overlay-gradient":""},"mobile":{"background-color":"var(--ast-global-color-5)","background-image":"","background-repeat":"repeat","background-position":"center center","background-size":"auto","background-attachment":"scroll","background-type":"","background-media":"","overlay-type":"","overlay-color":"","overlay-opacity":"","overlay-gradient":""}},"footnotes":""},"class_list":["post-26","page","type-page","status-publish","hentry"],"post_mailing_queue_ids":[],"_links":{"self":[{"href":"https:\/\/agora.xtec.cat\/esc-casserres\/wp-json\/wp\/v2\/pages\/26","targetHints":{"allow":["GET"]}}],"collection":[{"href":"https:\/\/agora.xtec.cat\/esc-casserres\/wp-json\/wp\/v2\/pages"}],"about":[{"href":"https:\/\/agora.xtec.cat\/esc-casserres\/wp-json\/wp\/v2\/types\/page"}],"author":[{"embeddable":true,"href":"https:\/\/agora.xtec.cat\/esc-casserres\/wp-json\/wp\/v2\/users\/1"}],"replies":[{"embeddable":true,"href":"https:\/\/agora.xtec.cat\/esc-casserres\/wp-json\/wp\/v2\/comments?post=26"}],"version-history":[{"count":1,"href":"https:\/\/agora.xtec.cat\/esc-casserres\/wp-json\/wp\/v2\/pages\/26\/revisions"}],"predecessor-version":[{"id":525,"href":"https:\/\/agora.xtec.cat\/esc-casserres\/wp-json\/wp\/v2\/pages\/26\/revisions\/525"}],"up":[{"embeddable":true,"href":"https:\/\/agora.xtec.cat\/esc-casserres\/wp-json\/wp\/v2\/pages\/9"}],"wp:attachment":[{"href":"https:\/\/agora.xtec.cat\/esc-casserres\/wp-json\/wp\/v2\/media?parent=26"}],"curies":[{"name":"wp","href":"https:\/\/api.w.org\/{rel}","templated":true}]}}