{"id":764,"date":"2018-06-01T08:49:14","date_gmt":"2018-06-01T06:49:14","guid":{"rendered":"http:\/\/agora.xtec.cat\/esc-carlit\/?page_id=764"},"modified":"2026-02-26T08:37:42","modified_gmt":"2026-02-26T07:37:42","slug":"frase-inicial-jorge-wagensberg","status":"publish","type":"page","link":"https:\/\/agora.xtec.cat\/esc-carlit\/","title":{"rendered":"BENVINGUTS I BENVINGUDES!"},"content":{"rendered":"<p style=\"text-align: center;\"><span style=\"text-decoration: underline;\"><strong>PREINSCRIPCI\u00d3 I MATR\u00cdCULA CURS 2026-2027<\/strong><\/span><\/p>\n<p>Al seg\u00fcent enlla\u00e7 hi trobareu tota la informaci\u00f3 sobre el <a href=\"https:\/\/agora.xtec.cat\/esc-carlit\/informacio-preinscripcio-i-matricula-curs-2026-2027\/\">proc\u00e9s de preinscripci\u00f3<\/a> pel curs 2026-2027.<\/p>\n<p><img loading=\"lazy\" decoding=\"async\" class=\"aligncenter\" src=\"https:\/\/agora.xtec.cat\/ceipstamargarida\/wp-content\/uploads\/usu106\/2026\/02\/Preinscripcio_baners.jpg\" alt=\"PREINSCRIPCI\u00d3 ESCOLAR 2026-2027\" width=\"300\" height=\"235\" \/><\/p>\n","protected":false},"excerpt":{"rendered":"<p>PREINSCRIPCI\u00d3 I MATR\u00cdCULA CURS 2026-2027 Al seg\u00fcent enlla\u00e7 hi trobareu tota la informaci\u00f3 sobre el proc\u00e9s de preinscripci\u00f3 pel curs 2026-2027.<\/p>\n","protected":false},"author":1,"featured_media":0,"parent":0,"menu_order":0,"comment_status":"closed","ping_status":"closed","template":"","meta":{"_bbp_topic_count":0,"_bbp_reply_count":0,"_bbp_total_topic_count":0,"_bbp_total_reply_count":0,"_bbp_voice_count":0,"_bbp_anonymous_reply_count":0,"_bbp_topic_count_hidden":0,"_bbp_reply_count_hidden":0,"_bbp_forum_subforum_count":0,"site-sidebar-layout":"default","site-content-layout":"","ast-site-content-layout":"default","site-content-style":"default","site-sidebar-style":"default","ast-global-header-display":"","ast-banner-title-visibility":"","ast-main-header-display":"","ast-hfb-above-header-display":"","ast-hfb-below-header-display":"","ast-hfb-mobile-header-display":"","site-post-title":"","ast-breadcrumbs-content":"","ast-featured-img":"","footer-sml-layout":"","theme-transparent-header-meta":"default","adv-header-id-meta":"","stick-header-meta":"","header-above-stick-meta":"","header-main-stick-meta":"","header-below-stick-meta":"","astra-migrate-meta-layouts":"set","ast-page-background-enabled":"default","ast-page-background-meta":{"desktop":{"background-color":"var(--ast-global-color-4)","background-image":"","background-repeat":"repeat","background-position":"center center","background-size":"auto","background-attachment":"scroll","background-type":"","background-media":"","overlay-type":"","overlay-color":"","overlay-opacity":"","overlay-gradient":""},"tablet":{"background-color":"","background-image":"","background-repeat":"repeat","background-position":"center center","background-size":"auto","background-attachment":"scroll","background-type":"","background-media":"","overlay-type":"","overlay-color":"","overlay-opacity":"","overlay-gradient":""},"mobile":{"background-color":"","background-image":"","background-repeat":"repeat","background-position":"center center","background-size":"auto","background-attachment":"scroll","background-type":"","background-media":"","overlay-type":"","overlay-color":"","overlay-opacity":"","overlay-gradient":""}},"ast-content-background-meta":{"desktop":{"background-color":"var(--ast-global-color-5)","background-image":"","background-repeat":"repeat","background-position":"center center","background-size":"auto","background-attachment":"scroll","background-type":"","background-media":"","overlay-type":"","overlay-color":"","overlay-opacity":"","overlay-gradient":""},"tablet":{"background-color":"var(--ast-global-color-5)","background-image":"","background-repeat":"repeat","background-position":"center center","background-size":"auto","background-attachment":"scroll","background-type":"","background-media":"","overlay-type":"","overlay-color":"","overlay-opacity":"","overlay-gradient":""},"mobile":{"background-color":"var(--ast-global-color-5)","background-image":"","background-repeat":"repeat","background-position":"center center","background-size":"auto","background-attachment":"scroll","background-type":"","background-media":"","overlay-type":"","overlay-color":"","overlay-opacity":"","overlay-gradient":""}},"footnotes":""},"class_list":["post-764","page","type-page","status-publish","hentry"],"post_mailing_queue_ids":[],"_links":{"self":[{"href":"https:\/\/agora.xtec.cat\/esc-carlit\/wp-json\/wp\/v2\/pages\/764","targetHints":{"allow":["GET"]}}],"collection":[{"href":"https:\/\/agora.xtec.cat\/esc-carlit\/wp-json\/wp\/v2\/pages"}],"about":[{"href":"https:\/\/agora.xtec.cat\/esc-carlit\/wp-json\/wp\/v2\/types\/page"}],"author":[{"embeddable":true,"href":"https:\/\/agora.xtec.cat\/esc-carlit\/wp-json\/wp\/v2\/users\/1"}],"replies":[{"embeddable":true,"href":"https:\/\/agora.xtec.cat\/esc-carlit\/wp-json\/wp\/v2\/comments?post=764"}],"version-history":[{"count":8,"href":"https:\/\/agora.xtec.cat\/esc-carlit\/wp-json\/wp\/v2\/pages\/764\/revisions"}],"predecessor-version":[{"id":9190,"href":"https:\/\/agora.xtec.cat\/esc-carlit\/wp-json\/wp\/v2\/pages\/764\/revisions\/9190"}],"wp:attachment":[{"href":"https:\/\/agora.xtec.cat\/esc-carlit\/wp-json\/wp\/v2\/media?parent=764"}],"curies":[{"name":"wp","href":"https:\/\/api.w.org\/{rel}","templated":true}]}}