{"id":5336,"date":"2021-11-16T16:21:30","date_gmt":"2021-11-16T15:21:30","guid":{"rendered":"https:\/\/agora.xtec.cat\/esc-carlit\/?page_id=5336"},"modified":"2023-07-12T14:16:59","modified_gmt":"2023-07-12T12:16:59","slug":"consell-de-families-delegades","status":"publish","type":"page","link":"https:\/\/agora.xtec.cat\/esc-carlit\/comunitat\/ambits-de-participacio-i-collaboracio\/consell-de-families-delegades\/","title":{"rendered":"Consell de fam\u00edlies delegades"},"content":{"rendered":"<p>Els delegats i delegades de grup s\u00f3n representants de curs <span style=\"font-weight: 400;\">que exerceixen el paper d&#8217;enlla\u00e7 entre les fam\u00edlies d\u2019un grup-classe, el tutor o tutora del grup i l\u2019Equip Directiu de l\u2019escola.<\/span><\/p>\n<p><span style=\"font-weight: 400;\">Les <strong>funcions<\/strong> que desenvolupen s\u00f3n les seg\u00fcents:<\/span><\/p>\n<ul>\n<li style=\"font-weight: 400;\" aria-level=\"1\"><span style=\"font-weight: 400;\">Fer d\u2019enlla\u00e7 entre el tutor o tutora i les fam\u00edlies del grup en temes d\u2019inter\u00e8s pel grup.<\/span><\/li>\n<li style=\"font-weight: 400;\" aria-level=\"1\"><span style=\"font-weight: 400;\">Detectar inquietuds i\/o necessitats de les fam\u00edlies en relaci\u00f3 amb el centre i fer d\u2019enlla\u00e7 entre l\u2019Equip Directiu i les fam\u00edlies.<\/span><\/li>\n<li style=\"font-weight: 400;\" aria-level=\"1\"><span style=\"font-weight: 400;\">Traspassar informaci\u00f3 que el tutor necessiti fer arribar a les fam\u00edlies.<\/span><\/li>\n<li style=\"font-weight: 400;\" aria-level=\"1\"><span style=\"font-weight: 400;\">Fer crides de col\u00b7laboraci\u00f3.<\/span><\/li>\n<li style=\"font-weight: 400;\" aria-level=\"1\"><span style=\"font-weight: 400;\">Promoure els canals de comunicaci\u00f3 del centre i el seu bon \u00fas.<\/span><\/li>\n<li style=\"font-weight: 400;\" aria-level=\"1\"><span style=\"font-weight: 400;\">Motivar i dinamitzar els pares, mares i\/o tutors\/es legals i afavorir que participin en activitats organitzades pel centre, AFA o les fam\u00edlies.<\/span><\/li>\n<li style=\"font-weight: 400;\" aria-level=\"1\"><span style=\"font-weight: 400;\">Acollir les noves fam\u00edlies que s\u2019incorporin al grup-classe i ajudar-les en el seu proc\u00e9s d\u2019inclusi\u00f3 en la comunitat educativa.<\/span><\/li>\n<li style=\"font-weight: 400;\" aria-level=\"1\"><span style=\"font-weight: 400;\">Promoure accions cohesionadores entre les fam\u00edlies del grup-classe.<\/span><\/li>\n<li style=\"font-weight: 400;\" aria-level=\"1\"><span style=\"font-weight: 400;\">Assistir a les reunions de consell de fam\u00edlies delegades que es convoquin i traspassar la informaci\u00f3 que se&#8217;n derivi de les trobades a la resta de fam\u00edlies del grup.<\/span><\/li>\n<\/ul>\n<p><span style=\"font-weight: 400;\">La totalitat dels delegats i delegades de cada grup formen el <strong>Consell de Fam\u00edlies Delegades<\/strong> i es reuneixen peri\u00f2dicament amb l\u2019Equip Directiu per tractar les necessitats i realitats de cada grup, aix\u00ed com tem\u00e0tiques que necessiten un tractament transversal. <\/span><\/p>\n<p><span style=\"font-weight: 400;\">Es busca aix\u00ed obtenir un feedback m\u00e9s continu amb les fam\u00edlies de l\u2019escola i poder donar millor resposta als canals de comunicaci\u00f3 establerts per tal d\u2019oferir m\u00e9s vies d\u2019acc\u00e9s a la informaci\u00f3 referent a l\u2019escola. <\/span><\/p>\n<p>S\u00f3n fam\u00edlies delegades del curs 23\/24:<\/p>\n<ul>\n<li><strong>Tramuntana<\/strong>:<\/li>\n<li><strong>Migjorn<\/strong>:<\/li>\n<li><strong>Ponent<\/strong>:<\/li>\n<li><strong>Llevant<\/strong>:<\/li>\n<li><strong>1r<\/strong>:<\/li>\n<li><strong>2n<\/strong>:<\/li>\n<li><strong>3r<\/strong>:<\/li>\n<li><strong>4t<\/strong>:<\/li>\n<li><strong>5\u00e8<\/strong>:<\/li>\n<li><strong>6\u00e8<\/strong>:<\/li>\n<\/ul>\n<p><strong>NORMATIVA DE REFER\u00c8NCIA<\/strong><\/p>\n<ul>\n<li>Decret 102\/2010, de 3 d\u2019agost, d\u2019autonomia dels centres educatius (DOGC n\u00fam. 5686, de 5.8.2010).<\/li>\n<li>Llei 12\/2009, del 10 de juliol, d\u2019educaci\u00f3 (DOGC n\u00fam. 5422, 16.7.2009).<\/li>\n<li>Llei org\u00e0nica 2\/2006, de 3 de maig, d\u2019educaci\u00f3 (BOE n\u00fam. 106, de 4.5.2006).<\/li>\n<\/ul>\n","protected":false},"excerpt":{"rendered":"<p>Els delegats i delegades de grup s\u00f3n representants de curs que exerceixen el paper d&#8217;enlla\u00e7 entre les fam\u00edlies d\u2019un grup-classe, el tutor o tutora del grup i l\u2019Equip Directiu de l\u2019escola. Les funcions que desenvolupen s\u00f3n les seg\u00fcents: Fer d\u2019enlla\u00e7 entre el tutor o tutora i les fam\u00edlies del grup en temes d\u2019inter\u00e8s pel grup. [&hellip;]<\/p>\n","protected":false},"author":1,"featured_media":0,"parent":5325,"menu_order":0,"comment_status":"closed","ping_status":"closed","template":"page-templates\/side-menu.php","meta":{"_bbp_topic_count":0,"_bbp_reply_count":0,"_bbp_total_topic_count":0,"_bbp_total_reply_count":0,"_bbp_voice_count":0,"_bbp_anonymous_reply_count":0,"_bbp_topic_count_hidden":0,"_bbp_reply_count_hidden":0,"_bbp_forum_subforum_count":0,"site-sidebar-layout":"default","site-content-layout":"","ast-site-content-layout":"","site-content-style":"default","site-sidebar-style":"default","ast-global-header-display":"","ast-banner-title-visibility":"","ast-main-header-display":"","ast-hfb-above-header-display":"","ast-hfb-below-header-display":"","ast-hfb-mobile-header-display":"","site-post-title":"","ast-breadcrumbs-content":"","ast-featured-img":"","footer-sml-layout":"","theme-transparent-header-meta":"","adv-header-id-meta":"","stick-header-meta":"","header-above-stick-meta":"","header-main-stick-meta":"","header-below-stick-meta":"","astra-migrate-meta-layouts":"default","ast-page-background-enabled":"default","ast-page-background-meta":{"desktop":{"background-color":"var(--ast-global-color-4)","background-image":"","background-repeat":"repeat","background-position":"center center","background-size":"auto","background-attachment":"scroll","background-type":"","background-media":"","overlay-type":"","overlay-color":"","overlay-opacity":"","overlay-gradient":""},"tablet":{"background-color":"","background-image":"","background-repeat":"repeat","background-position":"center center","background-size":"auto","background-attachment":"scroll","background-type":"","background-media":"","overlay-type":"","overlay-color":"","overlay-opacity":"","overlay-gradient":""},"mobile":{"background-color":"","background-image":"","background-repeat":"repeat","background-position":"center center","background-size":"auto","background-attachment":"scroll","background-type":"","background-media":"","overlay-type":"","overlay-color":"","overlay-opacity":"","overlay-gradient":""}},"ast-content-background-meta":{"desktop":{"background-color":"var(--ast-global-color-5)","background-image":"","background-repeat":"repeat","background-position":"center center","background-size":"auto","background-attachment":"scroll","background-type":"","background-media":"","overlay-type":"","overlay-color":"","overlay-opacity":"","overlay-gradient":""},"tablet":{"background-color":"var(--ast-global-color-5)","background-image":"","background-repeat":"repeat","background-position":"center center","background-size":"auto","background-attachment":"scroll","background-type":"","background-media":"","overlay-type":"","overlay-color":"","overlay-opacity":"","overlay-gradient":""},"mobile":{"background-color":"var(--ast-global-color-5)","background-image":"","background-repeat":"repeat","background-position":"center center","background-size":"auto","background-attachment":"scroll","background-type":"","background-media":"","overlay-type":"","overlay-color":"","overlay-opacity":"","overlay-gradient":""}},"footnotes":""},"class_list":["post-5336","page","type-page","status-publish","hentry"],"post_mailing_queue_ids":[],"_links":{"self":[{"href":"https:\/\/agora.xtec.cat\/esc-carlit\/wp-json\/wp\/v2\/pages\/5336","targetHints":{"allow":["GET"]}}],"collection":[{"href":"https:\/\/agora.xtec.cat\/esc-carlit\/wp-json\/wp\/v2\/pages"}],"about":[{"href":"https:\/\/agora.xtec.cat\/esc-carlit\/wp-json\/wp\/v2\/types\/page"}],"author":[{"embeddable":true,"href":"https:\/\/agora.xtec.cat\/esc-carlit\/wp-json\/wp\/v2\/users\/1"}],"replies":[{"embeddable":true,"href":"https:\/\/agora.xtec.cat\/esc-carlit\/wp-json\/wp\/v2\/comments?post=5336"}],"version-history":[{"count":4,"href":"https:\/\/agora.xtec.cat\/esc-carlit\/wp-json\/wp\/v2\/pages\/5336\/revisions"}],"predecessor-version":[{"id":7370,"href":"https:\/\/agora.xtec.cat\/esc-carlit\/wp-json\/wp\/v2\/pages\/5336\/revisions\/7370"}],"up":[{"embeddable":true,"href":"https:\/\/agora.xtec.cat\/esc-carlit\/wp-json\/wp\/v2\/pages\/5325"}],"wp:attachment":[{"href":"https:\/\/agora.xtec.cat\/esc-carlit\/wp-json\/wp\/v2\/media?parent=5336"}],"curies":[{"name":"wp","href":"https:\/\/api.w.org\/{rel}","templated":true}]}}