{"id":3933,"date":"2020-05-04T16:37:23","date_gmt":"2020-05-04T14:37:23","guid":{"rendered":"http:\/\/agora.xtec.cat\/esc-carlit\/?page_id=3933"},"modified":"2020-06-24T12:43:18","modified_gmt":"2020-06-24T10:43:18","slug":"reptes","status":"publish","type":"page","link":"https:\/\/agora.xtec.cat\/esc-carlit\/reptes\/","title":{"rendered":"REPTES CIENT\u00cdFICS"},"content":{"rendered":"<p>Durant aquests dies de confinament a casa, diferents infants ens han fet arribar els reptes\/experiments que hav\u00edem proposat des de l&#8217;escola.<\/p>\n<p>Aqu\u00ed els podeu veure:<\/p>\n<p style=\"text-align: center;\"><strong>EXPERIMENT 1<\/strong><\/p>\n<table style=\"width: 885px;\">\n<tbody>\n<tr>\n<td style=\"width: 196px; text-align: center;\"><a href=\"https:\/\/drive.google.com\/open?id=1w1NAC6i2ETzD_R71-NVFfd3fsQNT_b1k\">ALEJANDRO<\/a> (3R)<\/td>\n<td style=\"width: 224px; text-align: center;\"><a href=\"https:\/\/drive.google.com\/open?id=1ouKj0e-2RA3LSlQgGQsLmWa_hrzA8qft\">ARIADNA<\/a> (3R)<\/td>\n<td style=\"width: 233px; text-align: center;\"><a href=\"https:\/\/drive.google.com\/open?id=1ukGBdGFPgQtDl4m3CndVs0VmTSGZq5Ev\">BETH<\/a> (1R)<\/td>\n<td style=\"width: 220px; text-align: center;\"><a href=\"https:\/\/drive.google.com\/open?id=1lIq8QEmq4oCE6OIc1QnFGZIxedtLc9dS\">BIEL G.<\/a> (3R)<\/td>\n<\/tr>\n<tr>\n<td style=\"width: 196px; text-align: center;\"><a href=\"https:\/\/drive.google.com\/open?id=1aLDxvUvyFgq_lhJYndzezH6XFePjXNF1\">SIMONE<\/a> (2N)<\/td>\n<td style=\"width: 224px; text-align: center;\"><a href=\"https:\/\/drive.google.com\/open?id=1HgOGsCnJFGSd4BSViY5X9t7XbaLbD_0o\">SIMON<\/a> (5\u00c8)<\/td>\n<td style=\"width: 233px; text-align: center;\"><a href=\"https:\/\/drive.google.com\/open?id=1Xp0psvsED_OE4nWASSRQBd5lKb_sh76s\">FABIO<\/a> (5\u00c8)<\/td>\n<td style=\"width: 220px; text-align: center;\"><a href=\"https:\/\/drive.google.com\/open?id=1rYZMtB72CxCFPALhGk-r8HZSs2sFkSsP\">MARIA<\/a> (3R)<\/td>\n<\/tr>\n<tr>\n<td style=\"width: 196px; text-align: center;\"><a href=\"https:\/\/drive.google.com\/open?id=1emN1EqY2W4_TN_PedhShiWz9nivIZ1PQ\">JOSEP<\/a> (5\u00c8) <a href=\"https:\/\/drive.google.com\/open?id=1j-mSQdqRpJXG5QOGHYuvsnNeHcsVz5n3\">1<\/a> i <a href=\"https:\/\/drive.google.com\/open?id=153ppwL125BToMHeH-QIMf8DfwFCROq1Q\">2<\/a><\/td>\n<td style=\"width: 224px; text-align: center;\">MATIAS (5\u00c8) <a href=\"https:\/\/drive.google.com\/open?id=1FCQEx2lnNBt0xfRq2VEDFVBOiYBXxxts\">1<\/a> i <a href=\"https:\/\/drive.google.com\/open?id=1N4k2d40OpRy8DlBUIm7pCzDjUX8uaSEQ\">2<\/a><\/td>\n<td style=\"width: 233px; text-align: center;\"><a href=\"https:\/\/drive.google.com\/open?id=1hQJgxrm41xre4smyh9b1LiRwz6AOvdfA\">BERNAT<\/a> (4T)<\/td>\n<td style=\"width: 220px; text-align: center;\"><a href=\"https:\/\/drive.google.com\/open?id=1S_TamL9DDXlXwdFUl5IM50YXEW_p3EUh\">BERNAT I AM\u00c8LIA<\/a> (4T i 1R)<\/td>\n<\/tr>\n<tr>\n<td style=\"width: 196px; text-align: center;\"><a href=\"https:\/\/drive.google.com\/open?id=1tUv9ru0gdP2coZxKDLm-O5g2MtW1PU1p\">HELENA<\/a> (3R)<\/td>\n<td style=\"width: 224px; text-align: center;\"><a href=\"https:\/\/drive.google.com\/open?id=1hp3eTLtCjrP0W2zPu7sBkBBc1XAeF8bQ\">JOANA<\/a> (3R)<\/td>\n<td style=\"width: 233px; text-align: center;\"><a href=\"https:\/\/drive.google.com\/open?id=1HXxHslPNbcxsOR7-Q_7taOVHd_RzXSh_\">OL\u00cdVIA<\/a> (3R)<\/td>\n<td style=\"width: 220px; text-align: center;\"><a href=\"https:\/\/drive.google.com\/open?id=1tRtx_qnmCUknFDY4PuKBGVp-mRHpAXN6\">MIQUEL<\/a> (1R)<\/td>\n<\/tr>\n<tr>\n<td style=\"width: 196px; text-align: center;\"><a href=\"https:\/\/drive.google.com\/open?id=1urj_Gl7ZyhQ8TwspiJPh-dDSQ6l4b7oz\">ERIC<\/a> (5\u00c8)<\/td>\n<td style=\"width: 224px; text-align: center;\"><a href=\"https:\/\/drive.google.com\/open?id=1wn_bjhY0Fx3tNLsCsT9jtwkmRYweqKcJ\">ELIOT<\/a> (1R)<\/td>\n<td style=\"width: 233px; text-align: center;\"><a href=\"https:\/\/drive.google.com\/open?id=1oXHPF49hz8RvLhqtbTufgetqbQD6bTpk\">BRUNO<\/a> (2N)<\/td>\n<td style=\"width: 220px; text-align: center;\"><\/td>\n<\/tr>\n<\/tbody>\n<\/table>\n<p style=\"text-align: center;\"><strong>EXPERIMENT 2<\/strong><\/p>\n<table style=\"width: 881px; height: 155px;\">\n<tbody>\n<tr style=\"height: 31px;\">\n<td style=\"width: 197px; text-align: center; height: 31px;\"><a href=\"https:\/\/drive.google.com\/file\/d\/1iidQKCL3GM5lRKjvbTkMLFNO7cbGugK_\/view?usp=sharing\">AINHOA<\/a> (2N) <a href=\"https:\/\/drive.google.com\/file\/d\/1IymalsbW4_X2Jr3AscbaUKCNv3o-HeJA\/view?usp=sharing\">1<\/a> i <a href=\"https:\/\/drive.google.com\/file\/d\/17xvG7Mc3EH17j8IMnPZAs3uBoVck-KPt\/view?usp=sharing\">2<\/a><\/td>\n<td style=\"width: 227px; text-align: center; height: 31px;\"><a href=\"https:\/\/drive.google.com\/file\/d\/1GZUl2R19BjeFU1rblfr-vDWsFfVUGA3u\/view?usp=sharing\">\u00c0LEX<\/a> (5\u00c8) <a href=\"https:\/\/drive.google.com\/file\/d\/1NBGemO0r2dkJlUOnyYxoJ2qB6KWEPeKo\/view?usp=sharing\">1<\/a><\/td>\n<td style=\"width: 235px; text-align: center; height: 31px;\"><a href=\"https:\/\/drive.google.com\/file\/d\/1ophRJtPSz2Y3N64-M__x8PfVzKmWbCzw\/view?usp=sharing\">SIMONE<\/a> (2N)<\/td>\n<td style=\"width: 210px; text-align: center; height: 31px;\"><a href=\"https:\/\/drive.google.com\/file\/d\/134ObXOUrXBvmx1lAGAfBvLETKZkEuUUu\/view?usp=sharing\">HELENA<\/a> (3R)<\/td>\n<\/tr>\n<tr style=\"height: 31px;\">\n<td style=\"width: 197px; text-align: center; height: 31px;\"><a href=\"https:\/\/drive.google.com\/file\/d\/1GkKdX-jyQfgWB1VUXCsZgVR6bzaar2Gy\/view?usp=sharing\">IKER<\/a> (2N)<\/td>\n<td style=\"width: 227px; text-align: center; height: 31px;\"><a href=\"https:\/\/drive.google.com\/file\/d\/1GC_EfwZ_KcnZgZUjCEZYK4EhmBvaVSQU\/view?usp=sharing\">NILS<\/a> (4T) <a href=\"https:\/\/drive.google.com\/file\/d\/12bqXG2xHrIibvkQYpoIttiZNRbiF0ncW\/view?usp=sharing\">1<\/a><\/td>\n<td style=\"width: 235px; text-align: center; height: 31px;\"><a href=\"https:\/\/drive.google.com\/file\/d\/1lgT2zJhHAgea_gkOMHxOvaTG-ULzJFZp\/view?usp=sharing\">JOANA<\/a> (3R)<\/td>\n<td style=\"width: 210px; text-align: center; height: 31px;\"><a href=\"https:\/\/drive.google.com\/file\/d\/1f707-8M9uvOEy0HqYs_d98jmYqDEDH5r\/view?usp=sharing\">JOSEP<\/a> (5\u00c8)<\/td>\n<\/tr>\n<tr style=\"height: 31px;\">\n<td style=\"width: 197px; text-align: center; height: 31px;\"><a href=\"https:\/\/drive.google.com\/file\/d\/1WdgvJYtHxtkHMbbD6ZxuK8NujcE7pfsD\/view?usp=sharing\">ZOE<\/a> (3R)<\/td>\n<td style=\"width: 227px; text-align: center; height: 31px;\"><a href=\"https:\/\/drive.google.com\/file\/d\/1XVRsNHGVpMi2zYUni63YMsg3RvMvUR4x\/view?usp=sharing\">LUCA<\/a> (2N)<\/td>\n<td style=\"width: 235px; text-align: center; height: 31px;\"><a href=\"https:\/\/drive.google.com\/file\/d\/1gQdmTUAq-JVTd9iaDfHesTujo7c3cODV\/view?usp=sharing\">MARIA<\/a> (3R)<\/td>\n<td style=\"width: 210px; text-align: center; height: 31px;\"><a href=\"https:\/\/drive.google.com\/file\/d\/1wI5kPNvx3dPAE0QLvCqYK6tyWI_oCTE5\/view?usp=sharing\">NORA S.<\/a> (5\u00c8)<\/td>\n<\/tr>\n<tr style=\"height: 31px;\">\n<td style=\"width: 197px; text-align: center; height: 31px;\"><a href=\"https:\/\/drive.google.com\/file\/d\/1qDwFu3FnY-PLuVvQ1zYFKPmnWL19QPmb\/view?usp=sharing\">PAULA<\/a> (2N) <a href=\"https:\/\/drive.google.com\/file\/d\/17nmG7wOycJlMDQoZa02zOujYxyWLv8XA\/view?usp=sharing\">1<\/a> i <a href=\"https:\/\/drive.google.com\/file\/d\/1LjviiBlP-IgHYKRIbnJIhA8qu_eF24-M\/view?usp=sharing\">2<\/a><\/td>\n<td style=\"width: 227px; text-align: center; height: 31px;\"><a href=\"https:\/\/drive.google.com\/file\/d\/1S8zuTy4SzKKBt632XZqUYfn3xkJebqPx\/view?usp=sharing\">SIMON<\/a> (5\u00c8) <a href=\"https:\/\/drive.google.com\/file\/d\/1uUw7MXqvT8hCm4Gc8VvuLS41zPGy0vIC\/view?usp=sharing\">1<\/a> i <a href=\"https:\/\/drive.google.com\/file\/d\/1zUntAL-iMsrQpiZFzj4bjrdVHXklYXRh\/view?usp=sharing\">2\u00a0<\/a><\/td>\n<td style=\"width: 235px; text-align: center; height: 31px;\"><a href=\"https:\/\/drive.google.com\/file\/d\/1KKLouS6PTXVhytigtvu27B1UUKLZoCre\/view?usp=sharing\">POL<\/a> (2N)<\/td>\n<td style=\"width: 210px; text-align: center; height: 31px;\"><a href=\"https:\/\/drive.google.com\/file\/d\/1Tuk0WKCJkfprJ1e6GJfClMphU2dyvbDo\/view?usp=sharing\">ERIC<\/a> (5\u00c8)<\/td>\n<\/tr>\n<tr style=\"height: 31px;\">\n<td style=\"width: 197px; text-align: center; height: 31px;\"><a href=\"https:\/\/drive.google.com\/file\/d\/1LrmmkL0jO5e9TFDbP4sW8GkQv-eeH4P9\/view?usp=sharing\">NAT\u00c0LIA I JUDIT<\/a> (3R i 5\u00c8)<\/td>\n<td style=\"width: 227px; text-align: center; height: 31px;\"><\/td>\n<td style=\"width: 235px; text-align: center; height: 31px;\"><\/td>\n<td style=\"width: 210px; text-align: center; height: 31px;\"><\/td>\n<\/tr>\n<\/tbody>\n<\/table>\n<p style=\"text-align: center;\"><strong>EXPERIMENT 3<\/strong><\/p>\n<table style=\"height: 155px;\">\n<tbody>\n<tr style=\"height: 31px;\">\n<td style=\"width: 197px; text-align: center; height: 31px;\"><a href=\"https:\/\/drive.google.com\/file\/d\/1spIDlDo3ULGvA2s_m0-FXnYeVWAdrPeb\/view?usp=sharing\">BRUNO<\/a> (2N)<\/td>\n<td style=\"width: 227px; text-align: center; height: 31px;\"><a href=\"https:\/\/drive.google.com\/file\/d\/1bhDGYMdvuq1plI7J02XWhHZ458N0oKKS\/view?usp=sharing\">ARIADNA<\/a> (1R) <a href=\"https:\/\/drive.google.com\/file\/d\/1PflRn1CTqiCEcRiRV3Y-CtfkaKkwpyO6\/view?usp=sharing\">1<\/a>, <a href=\"https:\/\/drive.google.com\/file\/d\/1Qtt3ieAFB6raap6T_mLj5n15JEJp4ooi\/view?usp=sharing\">2<\/a> i <a href=\"https:\/\/drive.google.com\/file\/d\/1NXyH9BRonDJsjNlbmrKJRRzvZ_RfOp9-\/view?usp=sharing\">3<\/a><\/td>\n<td style=\"width: 235px; text-align: center; height: 31px;\"><a href=\"https:\/\/drive.google.com\/file\/d\/1lmkBs8vQ8qGKvqRwoke8kO0n8nzw17IM\/view?usp=sharing\">J\u00daLIA<\/a> (1R)<\/td>\n<td style=\"width: 210px; text-align: center; height: 31px;\"><a href=\"https:\/\/drive.google.com\/file\/d\/1G8XTQ3JnDkz23Yh-d9t-jaendcxxxGgM\/view?usp=sharing\">ROC<\/a> (1R) i <a href=\"https:\/\/drive.google.com\/file\/d\/1TrB8rHWxDLF1u8w11WPMRX_s5VXyecv9\/view?usp=sharing\">1<\/a><\/td>\n<\/tr>\n<tr style=\"height: 31px;\">\n<td style=\"width: 197px; text-align: center; height: 31px;\"><a href=\"https:\/\/drive.google.com\/file\/d\/1HradtTGiQ0km5-lZJY-BseeRquZkHhp7\/view?usp=sharing\">FABIO<\/a> (5\u00c8)<\/td>\n<td style=\"width: 227px; text-align: center; height: 31px;\"><a href=\"https:\/\/drive.google.com\/file\/d\/12kb2SFDlJFjdXBzqhG92DMSccZecDM7Z\/view?usp=sharing\">HELENA<\/a> (3R)<\/td>\n<td style=\"width: 235px; text-align: center; height: 31px;\"><a href=\"https:\/\/drive.google.com\/file\/d\/1NykF8rjMJVrdxAIFRiMnGlKs6ZEtTY0-\/view?usp=sharing\">IKER<\/a> (2N) <a href=\"https:\/\/drive.google.com\/file\/d\/1uRF29stSO38RQK6UNZ0aax2zd2RWA3JJ\/view?usp=sharing\">1<\/a><\/td>\n<td style=\"width: 210px; text-align: center; height: 31px;\"><a href=\"https:\/\/drive.google.com\/file\/d\/1_lARQWAuQoEasz9HCEokvtmrWj18x2Qz\/view?usp=sharing\">JOANA<\/a> (3R)<\/td>\n<\/tr>\n<tr style=\"height: 31px;\">\n<td style=\"width: 197px; text-align: center; height: 31px;\"><a href=\"https:\/\/drive.google.com\/file\/d\/1fy0K98lvQ2f8kEpkkpBycvRpJdUkikaH\/view?usp=sharing\">MARIA<\/a> (3R)<\/td>\n<td style=\"width: 227px; text-align: center; height: 31px;\"><a href=\"https:\/\/drive.google.com\/file\/d\/1QbMCn29EtWt6_bd8S7cIpsbjUOT2oUhz\/view?usp=sharing\">PAULA<\/a> (2N)<\/td>\n<td style=\"width: 235px; text-align: center; height: 31px;\"><a href=\"https:\/\/drive.google.com\/file\/d\/1JYLhgGsh33uU9XrsdZadboA6Olw3mTsM\/view?usp=sharing\">NAHIA I POL<\/a> (4T I 2N)<\/td>\n<td style=\"width: 210px; text-align: center; height: 31px;\"><a href=\"https:\/\/drive.google.com\/file\/d\/1wgjqpBtmbfjiW9n5hjAOYwmXZmDg3U31\/view?usp=sharing\">ERIC<\/a> (5\u00c8)<\/td>\n<\/tr>\n<tr style=\"height: 31px;\">\n<td style=\"width: 197px; text-align: center; height: 31px;\"><a href=\"https:\/\/drive.google.com\/file\/d\/10QBtT2tAtM5ZfDJxv7TGjSGqzQ24Fi5k\/view?usp=sharing\">SIMONE<\/a> (2N)<\/td>\n<td style=\"width: 227px; text-align: center; height: 31px;\"><a href=\"https:\/\/drive.google.com\/file\/d\/1Aq6x_JCkItHWgMs0EvOrB1GeSfAkma-C\/view?usp=sharing\">MATEO<\/a> (5\u00c8)<\/td>\n<td style=\"width: 235px; text-align: center; height: 31px;\"><\/td>\n<td style=\"width: 210px; text-align: center; height: 31px;\"><\/td>\n<\/tr>\n<\/tbody>\n<\/table>\n<p style=\"text-align: center;\"><strong>EXPERIMENT 4<\/strong><\/p>\n<table>\n<tbody>\n<tr style=\"height: 31px;\">\n<td style=\"width: 197px; text-align: center; height: 31px;\"><a href=\"https:\/\/drive.google.com\/drive\/folders\/190G9q20lURN2c7JdPvm65xJgo6spVRkj?usp=sharing\">MARC I PAU<\/a> (2N)<\/td>\n<td style=\"width: 227px; text-align: center; height: 31px;\"><a href=\"https:\/\/drive.google.com\/file\/d\/1F5w-f2Rcx5Wg30xo0G0uED4MXbFjNCOv\/view?usp=sharing\">JOSEP<\/a> (5\u00c8)<\/td>\n<td style=\"width: 235px; text-align: center; height: 31px;\"><a href=\"https:\/\/drive.google.com\/file\/d\/1fFCxD1WMyxOIxBHy2Y-iq3DyEgqEmD3y\/view?usp=sharing\">ADAM<\/a> (2N) <a href=\"https:\/\/drive.google.com\/file\/d\/14l2xQyoG5aVYKD5zBcrg4L2RV8Moj7Xn\/view?usp=sharing\">1<\/a><\/td>\n<td style=\"width: 210px; text-align: center; height: 31px;\"><a href=\"https:\/\/drive.google.com\/file\/d\/1JuD2_SHAlnQwS4yYimkoPQB_QZgtbhm8\/view?usp=sharing\">AINHOA<\/a> (2N)<\/td>\n<\/tr>\n<tr style=\"height: 31px;\">\n<td style=\"width: 197px; text-align: center; height: 31px;\"><a href=\"https:\/\/drive.google.com\/file\/d\/1RxrjMnUC81Iu7ScEwFh7EYCxUD2u1zBA\/view?usp=sharing\">ERIC<\/a> (5\u00c8) <a href=\"https:\/\/drive.google.com\/file\/d\/1fAnhOqZpKj7h2iWA03ZjaIYdP9QiqVAS\/view?usp=sharing\">1<\/a> i <a href=\"https:\/\/drive.google.com\/file\/d\/1d-jeE_tahJtgsCbH9XPqbOSSTs67fTrg\/view?usp=sharing\">2<\/a><\/td>\n<td style=\"width: 227px; text-align: center; height: 31px;\"><a href=\"https:\/\/drive.google.com\/file\/d\/1uQ48NxRoHPXgqmOcVQOu_hPiRy9TyWyn\/view?usp=sharing\">ARIADNA<\/a> (1R)<\/td>\n<td style=\"width: 235px; text-align: center; height: 31px;\"><a href=\"https:\/\/drive.google.com\/file\/d\/11IGKJYFzcfJf3QlhOyYWzOORRs7uz5q1\/view?usp=sharing\">JAMIE<\/a> (1R)<\/td>\n<td style=\"width: 210px; text-align: center; height: 31px;\"><a href=\"https:\/\/drive.google.com\/file\/d\/1Y0C62L4CAsFsq9dFAllZaL1aYUZlLPIx\/view?usp=sharing\">JOANA<\/a> (1R)<\/td>\n<\/tr>\n<tr style=\"height: 31px;\">\n<td style=\"width: 197px; text-align: center; height: 31px;\"><a href=\"https:\/\/drive.google.com\/file\/d\/1eyYlW6fGf0fdDHb9tI5bao43v58k4Yqo\/view?usp=sharing\">HELENA<\/a> (3R)<\/td>\n<td style=\"width: 227px; text-align: center; height: 31px;\"><a href=\"https:\/\/drive.google.com\/file\/d\/1pVl2vE7leTlC-CaOozqZKQJ2OiMdr26M\/view?usp=sharing\">NAHIA I POL<\/a> (4T i 2N) <a href=\"https:\/\/drive.google.com\/file\/d\/1ygLSXLNKQgx0KVGiyQyRRE9kg9exrVT8\/view?usp=sharing\">1<\/a> i <a href=\"https:\/\/drive.google.com\/file\/d\/164pQrqVR594y7xFZ7WhnyAQQcaeBzhk8\/view?usp=sharing\">2<\/a><\/td>\n<td style=\"width: 235px; text-align: center; height: 31px;\"><a href=\"https:\/\/drive.google.com\/file\/d\/1yDcTW_qgnUZDiE94XBOviyyDQvsit3_M\/view?usp=sharing\">JOANA<\/a> (3R)<\/td>\n<td style=\"width: 210px; text-align: center; height: 31px;\"><a href=\"https:\/\/drive.google.com\/file\/d\/1fpfrKdX0YNCTr2qFoxAUho2e8ypm11yQ\/view?usp=sharing\">SIMONE<\/a> (2N)<\/td>\n<\/tr>\n<tr style=\"height: 31px;\">\n<td style=\"width: 197px; text-align: center; height: 31px;\"><a href=\"https:\/\/drive.google.com\/file\/d\/1N8YiJBXaTvvlDiR0TUgtSE5eErEBPHYQ\/view?usp=sharing\">LENA<\/a> (2N)<\/td>\n<td style=\"width: 227px; text-align: center; height: 31px;\"><a href=\"https:\/\/drive.google.com\/file\/d\/1t4Nm1hDqxadoKeSQiUhEFLc7LHJ5peF6\/view?usp=sharing\">MARIA<\/a> (3R)<\/td>\n<td style=\"width: 235px; text-align: center; height: 31px;\"><a href=\"https:\/\/drive.google.com\/file\/d\/1nqV8lgbNQCl3mknCvkxeJPZqkNoQbkFm\/view?usp=sharing\">SAMIRA I JASMINA<\/a> (5\u00c8)<\/td>\n<td style=\"width: 210px; text-align: center; height: 31px;\"><\/td>\n<\/tr>\n<\/tbody>\n<\/table>\n<p style=\"text-align: center;\"><strong>EXPERIMENT 5<\/strong><\/p>\n<table style=\"height: 124px;\">\n<tbody>\n<tr style=\"height: 31px;\">\n<td style=\"width: 197px; text-align: center; height: 31px;\"><a href=\"https:\/\/drive.google.com\/file\/d\/19azipPMr2zNT1-F4LUUGz8IxNdiSHKY7\/view?usp=sharing\">ADAM<\/a> (2N)<\/td>\n<td style=\"width: 227px; text-align: center; height: 31px;\"><a href=\"https:\/\/drive.google.com\/file\/d\/1vfRRYa5uGaLpLVc6Df9ffdkAQJ_MPVpu\/view?usp=sharing\">AINHOA<\/a> (2N)<\/td>\n<td style=\"width: 235px; text-align: center; height: 31px;\"><a href=\"https:\/\/drive.google.com\/file\/d\/1kJWLwPw0H3C1trYtrFmkX47PK0gsf_m3\/view?usp=sharing\">ERIC<\/a> (5\u00c8)<\/td>\n<td style=\"width: 210px; text-align: center; height: 31px;\"><a href=\"https:\/\/drive.google.com\/file\/d\/1OBieQ5pdKE5VmzmlZkiT2OteqIn6s1sH\/view?usp=sharing\">ARIADNA<\/a> (1R)<\/td>\n<\/tr>\n<tr style=\"height: 31px;\">\n<td style=\"width: 197px; text-align: center; height: 31px;\"><a href=\"https:\/\/drive.google.com\/file\/d\/1K5CXmYCtKXyK3ijeBZvOW3ZvQNNDE-j_\/view?usp=sharing\">ERIC<\/a> (5\u00c8)<\/td>\n<td style=\"width: 227px; text-align: center; height: 31px;\"><a href=\"https:\/\/drive.google.com\/file\/d\/1Dqr1057fG0YrjaCV3FhndZBnOpdgylJh\/view?usp=sharing\">BIEL G.<\/a> (3R)<\/td>\n<td style=\"width: 235px; text-align: center; height: 31px;\"><a href=\"https:\/\/drive.google.com\/file\/d\/1aKMETTB2xw_qo-hAdIKlP3-hOymBPDpB\/view?usp=sharing\">FABIO<\/a> (5\u00c8)<\/td>\n<td style=\"width: 210px; text-align: center; height: 31px;\"><a href=\"https:\/\/drive.google.com\/file\/d\/1_jpkw_5TkhDCuixSuLTRgmTQnVNok52S\/view?usp=sharing\">ITHAN<\/a> (5\u00c8)<\/td>\n<\/tr>\n<tr style=\"height: 31px;\">\n<td style=\"width: 197px; text-align: center; height: 31px;\"><a href=\"https:\/\/drive.google.com\/file\/d\/1JdawHeF5djFE2WAQQvqbR7RKlTbsvfMI\/view?usp=sharing\">2N<\/a><\/td>\n<td style=\"width: 227px; text-align: center; height: 31px;\"><a href=\"https:\/\/drive.google.com\/file\/d\/1On4njlV4_vN2UzsGf7e-ujnLqhw0ttTU\/view?usp=sharing\">PAULA<\/a> (2N) <a href=\"https:\/\/drive.google.com\/file\/d\/1NHtXlcaw97EoPEOM0VvtuijYzsawP9-P\/view?usp=sharing\">1<\/a><\/td>\n<td style=\"width: 235px; text-align: center; height: 31px;\"><a href=\"https:\/\/drive.google.com\/file\/d\/1BYCHLGiNH9R6Vd-kzsoGV9fxR8ILON3b\/view?usp=sharing\">UXUE<\/a> (3R)<\/td>\n<td style=\"width: 210px; text-align: center; height: 31px;\"><a href=\"https:\/\/drive.google.com\/file\/d\/16JtlleklCvmBOLGzofPtcxluqn7BkoFE\/view?usp=sharing\">SIMON<\/a> (5\u00c8)<\/td>\n<\/tr>\n<tr style=\"height: 31px;\">\n<td style=\"width: 197px; text-align: center; height: 31px;\"><a href=\"https:\/\/drive.google.com\/file\/d\/12Ku1vOqZITPl1vavjHUf4Rcetsr5Q_Sm\/view?usp=sharing\">NORA S.<\/a> (5\u00c8)<\/td>\n<td style=\"width: 227px; text-align: center; height: 31px;\"><\/td>\n<td style=\"width: 235px; text-align: center; height: 31px;\"><\/td>\n<td style=\"width: 210px; text-align: center; height: 31px;\"><\/td>\n<\/tr>\n<\/tbody>\n<\/table>\n<p style=\"text-align: center;\"><strong>EXPERIMENT 6<\/strong><\/p>\n<table>\n<tbody>\n<tr style=\"height: 31px;\">\n<td style=\"width: 197px; text-align: center; height: 31px;\"><a href=\"https:\/\/drive.google.com\/file\/d\/1NP8w4BDRIYBIi28L-SeWwVaSh0O657R7\/view?usp=sharing\">ERIC<\/a> (5\u00c8)<\/td>\n<td style=\"width: 227px; text-align: center; height: 31px;\"><a href=\"https:\/\/drive.google.com\/file\/d\/1u5q60dTeBlchZre2pXCfJHlYGCHzKQKK\/view?usp=sharing\">5\u00c8<\/a><\/td>\n<td style=\"width: 235px; text-align: center; height: 31px;\"><a href=\"https:\/\/drive.google.com\/file\/d\/1CifT91CrkqceMJh_13zvED--r72wE9lg\/view?usp=sharing\">SAMIRA I JASMINA<\/a> (5\u00c8)<\/td>\n<td style=\"width: 210px; text-align: center; height: 31px;\"><a href=\"https:\/\/drive.google.com\/file\/d\/1-PHZCSnRiyjvRUbnoqFDLVF50s-1BAJn\/view?usp=sharing\">LOU<\/a> (3R)<\/td>\n<\/tr>\n<tr style=\"height: 31px;\">\n<td style=\"width: 197px; text-align: center; height: 31px;\"><a href=\"https:\/\/drive.google.com\/file\/d\/1PRgbP6AltmSJgxvRFl9nFV2PMIez51yT\/view?usp=sharing\">SIMON<\/a> (5\u00c8)<\/td>\n<td style=\"width: 227px; text-align: center; height: 31px;\"><\/td>\n<td style=\"width: 235px; text-align: center; height: 31px;\"><\/td>\n<td style=\"width: 210px; text-align: center; height: 31px;\"><\/td>\n<\/tr>\n<\/tbody>\n<\/table>\n<p style=\"text-align: center;\"><strong>EXPERIMENT 7<\/strong><\/p>\n<table>\n<tbody>\n<tr style=\"height: 31px;\">\n<td style=\"width: 197px; text-align: center; height: 31px;\"><a href=\"https:\/\/drive.google.com\/file\/d\/1u3NBmf2edCWHxpdo-yW67IfoNNrwTcxJ\/view?usp=sharing\">ERIC<\/a> (5\u00c8)<\/td>\n<td style=\"width: 227px; text-align: center; height: 31px;\"><a href=\"https:\/\/drive.google.com\/file\/d\/1IxUwXdIlXQ1aewQQGjBLxQiN51LrrFf1\/view?usp=sharing\">JOSEP<\/a> (5\u00c8)<\/td>\n<td style=\"width: 235px; text-align: center; height: 31px;\"><a href=\"https:\/\/drive.google.com\/file\/d\/1v22e6-1YdqtJLSVS9zrNdeIt99Oq_QtO\/view?usp=sharing\">SAMIRA I JASMINA<\/a> (5\u00c8)<\/td>\n<td style=\"width: 210px; text-align: center; height: 31px;\"><a href=\"https:\/\/drive.google.com\/file\/d\/16fAgr0eoVlchzNxxGRh_asJOO-dfyKv7\/view?usp=sharing\">SIMON<\/a> (5\u00c8)<\/td>\n<\/tr>\n<\/tbody>\n<\/table>\n<p style=\"text-align: center;\"><strong>EXPERIMENT 8<\/strong><\/p>\n<table>\n<tbody>\n<tr style=\"height: 31px;\">\n<td style=\"width: 197px; text-align: center; height: 31px;\"><a href=\"https:\/\/drive.google.com\/file\/d\/1sce-t7GBPiyL8mRZUmwxvdiBlv6FsDQI\/view?usp=sharing\">DIANA<\/a> (5\u00c8)<\/td>\n<td style=\"width: 227px; text-align: center; height: 31px;\"><a href=\"https:\/\/drive.google.com\/file\/d\/148Gnb6GTus9c-zkSFXKZ2IiEW_9Hin7Z\/view?usp=sharing\">ERIC<\/a> (5\u00c8) <a href=\"https:\/\/drive.google.com\/file\/d\/1VJcRMNUI03qhvawfoq0SxSEWzMM_SO3N\/view?usp=sharing\">1<\/a><\/td>\n<td style=\"width: 235px; text-align: center; height: 31px;\"><a href=\"https:\/\/drive.google.com\/file\/d\/1FxQtbMC32zBGw4vHWKDLlidXqp93C32Z\/view?usp=sharing\">JOSEP<\/a> (5\u00c8) <a href=\"https:\/\/drive.google.com\/file\/d\/1Xpn8aIZozpyAFwODs4Th497lUpq4FbWl\/view?usp=sharing\">1\u00a0<\/a><\/td>\n<td style=\"width: 210px; text-align: center; height: 31px;\"><a href=\"https:\/\/drive.google.com\/file\/d\/1z1AMyL91l1iwLMGcCRFn62-GUMQ2pGWK\/view?usp=sharing\">FABIO<\/a> (5\u00c8)<\/td>\n<\/tr>\n<tr>\n<td style=\"width: 197px; text-align: center;\"><\/td>\n<td style=\"width: 227px; text-align: center;\"><\/td>\n<td style=\"width: 235px; text-align: center;\"><\/td>\n<td style=\"width: 210px; text-align: center;\"><\/td>\n<\/tr>\n<\/tbody>\n<\/table>\n","protected":false},"excerpt":{"rendered":"<p>Durant aquests dies de confinament a casa, diferents infants ens han fet arribar els reptes\/experiments que hav\u00edem proposat des de l&#8217;escola. Aqu\u00ed els podeu veure: EXPERIMENT 1 ALEJANDRO (3R) ARIADNA (3R) BETH (1R) BIEL G. (3R) SIMONE (2N) SIMON (5\u00c8) FABIO (5\u00c8) MARIA (3R) JOSEP (5\u00c8) 1 i 2 MATIAS (5\u00c8) 1 i 2 BERNAT [&hellip;]<\/p>\n","protected":false},"author":1,"featured_media":0,"parent":0,"menu_order":0,"comment_status":"closed","ping_status":"closed","template":"","meta":{"_bbp_topic_count":0,"_bbp_reply_count":0,"_bbp_total_topic_count":0,"_bbp_total_reply_count":0,"_bbp_voice_count":0,"_bbp_anonymous_reply_count":0,"_bbp_topic_count_hidden":0,"_bbp_reply_count_hidden":0,"_bbp_forum_subforum_count":0,"site-sidebar-layout":"default","site-content-layout":"","ast-site-content-layout":"","site-content-style":"default","site-sidebar-style":"default","ast-global-header-display":"","ast-banner-title-visibility":"","ast-main-header-display":"","ast-hfb-above-header-display":"","ast-hfb-below-header-display":"","ast-hfb-mobile-header-display":"","site-post-title":"","ast-breadcrumbs-content":"","ast-featured-img":"","footer-sml-layout":"","theme-transparent-header-meta":"","adv-header-id-meta":"","stick-header-meta":"","header-above-stick-meta":"","header-main-stick-meta":"","header-below-stick-meta":"","astra-migrate-meta-layouts":"default","ast-page-background-enabled":"default","ast-page-background-meta":{"desktop":{"background-color":"var(--ast-global-color-4)","background-image":"","background-repeat":"repeat","background-position":"center center","background-size":"auto","background-attachment":"scroll","background-type":"","background-media":"","overlay-type":"","overlay-color":"","overlay-opacity":"","overlay-gradient":""},"tablet":{"background-color":"","background-image":"","background-repeat":"repeat","background-position":"center center","background-size":"auto","background-attachment":"scroll","background-type":"","background-media":"","overlay-type":"","overlay-color":"","overlay-opacity":"","overlay-gradient":""},"mobile":{"background-color":"","background-image":"","background-repeat":"repeat","background-position":"center center","background-size":"auto","background-attachment":"scroll","background-type":"","background-media":"","overlay-type":"","overlay-color":"","overlay-opacity":"","overlay-gradient":""}},"ast-content-background-meta":{"desktop":{"background-color":"var(--ast-global-color-5)","background-image":"","background-repeat":"repeat","background-position":"center center","background-size":"auto","background-attachment":"scroll","background-type":"","background-media":"","overlay-type":"","overlay-color":"","overlay-opacity":"","overlay-gradient":""},"tablet":{"background-color":"var(--ast-global-color-5)","background-image":"","background-repeat":"repeat","background-position":"center center","background-size":"auto","background-attachment":"scroll","background-type":"","background-media":"","overlay-type":"","overlay-color":"","overlay-opacity":"","overlay-gradient":""},"mobile":{"background-color":"var(--ast-global-color-5)","background-image":"","background-repeat":"repeat","background-position":"center center","background-size":"auto","background-attachment":"scroll","background-type":"","background-media":"","overlay-type":"","overlay-color":"","overlay-opacity":"","overlay-gradient":""}},"footnotes":""},"class_list":["post-3933","page","type-page","status-publish","hentry"],"post_mailing_queue_ids":[],"_links":{"self":[{"href":"https:\/\/agora.xtec.cat\/esc-carlit\/wp-json\/wp\/v2\/pages\/3933","targetHints":{"allow":["GET"]}}],"collection":[{"href":"https:\/\/agora.xtec.cat\/esc-carlit\/wp-json\/wp\/v2\/pages"}],"about":[{"href":"https:\/\/agora.xtec.cat\/esc-carlit\/wp-json\/wp\/v2\/types\/page"}],"author":[{"embeddable":true,"href":"https:\/\/agora.xtec.cat\/esc-carlit\/wp-json\/wp\/v2\/users\/1"}],"replies":[{"embeddable":true,"href":"https:\/\/agora.xtec.cat\/esc-carlit\/wp-json\/wp\/v2\/comments?post=3933"}],"version-history":[{"count":3,"href":"https:\/\/agora.xtec.cat\/esc-carlit\/wp-json\/wp\/v2\/pages\/3933\/revisions"}],"predecessor-version":[{"id":4044,"href":"https:\/\/agora.xtec.cat\/esc-carlit\/wp-json\/wp\/v2\/pages\/3933\/revisions\/4044"}],"wp:attachment":[{"href":"https:\/\/agora.xtec.cat\/esc-carlit\/wp-json\/wp\/v2\/media?parent=3933"}],"curies":[{"name":"wp","href":"https:\/\/api.w.org\/{rel}","templated":true}]}}