{"id":2131,"date":"2018-07-12T14:29:03","date_gmt":"2018-07-12T12:29:03","guid":{"rendered":"http:\/\/agora.xtec.cat\/esc-carlit\/?page_id=2131"},"modified":"2018-07-12T14:29:03","modified_gmt":"2018-07-12T12:29:03","slug":"llengua-catalana","status":"publish","type":"page","link":"https:\/\/agora.xtec.cat\/esc-carlit\/wiki-carlit\/llengua-catalana\/","title":{"rendered":"LLENGUA CATALANA"},"content":{"rendered":"<h2 id=\"toc1\"><u>CICLE INICIAL<\/u><\/h2>\n<table class=\"wiki_table\">\n<tbody>\n<tr>\n<td><img decoding=\"async\" title=\"external image barcanova.jpg\" src=\"http:\/\/2.bp.blogspot.com\/_F78JUJG0oTM\/TCn60AxegDI\/AAAAAAAAAC8\/8HNeuolec88\/s200\/barcanova.jpg\" alt=\"external image barcanova.jpg\" \/><\/td>\n<td><strong>ACTIVIT@TS MON<\/strong><\/td>\n<td>Activitats de Compet\u00e8ncies B\u00e0siques<\/td>\n<\/tr>\n<tr>\n<td><a class=\"wiki_link_ext\" href=\"http:\/\/www.edu365.cat\/entrena\/verd.html\" rel=\"nofollow\">http:\/\/www.edu365.cat\/entrena\/verd.html<\/a><\/td>\n<td>LECTURA<br \/>\n(Entrena&#8217;t a llegir)<\/td>\n<td>Unitats amb activitats de lectura efica\u00e7.<br \/>\nEntrenament lector amb activitats relatives al proc\u00e9s de descodificaci\u00f3 i de comprensi\u00f3 lectora.<\/td>\n<\/tr>\n<tr>\n<td><a class=\"wiki_link_ext\" href=\"http:\/\/www.edu365.cat\/primaria\/muds\/catala\/ortografia\/index.htm\" rel=\"nofollow\">http:\/\/www.edu365.cat\/primaria\/muds\/catala\/ortografia\/index.htm<\/a><\/td>\n<td>ORTOGRAFIA<br \/>\n(Aventura&#8217;t amb l&#8217;ortografia)<\/td>\n<td>Unitats amb exercicis graduats per resoldre dificultats d&#8217;ortografia. (Triar els de l&#8217;apartat VERD -cicle inicial-).<br \/>\nExercicis autocorrectius d\u2019ortografia estructurats en tres nivells de dificultat.<\/td>\n<\/tr>\n<tr>\n<td><a class=\"wiki_link_ext\" href=\"http:\/\/www.edu365.cat\/primaria\/contes\/contesweb\/index.htm\" rel=\"nofollow\">http:\/\/www.edu365.cat\/primaria\/contes\/contesweb\/index.htm<\/a><\/td>\n<td>LECTURA<br \/>\n(Els contes d&#8217;en Tom i la Laia)<\/td>\n<td>Contes interactius per llegir, escoltar i fer activitats de comprensi\u00f3 de la lectura.<\/td>\n<\/tr>\n<tr>\n<td><a class=\"wiki_link_ext\" href=\"http:\/\/clic.xtec.cat\/db\/jclicApplet.jsp?project=http:\/\/clic.xtec.cat\/projects\/feinetes\/jclic\/feinetes.jclic.zip\" rel=\"nofollow\">http:\/\/clic.xtec.cat\/db\/jclicApplet.jsp?project=http:\/\/clic.xtec.cat\/projects\/feinetes\/jclic\/feinetes.jclic.zip<\/a><\/td>\n<td>FEM FEINETES<\/td>\n<td>Activitat d&#8217;escriptura i l\u00e8xic<\/td>\n<\/tr>\n<tr>\n<td><a class=\"wiki_link_ext\" href=\"http:\/\/clic.xtec.cat\/db\/jclicApplet.jsp?project=http:\/\/clic.xtec.cat\/projects\/100paraules\/jclic\/100paraules.jclic.zip\" rel=\"nofollow\">http:\/\/clic.xtec.cat\/db\/jclicApplet.jsp?project=http:\/\/clic.xtec.cat\/projects\/100paraules\/jclic\/100paraules.jclic.zip<\/a><\/td>\n<td>100 PARAULES PER ESCRIURE<\/td>\n<td>Activitat d&#8217;escriptura i l\u00e8xic<\/td>\n<\/tr>\n<tr>\n<td><a class=\"wiki_link_ext\" href=\"http:\/\/www.super3.cat\/unamadecontes\/\" rel=\"nofollow\">http:\/\/www.super3.cat\/unamadecontes\/<\/a><\/td>\n<td>UNA M\u00c0 DE CONTES<\/td>\n<td>Diverses tipologies de contes, de t\u00e8cniques narratives i il\u00b7lustratives&#8230;.<\/td>\n<\/tr>\n<tr>\n<td><a class=\"wiki_link_ext\" href=\"http:\/\/www.edu365.cat\/infantil\/endevinalles\/portada.htm\" rel=\"nofollow\">http:\/\/www.edu365.cat\/infantil\/endevinalles\/portada.htm<\/a><\/td>\n<td>M&#8217;ENDEVINES?<\/td>\n<td>Quatre blocs d&#8217;endevinalles amb enginy per llegir, escoltar i jugar<\/td>\n<\/tr>\n<tr>\n<td><a class=\"wiki_link_ext\" href=\"http:\/\/www.edu365.cat\/infantil\/poesia\/portada.htm\" rel=\"nofollow\">http:\/\/www.edu365.cat\/infantil\/poesia\/portada.htm<\/a><\/td>\n<td>POESI@.COM<\/td>\n<td>Escolta i llegeix poemes classificats per temes<\/td>\n<\/tr>\n<tr>\n<td><a class=\"wiki_link_ext\" href=\"http:\/\/www.edu365.cat\/infantil\/llegir\/lletra.swf\" rel=\"nofollow\">http:\/\/www.edu365.cat\/infantil\/llegir\/lletra.swf<\/a><\/td>\n<td>LLETRA PER LLETRA<\/td>\n<td>Juga a lletrejar paraules.<\/td>\n<\/tr>\n<tr>\n<td><a class=\"wiki_link_ext\" href=\"http:\/\/www.jverdaguer.org\/jsmedia\/005eficas\/\" rel=\"nofollow\">http:\/\/www.jverdaguer.org\/jsmedia\/005eficas\/<\/a><\/td>\n<td>LECTURA EFICA\u00c7<\/td>\n<td>Activitats de recordar, memoritzar, ordenar, etc.<\/td>\n<\/tr>\n<tr>\n<td><a class=\"wiki_link_ext\" href=\"http:\/\/www.youtube.com\/watch?v=uvrdzQwLhHc\" rel=\"nofollow\">http:\/\/www.youtube.com\/watch?v=uvrdzQwLhHc<\/a><\/td>\n<td>ALFABET FON\u00c8TIC CATAL\u00c0<\/td>\n<td>V\u00eddeo per escoltar i veure l&#8217;alfabet catal\u00e0 acompanyat de paraules.<\/td>\n<\/tr>\n<tr>\n<td><a class=\"wiki_link_ext\" href=\"http:\/\/clic.xtec.cat\/db\/jclicApplet.jsp?project=http:\/\/clic.xtec.cat\/projects\/jocspara\/jclic\/jocspara.jclic.zip&amp;lang=ca&amp;title=Jocs+de+paraules\" rel=\"nofollow\">http:\/\/clic.xtec.cat\/db\/jclicApplet.jsp?project=http:\/\/clic.xtec.cat\/projects\/jocspara\/jclic\/jocspara.jclic.zip&amp;lang=ca&amp;title=Jocs+de+paraules<\/a><\/td>\n<td>JOCS DE PARAULES<\/td>\n<td>Jugant amb les paraules i les s\u00edl\u00b7labes en trobem d&#8217;altres. (consci\u00e8ncia fonol\u00f2gica, comprensi\u00f3 i lectoescriptura).<\/td>\n<\/tr>\n<tr>\n<td><a class=\"wiki_link_ext\" href=\"http:\/\/clic.xtec.cat\/db\/jclicApplet.jsp?project=http:\/\/clic.xtec.cat\/projects\/concfon2\/jclic\/concfon2.jclic.zip&amp;lang=ca&amp;title=Consci%E8ncia+fonol%F2gica+2\" rel=\"nofollow\">http:\/\/clic.xtec.cat\/db\/jclicApplet.jsp?project=http:\/\/clic.xtec.cat\/projects\/concfon2\/jclic\/concfon2.jclic.zip&amp;lang=ca&amp;title=Consci%E8ncia+fonol%F2gica+2<\/a><\/td>\n<td>CONSCI\u00c8NCIA FONOL\u00d2GICA<\/td>\n<td>per treballar la consci\u00e8ncia fonol\u00f2gica de les paraules.<\/td>\n<\/tr>\n<\/tbody>\n<\/table>\n<p>&nbsp;<\/p>\n<h2 id=\"toc2\"><a name=\"x-CICLE MITJ\u00c0\"><\/a><u>CICLE MITJ\u00c0<\/u><\/h2>\n<table class=\"wiki_table\">\n<tbody>\n<tr>\n<td><a class=\"wiki_link_ext\" href=\"http:\/\/www.edu365.cat\/entrena\/groc.html\" rel=\"nofollow\">http:\/\/www.edu365.cat\/entrena\/groc.html<\/a><\/td>\n<td>LECTURA<br \/>\n(Entrena&#8217;t a llegir)<\/td>\n<td>Unitats amb activitats de lectura efica\u00e7.<br \/>\nEntrenament lector amb activitats relatives al proc\u00e9s de descodificaci\u00f3 i de comprensi\u00f3 lectora.<\/td>\n<\/tr>\n<tr>\n<td><a class=\"wiki_link_ext\" href=\"http:\/\/www.edu365.cat\/primaria\/muds\/catala\/ortografia\/index.htm\" rel=\"nofollow\">http:\/\/www.edu365.cat\/primaria\/muds\/catala\/ortografia\/index.htm<\/a><\/td>\n<td>ORTOGRAFIA<br \/>\n(Aventura&#8217;t amb l&#8217;ortografia)<\/td>\n<td>Unitats amb exercicis graduats per resoldre dificultats d&#8217;ortografia. (Triar els de l&#8217;apartat LILA -cicle mitj\u00e0-).<br \/>\nExercicis autocorrectius d\u2019ortografia estructurats en tres nivells de dificultat.<\/td>\n<\/tr>\n<tr>\n<td><a class=\"wiki_link_ext\" href=\"http:\/\/www.super3.cat\/unamadecontes\/\" rel=\"nofollow\">http:\/\/www.super3.cat\/unamadecontes\/<\/a><\/td>\n<td>UNA M\u00c0 DE CONTES<\/td>\n<td>Diverses tipologies de contes, de t\u00e8cniques narratives i il\u00b7lustratives&#8230;.<\/td>\n<\/tr>\n<tr>\n<td><a class=\"wiki_link_ext\" href=\"http:\/\/win.memcat.org\/infantil\/contesb\/index.html\" rel=\"nofollow\">http:\/\/win.memcat.org\/infantil\/contesb\/index.html<\/a><\/td>\n<td>CONTES BOJOS<\/td>\n<td>Construcci\u00f3 interactiva i aleat\u00f2ria d&#8217;un relat<\/td>\n<\/tr>\n<tr>\n<td><a class=\"wiki_link_ext\" href=\"http:\/\/www.edu365.cat\/infantil\/endevinalles\/portada.htm\" rel=\"nofollow\">http:\/\/www.edu365.cat\/infantil\/endevinalles\/portada.htm<\/a><\/td>\n<td>M&#8217;ENDEVINES?<\/td>\n<td>Quatre blocs d&#8217;endevinalles amb enginy per llegir, escoltar i jugar<\/td>\n<\/tr>\n<tr>\n<td><a class=\"wiki_link_ext\" href=\"http:\/\/www.edu365.cat\/infantil\/poesia\/portada.htm\" rel=\"nofollow\">http:\/\/www.edu365.cat\/infantil\/poesia\/portada.htm<\/a><\/td>\n<td>POESI@.COM<\/td>\n<td>Escolta i llegeix poemes classificats per temes<\/td>\n<\/tr>\n<tr>\n<td><a class=\"wiki_link_ext\" href=\"http:\/\/www.edu365.cat\/primaria\/muds\/catala\/desenes\/index.htm\" rel=\"nofollow\">http:\/\/www.edu365.cat\/primaria\/muds\/catala\/desenes\/index.htm<\/a><\/td>\n<td>DEL VINT AL NORANTA-NOU<\/td>\n<td><\/td>\n<\/tr>\n<tr>\n<td><a class=\"wiki_link_ext\" href=\"http:\/\/www.jverdaguer.org\/jsmedia\/005eficas\/\" rel=\"nofollow\">http:\/\/www.jverdaguer.org\/jsmedia\/005eficas\/<\/a><\/td>\n<td>LECTURA EFICA\u00c7<\/td>\n<td>Activitats de recordar, memoritzar, ordenar, etc.<\/td>\n<\/tr>\n<tr>\n<td><a class=\"wiki_link_ext\" href=\"http:\/\/www.xtec.cat\/~smora\/activitats\/eficacia.swf\" rel=\"nofollow\">http:\/\/www.xtec.cat\/~smora\/activitats\/eficacia.swf<\/a><\/td>\n<td>EFICACIA LECTORA<\/td>\n<td>Per valorar la velocitat lectora, la comprensi\u00f3 i l&#8217;efic\u00e0cia lectora.<\/td>\n<\/tr>\n<tr>\n<td><a class=\"wiki_link_ext\" href=\"http:\/\/phobos.xtec.cat\/dgraell\/conclect\/index.html\" rel=\"nofollow\">http:\/\/phobos.xtec.cat\/dgraell\/conclect\/index.html<\/a><\/td>\n<td>CONCENTRACI\u00d3 LECTORA<\/td>\n<td><\/td>\n<\/tr>\n<\/tbody>\n<\/table>\n<p>&nbsp;<\/p>\n<h2 id=\"toc3\"><a name=\"x-CICLE SUPERIOR\"><\/a><u>CICLE SUPERIOR<\/u><\/h2>\n<p><u>Llegir i escriure<\/u><\/p>\n<table class=\"wiki_table\">\n<tbody>\n<tr>\n<td><a class=\"wiki_link_ext\" href=\"http:\/\/www.edu365.cat\/entrena\/vermell.html\" rel=\"nofollow\">http:\/\/www.edu365.cat\/entrena\/vermell.html<\/a><\/td>\n<td>LECTURA<br \/>\n(Entrena&#8217;t a llegir)<\/td>\n<td>Unitats amb activitats de lectura efica\u00e7.<br \/>\nEntrenament lector amb activitats relatives al proc\u00e9s de descodificaci\u00f3 i de comprensi\u00f3 lectora.<\/td>\n<\/tr>\n<tr>\n<td><a class=\"wiki_link_ext\" href=\"http:\/\/apliedu.xtec.cat\/petites_histories\/?lang=ca\" rel=\"nofollow\">http:\/\/apliedu.xtec.cat\/petites_histories\/?lang=ca<\/a><\/td>\n<td>PETITES HIST\u00d2RIES<\/td>\n<td>Per escriure hist\u00f2ries a partir d\u2019unes imatges seleccionades.<\/td>\n<\/tr>\n<tr>\n<td><a class=\"wiki_link_ext\" href=\"http:\/\/www.edu365.cat\/primaria\/muds\/catala\/ortografia\/index.htm\" rel=\"nofollow\">http:\/\/www.edu365.cat\/primaria\/muds\/catala\/ortografia\/index.htm<\/a><\/td>\n<td>ORTOGRAFIA<br \/>\n(Aventura&#8217;t amb l&#8217;ortografia)<\/td>\n<td>Unitats amb exercicis graduats per resoldre dificultats d&#8217;ortografia. (Triar els de l&#8217;apartat TARONJA -cicle superior-).<br \/>\nExercicis autocorrectius d\u2019ortografia estructurats en tres nivells de dificultat.<\/td>\n<\/tr>\n<tr>\n<td><a class=\"wiki_link_ext\" href=\"http:\/\/clic.xtec.cat\/db\/jclicApplet.jsp?project=http:\/\/clic.xtec.cat\/projects\/ortogram\/jclic\/ortogram.jclic.zip&amp;lang=ca&amp;title=Ortografia+i+gram%E0tica+catalana\" rel=\"nofollow\">http:\/\/clic.xtec.cat\/db\/jclicApplet.jsp?project=http:\/\/clic.xtec.cat\/projects\/ortogram\/jclic\/ortogram.jclic.zip&amp;lang=ca&amp;title=Ortografia+i+gram%E0tica+catalana<\/a><\/td>\n<td>ORTOGRAFIA I GRAM\u00c0TICA<\/td>\n<td>Activitats per treballar l&#8217;accentuaci\u00f3 i les esses sordes i sonores.<\/td>\n<\/tr>\n<tr>\n<td><a class=\"wiki_link_ext\" href=\"http:\/\/clic.xtec.cat\/gali\/\" rel=\"nofollow\">http:\/\/clic.xtec.cat\/gali\/<\/a><\/td>\n<td>GAL\u00cd<\/td>\n<td>Exercicis d&#8217;autoaprenentatge interactiu de la llengua catalana. Adequat per alumnat nouvinguts.<\/td>\n<\/tr>\n<tr>\n<td><a class=\"wiki_link_ext\" href=\"http:\/\/www.edu365.cat\/eso\/muds\/catala\/mudsmots\/\" rel=\"nofollow\">http:\/\/www.edu365.cat\/eso\/muds\/catala\/mudsmots\/<\/a><\/td>\n<td>MUDS DE MOTS<\/td>\n<td>Exercicis per millorar el vocabulari.<\/td>\n<\/tr>\n<tr>\n<td><a class=\"wiki_link_ext\" href=\"http:\/\/scur.cat\/632094\" target=\"_blank\" rel=\"nofollow noopener noreferrer\">http:\/\/scur.cat\/632094<\/a><\/td>\n<td>DICTATS<\/td>\n<td>Per escoltar el dictat, escriure&#8217;l i corregir-lo.<\/td>\n<\/tr>\n<tr>\n<td><a class=\"wiki_link_ext\" href=\"http:\/\/www.edu365.cat\/escriptoris\/escriptori_primaria.htm\" rel=\"nofollow\">http:\/\/www.edu365.cat\/escriptoris\/escriptori_primaria.htm<\/a><\/td>\n<td>ESCRIPTORI PRIM\u00c0RIA<\/td>\n<td>Eines per escriure i consultar (diccionaris, mapes&#8230;).<\/td>\n<\/tr>\n<tr>\n<td><a class=\"wiki_link_ext\" href=\"http:\/\/www.edu365.cat\/crea\/\" rel=\"nofollow\">http:\/\/www.edu365.cat\/crea\/<\/a><\/td>\n<td>CREA<\/td>\n<td>Eines digitals per crear hist\u00f2ries: escrites, amb dibuixos, c\u00f2mics&#8230;<\/td>\n<\/tr>\n<tr>\n<td><a class=\"wiki_link_ext\" href=\"http:\/\/win.memcat.org\/infantil\/contesb\/index.html\" rel=\"nofollow\">http:\/\/win.memcat.org\/infantil\/contesb\/index.html<\/a><\/td>\n<td>CONTES BOJOS<\/td>\n<td>Construcci\u00f3 interactiva i aleat\u00f2ria d&#8217;un relat<\/td>\n<\/tr>\n<tr>\n<td><a class=\"wiki_link_ext\" href=\"http:\/\/www.xtec.cat\/~averges3\/segon\/segon.htm\" rel=\"nofollow\">http:\/\/www.xtec.cat\/~averges3\/segon\/segon.htm<\/a><\/td>\n<td>RECULL DE FAULES<\/td>\n<td>Narracions cl\u00e0ssiques<\/td>\n<\/tr>\n<tr>\n<td><a class=\"wiki_link_ext\" href=\"http:\/\/www.jverdaguer.org\/jsmedia\/005eficas\/\" rel=\"nofollow\">http:\/\/www.jverdaguer.org\/jsmedia\/005eficas\/<\/a><\/td>\n<td>LECTURA EFICA\u00c7<\/td>\n<td>Activitats de recordar, memoritzar, ordenar, etc.<\/td>\n<\/tr>\n<tr>\n<td><a class=\"wiki_link_ext\" href=\"http:\/\/www.xtec.cat\/~smora\/activitats\/eficacia.swf\" rel=\"nofollow\">http:\/\/www.xtec.cat\/~smora\/activitats\/eficacia.swf<\/a><\/td>\n<td>EFICACIA LECTORA<\/td>\n<td>Per valorar la velocitat lectora, la comprensi\u00f3 i l&#8217;efic\u00e0cia lectora.<\/td>\n<\/tr>\n<tr>\n<td><a class=\"wiki_link_ext\" href=\"http:\/\/clic.xtec.cat\/db\/jclicApplet.jsp?project=http:\/\/clic.xtec.cat\/projects\/normes\/jclic\/normes.jclic.zip&amp;lang=ca&amp;title=Normes+d%27accentuaci%C3%B3\" rel=\"nofollow\">http:\/\/clic.xtec.cat\/db\/jclicApplet.jsp?project=http:\/\/clic.xtec.cat\/projects\/normes\/jclic\/normes.jclic.zip&amp;lang=ca&amp;title=Normes+d%27accentuaci%C3%B3<\/a><\/td>\n<td>NORMES D&#8217;ACCENTUACI\u00d3<\/td>\n<td>Recon\u00e8ixer els diferents tipus d&#8217;accents gr\u00e0fics I aplicar les normes d&#8217;accentuaci\u00f3.<\/td>\n<\/tr>\n<\/tbody>\n<\/table>\n","protected":false},"excerpt":{"rendered":"<p>CICLE INICIAL ACTIVIT@TS MON Activitats de Compet\u00e8ncies B\u00e0siques http:\/\/www.edu365.cat\/entrena\/verd.html LECTURA (Entrena&#8217;t a llegir) Unitats amb activitats de lectura efica\u00e7. Entrenament lector amb activitats relatives al proc\u00e9s de descodificaci\u00f3 i de comprensi\u00f3 lectora. http:\/\/www.edu365.cat\/primaria\/muds\/catala\/ortografia\/index.htm ORTOGRAFIA (Aventura&#8217;t amb l&#8217;ortografia) Unitats amb exercicis graduats per resoldre dificultats d&#8217;ortografia. (Triar els de l&#8217;apartat VERD -cicle inicial-). Exercicis autocorrectius d\u2019ortografia [&hellip;]<\/p>\n","protected":false},"author":1,"featured_media":0,"parent":2105,"menu_order":0,"comment_status":"closed","ping_status":"closed","template":"","meta":{"_bbp_topic_count":0,"_bbp_reply_count":0,"_bbp_total_topic_count":0,"_bbp_total_reply_count":0,"_bbp_voice_count":0,"_bbp_anonymous_reply_count":0,"_bbp_topic_count_hidden":0,"_bbp_reply_count_hidden":0,"_bbp_forum_subforum_count":0,"site-sidebar-layout":"default","site-content-layout":"","ast-site-content-layout":"","site-content-style":"default","site-sidebar-style":"default","ast-global-header-display":"","ast-banner-title-visibility":"","ast-main-header-display":"","ast-hfb-above-header-display":"","ast-hfb-below-header-display":"","ast-hfb-mobile-header-display":"","site-post-title":"","ast-breadcrumbs-content":"","ast-featured-img":"","footer-sml-layout":"","theme-transparent-header-meta":"","adv-header-id-meta":"","stick-header-meta":"","header-above-stick-meta":"","header-main-stick-meta":"","header-below-stick-meta":"","astra-migrate-meta-layouts":"default","ast-page-background-enabled":"default","ast-page-background-meta":{"desktop":{"background-color":"var(--ast-global-color-4)","background-image":"","background-repeat":"repeat","background-position":"center center","background-size":"auto","background-attachment":"scroll","background-type":"","background-media":"","overlay-type":"","overlay-color":"","overlay-opacity":"","overlay-gradient":""},"tablet":{"background-color":"","background-image":"","background-repeat":"repeat","background-position":"center center","background-size":"auto","background-attachment":"scroll","background-type":"","background-media":"","overlay-type":"","overlay-color":"","overlay-opacity":"","overlay-gradient":""},"mobile":{"background-color":"","background-image":"","background-repeat":"repeat","background-position":"center center","background-size":"auto","background-attachment":"scroll","background-type":"","background-media":"","overlay-type":"","overlay-color":"","overlay-opacity":"","overlay-gradient":""}},"ast-content-background-meta":{"desktop":{"background-color":"var(--ast-global-color-5)","background-image":"","background-repeat":"repeat","background-position":"center center","background-size":"auto","background-attachment":"scroll","background-type":"","background-media":"","overlay-type":"","overlay-color":"","overlay-opacity":"","overlay-gradient":""},"tablet":{"background-color":"var(--ast-global-color-5)","background-image":"","background-repeat":"repeat","background-position":"center center","background-size":"auto","background-attachment":"scroll","background-type":"","background-media":"","overlay-type":"","overlay-color":"","overlay-opacity":"","overlay-gradient":""},"mobile":{"background-color":"var(--ast-global-color-5)","background-image":"","background-repeat":"repeat","background-position":"center center","background-size":"auto","background-attachment":"scroll","background-type":"","background-media":"","overlay-type":"","overlay-color":"","overlay-opacity":"","overlay-gradient":""}},"footnotes":""},"class_list":["post-2131","page","type-page","status-publish","hentry"],"post_mailing_queue_ids":[],"_links":{"self":[{"href":"https:\/\/agora.xtec.cat\/esc-carlit\/wp-json\/wp\/v2\/pages\/2131","targetHints":{"allow":["GET"]}}],"collection":[{"href":"https:\/\/agora.xtec.cat\/esc-carlit\/wp-json\/wp\/v2\/pages"}],"about":[{"href":"https:\/\/agora.xtec.cat\/esc-carlit\/wp-json\/wp\/v2\/types\/page"}],"author":[{"embeddable":true,"href":"https:\/\/agora.xtec.cat\/esc-carlit\/wp-json\/wp\/v2\/users\/1"}],"replies":[{"embeddable":true,"href":"https:\/\/agora.xtec.cat\/esc-carlit\/wp-json\/wp\/v2\/comments?post=2131"}],"version-history":[{"count":1,"href":"https:\/\/agora.xtec.cat\/esc-carlit\/wp-json\/wp\/v2\/pages\/2131\/revisions"}],"predecessor-version":[{"id":2132,"href":"https:\/\/agora.xtec.cat\/esc-carlit\/wp-json\/wp\/v2\/pages\/2131\/revisions\/2132"}],"up":[{"embeddable":true,"href":"https:\/\/agora.xtec.cat\/esc-carlit\/wp-json\/wp\/v2\/pages\/2105"}],"wp:attachment":[{"href":"https:\/\/agora.xtec.cat\/esc-carlit\/wp-json\/wp\/v2\/media?parent=2131"}],"curies":[{"name":"wp","href":"https:\/\/api.w.org\/{rel}","templated":true}]}}