{"id":2125,"date":"2018-07-12T14:25:22","date_gmt":"2018-07-12T12:25:22","guid":{"rendered":"http:\/\/agora.xtec.cat\/esc-carlit\/?page_id=2125"},"modified":"2018-07-12T14:25:22","modified_gmt":"2018-07-12T12:25:22","slug":"english","status":"publish","type":"page","link":"https:\/\/agora.xtec.cat\/esc-carlit\/wiki-carlit\/english\/","title":{"rendered":"ENGLISH"},"content":{"rendered":"<h2 id=\"toc2\"><u>CICLE INICIAL<\/u><\/h2>\n<p>&nbsp;<\/p>\n<ul>\n<li><span class=\"wiki_link_ext\"><a class=\"wiki_link_ext\" href=\"http:\/\/www.abcya.com\/\" target=\"_blank\" rel=\"nofollow noopener noreferrer\">ABCYA<\/a>: Jocs i hist\u00f2ries interactives per tots els nivells.<\/span><\/li>\n<li><span class=\"wiki_link_ext\"><a class=\"wiki_link_ext\" href=\"http:\/\/www.wilbooks.com\/free-resources\/free-online-books\/\" rel=\"nofollow\">WILBOOKS<\/a>: Llibres online per tots els nivells, amb imatges i text.<\/span><\/li>\n<li><span class=\"wiki_link_ext\"><a class=\"wiki_link_ext\" href=\"http:\/\/www.xtec.cat\/aulanet\/ud\/angles\/study\/index.htm\" target=\"_blank\" rel=\"nofollow noopener noreferrer\">STUDY ENGLISH WITH ANDREW &amp; SALLY<\/a>: Aprendre vocabulari en angl\u00e8s<\/span><\/li>\n<li><a class=\"wiki_link_ext\" href=\"http:\/\/www.amathsdictionaryforkids.com\/dictionary.html\" rel=\"nofollow\">A MATHS DICTIONARY FOR KIDS<\/a>: Diccionari matem\u00e0tic en angl\u00e8s<\/li>\n<li><a class=\"wiki_link_ext\" href=\"http:\/\/apliedu.xtec.cat\/petites_histories\/?lang=en\" rel=\"nofollow\">SHORT STORIES<\/a>: Crea les teves hist\u00f2ries en angl\u00e8s<\/li>\n<li><a class=\"wiki_link_ext\" href=\"http:\/\/www.edu365.cat\/primaria\/muds\/angles\/sopalletres\/index.htm\" rel=\"nofollow\">THE ALPHABET<\/a>: Les lletres en angl\u00e8s<\/li>\n<li><a class=\"wiki_link_ext\" href=\"http:\/\/www.edu365.cat\/primaria\/muds\/angles\/numbers\/index.htm\" rel=\"nofollow\">NUMBERS THROUG GAMES<\/a>: Els n\u00fameros en angl\u00e8s<\/li>\n<li><a class=\"wiki_link_ext\" href=\"http:\/\/www.edu365.cat\/primaria\/muds\/angles\/halloween\/index.htm\" rel=\"nofollow\">HALLOWEEN<\/a>: Activitats d&#8217;audici\u00f3 i lectura sobre Halloween.<\/li>\n<li><a class=\"wiki_link_ext\" href=\"http:\/\/clic.xtec.cat\/db\/jcapplet?project=http:\/\/clic.xtec.cat\/projects\/merry\/jclic\/merry.jclic.zip&amp;lang=en&amp;title=Merry%20Christmas&amp;skin=@blue.xml\" rel=\"nofollow\">MERRY CHRISTMAS<\/a>:Vocabulari realcionat amb els elements populars de la celebraci\u00f3 del Nadal.<\/li>\n<li><a class=\"wiki_link_ext\" href=\"http:\/\/clic.xtec.cat\/db\/jcapplet?project=http:\/\/clic.xtec.cat\/projects\/bbear\/jclic\/bbear.jclic.zip&amp;lang=en&amp;title=Brown%20Bear&amp;skin=@blue.xml\" rel=\"nofollow\">BROWN BEAR<\/a>: Els colors i els animals a trav\u00e9s del conte &#8216;What do you see?&#8217;.<\/li>\n<li><a class=\"wiki_link_ext\" href=\"http:\/\/clic.xtec.cat\/db\/jcapplet?project=http:\/\/clic.xtec.cat\/projects\/aprifool\/jclic\/aprifool.jclic.zip&amp;lang=en&amp;title=April+Fools+Day&amp;skin=@blue.xml\" rel=\"nofollow\">APRIL FOOL&#8217;S DAY<\/a>: Activitats sobre el dia dels &#8216;Sants Innocents&#8217; a Anglaterra.<\/li>\n<\/ul>\n<p>&nbsp;<\/p>\n<hr \/>\n<h2 id=\"toc3\"><a name=\"x-CICLE MITJ\u00c0\"><\/a><u>CICLE MITJ\u00c0<\/u><\/h2>\n<p>&nbsp;<\/p>\n<ul>\n<li><a class=\"wiki_link_ext\" href=\"http:\/\/www.abcya.com\/\" target=\"_blank\" rel=\"nofollow noopener noreferrer\">ABCYA<\/a>: Jocs i hist\u00f2ries interactives per tots els nivells<\/li>\n<li><a class=\"wiki_link_ext\" href=\"http:\/\/www.wilbooks.com\/free-resources\/free-online-books\/\" rel=\"nofollow\">WILBOOKS<\/a>: Llibres online per tots els nivells, amb imatges i text<\/li>\n<li><a class=\"wiki_link_ext\" href=\"http:\/\/www.edu365.cat\/primaria\/muds\/angles\/friends\/in008_es\/index.html\" target=\"_blank\" rel=\"nofollow noopener noreferrer\">WHAT ARE YOU DOING?<\/a>\u00a0: Joc en angl\u00e8s<\/li>\n<li><a class=\"wiki_link_ext\" href=\"https:\/\/youtu.be\/2EwKdFdcXm8\" target=\"_blank\" rel=\"nofollow noopener noreferrer\">ENGLISH STORIES<\/a>: Hist\u00f2ries animades amb subtitols.<\/li>\n<li><a class=\"wiki_link_ext\" href=\"http:\/\/www.xtec.cat\/aulanet\/ud\/angles\/classroom\/activitats\/actapren\/vocaclasse\/objects.htm\" target=\"_blank\" rel=\"nofollow noopener noreferrer\">THIS IS MY CLASSROOM<\/a>: Aprendre noms d&#8217;objectes de la classe<\/li>\n<li><a class=\"wiki_link_ext\" href=\"http:\/\/www.amathsdictionaryforkids.com\/dictionary.html\" rel=\"nofollow\">A MATHS DICTIONARY FOR KIDS<\/a>: Diccionari matem\u00e0tic en angl\u00e8s<\/li>\n<li><a class=\"wiki_link_ext\" href=\"http:\/\/apliedu.xtec.cat\/petites_histories\/?lang=en\" rel=\"nofollow\">SHORT STORIES<\/a>: Crea les teves hist\u00f2ries en angl\u00e8s<\/li>\n<li><a class=\"wiki_link_ext\" href=\"http:\/\/www.edu365.cat\/primaria\/muds\/angles\/can\/index.htm\" rel=\"nofollow\">CAN \/ CAN&#8217;T<\/a>: Practica el modal d&#8217;habilitat<\/li>\n<li><a class=\"wiki_link_ext\" href=\"http:\/\/www.edu365.cat\/primaria\/muds\/angles\/adjectives\/index.htm\" rel=\"nofollow\">BIG, LONG OR SHORT?<\/a>: \u00das dels adjectius; ant\u00f2nims i posici\u00f3<\/li>\n<li><a class=\"wiki_link_ext\" href=\"http:\/\/www.edu365.cat\/primaria\/muds\/angles\/halloween\/index.htm\" rel=\"nofollow\">HALLOWEEN<\/a>: Activitats d&#8217;audici\u00f3 i lectura sobre Halloween.<\/li>\n<li><a class=\"wiki_link_ext\" href=\"http:\/\/clic.xtec.cat\/db\/jcapplet?project=http:\/\/clic.xtec.cat\/projects\/merry\/jclic\/merry.jclic.zip&amp;lang=en&amp;title=Merry%20Christmas&amp;skin=@blue.xml\" rel=\"nofollow\">MERRY CHRISTMAS<\/a>:Vocabulari relacionat amb els elements populars de la celebraci\u00f3 del Nadal.<\/li>\n<li><a class=\"wiki_link_ext\" href=\"http:\/\/www.educa2.madrid.org\/binary\/705\/files839\/\" rel=\"nofollow\">CHRISTMAS AND TOYS<\/a>\u00a0Vocabulari i jocs relacionats amb els elements del Nadal.<\/li>\n<li><a class=\"wiki_link_ext\" href=\"http:\/\/clic.xtec.cat\/db\/jcapplet?project=http:\/\/clic.xtec.cat\/projects\/topics\/jclic\/topics.jclic.zip&amp;lang=en&amp;title=English%20Topics&amp;skin=@blue.xml\" rel=\"nofollow\">ENGLISH TOPICS<\/a>: Vocabulari sobre menjars, Halloween, esports i mitjans de transport.<\/li>\n<li><a class=\"wiki_link_ext\" href=\"http:\/\/clic.xtec.cat\/db\/jcapplet?project=http:\/\/clic.xtec.cat\/projects\/festival\/jclic\/festival.jclic.zip&amp;lang=en&amp;title=Festivals&amp;skin=@blue.xml\" rel=\"nofollow\">FESTIVALS<\/a>: Les festes t\u00edpiques anglosaxones: Halloween, Christmas, Easter.<\/li>\n<li><a class=\"wiki_link_ext\" href=\"http:\/\/clic.xtec.cat\/db\/jcapplet?project=http:\/\/clic.xtec.cat\/projects\/dailyrou\/jclic\/dailyrou.jclic.zip&amp;lang=en&amp;title=Daily+Routines&amp;skin=@blue.xml\" rel=\"nofollow\">DAILY ROUTINES<\/a>: Treball de les accions i h\u00e0bits quotidians. \u00das del\u00a0<em>simple present<\/em>.<\/li>\n<li><a class=\"wiki_link_ext\" href=\"http:\/\/clic.xtec.cat\/db\/jcapplet?project=http:\/\/clic.xtec.cat\/projects\/sjordien\/jclic\/sjordien.jclic.zip&amp;lang=en&amp;title=Sant+Jordi&amp;skin=@orange.xml\" rel=\"nofollow\">SANT JORDI&#8217;S LEGEND<\/a>: Activitats entorn a la Llegenda de Sant Jordi.<\/li>\n<\/ul>\n<p>&nbsp;<\/p>\n<hr \/>\n<h2 id=\"toc4\"><a name=\"x-CICLE SUPERIOR\"><\/a><u>CICLE SUPERIOR<\/u><\/h2>\n<p>&nbsp;<\/p>\n<ul>\n<li><a class=\"wiki_link_ext\" href=\"http:\/\/www.abcya.com\/\" target=\"_blank\" rel=\"nofollow noopener noreferrer\">ABCYA<\/a>: Jocs i hist\u00f2ries interactives per tots els nivells<\/li>\n<li><a class=\"wiki_link_ext\" href=\"http:\/\/www.wilbooks.com\/free-resources\/free-online-books\/\" rel=\"nofollow\">WILBOOKS<\/a>: Llibres online per tots els nivells, amb imatges i text<\/li>\n<li><a class=\"wiki_link_ext\" href=\"http:\/\/www.bbc.co.uk\/skillswise\/words\/grammar\/texttypes\/instructions\/game.shtml\" target=\"_blank\" rel=\"nofollow noopener noreferrer\">DESTINATION IMPOSSIBLE<\/a>: Joc en angl\u00e8s<\/li>\n<li><a class=\"wiki_link_ext\" href=\"http:\/\/www.edu365.cat\/\" rel=\"nofollow\">FINAL FANTASY<\/a>. Joc en angl\u00e8s<\/li>\n<li><a class=\"wiki_link_ext\" href=\"http:\/\/www.amathsdictionaryforkids.com\/dictionary.html\" rel=\"nofollow\">A MATHS DICTIONARY FOR KIDS<\/a>: Diccionari matem\u00e0tic en angl\u00e8s<\/li>\n<li><a class=\"wiki_link_ext\" href=\"http:\/\/apliedu.xtec.cat\/petites_histories\/?lang=en\" rel=\"nofollow\">SHORT STORIES<\/a>: Crea les teves hist\u00f2ries en angl\u00e8s<\/li>\n<li><a class=\"wiki_link_ext\" href=\"http:\/\/www.edu365.cat\/primaria\/muds\/angles\/can\/index.htm\" rel=\"nofollow\">CAN \/ CAN&#8217;T<\/a>: Practica el modal d&#8217;habilitat<\/li>\n<li><a class=\"wiki_link_ext\" href=\"http:\/\/www.edu365.cat\/primaria\/muds\/angles\/diary\/index.htm\" rel=\"nofollow\">DIARY<\/a>: Les preposicions\u00a0<em>in<\/em>,\u00a0<em>at<\/em>\u00a0i\u00a0<em>on<\/em>, i com\u00a0<em>dir<\/em>\u00a0l&#8217;hora en angl\u00e8s.<\/li>\n<li><a class=\"wiki_link_ext\" href=\"http:\/\/clic.xtec.cat\/db\/jcapplet?project=http:\/\/clic.xtec.cat\/projects\/riddles\/jclic\/riddles.jclic.zip&amp;lang=en&amp;title=Riddles&amp;skin=@blue.xml\" rel=\"nofollow\">RIDDLES<\/a>: Endevinalles amb nivells de dificultat progressiva.<\/li>\n<li><a class=\"wiki_link_ext\" href=\"http:\/\/clic.xtec.cat\/db\/jcapplet?project=http:\/\/clic.xtec.cat\/projects\/uktousa\/jclic\/uktousa.jclic.zip&amp;lang=en&amp;title=UK%20to%20USA&amp;skin=@blue.xml\" rel=\"nofollow\">FROM UK TO USA<\/a>: Activitats sobre la Gran Bretanya i els Estats Units d&#8217;Am\u00e8rica.<\/li>\n<li><a class=\"wiki_link_ext\" href=\"http:\/\/www.edu365.cat\/primaria\/muds\/angles\/halloween\/index.htm\" rel=\"nofollow\">HALLOWEEN<\/a>: Activitats d&#8217;audici\u00f3 i lectura sobre Halloween.<\/li>\n<li><a class=\"wiki_link_ext\" href=\"http:\/\/clic.xtec.cat\/db\/jcapplet?project=http:\/\/clic.xtec.cat\/projects\/navidad\/jclic\/navidad.jclic.zip&amp;lang=en&amp;title=Christmas%20is%20here!&amp;skin=@blue.xml\" rel=\"nofollow\">CHRISTMAS IS HERE!<\/a>: El significat del s\u00edmbol de\u00a0<em>Santa Claus<\/em>.<\/li>\n<li><a class=\"wiki_link_ext\" href=\"http:\/\/clic.xtec.cat\/db\/jcapplet?project=http:\/\/clic.xtec.cat\/projects\/tobe\/jclic\/tobe.jclic.zip&amp;lang=en&amp;title=Citizens&amp;skin=@blue.xml\" rel=\"nofollow\">WE ARE ALL CITIZENS OF THE SAME WORLD<\/a>: Rep\u00e0s del verb\u00a0<em>to be<\/em>. Vocabulari de pa\u00efsos, nacionalitats i algunes professions.<\/li>\n<li><a class=\"wiki_link_ext\" href=\"http:\/\/clic.xtec.cat\/db\/jcapplet?project=http:\/\/clic.xtec.cat\/projects\/thanks\/jclic\/thanks.jclic.zip&amp;lang=en&amp;title=Thanksgiving+Day&amp;skin=@blue.xml\" rel=\"nofollow\">THANKSGIVING DAY<\/a>: Activitats entorn la festa nord-americana del &#8216;Dia d&#8217;acci\u00f3 de gr\u00e0cies&#8217;.<\/li>\n<li><a class=\"wiki_link_ext\" href=\"http:\/\/clic.xtec.cat\/db\/jcapplet?project=http:\/\/clic.xtec.cat\/projects\/sjordien\/jclic\/sjordien.jclic.zip&amp;lang=en&amp;title=Sant+Jordi&amp;skin=@orange.xml\" rel=\"nofollow\">SANT JORDI&#8217;S LEGEND<\/a>: Activitats entorn a la Llegenda de Sant Jordi.<\/li>\n<\/ul>\n<h1 id=\"toc5\"><\/h1>\n<h2 id=\"toc6\"><\/h2>\n","protected":false},"excerpt":{"rendered":"<p>CICLE INICIAL &nbsp; ABCYA: Jocs i hist\u00f2ries interactives per tots els nivells. WILBOOKS: Llibres online per tots els nivells, amb imatges i text. STUDY ENGLISH WITH ANDREW &amp; SALLY: Aprendre vocabulari en angl\u00e8s A MATHS DICTIONARY FOR KIDS: Diccionari matem\u00e0tic en angl\u00e8s SHORT STORIES: Crea les teves hist\u00f2ries en angl\u00e8s THE ALPHABET: Les lletres en [&hellip;]<\/p>\n","protected":false},"author":1,"featured_media":0,"parent":2105,"menu_order":0,"comment_status":"closed","ping_status":"closed","template":"","meta":{"_bbp_topic_count":0,"_bbp_reply_count":0,"_bbp_total_topic_count":0,"_bbp_total_reply_count":0,"_bbp_voice_count":0,"_bbp_anonymous_reply_count":0,"_bbp_topic_count_hidden":0,"_bbp_reply_count_hidden":0,"_bbp_forum_subforum_count":0,"site-sidebar-layout":"default","site-content-layout":"","ast-site-content-layout":"","site-content-style":"default","site-sidebar-style":"default","ast-global-header-display":"","ast-banner-title-visibility":"","ast-main-header-display":"","ast-hfb-above-header-display":"","ast-hfb-below-header-display":"","ast-hfb-mobile-header-display":"","site-post-title":"","ast-breadcrumbs-content":"","ast-featured-img":"","footer-sml-layout":"","theme-transparent-header-meta":"","adv-header-id-meta":"","stick-header-meta":"","header-above-stick-meta":"","header-main-stick-meta":"","header-below-stick-meta":"","astra-migrate-meta-layouts":"default","ast-page-background-enabled":"default","ast-page-background-meta":{"desktop":{"background-color":"var(--ast-global-color-4)","background-image":"","background-repeat":"repeat","background-position":"center center","background-size":"auto","background-attachment":"scroll","background-type":"","background-media":"","overlay-type":"","overlay-color":"","overlay-opacity":"","overlay-gradient":""},"tablet":{"background-color":"","background-image":"","background-repeat":"repeat","background-position":"center center","background-size":"auto","background-attachment":"scroll","background-type":"","background-media":"","overlay-type":"","overlay-color":"","overlay-opacity":"","overlay-gradient":""},"mobile":{"background-color":"","background-image":"","background-repeat":"repeat","background-position":"center center","background-size":"auto","background-attachment":"scroll","background-type":"","background-media":"","overlay-type":"","overlay-color":"","overlay-opacity":"","overlay-gradient":""}},"ast-content-background-meta":{"desktop":{"background-color":"var(--ast-global-color-5)","background-image":"","background-repeat":"repeat","background-position":"center center","background-size":"auto","background-attachment":"scroll","background-type":"","background-media":"","overlay-type":"","overlay-color":"","overlay-opacity":"","overlay-gradient":""},"tablet":{"background-color":"var(--ast-global-color-5)","background-image":"","background-repeat":"repeat","background-position":"center center","background-size":"auto","background-attachment":"scroll","background-type":"","background-media":"","overlay-type":"","overlay-color":"","overlay-opacity":"","overlay-gradient":""},"mobile":{"background-color":"var(--ast-global-color-5)","background-image":"","background-repeat":"repeat","background-position":"center center","background-size":"auto","background-attachment":"scroll","background-type":"","background-media":"","overlay-type":"","overlay-color":"","overlay-opacity":"","overlay-gradient":""}},"footnotes":""},"class_list":["post-2125","page","type-page","status-publish","hentry"],"post_mailing_queue_ids":[],"_links":{"self":[{"href":"https:\/\/agora.xtec.cat\/esc-carlit\/wp-json\/wp\/v2\/pages\/2125","targetHints":{"allow":["GET"]}}],"collection":[{"href":"https:\/\/agora.xtec.cat\/esc-carlit\/wp-json\/wp\/v2\/pages"}],"about":[{"href":"https:\/\/agora.xtec.cat\/esc-carlit\/wp-json\/wp\/v2\/types\/page"}],"author":[{"embeddable":true,"href":"https:\/\/agora.xtec.cat\/esc-carlit\/wp-json\/wp\/v2\/users\/1"}],"replies":[{"embeddable":true,"href":"https:\/\/agora.xtec.cat\/esc-carlit\/wp-json\/wp\/v2\/comments?post=2125"}],"version-history":[{"count":1,"href":"https:\/\/agora.xtec.cat\/esc-carlit\/wp-json\/wp\/v2\/pages\/2125\/revisions"}],"predecessor-version":[{"id":2126,"href":"https:\/\/agora.xtec.cat\/esc-carlit\/wp-json\/wp\/v2\/pages\/2125\/revisions\/2126"}],"up":[{"embeddable":true,"href":"https:\/\/agora.xtec.cat\/esc-carlit\/wp-json\/wp\/v2\/pages\/2105"}],"wp:attachment":[{"href":"https:\/\/agora.xtec.cat\/esc-carlit\/wp-json\/wp\/v2\/media?parent=2125"}],"curies":[{"name":"wp","href":"https:\/\/api.w.org\/{rel}","templated":true}]}}