{"id":2123,"date":"2018-07-12T14:24:56","date_gmt":"2018-07-12T12:24:56","guid":{"rendered":"http:\/\/agora.xtec.cat\/esc-carlit\/?page_id=2123"},"modified":"2018-07-12T14:24:56","modified_gmt":"2018-07-12T12:24:56","slug":"eines-tic","status":"publish","type":"page","link":"https:\/\/agora.xtec.cat\/esc-carlit\/wiki-carlit\/eines-tic\/","title":{"rendered":"EINES TIC"},"content":{"rendered":"<p>En aquest espai hi trobareu diferents webs que ens ajudaran a crear des de presentacions a p\u00e0gines web per pintar,..<\/p>\n<ul>\n<li><a class=\"wiki_link_ext\" href=\"http:\/\/www.piskelapp.com\/\" rel=\"nofollow\">PISKELAPP<\/a>: Crea un gif online.<\/li>\n<li><a class=\"wiki_link_ext\" href=\"http:\/\/vedoque.com\/html5\/mecanografia\/mecanografia1\/\" target=\"_blank\" rel=\"nofollow noopener noreferrer\">MECANOGRAFIA<\/a>: Practica la mecanografia per escriure correctament a l&#8217;ordinador.<\/li>\n<li><a class=\"wiki_link_ext\" href=\"http:\/\/betaportal.icgc.cat\/canurb\/cathistoric.html?lon=2.17579&amp;lat=41.39612&amp;zoom=9&amp;num=2&amp;mt0=orto5m&amp;mt1=orto5m1994\" rel=\"nofollow\">COM ERA CATALUNYA?<\/a>: Mapa comparatiu de la Catalunya d&#8217;abans i ara.<\/li>\n<li><a class=\"wiki_link_ext\" href=\"http:\/\/www.bubbleshare.com\/\" rel=\"nofollow\">BUBBLESHARE<\/a>: Ens permet crear presentacions amb diferents imatges.<\/li>\n<li><a class=\"wiki_link_ext\" href=\"http:\/\/www.imageloop.com\/\" rel=\"nofollow\">IMAGE LOOP<\/a>: Ens permet crear presentacions amb diferents imatges.<\/li>\n<li><a class=\"wiki_link_ext\" href=\"http:\/\/issuu.com\/\" rel=\"nofollow\">ISSUU<\/a>: A partir d&#8217;un document pdf podem crear un visualitzat en forma de llibre.<\/li>\n<li><a class=\"wiki_link_ext\" href=\"http:\/\/vozme.com\/index.php?lang=ca\" rel=\"nofollow\">VOZ ME<\/a>: Creaci\u00f3 d&#8217;un arxiu mp3 a l&#8217;introduir el text que vols crear. D\u00f3na opci\u00f3 de fer-ho en diferents idiomes.<\/li>\n<li><a class=\"wiki_link_ext\" href=\"http:\/\/www.dibuixos.cat\/\" rel=\"nofollow\">DIBUIXOS<\/a>: P\u00e0gina web en la qual hi trobareu dibuixos que els nens podran pintar all\u00e0 mateix o b\u00e9 es poden imprimir.<\/li>\n<li><a class=\"wiki_link_ext\" href=\"http:\/\/www.jigsawplanet.com\/\" rel=\"nofollow\">GENERADOR DE TRENCACLOSQUES<\/a>: En aquesta p\u00e0gina envieu una fotografia i autom\u00e0ticament us genera un trencaclosques amb les peces que tu vulguis.<\/li>\n<li><a class=\"wiki_link_ext\" href=\"http:\/\/www.slideshare.net\/\" rel=\"nofollow\">SLIDESHARE<\/a>: Aquesta web ens serveix per crear presentacions de powerpoints i poder-les penjar en una web o blog.<\/li>\n<li><a class=\"wiki_link_ext\" href=\"http:\/\/www.wdl.org\/es\/\" rel=\"nofollow\">BIBLIOTECA DIGITAL MUNDIAL<\/a><\/li>\n<li><a class=\"wiki_link_ext\" href=\"http:\/\/catalanitzador.softcatala.org\/\" rel=\"nofollow\">CATALANITZADOR<\/a>: Catalanitzador per al windows.<\/li>\n<li><a class=\"wiki_link_ext\" href=\"http:\/\/es.tiching.com\/\" rel=\"nofollow\">TICHING<\/a>: on la comunitat educativa es troba i comparteix recursos.<\/li>\n<\/ul>\n<p>&nbsp;<\/p>\n<h1 id=\"toc0\"><a name=\"Recursos i experi\u00e8ncies d'ensenyament - aprenentatge a l'aula\"><\/a><u>Recursos i experi\u00e8ncies d&#8217;ensenyament &#8211; aprenentatge a l&#8217;aula<\/u><\/h1>\n<p>&nbsp;<\/p>\n<h2 id=\"toc1\"><a name=\"Recursos i experi\u00e8ncies d'ensenyament - aprenentatge a l'aula-RECURSOS\"><\/a><strong>RECURSOS<\/strong><\/h2>\n<ul>\n<li>Bancs d&#8217;imatges de bona qualitat amb llic\u00e8ncia gratu\u00efta:\n<ul>\n<li><a class=\"wiki_link_ext\" href=\"http:\/\/search.creativecommons.org\/?lang=es\" target=\"_blank\" rel=\"nofollow noopener noreferrer\">Creative Commons search<\/a><\/li>\n<li><a class=\"wiki_link_ext\" href=\"https:\/\/pixabay.com\/\" target=\"_blank\" rel=\"nofollow noopener noreferrer\">Pixabay<\/a><\/li>\n<li><a class=\"wiki_link_ext\" href=\"http:\/\/recursostic.educacion.es\/bancoimagenes\/web\/\" target=\"_blank\" rel=\"nofollow noopener noreferrer\">Banc d&#8217;imatges del ministeri d&#8217;educaci\u00f3<\/a><\/li>\n<li><a class=\"wiki_link_ext\" href=\"https:\/\/www.flickr.com\/commons\" target=\"_blank\" rel=\"nofollow noopener noreferrer\">Flickr: The Commons<\/a><\/li>\n<li><a class=\"wiki_link_ext\" href=\"https:\/\/marketplace.500px.com\/\" target=\"_blank\" rel=\"nofollow noopener noreferrer\">500px<\/a><\/li>\n<\/ul>\n<\/li>\n<li><a class=\"wiki_link_ext\" href=\"https:\/\/sites.google.com\/site\/videosifotospercomentar\/\" target=\"_blank\" rel=\"nofollow noopener noreferrer\">V\u00eddeos i fotografies per comentar a prim\u00e0ria<\/a>\u00a0(tutoria)<\/li>\n<li><a class=\"wiki_link_ext\" href=\"http:\/\/www.educacioilestic.com\/60-blogs-i-webs-per-treballar-la-musica-a-laula\/\" target=\"_blank\" rel=\"nofollow noopener noreferrer\">Recursos de m\u00fasica per treballar a l&#8217;aula<\/a><\/li>\n<li><a class=\"wiki_link_ext\" href=\"http:\/\/www.totemguard.com\/aulatotem\/\" target=\"_blank\" rel=\"nofollow noopener noreferrer\">Totemguard &#8211; Recursos TIC<\/a><\/li>\n<\/ul>\n<p>&nbsp;<\/p>\n<h2 id=\"toc2\"><a name=\"Recursos i experi\u00e8ncies d'ensenyament - aprenentatge a l'aula-EXPERI\u00c8NCIES\"><\/a><strong>EXPERI\u00c8NCIES<\/strong><\/h2>\n<p><strong><a class=\"wiki_link_ext\" href=\"http:\/\/www.edubcn.cat\/tecnologiaeducativa\/recursos\/material_en_prestec\" target=\"_blank\" rel=\"nofollow noopener noreferrer\">Material de pr\u00e9stec<\/a>\u00a0&#8211;<\/strong>\u00a0En aquest espai podeu consultar la relaci\u00f3 del material que el Cons\u00f2rci d&#8217;Educaci\u00f3 posa a disposici\u00f3 dels centres.<\/p>\n<p><strong>INFANTIL I PRIM\u00c0RIA<\/strong><\/p>\n<ul>\n<li><a class=\"wiki_link_ext\" href=\"http:\/\/www.edubcn.cat\/rcs_gene\/extra\/00_tecnologia_educativa\/bones_practiques_2012_2013\/fitxes_centres\/4C.pdf\" target=\"_blank\" rel=\"nofollow noopener noreferrer\">Per Sant Jordi, contes compartits<\/a><\/li>\n<li><a class=\"wiki_link_ext\" href=\"http:\/\/www.seznoubarris.com\/images\/activitats1516\/activitats\/017.pdf\" target=\"_blank\" rel=\"nofollow noopener noreferrer\">A qui li toca seguir el conte?<\/a>\n<ul>\n<li><a class=\"wiki_link_ext\" href=\"http:\/\/www.tressisens.net\/aules\/conte\/\" target=\"_blank\" rel=\"nofollow noopener noreferrer\">Contes d&#8217;anys anteriors<\/a><\/li>\n<\/ul>\n<\/li>\n<li><a class=\"wiki_link_ext\" href=\"http:\/\/www.edubcn.cat\/rcs_gene\/extra\/00_tecnologia_educativa\/bones_practiques_2014_2015\/treballs_centres\/17C_F.pdf\" target=\"_blank\" rel=\"nofollow noopener noreferrer\">Viatgem amb chroma<\/a><\/li>\n<li><a class=\"wiki_link_ext\" href=\"http:\/\/www.edubcn.cat\/rcs_gene\/extra\/00_tecnologia_educativa\/bones_practiques_2012_2013\/fitxes_centres\/3C.pdf\" target=\"_blank\" rel=\"nofollow noopener noreferrer\">Gravem, compartim i expliquem<\/a><\/li>\n<li><a class=\"wiki_link_ext\" href=\"http:\/\/www.edubcn.cat\/tecnologiaeducativa\/dinamitzacio_formacio\/presentacio_dexperiencies_tac\/ginys_per_a_lexpressio_oral_a_infantil_i_primaria\" target=\"_blank\" rel=\"nofollow noopener noreferrer\">Ginys per a la expressi\u00f3 oral<\/a><\/li>\n<li><a class=\"wiki_link_ext\" href=\"http:\/\/www.edubcn.cat\/tecnologiaeducativa\/dinamitzacio_formacio\/presentacio_dexperiencies_tac\/robotica\" target=\"_blank\" rel=\"nofollow noopener noreferrer\">Rob\u00f2tica educativa<\/a><\/li>\n<li><a class=\"wiki_link_ext\" href=\"http:\/\/www.edubcn.cat\/tecnologiaeducativa\/dinamitzacio_formacio\/presentacio_dexperiencies_tac\/narracions_digitals\" target=\"_blank\" rel=\"nofollow noopener noreferrer\">Narracions digitals<\/a><\/li>\n<\/ul>\n<p>(<a class=\"wiki_link_ext\" href=\"http:\/\/www.edubcn.cat\/tecnologiaeducativa\/dinamitzacio_formacio\/presentacio_dexperiencies_tac\" target=\"_blank\" rel=\"nofollow noopener noreferrer\">Sessions de presentaci\u00f3 de les tres experi\u00e8ncies anteriors<\/a>)<\/p>\n<p><strong>EDUCACI\u00d3 INFANTIL<\/strong><\/p>\n<ul>\n<li><a class=\"wiki_link_ext\" href=\"http:\/\/www.edubcn.cat\/rcs_gene\/extra\/00_tecnologia_educativa\/bones_practiques_2013_2014\/fitxes_centres\/5C.pdf\" target=\"_blank\" rel=\"nofollow noopener noreferrer\">Treball amb Bee-bots<\/a><\/li>\n<li><a class=\"wiki_link_ext\" href=\"http:\/\/www.edubcn.cat\/rcs_gene\/extra\/00_tecnologia_educativa\/bones_practiques_2012_2013\/fitxes_individuals\/29I.pdf\" target=\"_blank\" rel=\"nofollow noopener noreferrer\">Creativitat i narrativa amb Stop motion<\/a><\/li>\n<li><a class=\"wiki_link_ext\" href=\"http:\/\/www.edubcn.cat\/rcs_gene\/extra\/00_tecnologia_educativa\/bones_practiques_2013_2014\/fitxes_individuals\/10I.pdf\" target=\"_blank\" rel=\"nofollow noopener noreferrer\">Parlem&#8230;<\/a><\/li>\n<\/ul>\n<p><strong>CICLE INICIAL<\/strong><\/p>\n<ul>\n<li><a class=\"wiki_link_ext\" href=\"http:\/\/www.edubcn.cat\/rcs_gene\/extra\/00_tecnologia_educativa\/bones_practiques_2013_2014\/fitxes_centres\/5C.pdf\" target=\"_blank\" rel=\"nofollow noopener noreferrer\">Treball amb Bee-bots<\/a><\/li>\n<li><a class=\"wiki_link_ext\" href=\"http:\/\/www.edubcn.cat\/rcs_gene\/extra\/00_tecnologia_educativa\/Tardor_tic_2013\/SplaiEnglish_Splai.pdf\" target=\"_blank\" rel=\"nofollow noopener noreferrer\">SplaiEnglish (angl\u00e8s)<\/a><\/li>\n<li><a class=\"wiki_link_ext\" href=\"http:\/\/www.femmusicaamblestic.com\/?page_id=5123\" target=\"_blank\" rel=\"nofollow noopener noreferrer\">Fem m\u00fasica amb les TIC (m\u00fasica)<\/a><\/li>\n<li><a class=\"wiki_link_ext\" href=\"http:\/\/www.edubcn.cat\/rcs_gene\/extra\/00_tecnologia_educativa\/bones_practiques_2012_2013\/fitxes_individuals\/29I.pdf\" target=\"_blank\" rel=\"nofollow noopener noreferrer\">Creativitat i narrativa amb Stop motion<\/a><\/li>\n<\/ul>\n<p><strong>CICLE MITJ\u00c0<\/strong><\/p>\n<ul>\n<li><a class=\"wiki_link_ext\" href=\"http:\/\/www.edubcn.cat\/rcs_gene\/extra\/00_tecnologia_educativa\/Tardor_tic_2013\/SplaiEnglish_Splai.pdf\" target=\"_blank\" rel=\"nofollow noopener noreferrer\">SplaiEnglish (angl\u00e8s)<\/a><\/li>\n<li><a class=\"wiki_link_ext\" href=\"http:\/\/www.femmusicaamblestic.com\/?page_id=5123\" target=\"_blank\" rel=\"nofollow noopener noreferrer\">Fem m\u00fasica amb les TIC (m\u00fasica)<\/a><\/li>\n<li><a class=\"wiki_link_ext\" href=\"http:\/\/www.edubcn.cat\/rcs_gene\/extra\/00_tecnologia_educativa\/bones_practiques_2012_2013\/fitxes_individuals\/42I.pdf\" target=\"_blank\" rel=\"nofollow noopener noreferrer\">Stop motion a l&#8217;escola<\/a><\/li>\n<li><a class=\"wiki_link_ext\" href=\"http:\/\/www.edubcn.cat\/rcs_gene\/extra\/00_tecnologia_educativa\/bones_practiques_2012_2013\/fitxes_individuals\/13I.pdf\" target=\"_blank\" rel=\"nofollow noopener noreferrer\">Webquest Mamuts i Tigres dents de sabre<\/a><\/li>\n<li><a class=\"wiki_link_ext\" href=\"http:\/\/www.edubcn.cat\/rcs_gene\/extra\/00_tecnologia_educativa\/bones_practiques_2012_2013\/fitxes_individuals\/19I.pdf\" target=\"_blank\" rel=\"nofollow noopener noreferrer\">Fotografia matem\u00e0tica<\/a><\/li>\n<li><a class=\"wiki_link_ext\" href=\"http:\/\/www.edubcn.cat\/rcs_gene\/extra\/00_tecnologia_educativa\/bones_practiques_2014_2015\/treballs_individuals\/15I_F.pdf\" target=\"_blank\" rel=\"nofollow noopener noreferrer\">Exploradors del temps<\/a><\/li>\n<\/ul>\n<p><strong>CICLE SUPERIOR<\/strong><\/p>\n<ul>\n<li><a class=\"wiki_link_ext\" href=\"http:\/\/www.edubcn.cat\/rcs_gene\/extra\/00_tecnologia_educativa\/bones_practiques_2013_2014\/fitxes_individuals\/8I.pdf\" target=\"_blank\" rel=\"nofollow noopener noreferrer\">Trailer books<\/a><\/li>\n<li><a class=\"wiki_link_ext\" href=\"http:\/\/www.edubcn.cat\/rcs_gene\/extra\/00_tecnologia_educativa\/bones_practiques_2013_2014\/fitxes_individuals\/26I.pdf\" target=\"_blank\" rel=\"nofollow noopener noreferrer\">Aprenem a treballar al n\u00favol<\/a><\/li>\n<li><a class=\"wiki_link_ext\" href=\"http:\/\/www.edubcn.cat\/rcs_gene\/extra\/00_tecnologia_educativa\/Tardor_tic_2013\/SplaiEnglish_Splai.pdf\" target=\"_blank\" rel=\"nofollow noopener noreferrer\">SplaiEnglish (angl\u00e8s)<\/a><\/li>\n<li><a class=\"wiki_link_ext\" href=\"http:\/\/www.edubcn.cat\/rcs_gene\/extra\/00_tecnologia_educativa\/Tardor_tic_2013\/Expliquem_el_barri_Jacint_Verdaguer.pptx.pdf\" target=\"_blank\" rel=\"nofollow noopener noreferrer\">Expliquem el barri<\/a><\/li>\n<li><a class=\"wiki_link_ext\" href=\"http:\/\/www.femmusicaamblestic.com\/?page_id=5123\" target=\"_blank\" rel=\"nofollow noopener noreferrer\">Fem m\u00fasica amb les TIC (m\u00fasica)<\/a><\/li>\n<li><a class=\"wiki_link_ext\" href=\"http:\/\/www.edubcn.cat\/rcs_gene\/extra\/00_tecnologia_educativa\/bones_practiques_2012_2013\/fitxes_centres\/9C.pdf\" target=\"_blank\" rel=\"nofollow noopener noreferrer\">Audiovisuals per la ciutadania<\/a><\/li>\n<li><a class=\"wiki_link_ext\" href=\"http:\/\/www.edubcn.cat\/rcs_gene\/extra\/00_tecnologia_educativa\/bones_practiques_2012_2013\/fitxes_individuals\/12I.pdf\" target=\"_blank\" rel=\"nofollow noopener noreferrer\">Fem de reporters<\/a><\/li>\n<li><a class=\"wiki_link_ext\" href=\"http:\/\/www.edubcn.cat\/rcs_gene\/extra\/00_tecnologia_educativa\/bones_practiques_2014_2015\/treballs_individuals\/22I_F.pdf\" target=\"_blank\" rel=\"nofollow noopener noreferrer\">Endevina qui s\u00f3c (codi QR)<\/a><\/li>\n<\/ul>\n<p>&nbsp;<\/p>\n<hr \/>\n<p><a class=\"wiki_link_ext\" href=\"http:\/\/www.edubcn.cat\/tecnologiaeducativa\/dinamitzacio_formacio\/concurs_de_bones_practiques_tic\" target=\"_blank\" rel=\"nofollow noopener noreferrer\">bones pr\u00e0ctiques<\/a><\/p>\n","protected":false},"excerpt":{"rendered":"<p>En aquest espai hi trobareu diferents webs que ens ajudaran a crear des de presentacions a p\u00e0gines web per pintar,.. PISKELAPP: Crea un gif online. MECANOGRAFIA: Practica la mecanografia per escriure correctament a l&#8217;ordinador. COM ERA CATALUNYA?: Mapa comparatiu de la Catalunya d&#8217;abans i ara. BUBBLESHARE: Ens permet crear presentacions amb diferents imatges. IMAGE LOOP: [&hellip;]<\/p>\n","protected":false},"author":1,"featured_media":0,"parent":2105,"menu_order":0,"comment_status":"closed","ping_status":"closed","template":"","meta":{"_bbp_topic_count":0,"_bbp_reply_count":0,"_bbp_total_topic_count":0,"_bbp_total_reply_count":0,"_bbp_voice_count":0,"_bbp_anonymous_reply_count":0,"_bbp_topic_count_hidden":0,"_bbp_reply_count_hidden":0,"_bbp_forum_subforum_count":0,"site-sidebar-layout":"default","site-content-layout":"","ast-site-content-layout":"","site-content-style":"default","site-sidebar-style":"default","ast-global-header-display":"","ast-banner-title-visibility":"","ast-main-header-display":"","ast-hfb-above-header-display":"","ast-hfb-below-header-display":"","ast-hfb-mobile-header-display":"","site-post-title":"","ast-breadcrumbs-content":"","ast-featured-img":"","footer-sml-layout":"","theme-transparent-header-meta":"","adv-header-id-meta":"","stick-header-meta":"","header-above-stick-meta":"","header-main-stick-meta":"","header-below-stick-meta":"","astra-migrate-meta-layouts":"default","ast-page-background-enabled":"default","ast-page-background-meta":{"desktop":{"background-color":"var(--ast-global-color-4)","background-image":"","background-repeat":"repeat","background-position":"center center","background-size":"auto","background-attachment":"scroll","background-type":"","background-media":"","overlay-type":"","overlay-color":"","overlay-opacity":"","overlay-gradient":""},"tablet":{"background-color":"","background-image":"","background-repeat":"repeat","background-position":"center center","background-size":"auto","background-attachment":"scroll","background-type":"","background-media":"","overlay-type":"","overlay-color":"","overlay-opacity":"","overlay-gradient":""},"mobile":{"background-color":"","background-image":"","background-repeat":"repeat","background-position":"center center","background-size":"auto","background-attachment":"scroll","background-type":"","background-media":"","overlay-type":"","overlay-color":"","overlay-opacity":"","overlay-gradient":""}},"ast-content-background-meta":{"desktop":{"background-color":"var(--ast-global-color-5)","background-image":"","background-repeat":"repeat","background-position":"center center","background-size":"auto","background-attachment":"scroll","background-type":"","background-media":"","overlay-type":"","overlay-color":"","overlay-opacity":"","overlay-gradient":""},"tablet":{"background-color":"var(--ast-global-color-5)","background-image":"","background-repeat":"repeat","background-position":"center center","background-size":"auto","background-attachment":"scroll","background-type":"","background-media":"","overlay-type":"","overlay-color":"","overlay-opacity":"","overlay-gradient":""},"mobile":{"background-color":"var(--ast-global-color-5)","background-image":"","background-repeat":"repeat","background-position":"center center","background-size":"auto","background-attachment":"scroll","background-type":"","background-media":"","overlay-type":"","overlay-color":"","overlay-opacity":"","overlay-gradient":""}},"footnotes":""},"class_list":["post-2123","page","type-page","status-publish","hentry"],"post_mailing_queue_ids":[],"_links":{"self":[{"href":"https:\/\/agora.xtec.cat\/esc-carlit\/wp-json\/wp\/v2\/pages\/2123","targetHints":{"allow":["GET"]}}],"collection":[{"href":"https:\/\/agora.xtec.cat\/esc-carlit\/wp-json\/wp\/v2\/pages"}],"about":[{"href":"https:\/\/agora.xtec.cat\/esc-carlit\/wp-json\/wp\/v2\/types\/page"}],"author":[{"embeddable":true,"href":"https:\/\/agora.xtec.cat\/esc-carlit\/wp-json\/wp\/v2\/users\/1"}],"replies":[{"embeddable":true,"href":"https:\/\/agora.xtec.cat\/esc-carlit\/wp-json\/wp\/v2\/comments?post=2123"}],"version-history":[{"count":1,"href":"https:\/\/agora.xtec.cat\/esc-carlit\/wp-json\/wp\/v2\/pages\/2123\/revisions"}],"predecessor-version":[{"id":2124,"href":"https:\/\/agora.xtec.cat\/esc-carlit\/wp-json\/wp\/v2\/pages\/2123\/revisions\/2124"}],"up":[{"embeddable":true,"href":"https:\/\/agora.xtec.cat\/esc-carlit\/wp-json\/wp\/v2\/pages\/2105"}],"wp:attachment":[{"href":"https:\/\/agora.xtec.cat\/esc-carlit\/wp-json\/wp\/v2\/media?parent=2123"}],"curies":[{"name":"wp","href":"https:\/\/api.w.org\/{rel}","templated":true}]}}