{"id":2121,"date":"2018-07-12T14:24:02","date_gmt":"2018-07-12T12:24:02","guid":{"rendered":"http:\/\/agora.xtec.cat\/esc-carlit\/?page_id=2121"},"modified":"2018-07-12T14:24:02","modified_gmt":"2018-07-12T12:24:02","slug":"educacio-infantil","status":"publish","type":"page","link":"https:\/\/agora.xtec.cat\/esc-carlit\/wiki-carlit\/educacio-infantil\/","title":{"rendered":"EDUCACI\u00d3 INFANTIL"},"content":{"rendered":"<table class=\"wiki_table\">\n<tbody>\n<tr>\n<td><img decoding=\"async\" title=\"cuc.jpeg\" src=\"https:\/\/carlit.wikispaces.com\/file\/view\/cuc.jpeg\/383994130\/88x46\/cuc.jpeg\" alt=\"cuc.jpeg\" \/><\/td>\n<td>Juga amb el cuc a fer seriacions<\/td>\n<td><a class=\"wiki_link_ext\" href=\"http:\/\/clic.xtec.cat\/db\/jclicApplet.jsp?project=http:\/\/clic.xtec.cat\/projects\/cuc_seri\/jclic\/cuc_seri.jclic.zip&amp;lang=ca&amp;title=Juga+amb+el+cuc+a+fer+seriacions\" rel=\"nofollow\">http:\/\/clic.xtec.cat\/db\/jclicApplet.jsp?project=http:\/\/clic.xtec.cat\/projects\/cuc_seri\/jclic\/cuc_seri.jclic.zip&amp;lang=ca&amp;title=Juga+amb+el+cuc+a+fer+seriacions<\/a><\/td>\n<\/tr>\n<tr>\n<td><img decoding=\"async\" title=\"series.jpeg\" src=\"https:\/\/carlit.wikispaces.com\/file\/view\/series.jpeg\/383995734\/82x65\/series.jpeg\" alt=\"series.jpeg\" \/><\/td>\n<td>S\u00e8ries geom\u00e8triques<\/p>\n<ul>\n<li>P3: s\u00e8ries de dos elements<\/li>\n<li>P4: s\u00e8ries de tres elements<\/li>\n<li>P5: s\u00e8ries de quatre elements<\/li>\n<\/ul>\n<\/td>\n<td><a class=\"wiki_link_ext\" href=\"http:\/\/clic.xtec.cat\/db\/jclicApplet.jsp?project=http:\/\/clic.xtec.cat\/projects\/seriesg\/jclic\/seriesg.jclic.zip&amp;lang=ca&amp;title=S%E8ries+geom%E8triques\" rel=\"nofollow\">http:\/\/clic.xtec.cat\/db\/jclicApplet.jsp?project=http:\/\/clic.xtec.cat\/projects\/seriesg\/jclic\/seriesg.jclic.zip&amp;lang=ca&amp;title=S%E8ries+geom%E8triques<\/a><br \/>\n<a class=\"wiki_link_ext\" href=\"http:\/\/clic.xtec.cat\/db\/jclicApplet.jsp?project=http:\/\/clic.xtec.cat\/projects\/enserie\/jclic\/enserie.jclic.zip&amp;lang=es&amp;title=En+serie\" rel=\"nofollow\">http:\/\/clic.xtec.cat\/db\/jclicApplet.jsp?project=http:\/\/clic.xtec.cat\/projects\/enserie\/jclic\/enserie.jclic.zip&amp;lang=es&amp;title=En+serie<\/a><\/td>\n<\/tr>\n<tr>\n<td><img decoding=\"async\" title=\"n2.jpeg\" src=\"https:\/\/carlit.wikispaces.com\/file\/view\/n2.jpeg\/384000056\/86x73\/n2.jpeg\" alt=\"n2.jpeg\" \/><\/td>\n<td>P4 i P5<br \/>\n(numeraci\u00f3 de 1 a 9)<\/td>\n<td><a class=\"wiki_link_ext\" href=\"http:\/\/clic.xtec.cat\/db\/jclicApplet.jsp?project=http:\/\/clic.xtec.cat\/projects\/comptar\/jclic\/comptar.jclic.zip&amp;lang=ca&amp;title=Comptar\" rel=\"nofollow\">http:\/\/clic.xtec.cat\/db\/jclicApplet.jsp?project=http:\/\/clic.xtec.cat\/projects\/comptar\/jclic\/comptar.jclic.zip&amp;lang=ca&amp;title=Comptar<\/a><\/td>\n<\/tr>\n<tr>\n<td><img decoding=\"async\" title=\"blocos.png\" src=\"https:\/\/carlit.wikispaces.com\/file\/view\/blocos.png\/386086342\/91x63\/blocos.png\" alt=\"blocos.png\" \/><\/td>\n<td><\/td>\n<td><a class=\"wiki_link_ext\" href=\"http:\/\/www.cercifaf.org.pt\/mosaico.edu\/ca\/blocos.html\" rel=\"nofollow\">http:\/\/www.cercifaf.org.pt\/mosaico.edu\/ca\/blocos.html<\/a><\/td>\n<\/tr>\n<tr>\n<td><img decoding=\"async\" title=\"lobomatias.png\" src=\"https:\/\/carlit.wikispaces.com\/file\/view\/lobomatias.png\/402361476\/83x56\/lobomatias.png\" alt=\"lobomatias.png\" \/><\/td>\n<td>Mates per als menuts<\/td>\n<td><a class=\"wiki_link_ext\" href=\"http:\/\/www.educa.madrid.org\/web\/cp.sanfernando.aranjuez\/matias\/contenido\/menuprincipal.html\" rel=\"nofollow\">http:\/\/www.educa.madrid.org\/web\/cp.sanfernando.aranjuez\/matias\/contenido\/menuprincipal.html<\/a><\/td>\n<\/tr>\n<tr>\n<td><img decoding=\"async\" title=\"disfresses.png\" src=\"https:\/\/carlit.wikispaces.com\/file\/view\/disfresses.png\/404078700\/81x59\/disfresses.png\" alt=\"disfresses.png\" \/><\/td>\n<td>Disfressa la Laura o l&#8217;Edgar<\/td>\n<td><a class=\"wiki_link_ext\" href=\"http:\/\/clic.xtec.cat\/db\/jclicApplet.jsp?project=http:\/\/clic.xtec.cat\/projects\/carnaval9\/jclic\/carnaval9.jclic.zip&amp;lang=ca&amp;title=Les+disfresses+de+l%27Edgar+i+la+Laura\" rel=\"nofollow\">http:\/\/clic.xtec.cat\/db\/jclicApplet.jsp?project=http:\/\/clic.xtec.cat\/projects\/carnaval9\/jclic\/carnaval9.jclic.zip&amp;lang=ca&amp;title=Les+disfresses+de+l%27Edgar+i+la+Laura<\/a><\/td>\n<\/tr>\n<tr>\n<td><img decoding=\"async\" title=\"emociones_dp.jpg\" src=\"https:\/\/carlit.wikispaces.com\/file\/view\/emociones_dp.jpg\/431088672\/75x56\/emociones_dp.jpg\" alt=\"emociones_dp.jpg\" \/><\/td>\n<td>Emocions<\/td>\n<td><a class=\"wiki_link_ext\" href=\"https:\/\/www.educaixa.com\/ca\/-\/emociones\" rel=\"nofollow\">https:\/\/www.educaixa.com\/ca\/-\/emociones<\/a><\/td>\n<\/tr>\n<tr>\n<td><img decoding=\"async\" title=\"PANELLETS.jpg\" src=\"https:\/\/carlit.wikispaces.com\/file\/view\/PANELLETS.jpg\/462329610\/77x69\/PANELLETS.jpg\" alt=\"PANELLETS.jpg\" \/><\/td>\n<td>ELS PANELLETS<br \/>\nAquests panellets estan desendre\u00e7ats. Posa&#8217;ls a la seva capsa.<\/td>\n<td><a class=\"wiki_link_ext\" href=\"http:\/\/www.edu365.cat\/infantil\/monperunforat\/panellets\/activitat\/trossos.html\" rel=\"nofollow\">http:\/\/www.edu365.cat\/infantil\/monperunforat\/panellets\/activitat\/trossos.html<\/a><\/td>\n<\/tr>\n<tr>\n<td><img decoding=\"async\" title=\"TARDOR.jpg\" src=\"https:\/\/carlit.wikispaces.com\/file\/view\/TARDOR.jpg\/462327614\/58x50\/TARDOR.jpg\" alt=\"TARDOR.jpg\" \/><\/td>\n<td>FRUITS DE TARDOR<\/td>\n<td><a class=\"wiki_link_ext\" href=\"http:\/\/www.edu365.cat\/infantil\/monperunforat\/fruits_tardor\/fruits_tardor.html\" rel=\"nofollow\">http:\/\/www.edu365.cat\/infantil\/monperunforat\/fruits_tardor\/fruits_tardor.html<\/a><\/td>\n<\/tr>\n<tr>\n<td><img decoding=\"async\" title=\"bolets.jpg\" src=\"https:\/\/carlit.wikispaces.com\/file\/view\/bolets.jpg\/462328478\/50x45\/bolets.jpg\" alt=\"bolets.jpg\" \/><\/td>\n<td>BOLETS<\/td>\n<td><a class=\"wiki_link_ext\" href=\"http:\/\/www.edu365.cat\/infantil\/monperunforat\/bolets\/bolets.html\" rel=\"nofollow\">http:\/\/www.edu365.cat\/infantil\/monperunforat\/bolets\/bolets.html<\/a><\/td>\n<\/tr>\n<tr>\n<td><img decoding=\"async\" title=\"PANELLETS.jpg\" src=\"https:\/\/carlit.wikispaces.com\/file\/view\/PANELLETS.jpg\/462329610\/66x59\/PANELLETS.jpg\" alt=\"PANELLETS.jpg\" \/><\/td>\n<td>PANELLETS<\/td>\n<td><a class=\"wiki_link_ext\" href=\"http:\/\/www.edu365.cat\/infantil\/monperunforat\/panellets\/panellets.html\" rel=\"nofollow\">http:\/\/www.edu365.cat\/infantil\/monperunforat\/panellets\/panellets.html<\/a><\/td>\n<\/tr>\n<tr>\n<td><img decoding=\"async\" title=\"CASTA.jpg\" src=\"https:\/\/carlit.wikispaces.com\/file\/view\/CASTA.jpg\/462330142\/73x60\/CASTA.jpg\" alt=\"CASTA.jpg\" \/><\/td>\n<td>CASTANYES<\/td>\n<td><a class=\"wiki_link_ext\" href=\"http:\/\/www.edu365.cat\/infantil\/monperunforat\/castanyada\/castanyada.html\" rel=\"nofollow\">http:\/\/www.edu365.cat\/infantil\/monperunforat\/castanyada\/castanyada.html<\/a><\/td>\n<\/tr>\n<tr>\n<td><img decoding=\"async\" title=\"external image lectoesc.png\" src=\"http:\/\/clic.xtec.cat\/gifs\/lectoesc.png\" alt=\"external image lectoesc.png\" align=\"right\" \/><\/td>\n<td>LA LECTOESCRIPTURA A EDUCACI\u00d3 INFANTIL<\/td>\n<td><a class=\"wiki_link_ext\" href=\"http:\/\/clic.xtec.cat\/db\/jclicApplet.jsp?project=http:\/\/clic.xtec.cat\/projects\/lectoesc\/jclic\/lectoesc.jclic.zip&amp;lang=ca&amp;title=La+Lectoescriptura+a+educaci%F3+infantil\" rel=\"nofollow\">http:\/\/clic.xtec.cat\/db\/jclicApplet.jsp?project=http:\/\/clic.xtec.cat\/projects\/lectoesc\/jclic\/lectoesc.jclic.zip&amp;lang=ca&amp;title=La+Lectoescriptura+a+educaci%F3+infantil<\/a><\/td>\n<\/tr>\n<tr>\n<td>\n<div><img decoding=\"async\" title=\"wumpa.png\" src=\"https:\/\/carlit.wikispaces.com\/file\/view\/wumpa.png\/473218980\/86x64\/wumpa.png\" alt=\"wumpa.png\" \/><\/div>\n<\/td>\n<td>WUMPA<\/td>\n<td><a class=\"wiki_link_ext\" href=\"http:\/\/www.wumpasworld.com\/flash.html?langue=s\" rel=\"nofollow\">http:\/\/www.wumpasworld.com\/flash.html?langue=s<\/a><\/td>\n<\/tr>\n<tr>\n<td>\n<div><img decoding=\"async\" title=\"superpeque.png\" src=\"https:\/\/carlit.wikispaces.com\/file\/view\/superpeque.png\/473218810\/90x63\/superpeque.png\" alt=\"superpeque.png\" \/><\/div>\n<\/td>\n<td>LOS JUEGOS DEL SUPERPEQUE<br \/>\nMatem\u00e0tiques en castell\u00e0<\/td>\n<td><a class=\"wiki_link_ext\" href=\"https:\/\/dl.dropboxusercontent.com\/u\/7260262\/libroTIC\/libro%20digital\/EI\/html\/edinfantil.htm\" rel=\"nofollow\">https:\/\/dl.dropboxusercontent.com\/u\/7260262\/libroTIC\/libro%20digital\/EI\/html\/edinfantil.htm<\/a><\/td>\n<\/tr>\n<tr>\n<td>\n<div><img decoding=\"async\" title=\"hormigas.GIF\" src=\"https:\/\/carlit.wikispaces.com\/file\/view\/hormigas.GIF\/473219528\/89x39\/hormigas.GIF\" alt=\"hormigas.GIF\" \/><\/div>\n<\/td>\n<td>LAS HORMIGAS<br \/>\nAgrupacions en castell\u00e0<\/td>\n<td><a class=\"wiki_link_ext\" href=\"https:\/\/dl.dropboxusercontent.com\/u\/7260262\/libroTIC\/libro%20digital\/EI\/otros%20flash\/hormigas%20v12.swf\" rel=\"nofollow\">https:\/\/dl.dropboxusercontent.com\/u\/7260262\/libroTIC\/libro%20digital\/EI\/otros%20flash\/hormigas%20v12.swf<\/a><\/td>\n<\/tr>\n<tr>\n<td>\n<div><img decoding=\"async\" title=\"mariposas.GIF\" src=\"https:\/\/carlit.wikispaces.com\/file\/view\/mariposas.GIF\/473219776\/69x71\/mariposas.GIF\" alt=\"mariposas.GIF\" \/><\/div>\n<\/td>\n<td>EL CAZAMARIPOSAS<br \/>\nCoordinaci\u00f3 \u00f2culo-manual<\/td>\n<td><a class=\"wiki_link_ext\" href=\"https:\/\/dl.dropboxusercontent.com\/u\/7260262\/libroTIC\/libro%20digital\/EI\/otros%20flash\/mariposas.swf\" rel=\"nofollow\">https:\/\/dl.dropboxusercontent.com\/u\/7260262\/libroTIC\/libro%20digital\/EI\/otros%20flash\/mariposas.swf<\/a><\/td>\n<\/tr>\n<\/tbody>\n<\/table>\n","protected":false},"excerpt":{"rendered":"<p>Juga amb el cuc a fer seriacions http:\/\/clic.xtec.cat\/db\/jclicApplet.jsp?project=http:\/\/clic.xtec.cat\/projects\/cuc_seri\/jclic\/cuc_seri.jclic.zip&amp;lang=ca&amp;title=Juga+amb+el+cuc+a+fer+seriacions S\u00e8ries geom\u00e8triques P3: s\u00e8ries de dos elements P4: s\u00e8ries de tres elements P5: s\u00e8ries de quatre elements http:\/\/clic.xtec.cat\/db\/jclicApplet.jsp?project=http:\/\/clic.xtec.cat\/projects\/seriesg\/jclic\/seriesg.jclic.zip&amp;lang=ca&amp;title=S%E8ries+geom%E8triques http:\/\/clic.xtec.cat\/db\/jclicApplet.jsp?project=http:\/\/clic.xtec.cat\/projects\/enserie\/jclic\/enserie.jclic.zip&amp;lang=es&amp;title=En+serie P4 i P5 (numeraci\u00f3 de 1 a 9) http:\/\/clic.xtec.cat\/db\/jclicApplet.jsp?project=http:\/\/clic.xtec.cat\/projects\/comptar\/jclic\/comptar.jclic.zip&amp;lang=ca&amp;title=Comptar http:\/\/www.cercifaf.org.pt\/mosaico.edu\/ca\/blocos.html Mates per als menuts http:\/\/www.educa.madrid.org\/web\/cp.sanfernando.aranjuez\/matias\/contenido\/menuprincipal.html Disfressa la Laura o l&#8217;Edgar http:\/\/clic.xtec.cat\/db\/jclicApplet.jsp?project=http:\/\/clic.xtec.cat\/projects\/carnaval9\/jclic\/carnaval9.jclic.zip&amp;lang=ca&amp;title=Les+disfresses+de+l%27Edgar+i+la+Laura Emocions https:\/\/www.educaixa.com\/ca\/-\/emociones ELS PANELLETS Aquests panellets estan [&hellip;]<\/p>\n","protected":false},"author":1,"featured_media":0,"parent":2105,"menu_order":0,"comment_status":"closed","ping_status":"closed","template":"","meta":{"_bbp_topic_count":0,"_bbp_reply_count":0,"_bbp_total_topic_count":0,"_bbp_total_reply_count":0,"_bbp_voice_count":0,"_bbp_anonymous_reply_count":0,"_bbp_topic_count_hidden":0,"_bbp_reply_count_hidden":0,"_bbp_forum_subforum_count":0,"site-sidebar-layout":"default","site-content-layout":"","ast-site-content-layout":"","site-content-style":"default","site-sidebar-style":"default","ast-global-header-display":"","ast-banner-title-visibility":"","ast-main-header-display":"","ast-hfb-above-header-display":"","ast-hfb-below-header-display":"","ast-hfb-mobile-header-display":"","site-post-title":"","ast-breadcrumbs-content":"","ast-featured-img":"","footer-sml-layout":"","theme-transparent-header-meta":"","adv-header-id-meta":"","stick-header-meta":"","header-above-stick-meta":"","header-main-stick-meta":"","header-below-stick-meta":"","astra-migrate-meta-layouts":"default","ast-page-background-enabled":"default","ast-page-background-meta":{"desktop":{"background-color":"var(--ast-global-color-4)","background-image":"","background-repeat":"repeat","background-position":"center center","background-size":"auto","background-attachment":"scroll","background-type":"","background-media":"","overlay-type":"","overlay-color":"","overlay-opacity":"","overlay-gradient":""},"tablet":{"background-color":"","background-image":"","background-repeat":"repeat","background-position":"center center","background-size":"auto","background-attachment":"scroll","background-type":"","background-media":"","overlay-type":"","overlay-color":"","overlay-opacity":"","overlay-gradient":""},"mobile":{"background-color":"","background-image":"","background-repeat":"repeat","background-position":"center center","background-size":"auto","background-attachment":"scroll","background-type":"","background-media":"","overlay-type":"","overlay-color":"","overlay-opacity":"","overlay-gradient":""}},"ast-content-background-meta":{"desktop":{"background-color":"var(--ast-global-color-5)","background-image":"","background-repeat":"repeat","background-position":"center center","background-size":"auto","background-attachment":"scroll","background-type":"","background-media":"","overlay-type":"","overlay-color":"","overlay-opacity":"","overlay-gradient":""},"tablet":{"background-color":"var(--ast-global-color-5)","background-image":"","background-repeat":"repeat","background-position":"center center","background-size":"auto","background-attachment":"scroll","background-type":"","background-media":"","overlay-type":"","overlay-color":"","overlay-opacity":"","overlay-gradient":""},"mobile":{"background-color":"var(--ast-global-color-5)","background-image":"","background-repeat":"repeat","background-position":"center center","background-size":"auto","background-attachment":"scroll","background-type":"","background-media":"","overlay-type":"","overlay-color":"","overlay-opacity":"","overlay-gradient":""}},"footnotes":""},"class_list":["post-2121","page","type-page","status-publish","hentry"],"post_mailing_queue_ids":[],"_links":{"self":[{"href":"https:\/\/agora.xtec.cat\/esc-carlit\/wp-json\/wp\/v2\/pages\/2121","targetHints":{"allow":["GET"]}}],"collection":[{"href":"https:\/\/agora.xtec.cat\/esc-carlit\/wp-json\/wp\/v2\/pages"}],"about":[{"href":"https:\/\/agora.xtec.cat\/esc-carlit\/wp-json\/wp\/v2\/types\/page"}],"author":[{"embeddable":true,"href":"https:\/\/agora.xtec.cat\/esc-carlit\/wp-json\/wp\/v2\/users\/1"}],"replies":[{"embeddable":true,"href":"https:\/\/agora.xtec.cat\/esc-carlit\/wp-json\/wp\/v2\/comments?post=2121"}],"version-history":[{"count":1,"href":"https:\/\/agora.xtec.cat\/esc-carlit\/wp-json\/wp\/v2\/pages\/2121\/revisions"}],"predecessor-version":[{"id":2122,"href":"https:\/\/agora.xtec.cat\/esc-carlit\/wp-json\/wp\/v2\/pages\/2121\/revisions\/2122"}],"up":[{"embeddable":true,"href":"https:\/\/agora.xtec.cat\/esc-carlit\/wp-json\/wp\/v2\/pages\/2105"}],"wp:attachment":[{"href":"https:\/\/agora.xtec.cat\/esc-carlit\/wp-json\/wp\/v2\/media?parent=2121"}],"curies":[{"name":"wp","href":"https:\/\/api.w.org\/{rel}","templated":true}]}}