{"id":2119,"date":"2018-07-12T14:22:35","date_gmt":"2018-07-12T12:22:35","guid":{"rendered":"http:\/\/agora.xtec.cat\/esc-carlit\/?page_id=2119"},"modified":"2018-07-12T14:22:35","modified_gmt":"2018-07-12T12:22:35","slug":"educacio-fisica","status":"publish","type":"page","link":"https:\/\/agora.xtec.cat\/esc-carlit\/wiki-carlit\/educacio-fisica\/","title":{"rendered":"EDUCACI\u00d3 F\u00cdSICA"},"content":{"rendered":"<h2 id=\"toc1\"><u>CICLE INICIAL<\/u><\/h2>\n<p>&nbsp;<\/p>\n<table class=\"wiki_table\">\n<tbody>\n<tr>\n<td>\n<div><img decoding=\"async\" title=\"external image images?q=tbn:ANd9GcShi5jp2OLbc2qdSZSlQ7XRm5O-_W_ljJXic8uVFSBSocrC2T1ftw\" src=\"https:\/\/encrypted-tbn2.gstatic.com\/images?q=tbn:ANd9GcShi5jp2OLbc2qdSZSlQ7XRm5O-_W_ljJXic8uVFSBSocrC2T1ftw\" alt=\"external image images?q=tbn:ANd9GcShi5jp2OLbc2qdSZSlQ7XRm5O-_W_ljJXic8uVFSBSocrC2T1ftw\" \/><\/div>\n<\/td>\n<td><a class=\"wiki_link_ext\" href=\"http:\/\/clic.xtec.cat\/db\/jclicApplet.jsp?project=http:\/\/clic.xtec.cat\/projects\/efisicat\/jclic\/efisicat.jclic.zip&amp;lang=ca&amp;title=Educaci%C3%B3n+f%C3%ADsica\" target=\"_blank\" rel=\"nofollow noopener noreferrer\">ESQUEMA CORPORAL I LATERALITAT<\/a><br \/>\nconec el meu cos; fem esport; caminar, c\u00f3rrer, saltar&#8230;; davant, darrera, a prop&#8230;; abans, durant, despr\u00e9s&#8230;<\/td>\n<\/tr>\n<tr>\n<td>\n<div><img decoding=\"async\" title=\"external image ef1.jpg\" src=\"http:\/\/clic.xtec.cat\/gifs\/ef1.jpg\" alt=\"external image ef1.jpg\" \/><\/div>\n<\/td>\n<td><a class=\"wiki_link_ext\" href=\"http:\/\/clic.xtec.cat\/db\/jclicApplet.jsp?project=http:\/\/clic.xtec.cat\/projects\/ef1\/jclic\/ef1.jclic.zip&amp;lang=ca&amp;title=Educaci%C3%B3+f%C3%ADsica\" target=\"_blank\" rel=\"nofollow noopener noreferrer\">ACTIVITATS D&#8217;EDUCACI\u00d3 F\u00cdSICA<\/a><br \/>\nPaquet on es troben activitats referents als diferents blocs de continguts de l&#8217;\u00e0rea.<\/td>\n<\/tr>\n<tr>\n<td>\n<div><img decoding=\"async\" title=\"laterali.gif\" src=\"https:\/\/carlit.wikispaces.com\/file\/view\/laterali.gif\/302331690\/101x110\/laterali.gif\" alt=\"laterali.gif\" \/><\/div>\n<\/td>\n<td><a class=\"wiki_link_ext\" href=\"http:\/\/clic.xtec.cat\/db\/jclicApplet.jsp?project=http:\/\/clic.xtec.cat\/projects\/laterali\/jclic\/laterali.jclic.zip&amp;lang=es&amp;title=Lateralidad+y+relaciones+espaciales\" target=\"_blank\" rel=\"nofollow noopener noreferrer\">LATERALITAT I RELACIONS ESPAIALS<\/a><\/td>\n<\/tr>\n<tr>\n<td><img decoding=\"async\" title=\"external image capaon.gif\" src=\"http:\/\/clic.xtec.cat\/gifs\/capaon.gif\" alt=\"external image capaon.gif\" align=\"right\" \/><\/td>\n<td><a class=\"wiki_link_ext\" href=\"http:\/\/clic.xtec.cat\/db\/jclicApplet.jsp?project=http:\/\/clic.xtec.cat\/projects\/capaon\/jclic\/capaon.jclic.zip&amp;lang=ca&amp;title=Cap+a+on?\" target=\"_blank\" rel=\"nofollow noopener noreferrer\">CAP A ON?<\/a><br \/>\nActivitats d&#8217;orientaci\u00f3 espacial.<\/td>\n<\/tr>\n<tr>\n<td>\n<div><img decoding=\"async\" title=\"external image fruita-300x200.jpg\" src=\"http:\/\/blocs.xtec.cat\/educaciofisicamartamataviladecans\/files\/2011\/11\/fruita-300x200.jpg\" alt=\"external image fruita-300x200.jpg\" \/><\/div>\n<\/td>\n<td><a class=\"wiki_link_ext\" href=\"http:\/\/www.gencat.cat\/alimentacio\/fruitaescolar\/joc\/macedonia.html\" target=\"_blank\" rel=\"nofollow noopener noreferrer\">A L&#8217;ESCOLA MENGEM FRUITA<\/a><br \/>\nJoc de la maced\u00f2nia<\/td>\n<\/tr>\n<tr>\n<td>\n<div><img decoding=\"async\" title=\"external image cos2.gif\" src=\"http:\/\/clic.xtec.cat\/gifs\/cos2.gif\" alt=\"external image cos2.gif\" \/><\/div>\n<\/td>\n<td><a class=\"wiki_link_ext\" href=\"http:\/\/clic.xtec.cat\/db\/jclicApplet.jsp?project=http:\/\/clic.xtec.cat\/projects\/cos2\/jclic\/cos2.jclic.zip&amp;lang=ca&amp;title=El+nostre+cos+2\" target=\"_blank\" rel=\"nofollow noopener noreferrer\">EL NOSTRE COS<\/a><\/td>\n<\/tr>\n<tr>\n<td>\n<div><img decoding=\"async\" title=\"external image esvital.gif\" src=\"http:\/\/clic.xtec.cat\/gifs\/esvital.gif\" alt=\"external image esvital.gif\" \/><\/div>\n<\/td>\n<td><a class=\"wiki_link_ext\" href=\"http:\/\/clic.xtec.cat\/db\/jclicApplet.jsp?project=http:\/\/clic.xtec.cat\/projects\/esvital\/jclic\/esvital.jclic.zip&amp;lang=ca&amp;title=%C9s+vital,+fruites+i+hortalisses\" target=\"_blank\" rel=\"nofollow noopener noreferrer\">\u00c9S VITAL, FRUITES I HORTALISSES<\/a><\/td>\n<\/tr>\n<tr>\n<td>\n<div><img decoding=\"async\" title=\"external image coshuma2.gif\" src=\"http:\/\/clic.xtec.cat\/gifs\/coshuma2.gif\" alt=\"external image coshuma2.gif\" \/><\/div>\n<\/td>\n<td><a class=\"wiki_link_ext\" href=\"http:\/\/clic.xtec.cat\/db\/jclicApplet.jsp?project=http:\/\/clic.xtec.cat\/projects\/coshuma2\/jclic\/coshuma2.jclic.zip&amp;lang=ca&amp;title=El+nostre+cos\" target=\"_blank\" rel=\"nofollow noopener noreferrer\">EL NOSTRE COS<\/a><\/td>\n<\/tr>\n<\/tbody>\n<\/table>\n<p>&nbsp;<\/p>\n<h2 id=\"toc2\"><a name=\"x-CICLE MITJ\u00c0\"><\/a><u>CICLE MITJ\u00c0<\/u><\/h2>\n<table class=\"wiki_table\">\n<tbody>\n<tr>\n<td><img decoding=\"async\" title=\"external image images?q=tbn:ANd9GcRwu33SpD2a0PsU4exS37IWPHKcGYueFg7p1yqbJhSlqHUvyU_v\" src=\"https:\/\/encrypted-tbn0.gstatic.com\/images?q=tbn:ANd9GcRwu33SpD2a0PsU4exS37IWPHKcGYueFg7p1yqbJhSlqHUvyU_v\" alt=\"external image images?q=tbn:ANd9GcRwu33SpD2a0PsU4exS37IWPHKcGYueFg7p1yqbJhSlqHUvyU_v\" \/><\/td>\n<td><a class=\"wiki_link_ext\" href=\"http:\/\/clic.xtec.cat\/db\/jclicApplet.jsp?project=http:\/\/clic.xtec.cat\/projects\/beisbol\/jclic\/beisbol.jclic.zip&amp;lang=ca&amp;title=Introducci%F3+al+beisbol\" target=\"_blank\" rel=\"nofollow noopener noreferrer\">INTRODUCCI\u00d3 AL BEISBOL<\/a><\/td>\n<\/tr>\n<tr>\n<td>\n<div><img decoding=\"async\" title=\"external image images?q=tbn:ANd9GcQ2D1liZQ4jCoiC9P6VoTa-6k_WiKtbogq1Kf9IvuxSAXS0tTai\" src=\"https:\/\/encrypted-tbn2.gstatic.com\/images?q=tbn:ANd9GcQ2D1liZQ4jCoiC9P6VoTa-6k_WiKtbogq1Kf9IvuxSAXS0tTai\" alt=\"external image images?q=tbn:ANd9GcQ2D1liZQ4jCoiC9P6VoTa-6k_WiKtbogq1Kf9IvuxSAXS0tTai\" \/><\/div>\n<\/td>\n<td><a class=\"wiki_link_ext\" href=\"http:\/\/clic.xtec.cat\/db\/jclicApplet.jsp?project=http:\/\/clic.xtec.cat\/projects\/judo1\/jclic\/judo1.jclic.zip&amp;lang=ca&amp;title=Judo\" target=\"_blank\" rel=\"nofollow noopener noreferrer\">JUDO<\/a><\/td>\n<\/tr>\n<tr>\n<td><img decoding=\"async\" title=\"external image implicat.png\" src=\"http:\/\/clic.xtec.cat\/gifs\/implicat.png\" alt=\"external image implicat.png\" align=\"right\" \/><\/td>\n<td><a class=\"wiki_link_ext\" href=\"http:\/\/clic.xtec.cat\/db\/jclicApplet.jsp?project=http:\/\/clic.xtec.cat\/projects\/implicat\/jclic\/implicat.jclic.zip&amp;lang=ca&amp;title=Implica%27t+amb+el+teu+cos\" target=\"_blank\" rel=\"nofollow noopener noreferrer\">IMPLICA&#8217;T AMB EL TEU COS<\/a><\/td>\n<\/tr>\n<tr>\n<td>\n<div><img decoding=\"async\" title=\"external image ef1.jpg\" src=\"http:\/\/clic.xtec.cat\/gifs\/ef1.jpg\" alt=\"external image ef1.jpg\" \/><\/div>\n<\/td>\n<td><a class=\"wiki_link_ext\" href=\"http:\/\/clic.xtec.cat\/db\/jclicApplet.jsp?project=http:\/\/clic.xtec.cat\/projects\/ef1\/jclic\/ef1.jclic.zip&amp;lang=ca&amp;title=Educaci%C3%B3+f%C3%ADsica\" target=\"_blank\" rel=\"nofollow noopener noreferrer\">ACTIVITATS D&#8217;EDUCACI\u00d3 F\u00cdSICA<\/a><br \/>\nPaquet on es troben activitats referents als diferents blocs de continguts de l&#8217;\u00e0rea.<\/td>\n<\/tr>\n<\/tbody>\n<\/table>\n<p>&nbsp;<\/p>\n<h2 id=\"toc3\"><a name=\"x-CICLE SUPERIOR\"><\/a><u>CICLE SUPERIOR<\/u><\/h2>\n<table class=\"wiki_table\">\n<tbody>\n<tr>\n<td>\n<div><img decoding=\"async\" title=\"external image ef1.jpg\" src=\"http:\/\/clic.xtec.cat\/gifs\/ef1.jpg\" alt=\"external image ef1.jpg\" \/><\/div>\n<\/td>\n<td><a class=\"wiki_link_ext\" href=\"http:\/\/clic.xtec.cat\/db\/jclicApplet.jsp?project=http:\/\/clic.xtec.cat\/projects\/ef1\/jclic\/ef1.jclic.zip&amp;lang=ca&amp;title=Educaci%C3%B3+f%C3%ADsica\" target=\"_blank\" rel=\"nofollow noopener noreferrer\">ACTIVITATS D&#8217;EDUCACI\u00d3 F\u00cdSICA<\/a><br \/>\nPaquet on es troben activitats referents als diferents blocs de continguts de l&#8217;\u00e0rea.<\/td>\n<\/tr>\n<tr>\n<td>\n<div><img decoding=\"async\" title=\"ef8.jpg\" src=\"https:\/\/carlit.wikispaces.com\/file\/view\/ef8.jpg\/404801292\/96x49\/ef8.jpg\" alt=\"ef8.jpg\" \/><\/div>\n<\/td>\n<td><a class=\"wiki_link_ext\" href=\"http:\/\/clic.xtec.cat\/db\/jclicApplet.jsp?project=http:\/\/clic.xtec.cat\/projects\/qfb\/jclic\/qfb.jclic.zip&amp;lang=ca&amp;title=Qualitats+f%EDsiques+b%E0siques\" target=\"_blank\" rel=\"nofollow noopener noreferrer\">LES QUALITATS F\u00cdSIQUES B\u00c0SIQUES<\/a><\/td>\n<\/tr>\n<tr>\n<td>\n<div><img decoding=\"async\" title=\"external image ef9.jpg\" src=\"http:\/\/primaria.ieduca.caib.es\/images\/stories\/3cicle\/ef9.jpg\" alt=\"external image ef9.jpg\" \/><\/div>\n<\/td>\n<td><a class=\"wiki_link_ext\" href=\"http:\/\/clic.xtec.cat\/db\/jclicApplet.jsp?project=http:\/\/clic.xtec.cat\/projects\/esports\/jclic\/esports.jclic.zip&amp;lang=ca&amp;title=Els+esports\" target=\"_blank\" rel=\"nofollow noopener noreferrer\">ELS ESPORTS<\/a><br \/>\nActivitats referides a diversitat d&#8217;esports.<\/td>\n<\/tr>\n<tr>\n<td>\n<div><img decoding=\"async\" title=\"Jocs_multiculturals_6.JPG\" src=\"https:\/\/carlit.wikispaces.com\/file\/view\/Jocs_multiculturals_6.JPG\/470297866\/129x73\/Jocs_multiculturals_6.JPG\" alt=\"Jocs_multiculturals_6.JPG\" \/><\/div>\n<\/td>\n<td>\u200b<a class=\"wiki_link_ext\" href=\"http:\/\/www.educaixa.com\/ca\/-\/juegos-tradicionales\" target=\"_blank\" rel=\"nofollow noopener noreferrer\">JOCS MULTICULTURALS<\/a><br \/>\nA totes les cultures s&#8217;han inventat meravellosos jocs amb els que tots podem jugar.<\/td>\n<\/tr>\n<tr>\n<td>\n<div><img decoding=\"async\" title=\"hoquei.jpg\" src=\"https:\/\/carlit.wikispaces.com\/file\/view\/hoquei.jpg\/470297712\/103x74\/hoquei.jpg\" alt=\"hoquei.jpg\" \/><\/div>\n<\/td>\n<td><a class=\"wiki_link_ext\" href=\"http:\/\/clic.xtec.cat\/db\/jclicApplet.jsp?project=http:\/\/clic.xtec.cat\/projects\/hoquei\/jclic\/hoquei.jclic.zip&amp;lang=ca&amp;title=Hoquei\" target=\"_blank\" rel=\"nofollow noopener noreferrer\">CONEGUEM L&#8217;HOQUEI!<\/a><\/td>\n<\/tr>\n<tr>\n<td>\n<div><img decoding=\"async\" title=\"external image images?q=tbn:ANd9GcQ1C7GxZnxSDUJQX24Vsd54DN08BtpLFnQbZ26Mubb_Nmed0Ru-\" src=\"https:\/\/encrypted-tbn0.gstatic.com\/images?q=tbn:ANd9GcQ1C7GxZnxSDUJQX24Vsd54DN08BtpLFnQbZ26Mubb_Nmed0Ru-\" alt=\"external image images?q=tbn:ANd9GcQ1C7GxZnxSDUJQX24Vsd54DN08BtpLFnQbZ26Mubb_Nmed0Ru-\" \/><\/div>\n<\/td>\n<td><a class=\"wiki_link_ext\" href=\"http:\/\/clic.xtec.cat\/db\/jclicApplet.jsp?project=http:\/\/clic.xtec.cat\/projects\/handbol\/jclic\/handbol.jclic.zip&amp;lang=ca&amp;title=Introducci%F3+al+mini-handbol\" target=\"_blank\" rel=\"nofollow noopener noreferrer\">INTRODUCCI\u00d3 AL MINI-HANDBOL<\/a><\/td>\n<\/tr>\n<tr>\n<td>\n<div><img decoding=\"async\" title=\"external image images?q=tbn:ANd9GcQ2D1liZQ4jCoiC9P6VoTa-6k_WiKtbogq1Kf9IvuxSAXS0tTai\" src=\"https:\/\/encrypted-tbn2.gstatic.com\/images?q=tbn:ANd9GcQ2D1liZQ4jCoiC9P6VoTa-6k_WiKtbogq1Kf9IvuxSAXS0tTai\" alt=\"external image images?q=tbn:ANd9GcQ2D1liZQ4jCoiC9P6VoTa-6k_WiKtbogq1Kf9IvuxSAXS0tTai\" \/><\/div>\n<\/td>\n<td><a class=\"wiki_link_ext\" href=\"http:\/\/clic.xtec.cat\/db\/jclicApplet.jsp?project=http:\/\/clic.xtec.cat\/projects\/judo1\/jclic\/judo1.jclic.zip&amp;lang=ca&amp;title=Judo\" target=\"_blank\" rel=\"nofollow noopener noreferrer\">JUDO<\/a><\/td>\n<\/tr>\n<tr>\n<td>\n<div><img decoding=\"async\" title=\"external image images?q=tbn:ANd9GcSjl1t7ivHqWVgLTDiMNT-HEyVgi2BhQK0yAF3CvHC1-PCEcppPsPIHZdG4\" src=\"https:\/\/encrypted-tbn2.gstatic.com\/images?q=tbn:ANd9GcSjl1t7ivHqWVgLTDiMNT-HEyVgi2BhQK0yAF3CvHC1-PCEcppPsPIHZdG4\" alt=\"external image images?q=tbn:ANd9GcSjl1t7ivHqWVgLTDiMNT-HEyVgi2BhQK0yAF3CvHC1-PCEcppPsPIHZdG4\" \/><\/div>\n<\/td>\n<td><a class=\"wiki_link_ext\" href=\"http:\/\/www.5aldia.es\/\" target=\"_blank\" rel=\"nofollow noopener noreferrer\">FRUITES I HORTALISSES PER A UNA BONA SALUT<\/a><\/td>\n<\/tr>\n<tr>\n<td><img decoding=\"async\" title=\"external image implicat.png\" src=\"http:\/\/clic.xtec.cat\/gifs\/implicat.png\" alt=\"external image implicat.png\" align=\"right\" \/><\/td>\n<td><a class=\"wiki_link_ext\" href=\"http:\/\/clic.xtec.cat\/db\/jclicApplet.jsp?project=http:\/\/clic.xtec.cat\/projects\/implicat\/jclic\/implicat.jclic.zip&amp;lang=ca&amp;title=Implica%27t+amb+el+teu+cos\" target=\"_blank\" rel=\"nofollow noopener noreferrer\">IMPLICA&#8217;T AMB EL TEU COS<\/a><\/td>\n<\/tr>\n<tr>\n<td><img decoding=\"async\" title=\"external image salud.jpg\" src=\"http:\/\/clic.xtec.cat\/gifs\/salud.jpg\" alt=\"external image salud.jpg\" align=\"right\" \/><\/td>\n<td><a class=\"wiki_link_ext\" href=\"http:\/\/clic.xtec.cat\/db\/jclicApplet.jsp?project=http:\/\/clic.xtec.cat\/projects\/salud\/jclic\/salud.jclic.zip&amp;lang=es&amp;title=Mi+salud,+mi+cuerpo+y+la+educaci%C3%B3n+f%C3%ADsica\" target=\"_blank\" rel=\"nofollow noopener noreferrer\">MI SALUD, MI CUERPO Y LA EDUCACI\u00d3N F\u00cdSICA<\/a><\/td>\n<\/tr>\n<tr>\n<td>\n<div><img decoding=\"async\" title=\"external image ossosmus.png\" src=\"http:\/\/clic.xtec.cat\/gifs\/ossosmus.png\" alt=\"external image ossosmus.png\" \/><\/div>\n<\/td>\n<td><a class=\"wiki_link_ext\" href=\"http:\/\/clic.xtec.cat\/db\/jclicApplet.jsp?project=http:\/\/clic.xtec.cat\/projects\/ossosmus\/jclic\/ossosmus.jclic.zip&amp;lang=ca&amp;title=%C3%92ssos+i+m%C3%BAsculs\" target=\"_blank\" rel=\"nofollow noopener noreferrer\">\u00d2SSOS I M\u00daSCULS<\/a><\/td>\n<\/tr>\n<tr>\n<td>\n<div><img loading=\"lazy\" decoding=\"async\" class=\"\" title=\"baixa.jpg\" src=\"https:\/\/carlit.wikispaces.com\/file\/view\/baixa.jpg\/575055161\/82x87\/baixa.jpg\" alt=\"baixa.jpg\" width=\"156\" height=\"166\" \/><\/div>\n<\/td>\n<td><a class=\"wiki_link_ext\" href=\"http:\/\/contenidos.educarex.es\/cnice\/2006\/ludos\/c\/04\/index.html\" target=\"_blank\" rel=\"nofollow noopener noreferrer\">CURSES D&#8217;ORIENTACI\u00d3<\/a><\/td>\n<\/tr>\n<\/tbody>\n<\/table>\n","protected":false},"excerpt":{"rendered":"<p>CICLE INICIAL &nbsp; ESQUEMA CORPORAL I LATERALITAT conec el meu cos; fem esport; caminar, c\u00f3rrer, saltar&#8230;; davant, darrera, a prop&#8230;; abans, durant, despr\u00e9s&#8230; ACTIVITATS D&#8217;EDUCACI\u00d3 F\u00cdSICA Paquet on es troben activitats referents als diferents blocs de continguts de l&#8217;\u00e0rea. LATERALITAT I RELACIONS ESPAIALS CAP A ON? Activitats d&#8217;orientaci\u00f3 espacial. A L&#8217;ESCOLA MENGEM FRUITA Joc de [&hellip;]<\/p>\n","protected":false},"author":1,"featured_media":0,"parent":2105,"menu_order":0,"comment_status":"closed","ping_status":"closed","template":"","meta":{"_bbp_topic_count":0,"_bbp_reply_count":0,"_bbp_total_topic_count":0,"_bbp_total_reply_count":0,"_bbp_voice_count":0,"_bbp_anonymous_reply_count":0,"_bbp_topic_count_hidden":0,"_bbp_reply_count_hidden":0,"_bbp_forum_subforum_count":0,"site-sidebar-layout":"default","site-content-layout":"","ast-site-content-layout":"","site-content-style":"default","site-sidebar-style":"default","ast-global-header-display":"","ast-banner-title-visibility":"","ast-main-header-display":"","ast-hfb-above-header-display":"","ast-hfb-below-header-display":"","ast-hfb-mobile-header-display":"","site-post-title":"","ast-breadcrumbs-content":"","ast-featured-img":"","footer-sml-layout":"","theme-transparent-header-meta":"","adv-header-id-meta":"","stick-header-meta":"","header-above-stick-meta":"","header-main-stick-meta":"","header-below-stick-meta":"","astra-migrate-meta-layouts":"default","ast-page-background-enabled":"default","ast-page-background-meta":{"desktop":{"background-color":"var(--ast-global-color-4)","background-image":"","background-repeat":"repeat","background-position":"center center","background-size":"auto","background-attachment":"scroll","background-type":"","background-media":"","overlay-type":"","overlay-color":"","overlay-opacity":"","overlay-gradient":""},"tablet":{"background-color":"","background-image":"","background-repeat":"repeat","background-position":"center center","background-size":"auto","background-attachment":"scroll","background-type":"","background-media":"","overlay-type":"","overlay-color":"","overlay-opacity":"","overlay-gradient":""},"mobile":{"background-color":"","background-image":"","background-repeat":"repeat","background-position":"center center","background-size":"auto","background-attachment":"scroll","background-type":"","background-media":"","overlay-type":"","overlay-color":"","overlay-opacity":"","overlay-gradient":""}},"ast-content-background-meta":{"desktop":{"background-color":"var(--ast-global-color-5)","background-image":"","background-repeat":"repeat","background-position":"center center","background-size":"auto","background-attachment":"scroll","background-type":"","background-media":"","overlay-type":"","overlay-color":"","overlay-opacity":"","overlay-gradient":""},"tablet":{"background-color":"var(--ast-global-color-5)","background-image":"","background-repeat":"repeat","background-position":"center center","background-size":"auto","background-attachment":"scroll","background-type":"","background-media":"","overlay-type":"","overlay-color":"","overlay-opacity":"","overlay-gradient":""},"mobile":{"background-color":"var(--ast-global-color-5)","background-image":"","background-repeat":"repeat","background-position":"center center","background-size":"auto","background-attachment":"scroll","background-type":"","background-media":"","overlay-type":"","overlay-color":"","overlay-opacity":"","overlay-gradient":""}},"footnotes":""},"class_list":["post-2119","page","type-page","status-publish","hentry"],"post_mailing_queue_ids":[],"_links":{"self":[{"href":"https:\/\/agora.xtec.cat\/esc-carlit\/wp-json\/wp\/v2\/pages\/2119","targetHints":{"allow":["GET"]}}],"collection":[{"href":"https:\/\/agora.xtec.cat\/esc-carlit\/wp-json\/wp\/v2\/pages"}],"about":[{"href":"https:\/\/agora.xtec.cat\/esc-carlit\/wp-json\/wp\/v2\/types\/page"}],"author":[{"embeddable":true,"href":"https:\/\/agora.xtec.cat\/esc-carlit\/wp-json\/wp\/v2\/users\/1"}],"replies":[{"embeddable":true,"href":"https:\/\/agora.xtec.cat\/esc-carlit\/wp-json\/wp\/v2\/comments?post=2119"}],"version-history":[{"count":1,"href":"https:\/\/agora.xtec.cat\/esc-carlit\/wp-json\/wp\/v2\/pages\/2119\/revisions"}],"predecessor-version":[{"id":2120,"href":"https:\/\/agora.xtec.cat\/esc-carlit\/wp-json\/wp\/v2\/pages\/2119\/revisions\/2120"}],"up":[{"embeddable":true,"href":"https:\/\/agora.xtec.cat\/esc-carlit\/wp-json\/wp\/v2\/pages\/2105"}],"wp:attachment":[{"href":"https:\/\/agora.xtec.cat\/esc-carlit\/wp-json\/wp\/v2\/media?parent=2119"}],"curies":[{"name":"wp","href":"https:\/\/api.w.org\/{rel}","templated":true}]}}