{"id":2113,"date":"2018-07-12T14:20:54","date_gmt":"2018-07-12T12:20:54","guid":{"rendered":"http:\/\/agora.xtec.cat\/esc-carlit\/?page_id=2113"},"modified":"2018-07-12T14:20:54","modified_gmt":"2018-07-12T12:20:54","slug":"aula-dacollida","status":"publish","type":"page","link":"https:\/\/agora.xtec.cat\/esc-carlit\/wiki-carlit\/aula-dacollida\/","title":{"rendered":"AULA D&#8217;ACOLLIDA"},"content":{"rendered":"<table class=\"wiki_table\">\n<tbody>\n<tr>\n<td><img decoding=\"async\" title=\"external image concfono.gif\" src=\"http:\/\/clic.xtec.cat\/gifs\/concfono.gif\" alt=\"external image concfono.gif\" \/><\/td>\n<td>Alfabetitzaci\u00f3: Recursos TIC<\/td>\n<td><a class=\"wiki_link_ext\" href=\"http:\/\/blocs.xtec.cat\/acollidavallbona\/alfabetitzacio-recursos-tic\/\" rel=\"nofollow\">http:\/\/blocs.xtec.cat\/acollidavallbona\/alfabetitzacio-recursos-tic<\/a>\/<\/td>\n<\/tr>\n<tr>\n<td><img decoding=\"async\" title=\"imagesCA70JN6N.jpg\" src=\"https:\/\/carlit.wikispaces.com\/file\/view\/imagesCA70JN6N.jpg\/399161524\/132x98\/imagesCA70JN6N.jpg\" alt=\"imagesCA70JN6N.jpg\" \/><\/td>\n<td>Vocabulario material escolar<\/td>\n<td><a class=\"wiki_link_ext\" href=\"https:\/\/www.profedeele.es\/actividad\/vocabulario\/material-escolar\/\" target=\"_blank\" rel=\"nofollow noopener noreferrer\">https:\/\/www.profedeele.es\/actividad\/vocabulario\/material-escolar\/<\/a><\/td>\n<\/tr>\n<tr>\n<td><img decoding=\"async\" title=\"escola_x.gif\" src=\"https:\/\/carlit.wikispaces.com\/file\/view\/escola_x.gif\/435976924\/129x65\/escola_x.gif\" alt=\"escola_x.gif\" \/><\/td>\n<td>Diccionari<br \/>\ncatal\u00e0-xin\u00e8s<br \/>\nxin\u00e8s-catal\u00e0<\/td>\n<td><a class=\"wiki_link_ext\" href=\"http:\/\/www.edu365.com\/agora\/dic\/catala_xines\/index.htm#\" rel=\"nofollow\">http:\/\/www.edu365.com\/agora\/dic\/catala_xines\/index.htm#<\/a><\/td>\n<\/tr>\n<tr>\n<td><img decoding=\"async\" title=\"agora.png\" src=\"https:\/\/carlit.wikispaces.com\/file\/view\/agora.png\/435979302\/agora.png\" alt=\"agora.png\" \/><\/td>\n<td>Diccionaris il\u00b7lustrats interactius<\/td>\n<td><a class=\"wiki_link_ext\" href=\"http:\/\/www.edu365.cat\/agora\/\" rel=\"nofollow\">http:\/\/www.edu365.cat\/agora\/<\/a><\/td>\n<\/tr>\n<tr>\n<td><img decoding=\"async\" title=\"vincles.png\" src=\"https:\/\/carlit.wikispaces.com\/file\/view\/vincles.png\/435978866\/vincles.png\" alt=\"vincles.png\" \/><\/td>\n<td>Interactius per a l&#8217;aprentatge<br \/>\ndel catal\u00e0<\/td>\n<td><a class=\"wiki_link_ext\" href=\"http:\/\/www.edu365.cat\/eso\/muds\/catala\/vincles\/index.htm\" rel=\"nofollow\">http:\/\/www.edu365.cat\/eso\/muds\/catala\/vincles\/index.htm<\/a><\/td>\n<\/tr>\n<tr>\n<td><img decoding=\"async\" title=\"gali.jpg\" src=\"https:\/\/carlit.wikispaces.com\/file\/view\/gali.jpg\/435979832\/gali.jpg\" alt=\"gali.jpg\" \/><\/td>\n<td>Aprenentatge interactiu de la llengua<\/td>\n<td><a class=\"wiki_link_ext\" href=\"http:\/\/clic.xtec.cat\/gali\/gali\/galiMain.jsp?cons=si\" rel=\"nofollow\">http:\/\/clic.xtec.cat\/gali\/gali\/galiMain.jsp?cons=si<\/a><\/td>\n<\/tr>\n<tr>\n<td><img decoding=\"async\" title=\"dunia.png\" src=\"https:\/\/carlit.wikispaces.com\/file\/view\/dunia.png\/435980840\/dunia.png\" alt=\"dunia.png\" \/><\/td>\n<td>Arxius sonors de vocabulari en catal\u00e0 i<br \/>\ndisset lleng\u00fces amb l\u00e8xic de diversos temes<\/td>\n<td><a class=\"wiki_link_ext\" href=\"http:\/\/www.puntintercanvi.org\/catala\/audios.htm\" rel=\"nofollow\">http:\/\/www.puntintercanvi.org\/catala\/audios.htm<\/a><\/td>\n<\/tr>\n<tr>\n<td><img decoding=\"async\" title=\"mudsdemots.jpg\" src=\"https:\/\/carlit.wikispaces.com\/file\/view\/mudsdemots.jpg\/439481296\/mudsdemots.jpg\" alt=\"mudsdemots.jpg\" \/><\/td>\n<td>Activitats de l\u00e8xic.<br \/>\n<u><a class=\"wiki_link_ext\" href=\"http:\/\/www.edu365.cat\/eso\/muds\/catala\/mudsmots\/nomcosa1\/exercicis.html\" rel=\"nofollow\">El nom de cada cosa<\/a><\/u><br \/>\n<u><a class=\"wiki_link_ext\" href=\"http:\/\/www.edu365.cat\/eso\/muds\/catala\/mudsmots\/comsom\/exercicis.html\" rel=\"nofollow\">Com som<\/a><a class=\"wiki_link_ext\" href=\"http:\/\/www.edu365.cat\/eso\/muds\/catala\/mudsmots\/oficis\/exercicis.html\" rel=\"nofollow\">Oficis bons per viure<\/a><\/u><\/td>\n<td><a class=\"wiki_link_ext\" href=\"http:\/\/www.edu365.cat\/eso\/muds\/catala\/mudsmots\/index.html\" rel=\"nofollow\">http:\/\/www.edu365.cat\/eso\/muds\/catala\/mudsmots\/index.html<\/a><\/td>\n<\/tr>\n<tr>\n<td><img decoding=\"async\" title=\"ma_contes.png\" src=\"https:\/\/carlit.wikispaces.com\/file\/view\/ma_contes.png\/439481678\/ma_contes.png\" alt=\"ma_contes.png\" \/><\/td>\n<td>Una ma de contes.<br \/>\nDiverses tipologies de contes, de t\u00e8cniques narratives i il\u00b7lustratives&#8230;<\/td>\n<td><a class=\"wiki_link_ext\" href=\"http:\/\/www.super3.cat\/unamadecontes\/\" rel=\"nofollow\">http:\/\/www.super3.cat\/unamadecontes\/<\/a><\/td>\n<\/tr>\n<tr>\n<td><img decoding=\"async\" title=\"cinc.png\" src=\"https:\/\/carlit.wikispaces.com\/file\/view\/cinc.png\/439481956\/cinc.png\" alt=\"cinc.png\" \/><\/td>\n<td>5 al dia.<br \/>\nFruites i hortalisses: cinc racions al dia. Informaci\u00f3, jocs, can\u00e7ons&#8230;<\/td>\n<td><a class=\"wiki_link_ext\" href=\"http:\/\/www.5aldia.es\/\" rel=\"nofollow\">http:\/\/www.5aldia.es\/<\/a><\/td>\n<\/tr>\n<\/tbody>\n<\/table>\n","protected":false},"excerpt":{"rendered":"<p>Alfabetitzaci\u00f3: Recursos TIC http:\/\/blocs.xtec.cat\/acollidavallbona\/alfabetitzacio-recursos-tic\/ Vocabulario material escolar https:\/\/www.profedeele.es\/actividad\/vocabulario\/material-escolar\/ Diccionari catal\u00e0-xin\u00e8s xin\u00e8s-catal\u00e0 http:\/\/www.edu365.com\/agora\/dic\/catala_xines\/index.htm# Diccionaris il\u00b7lustrats interactius http:\/\/www.edu365.cat\/agora\/ Interactius per a l&#8217;aprentatge del catal\u00e0 http:\/\/www.edu365.cat\/eso\/muds\/catala\/vincles\/index.htm Aprenentatge interactiu de la llengua http:\/\/clic.xtec.cat\/gali\/gali\/galiMain.jsp?cons=si Arxius sonors de vocabulari en catal\u00e0 i disset lleng\u00fces amb l\u00e8xic de diversos temes http:\/\/www.puntintercanvi.org\/catala\/audios.htm Activitats de l\u00e8xic. El nom de cada cosa Com somOficis bons [&hellip;]<\/p>\n","protected":false},"author":1,"featured_media":0,"parent":2105,"menu_order":0,"comment_status":"closed","ping_status":"closed","template":"","meta":{"_bbp_topic_count":0,"_bbp_reply_count":0,"_bbp_total_topic_count":0,"_bbp_total_reply_count":0,"_bbp_voice_count":0,"_bbp_anonymous_reply_count":0,"_bbp_topic_count_hidden":0,"_bbp_reply_count_hidden":0,"_bbp_forum_subforum_count":0,"site-sidebar-layout":"default","site-content-layout":"","ast-site-content-layout":"","site-content-style":"default","site-sidebar-style":"default","ast-global-header-display":"","ast-banner-title-visibility":"","ast-main-header-display":"","ast-hfb-above-header-display":"","ast-hfb-below-header-display":"","ast-hfb-mobile-header-display":"","site-post-title":"","ast-breadcrumbs-content":"","ast-featured-img":"","footer-sml-layout":"","theme-transparent-header-meta":"","adv-header-id-meta":"","stick-header-meta":"","header-above-stick-meta":"","header-main-stick-meta":"","header-below-stick-meta":"","astra-migrate-meta-layouts":"default","ast-page-background-enabled":"default","ast-page-background-meta":{"desktop":{"background-color":"var(--ast-global-color-4)","background-image":"","background-repeat":"repeat","background-position":"center center","background-size":"auto","background-attachment":"scroll","background-type":"","background-media":"","overlay-type":"","overlay-color":"","overlay-opacity":"","overlay-gradient":""},"tablet":{"background-color":"","background-image":"","background-repeat":"repeat","background-position":"center center","background-size":"auto","background-attachment":"scroll","background-type":"","background-media":"","overlay-type":"","overlay-color":"","overlay-opacity":"","overlay-gradient":""},"mobile":{"background-color":"","background-image":"","background-repeat":"repeat","background-position":"center center","background-size":"auto","background-attachment":"scroll","background-type":"","background-media":"","overlay-type":"","overlay-color":"","overlay-opacity":"","overlay-gradient":""}},"ast-content-background-meta":{"desktop":{"background-color":"var(--ast-global-color-5)","background-image":"","background-repeat":"repeat","background-position":"center center","background-size":"auto","background-attachment":"scroll","background-type":"","background-media":"","overlay-type":"","overlay-color":"","overlay-opacity":"","overlay-gradient":""},"tablet":{"background-color":"var(--ast-global-color-5)","background-image":"","background-repeat":"repeat","background-position":"center center","background-size":"auto","background-attachment":"scroll","background-type":"","background-media":"","overlay-type":"","overlay-color":"","overlay-opacity":"","overlay-gradient":""},"mobile":{"background-color":"var(--ast-global-color-5)","background-image":"","background-repeat":"repeat","background-position":"center center","background-size":"auto","background-attachment":"scroll","background-type":"","background-media":"","overlay-type":"","overlay-color":"","overlay-opacity":"","overlay-gradient":""}},"footnotes":""},"class_list":["post-2113","page","type-page","status-publish","hentry"],"post_mailing_queue_ids":[],"_links":{"self":[{"href":"https:\/\/agora.xtec.cat\/esc-carlit\/wp-json\/wp\/v2\/pages\/2113","targetHints":{"allow":["GET"]}}],"collection":[{"href":"https:\/\/agora.xtec.cat\/esc-carlit\/wp-json\/wp\/v2\/pages"}],"about":[{"href":"https:\/\/agora.xtec.cat\/esc-carlit\/wp-json\/wp\/v2\/types\/page"}],"author":[{"embeddable":true,"href":"https:\/\/agora.xtec.cat\/esc-carlit\/wp-json\/wp\/v2\/users\/1"}],"replies":[{"embeddable":true,"href":"https:\/\/agora.xtec.cat\/esc-carlit\/wp-json\/wp\/v2\/comments?post=2113"}],"version-history":[{"count":1,"href":"https:\/\/agora.xtec.cat\/esc-carlit\/wp-json\/wp\/v2\/pages\/2113\/revisions"}],"predecessor-version":[{"id":2114,"href":"https:\/\/agora.xtec.cat\/esc-carlit\/wp-json\/wp\/v2\/pages\/2113\/revisions\/2114"}],"up":[{"embeddable":true,"href":"https:\/\/agora.xtec.cat\/esc-carlit\/wp-json\/wp\/v2\/pages\/2105"}],"wp:attachment":[{"href":"https:\/\/agora.xtec.cat\/esc-carlit\/wp-json\/wp\/v2\/media?parent=2113"}],"curies":[{"name":"wp","href":"https:\/\/api.w.org\/{rel}","templated":true}]}}