{"id":2110,"date":"2018-07-12T14:19:49","date_gmt":"2018-07-12T12:19:49","guid":{"rendered":"http:\/\/agora.xtec.cat\/esc-carlit\/?page_id=2110"},"modified":"2018-07-12T14:20:17","modified_gmt":"2018-07-12T12:20:17","slug":"art","status":"publish","type":"page","link":"https:\/\/agora.xtec.cat\/esc-carlit\/wiki-carlit\/art\/","title":{"rendered":"ART"},"content":{"rendered":"<div class=\"ws-menu-bar WikiControls WikispacesContent WikispacesBs3\">\n<h1 class=\"pageTitle\"><span class=\"btn btn-default disabled tipme\" title=\"\" data-original-title=\"you do not have permission to edit this page\">\u00a0<\/span><\/h1>\n<\/div>\n<div class=\"commentContainer\">\n<div class=\"commentSubject\">\n<div id=\"content_view\" class=\"wiki wikiPage\">\n<table class=\"wiki_table\">\n<tbody>\n<tr>\n<td><img loading=\"lazy\" decoding=\"async\" class=\"alignleft\" title=\"external image art.gif\" src=\"http:\/\/clic.xtec.cat\/gifs\/art.gif\" alt=\"external image art.gif\" width=\"179\" height=\"124\" align=\"right\" \/><\/td>\n<td><strong><a class=\"wiki_link_ext\" href=\"http:\/\/clic.xtec.cat\/db\/jclicApplet.jsp?project=http:\/\/clic.xtec.cat\/projects\/art\/jclic\/art.jclic.zip&amp;lang=ca&amp;title=Art+i+artistes\" target=\"_blank\" rel=\"nofollow noopener noreferrer\">ART I ARTISTES<\/a><\/strong><\/td>\n<td>Feu clic sobre els noms per con\u00e8ixer diferents artistes i els principals elements d&#8217;algunes de les seves obres.<\/p>\n<p>(Educaci\u00f3 Infantil i Educaci\u00f3 Prim\u00e0ria)<\/td>\n<\/tr>\n<tr>\n<td>\n<div><img loading=\"lazy\" decoding=\"async\" class=\"alignleft\" title=\"external image tapies.jpg\" src=\"http:\/\/blocs.xtec.cat\/pizelladesdart\/files\/2009\/03\/tapies.jpg\" alt=\"external image tapies.jpg\" width=\"185\" height=\"136\" \/><\/div>\n<\/td>\n<td><strong><a class=\"wiki_link_ext\" href=\"http:\/\/clic.xtec.cat\/db\/jclicApplet.jsp?project=http:\/\/clic.xtec.cat\/projects\/tapies\/jclic\/tapies.jclic.zip&amp;lang=ca&amp;title=Antoni+T%C3%A0pies\" target=\"_blank\" rel=\"nofollow noopener noreferrer\">ANTONI T\u00c0PIES<\/a><\/strong><\/td>\n<td><\/td>\n<\/tr>\n<tr>\n<td>\n<div><img loading=\"lazy\" decoding=\"async\" class=\"\" title=\"external image foto_gaudi.jpg\" src=\"http:\/\/blocs.xtec.cat\/pizelladesdart\/files\/2009\/03\/foto_gaudi.jpg\" alt=\"external image foto_gaudi.jpg\" width=\"188\" height=\"151\" \/><\/div>\n<\/td>\n<td><strong><a class=\"wiki_link_ext\" href=\"http:\/\/clic.xtec.cat\/db\/jclicApplet.jsp?project=http:\/\/clic.xtec.cat\/projects\/gaudi4\/jclic\/gaudi4.jclic.zip&amp;lang=ca&amp;title=Gaud?\" target=\"_blank\" rel=\"nofollow noopener noreferrer\">ANTONI GAUDI<\/a><\/strong><\/td>\n<td><\/td>\n<\/tr>\n<tr>\n<td>\n<div><img loading=\"lazy\" decoding=\"async\" class=\"\" title=\"external image foto_dali.jpg\" src=\"http:\/\/blocs.xtec.cat\/pizelladesdart\/files\/2009\/03\/foto_dali.jpg\" alt=\"external image foto_dali.jpg\" width=\"144\" height=\"180\" \/><\/div>\n<\/td>\n<td><strong><a class=\"wiki_link_ext\" href=\"http:\/\/clic.xtec.cat\/db\/jclicApplet.jsp?project=http:\/\/clic.xtec.cat\/projects\/dalinf2\/jclic\/dalinf2.jclic.zip&amp;lang=ca&amp;title=Salvador+Dal?.+Educaci%C3%B3+Infantil\" target=\"_blank\" rel=\"nofollow noopener noreferrer\">SALVADOR DAL\u00cd<\/a><\/strong><\/td>\n<td>(Educaci\u00f3 Infantil)<\/td>\n<\/tr>\n<tr>\n<td><img loading=\"lazy\" decoding=\"async\" class=\"\" title=\"multicolor.png\" src=\"https:\/\/carlit.wikispaces.com\/file\/view\/multicolor.png\/470047656\/127x101\/multicolor.png\" alt=\"multicolor.png\" width=\"156\" height=\"120\" \/><\/td>\n<td><strong><a class=\"wiki_link_ext\" href=\"http:\/\/labs.tineye.com\/multicolr\/#colors=985916,6e4010,8e39ef,fee855,f7f3b9;weights=20,20,20,20,20;\" target=\"_blank\" rel=\"nofollow noopener noreferrer\">CERCADOR D&#8217;IMATGES<\/a><\/strong><\/td>\n<td><\/td>\n<\/tr>\n<tr>\n<td><img loading=\"lazy\" decoding=\"async\" class=\"\" title=\"mira_quadres.png\" src=\"https:\/\/carlit.wikispaces.com\/file\/view\/mira_quadres.png\/470048604\/122x84\/mira_quadres.png\" alt=\"mira_quadres.png\" width=\"184\" height=\"121\" \/><\/td>\n<td><strong><a class=\"wiki_link_ext\" href=\"http:\/\/www.xtec.cat\/~dabizand\/quadres\/quadres.html\" target=\"_blank\" rel=\"nofollow noopener noreferrer\">PAUL KLEE<\/a><\/strong><\/td>\n<td><\/td>\n<\/tr>\n<tr>\n<td><img loading=\"lazy\" decoding=\"async\" class=\"\" title=\"andy-warhol-marilyn.jpg\" src=\"https:\/\/carlit.wikispaces.com\/file\/view\/andy-warhol-marilyn.jpg\/484022876\/andy-warhol-marilyn.jpg\" alt=\"andy-warhol-marilyn.jpg\" width=\"157\" height=\"158\" \/><\/td>\n<td><strong><a class=\"wiki_link_ext\" href=\"http:\/\/clic.xtec.cat\/db\/jclicApplet.jsp?project=http:\/\/clic.xtec.cat\/projects\/awarhol\/jclic\/awarhol.jclic.zip&amp;lang=ca&amp;title=Andy+Warhol\" target=\"_blank\" rel=\"nofollow noopener noreferrer\">ANDY WARHOL<\/a><\/strong><\/td>\n<td><\/td>\n<\/tr>\n<tr>\n<td><img decoding=\"async\" title=\"images.jpg\" src=\"https:\/\/carlit.wikispaces.com\/file\/view\/images.jpg\/526757980\/142x85\/images.jpg\" alt=\"images.jpg\" \/><\/td>\n<td><strong><a class=\"wiki_link_ext\" href=\"http:\/\/interactive.qagoma.qld.gov.au\/worldOfDots\/espa%C3%B1ol\/\" target=\"_blank\" rel=\"nofollow noopener noreferrer\">YAYOI KUSAMA<\/a><\/strong><\/td>\n<\/tr>\n<\/tbody>\n<\/table>\n<\/div>\n<\/div>\n<\/div>\n","protected":false},"excerpt":{"rendered":"<p>\u00a0 ART I ARTISTES Feu clic sobre els noms per con\u00e8ixer diferents artistes i els principals elements d&#8217;algunes de les seves obres. (Educaci\u00f3 Infantil i Educaci\u00f3 Prim\u00e0ria) ANTONI T\u00c0PIES ANTONI GAUDI SALVADOR DAL\u00cd (Educaci\u00f3 Infantil) CERCADOR D&#8217;IMATGES PAUL KLEE ANDY WARHOL YAYOI KUSAMA<\/p>\n","protected":false},"author":1,"featured_media":0,"parent":2105,"menu_order":0,"comment_status":"closed","ping_status":"closed","template":"","meta":{"_bbp_topic_count":0,"_bbp_reply_count":0,"_bbp_total_topic_count":0,"_bbp_total_reply_count":0,"_bbp_voice_count":0,"_bbp_anonymous_reply_count":0,"_bbp_topic_count_hidden":0,"_bbp_reply_count_hidden":0,"_bbp_forum_subforum_count":0,"site-sidebar-layout":"default","site-content-layout":"","ast-site-content-layout":"","site-content-style":"default","site-sidebar-style":"default","ast-global-header-display":"","ast-banner-title-visibility":"","ast-main-header-display":"","ast-hfb-above-header-display":"","ast-hfb-below-header-display":"","ast-hfb-mobile-header-display":"","site-post-title":"","ast-breadcrumbs-content":"","ast-featured-img":"","footer-sml-layout":"","theme-transparent-header-meta":"","adv-header-id-meta":"","stick-header-meta":"","header-above-stick-meta":"","header-main-stick-meta":"","header-below-stick-meta":"","astra-migrate-meta-layouts":"default","ast-page-background-enabled":"default","ast-page-background-meta":{"desktop":{"background-color":"var(--ast-global-color-4)","background-image":"","background-repeat":"repeat","background-position":"center center","background-size":"auto","background-attachment":"scroll","background-type":"","background-media":"","overlay-type":"","overlay-color":"","overlay-opacity":"","overlay-gradient":""},"tablet":{"background-color":"","background-image":"","background-repeat":"repeat","background-position":"center center","background-size":"auto","background-attachment":"scroll","background-type":"","background-media":"","overlay-type":"","overlay-color":"","overlay-opacity":"","overlay-gradient":""},"mobile":{"background-color":"","background-image":"","background-repeat":"repeat","background-position":"center center","background-size":"auto","background-attachment":"scroll","background-type":"","background-media":"","overlay-type":"","overlay-color":"","overlay-opacity":"","overlay-gradient":""}},"ast-content-background-meta":{"desktop":{"background-color":"var(--ast-global-color-5)","background-image":"","background-repeat":"repeat","background-position":"center center","background-size":"auto","background-attachment":"scroll","background-type":"","background-media":"","overlay-type":"","overlay-color":"","overlay-opacity":"","overlay-gradient":""},"tablet":{"background-color":"var(--ast-global-color-5)","background-image":"","background-repeat":"repeat","background-position":"center center","background-size":"auto","background-attachment":"scroll","background-type":"","background-media":"","overlay-type":"","overlay-color":"","overlay-opacity":"","overlay-gradient":""},"mobile":{"background-color":"var(--ast-global-color-5)","background-image":"","background-repeat":"repeat","background-position":"center center","background-size":"auto","background-attachment":"scroll","background-type":"","background-media":"","overlay-type":"","overlay-color":"","overlay-opacity":"","overlay-gradient":""}},"footnotes":""},"class_list":["post-2110","page","type-page","status-publish","hentry"],"post_mailing_queue_ids":[],"_links":{"self":[{"href":"https:\/\/agora.xtec.cat\/esc-carlit\/wp-json\/wp\/v2\/pages\/2110","targetHints":{"allow":["GET"]}}],"collection":[{"href":"https:\/\/agora.xtec.cat\/esc-carlit\/wp-json\/wp\/v2\/pages"}],"about":[{"href":"https:\/\/agora.xtec.cat\/esc-carlit\/wp-json\/wp\/v2\/types\/page"}],"author":[{"embeddable":true,"href":"https:\/\/agora.xtec.cat\/esc-carlit\/wp-json\/wp\/v2\/users\/1"}],"replies":[{"embeddable":true,"href":"https:\/\/agora.xtec.cat\/esc-carlit\/wp-json\/wp\/v2\/comments?post=2110"}],"version-history":[{"count":2,"href":"https:\/\/agora.xtec.cat\/esc-carlit\/wp-json\/wp\/v2\/pages\/2110\/revisions"}],"predecessor-version":[{"id":2112,"href":"https:\/\/agora.xtec.cat\/esc-carlit\/wp-json\/wp\/v2\/pages\/2110\/revisions\/2112"}],"up":[{"embeddable":true,"href":"https:\/\/agora.xtec.cat\/esc-carlit\/wp-json\/wp\/v2\/pages\/2105"}],"wp:attachment":[{"href":"https:\/\/agora.xtec.cat\/esc-carlit\/wp-json\/wp\/v2\/media?parent=2110"}],"curies":[{"name":"wp","href":"https:\/\/api.w.org\/{rel}","templated":true}]}}