{"id":8748,"date":"2017-03-31T05:50:17","date_gmt":"2017-03-31T03:50:17","guid":{"rendered":"http:\/\/agora.xtec.cat\/formacio\/scratch\/?page_id=8748"},"modified":"2018-12-11T15:16:59","modified_gmt":"2018-12-11T14:16:59","slug":"sessio-4","status":"publish","type":"page","link":"https:\/\/agora.xtec.cat\/esc-cancoll\/curs-scratch-primaria\/module-1-lets-start-the-scratchs-adventure\/sessio-4\/","title":{"rendered":"Session 4: Drawing Characters"},"content":{"rendered":"<h2>Working plan<\/h2>\n<div style=\"padding-left: 50px;\">\n<ul>\n<li>Draw characters<\/li>\n<li>Edit dresses<\/li>\n<li>Importation of characters<\/li>\n<li>Respect for copyrights<\/li>\n<li>How to use the camera to create characters<\/li>\n<\/ul>\n<\/div>\n<hr \/>\n<h2>1. Let&#8217;s draw our character<\/h2>\n<p>&nbsp;<\/p>\n<div style=\"padding-left: 50px;\">\n<ul>\n<li>Sign in<\/li>\n<li>Create a new project called <strong>m1repte41<\/strong>.<\/li>\n<li>Click on this icon:<br \/>\n<img decoding=\"async\" class=\"alignnone\" src=\"http:\/\/projectes.xtec.cat\/programacioirobotica\/wp-content\/uploads\/usu604\/2017\/05\/scratch-personatge_dibuix.png\" alt=\"Dibuixa un nou personatge\" \/><\/li>\n<li>We can draw with the tools on the left in this screen:<br \/>\n<img decoding=\"async\" class=\"alignnone\" src=\"http:\/\/projectes.xtec.cat\/programacioirobotica\/wp-content\/uploads\/usu604\/2017\/05\/scratch-personatge_dibuixat.jpg\" alt=\"Personatge dibuixat\" width=\"400\" \/><\/li>\n<li>Point out the centre of the character with the following icon:<br \/>\n<img decoding=\"async\" class=\"alignnone\" src=\"http:\/\/projectes.xtec.cat\/programacioirobotica\/wp-content\/uploads\/usu604\/2017\/06\/scratch-vestit_centrevestit.png\" alt=\"Centre vestit\" \/><\/li>\n<li>We will see a <strong>bit map<\/strong> but we can change it into a <strong>vector map<\/strong>. Have a look at the differences:<br \/>\n<img decoding=\"async\" class=\"alignnone\" src=\"http:\/\/projectes.xtec.cat\/programacioirobotica\/wp-content\/uploads\/usu604\/2017\/05\/scratch-vestit_bitmap.png\" alt=\"Mode mapa de bits\" width=\"300\" \/>\u00a0\u00a0\u00a0<img decoding=\"async\" class=\"alignnone\" src=\"http:\/\/projectes.xtec.cat\/programacioirobotica\/wp-content\/uploads\/usu604\/2017\/05\/scratch-vestit_vectorial.png\" alt=\"Mode mapa vectorial\" width=\"300\" \/><\/li>\n<\/ul>\n<\/div>\n<hr \/>\n<p><img decoding=\"async\" class=\"alignnone\" src=\"http:\/\/projectes.xtec.cat\/programacioirobotica\/wp-content\/uploads\/usu604\/2017\/06\/scratch-icona_repte.png\" alt=\"Icona repte\" width=\"32\" \/> <img decoding=\"async\" class=\"alignnone\" src=\"http:\/\/projectes.xtec.cat\/programacioirobotica\/wp-content\/uploads\/usu604\/2017\/06\/scratch-repte1.png\" alt=\"Repte 1\" width=\"100\" \/><\/p>\n<ul>\n<li>Add the Scratch&#8217;s cat next to the character that you have created in <strong>m1<\/strong><strong>repte41.<\/strong><\/li>\n<li>Make its ears become bigger.<br \/>\n<img decoding=\"async\" class=\"alignnone\" src=\"http:\/\/projectes.xtec.cat\/programacioirobotica\/wp-content\/uploads\/usu604\/2017\/05\/scratch-gat_orellescua.png\" alt=\"Gat amb orelles i cua llargues\" width=\"100\" \/><\/li>\n<li>Guess what you can do with this tool.<br \/>\n<img decoding=\"async\" class=\"alignnone\" src=\"http:\/\/projectes.xtec.cat\/programacioirobotica\/wp-content\/uploads\/usu604\/2017\/05\/scratch-vectorial-einapunts.jpg\" alt=\"Eina per modificar punts\" \/><\/li>\n<\/ul>\n<hr \/>\n<h2>Let&#8217;s add characters<\/h2>\n<div style=\"padding-left: 50px;\">\n<ul>\n<li>Search on the internet some characters:<br \/>\n<img decoding=\"async\" class=\"alignnone\" src=\"http:\/\/projectes.xtec.cat\/programacioirobotica\/wp-content\/uploads\/usu604\/2017\/05\/scratch-cerca_gat.jpg\" alt=\"Cerca gat a internet\" width=\"400\" \/><br \/>\n<img decoding=\"async\" class=\"alignnone\" src=\"http:\/\/projectes.xtec.cat\/programacioirobotica\/wp-content\/uploads\/usu604\/2017\/06\/dret-imatge.png\" alt=\"Cercar imatges a Google\" \/><\/li>\n<li>Save the image in your pendrive:<br \/>\n<img decoding=\"async\" class=\"alignnone\" src=\"http:\/\/projectes.xtec.cat\/programacioirobotica\/wp-content\/uploads\/usu604\/2017\/05\/scratch-desa_gat.jpg\" alt=\"Desa imatge\" width=\"400\" \/><\/p>\n<div style=\"padding-left: 10px; border: 1px solid; margin: 10px 120px 10px 50px;\">Cal que tinguem en compte que la majoria de continguts d&#8217;internet (text, imatges, m\u00fasica, v\u00eddeos&#8230;) tenen drets d&#8217;autor. Aix\u00f2 implica que cal vigilar qu\u00e8 copiem i qu\u00e8 baixem d&#8217;internet i quin \u00fas en fem, si no volem inc\u00f3rrer en un delicte. Si cerquem obres amb llic\u00e8ncia <em>Creative Commons<\/em> podrem baixar i utilitzar materials amb tranquil\u00b7litat.<\/div>\n<\/li>\n<\/ul>\n<\/div>\n<hr \/>\n<p><img decoding=\"async\" class=\"alignnone\" src=\"http:\/\/projectes.xtec.cat\/programacioirobotica\/wp-content\/uploads\/usu604\/2017\/06\/scratch-icona_repte.png\" alt=\"Icona repte\" width=\"32\" \/> <img decoding=\"async\" class=\"alignnone\" src=\"http:\/\/projectes.xtec.cat\/programacioirobotica\/wp-content\/uploads\/usu604\/2017\/06\/scratch-repte2.png\" alt=\"Repte 2\" width=\"100\" \/><\/p>\n<ul>\n<li>Create a new project called\u00a0<strong>m1<\/strong><strong>repte42<\/strong><\/li>\n<li>Click on the following option::<br \/>\n<img decoding=\"async\" class=\"alignnone\" src=\"http:\/\/projectes.xtec.cat\/programacioirobotica\/wp-content\/uploads\/usu604\/2017\/05\/scratch-personatge_fitxer.png\" alt=\"Importa un nou personatge\" \/><\/li>\n<li>Pay attention to the background of the image. Look at the Scratch&#8217;s cat:<br \/>\n<img decoding=\"async\" class=\"alignnone\" src=\"http:\/\/projectes.xtec.cat\/programacioirobotica\/wp-content\/uploads\/usu604\/2017\/05\/scratch-personatge_fonsblanc.jpg\" alt=\"Personatge amb fons blanc\" width=\"500\" \/><br \/>\n<img decoding=\"async\" class=\"alignnone\" src=\"http:\/\/projectes.xtec.cat\/programacioirobotica\/wp-content\/uploads\/usu604\/2017\/05\/scratch-personatge_fonstransparent.jpg\" alt=\"Personatge amb fons transparent\" width=\"500\" \/><\/li>\n<\/ul>\n<p><img decoding=\"async\" class=\"alignnone\" src=\"http:\/\/projectes.xtec.cat\/programacioirobotica\/wp-content\/uploads\/usu604\/2017\/06\/scratch-icona_pista.png\" alt=\"Icona pista\" width=\"24\" \/>\u00a0Clue: Use these icons to eliminate the background of the image.<br \/>\n<img decoding=\"async\" class=\"alignnone\" src=\"http:\/\/projectes.xtec.cat\/programacioirobotica\/wp-content\/uploads\/usu604\/2017\/05\/scratch-esborra_fons.jpg\" alt=\"Esborrar fons\" \/><\/p>\n<hr \/>\n<h2><\/h2>\n<p><img decoding=\"async\" class=\"alignnone\" src=\"http:\/\/projectes.xtec.cat\/programacioirobotica\/wp-content\/uploads\/usu604\/2017\/06\/scratch-icona_repte.png\" alt=\"Icona repte\" width=\"32\" \/> <img decoding=\"async\" class=\"alignnone\" src=\"http:\/\/projectes.xtec.cat\/programacioirobotica\/wp-content\/uploads\/usu604\/2017\/06\/scratch-repte3.png\" alt=\"Repte 3\" width=\"100\" \/><\/p>\n<ul>\n<li>Create a new project called\u00a0<strong>m1<\/strong><strong>repte43<\/strong>.<\/li>\n<li>Choose a character with lots of costumes. Change them as you want and make it move.<\/li>\n<\/ul>\n<hr \/>\n<p><img decoding=\"async\" class=\"alignnone\" src=\"http:\/\/projectes.xtec.cat\/programacioirobotica\/wp-content\/uploads\/usu604\/2017\/06\/scratch-icona_projecte2.png\" alt=\"Icona projecte\" width=\"32\" \/> <strong>El nostre projecte creix&#8230;<\/strong><\/p>\n<p>Now that you know how to create characters, think on the project called <strong>postcard:<\/strong><\/p>\n<ul>\n<li>Ara que ja hem vist les diferents maneres de crear personatges podem pensar m\u00e9s seriosament en la nostre postal interactiva.<\/li>\n<li>Which characters do you want?<\/li>\n<li>How do they look like?<\/li>\n<li>Do you want to draw them or search them into internet?<\/li>\n<\/ul>\n<hr \/>\n<p>&nbsp;<\/p>\n","protected":false},"excerpt":{"rendered":"<p>Working plan<\/p>\n<ul>\n<li>Draw characters<\/li>\n<li>Edit dresses<\/li>\n<li>Importation of characters<\/li>\n<li>Respect for copyrights<\/li>\n<li>How to use the camera to create characters<\/li>\n<\/ul>\n<p>1. Let&#8217;s draw our character<br \/>\n&nbsp;<\/p>\n<ul>\n<li>Sign in<\/li>\n<li>Create a new project called m1repte41.<\/li>\n<li>Click on this icon:\n<\/li>\n<li>We can draw with the tools on the left in this screen:\n<\/li>\n<li>Point out the centre of the character&hellip;  <a href=\"https:\/\/agora.xtec.cat\/esc-cancoll\/curs-scratch-primaria\/module-1-lets-start-the-scratchs-adventure\/sessio-4\/\" title=\"Read Session 4: Drawing Characters\">Llegeix m\u00e9s\u00bb<\/a><br \/>\n","protected":false},"author":23,"featured_media":0,"parent":9144,"menu_order":30,"comment_status":"closed","ping_status":"closed","template":"page-templates\/side-menu.php","meta":{"_bbp_topic_count":0,"_bbp_reply_count":0,"_bbp_total_topic_count":0,"_bbp_total_reply_count":0,"_bbp_voice_count":0,"_bbp_anonymous_reply_count":0,"_bbp_topic_count_hidden":0,"_bbp_reply_count_hidden":0,"_bbp_forum_subforum_count":0,"footnotes":""},"class_list":["post-8748","page","type-page","status-publish","hentry"],"post_mailing_queue_ids":[],"_links":{"self":[{"href":"https:\/\/agora.xtec.cat\/esc-cancoll\/wp-json\/wp\/v2\/pages\/8748","targetHints":{"allow":["GET"]}}],"collection":[{"href":"https:\/\/agora.xtec.cat\/esc-cancoll\/wp-json\/wp\/v2\/pages"}],"about":[{"href":"https:\/\/agora.xtec.cat\/esc-cancoll\/wp-json\/wp\/v2\/types\/page"}],"author":[{"embeddable":true,"href":"https:\/\/agora.xtec.cat\/esc-cancoll\/wp-json\/wp\/v2\/users\/23"}],"replies":[{"embeddable":true,"href":"https:\/\/agora.xtec.cat\/esc-cancoll\/wp-json\/wp\/v2\/comments?post=8748"}],"version-history":[{"count":4,"href":"https:\/\/agora.xtec.cat\/esc-cancoll\/wp-json\/wp\/v2\/pages\/8748\/revisions"}],"predecessor-version":[{"id":9546,"href":"https:\/\/agora.xtec.cat\/esc-cancoll\/wp-json\/wp\/v2\/pages\/8748\/revisions\/9546"}],"up":[{"embeddable":true,"href":"https:\/\/agora.xtec.cat\/esc-cancoll\/wp-json\/wp\/v2\/pages\/9144"}],"wp:attachment":[{"href":"https:\/\/agora.xtec.cat\/esc-cancoll\/wp-json\/wp\/v2\/media?parent=8748"}],"curies":[{"name":"wp","href":"https:\/\/api.w.org\/{rel}","templated":true}]}}