{"id":26,"date":"2014-09-18T12:24:32","date_gmt":"2014-09-18T11:24:32","guid":{"rendered":"http:\/\/agora.xtec.cat\/esc-cancoll\/?page_id=26"},"modified":"2016-09-21T16:08:52","modified_gmt":"2016-09-21T15:08:52","slug":"historia","status":"publish","type":"page","link":"https:\/\/agora.xtec.cat\/esc-cancoll\/lescola\/historia\/","title":{"rendered":"Hist\u00f2ria"},"content":{"rendered":"<p>L&#8217;escola Can Coll va entrar en funcionament el curs 2007-2008. Es va crear degut a la necessitat de descongestionar el CEIP Sant Mart\u00ed, que fins aleshores havia sigut la \u00fanica escola del poble. Aquell curs es va iniciar amb una sola l\u00ednia de P3, P4, P5, 1r i 2n. Enguany l&#8217;Escola Can Coll ofereix una l\u00ednia en cada nivell tant d&#8217; Ed. Infantil com Prim\u00e0ria, llevat del 3r curs de Prim\u00e0ria que t\u00e9 dues l\u00ednies.<\/p>\n","protected":false},"excerpt":{"rendered":"<p>L&#8217;escola Can Coll va entrar en funcionament el curs 2007-2008. Es va crear degut a la necessitat de descongestionar el CEIP Sant Mart\u00ed, que fins aleshores havia sigut la \u00fanica escola del poble. Aquell curs es va iniciar amb una sola l\u00ednia de P3, P4,&hellip;  <a href=\"https:\/\/agora.xtec.cat\/esc-cancoll\/lescola\/historia\/\" title=\"Read Hist\u00f2ria\">Llegeix m\u00e9s\u00bb<\/a><\/p>\n","protected":false},"author":1,"featured_media":0,"parent":22,"menu_order":20,"comment_status":"closed","ping_status":"closed","template":"page-templates\/side-menu.php","meta":{"_bbp_topic_count":0,"_bbp_reply_count":0,"_bbp_total_topic_count":0,"_bbp_total_reply_count":0,"_bbp_voice_count":0,"_bbp_anonymous_reply_count":0,"_bbp_topic_count_hidden":0,"_bbp_reply_count_hidden":0,"_bbp_forum_subforum_count":0,"footnotes":""},"class_list":["post-26","page","type-page","status-publish","hentry"],"post_mailing_queue_ids":[],"_links":{"self":[{"href":"https:\/\/agora.xtec.cat\/esc-cancoll\/wp-json\/wp\/v2\/pages\/26","targetHints":{"allow":["GET"]}}],"collection":[{"href":"https:\/\/agora.xtec.cat\/esc-cancoll\/wp-json\/wp\/v2\/pages"}],"about":[{"href":"https:\/\/agora.xtec.cat\/esc-cancoll\/wp-json\/wp\/v2\/types\/page"}],"author":[{"embeddable":true,"href":"https:\/\/agora.xtec.cat\/esc-cancoll\/wp-json\/wp\/v2\/users\/1"}],"replies":[{"embeddable":true,"href":"https:\/\/agora.xtec.cat\/esc-cancoll\/wp-json\/wp\/v2\/comments?post=26"}],"version-history":[{"count":2,"href":"https:\/\/agora.xtec.cat\/esc-cancoll\/wp-json\/wp\/v2\/pages\/26\/revisions"}],"predecessor-version":[{"id":580,"href":"https:\/\/agora.xtec.cat\/esc-cancoll\/wp-json\/wp\/v2\/pages\/26\/revisions\/580"}],"up":[{"embeddable":true,"href":"https:\/\/agora.xtec.cat\/esc-cancoll\/wp-json\/wp\/v2\/pages\/22"}],"wp:attachment":[{"href":"https:\/\/agora.xtec.cat\/esc-cancoll\/wp-json\/wp\/v2\/media?parent=26"}],"curies":[{"name":"wp","href":"https:\/\/api.w.org\/{rel}","templated":true}]}}