{"id":84,"date":"2014-09-18T14:11:31","date_gmt":"2014-09-18T13:11:31","guid":{"rendered":"http:\/\/agora.xtec.cat\/esc-camidelcros\/?page_id=84"},"modified":"2024-11-08T13:26:57","modified_gmt":"2024-11-08T12:26:57","slug":"activitats-extraescolars","status":"publish","type":"page","link":"https:\/\/agora.xtec.cat\/esc-camidelcros\/serveis\/activitats-extraescolars\/","title":{"rendered":"Activitats extraescolars"},"content":{"rendered":"<p><strong> ACTIVITATS EXTRAESCOLARS I ACOLLIDA MATINAL CURS 24-25<\/strong><\/p>\n<p>Per segon any consecutiu, l&#8217;Associaci\u00f3 de Lleure i Cultura Enlleura&#8217;t gestionar\u00e0 les activitats extraescolars de l&#8217;Escola Cam\u00ed del Cros. Seguint la l\u00ednia del Casal d&#8217;Estiu i l&#8217;Esplai de dissabtes, gestionem unes activitats extraescolars de qualitat amb una visi\u00f3 educativa, integradora i l\u00fadica, desenvolupada per professionals qualificats.<\/p>\n<p><a href=\"https:\/\/agora.xtec.cat\/esc-camidelcros\/wp-content\/uploads\/usu1981\/2024\/11\/Captura.png\"><img loading=\"lazy\" decoding=\"async\" class=\"size-large wp-image-3189 aligncenter\" src=\"https:\/\/agora.xtec.cat\/esc-camidelcros\/wp-content\/uploads\/usu1981\/2024\/11\/Captura-1024x707.png\" alt=\"\" width=\"1024\" height=\"707\" srcset=\"https:\/\/agora.xtec.cat\/esc-camidelcros\/wp-content\/uploads\/usu1981\/2024\/11\/Captura-1024x707.png 1024w, https:\/\/agora.xtec.cat\/esc-camidelcros\/wp-content\/uploads\/usu1981\/2024\/11\/Captura-300x207.png 300w, https:\/\/agora.xtec.cat\/esc-camidelcros\/wp-content\/uploads\/usu1981\/2024\/11\/Captura-768x530.png 768w, https:\/\/agora.xtec.cat\/esc-camidelcros\/wp-content\/uploads\/usu1981\/2024\/11\/Captura.png 1095w\" sizes=\"auto, (max-width: 1024px) 100vw, 1024px\" \/><\/a><\/p>\n<p style=\"text-align: center;\"><a href=\"https:\/\/agora.xtec.cat\/esc-camidelcros\/wp-content\/uploads\/usu1981\/2024\/11\/Captura1.png\"><img loading=\"lazy\" decoding=\"async\" class=\"alignnone size-large wp-image-3188\" src=\"https:\/\/agora.xtec.cat\/esc-camidelcros\/wp-content\/uploads\/usu1981\/2024\/11\/Captura1-1024x707.png\" alt=\"\" width=\"1024\" height=\"707\" srcset=\"https:\/\/agora.xtec.cat\/esc-camidelcros\/wp-content\/uploads\/usu1981\/2024\/11\/Captura1-1024x707.png 1024w, https:\/\/agora.xtec.cat\/esc-camidelcros\/wp-content\/uploads\/usu1981\/2024\/11\/Captura1-300x207.png 300w, https:\/\/agora.xtec.cat\/esc-camidelcros\/wp-content\/uploads\/usu1981\/2024\/11\/Captura1-768x530.png 768w, https:\/\/agora.xtec.cat\/esc-camidelcros\/wp-content\/uploads\/usu1981\/2024\/11\/Captura1.png 1095w\" sizes=\"auto, (max-width: 1024px) 100vw, 1024px\" \/><\/a><\/p>\n<p>&nbsp;<\/p>\n<p>&nbsp;<\/p>\n","protected":false},"excerpt":{"rendered":"<p> ACTIVITATS EXTRAESCOLARS I ACOLLIDA MATINAL CURS 24-25<br \/>\nPer segon any consecutiu, l&#8217;Associaci\u00f3 de Lleure i Cultura Enlleura&#8217;t gestionar\u00e0 les activitats extraescolars de l&#8217;Escola Cam\u00ed del Cros. Seguint la l\u00ednia del Casal d&#8217;Estiu i l&#8217;Esplai de dissabtes, gestionem unes activitats extraescolars de qualitat amb una visi\u00f3&hellip;  <a href=\"https:\/\/agora.xtec.cat\/esc-camidelcros\/serveis\/activitats-extraescolars\/\" title=\"Read Activitats extraescolars\">Llegeix m\u00e9s\u00bb<\/a><\/p>\n","protected":false},"author":1,"featured_media":0,"parent":66,"menu_order":60,"comment_status":"closed","ping_status":"closed","template":"page-templates\/side-menu.php","meta":{"_bbp_topic_count":0,"_bbp_reply_count":0,"_bbp_total_topic_count":0,"_bbp_total_reply_count":0,"_bbp_voice_count":0,"_bbp_anonymous_reply_count":0,"_bbp_topic_count_hidden":0,"_bbp_reply_count_hidden":0,"_bbp_forum_subforum_count":0,"footnotes":""},"class_list":["post-84","page","type-page","status-publish","hentry"],"post_mailing_queue_ids":[],"_links":{"self":[{"href":"https:\/\/agora.xtec.cat\/esc-camidelcros\/wp-json\/wp\/v2\/pages\/84","targetHints":{"allow":["GET"]}}],"collection":[{"href":"https:\/\/agora.xtec.cat\/esc-camidelcros\/wp-json\/wp\/v2\/pages"}],"about":[{"href":"https:\/\/agora.xtec.cat\/esc-camidelcros\/wp-json\/wp\/v2\/types\/page"}],"author":[{"embeddable":true,"href":"https:\/\/agora.xtec.cat\/esc-camidelcros\/wp-json\/wp\/v2\/users\/1"}],"replies":[{"embeddable":true,"href":"https:\/\/agora.xtec.cat\/esc-camidelcros\/wp-json\/wp\/v2\/comments?post=84"}],"version-history":[{"count":4,"href":"https:\/\/agora.xtec.cat\/esc-camidelcros\/wp-json\/wp\/v2\/pages\/84\/revisions"}],"predecessor-version":[{"id":3190,"href":"https:\/\/agora.xtec.cat\/esc-camidelcros\/wp-json\/wp\/v2\/pages\/84\/revisions\/3190"}],"up":[{"embeddable":true,"href":"https:\/\/agora.xtec.cat\/esc-camidelcros\/wp-json\/wp\/v2\/pages\/66"}],"wp:attachment":[{"href":"https:\/\/agora.xtec.cat\/esc-camidelcros\/wp-json\/wp\/v2\/media?parent=84"}],"curies":[{"name":"wp","href":"https:\/\/api.w.org\/{rel}","templated":true}]}}