{"id":71,"date":"2014-09-18T12:44:56","date_gmt":"2014-09-18T11:44:56","guid":{"rendered":"http:\/\/agora.xtec.cat\/esc-camidelcros\/?page_id=71"},"modified":"2024-05-13T10:14:41","modified_gmt":"2024-05-13T08:14:41","slug":"serveis-digitals","status":"publish","type":"page","link":"https:\/\/agora.xtec.cat\/esc-camidelcros\/serveis-digitals\/","title":{"rendered":"CENTRE FORMADOR (A.P)"},"content":{"rendered":"<h6 style=\"text-align: justify;\">CENTRES FORMADORS ALUMNES\u00a0UNIVERSITARIS<span style=\"font-family: inherit; font-size: 1em;\">\u00a0EN PR\u00c0CTIQUES<\/span><\/h6>\n<p style=\"text-align: justify;\">Els centres formadors s\u00f3n aquells centres educatius sostinguts amb fons p\u00fablics que imparteixen ensenyaments d&#8217;educaci\u00f3 infantil, prim\u00e0ria, secund\u00e0ria obligat\u00f2ria, batxillerat, formaci\u00f3 professional, ensenyaments de r\u00e8gim especial i\/o formaci\u00f3 de persones adultes, aix\u00ed com els serveis educatius i unitats del Departament d\u2019Educaci\u00f3 els quals s\u2019ofereixen per rebre i tutoritzar estudiants universitaris en pr\u00e0ctiques, incorporant-los en la vida di\u00e0ria del centre, amb l\u2019objectiu de que rebin formaci\u00f3 professionalitzada en l\u2019entorn real de centre i aula. Aix\u00f2 requereix d\u2019una coordinaci\u00f3 estreta amb les universitats i l\u2019establiment d\u2019un pla de treball que guiar\u00e0 l\u2019acompanyament d\u2019aquests estudiants en pr\u00e0ctiques al llarg de la seva estada al centre.<\/p>\n<p style=\"text-align: justify;\">L&#8217;escola col\u00b7labora amb les seg\u00fcents Universitats:<\/p>\n<table style=\"border-collapse: collapse; width: 100%;\">\n<tbody>\n<tr>\n<td style=\"width: 33.3333%;\">\n<p style=\"text-align: center;\"><strong>Universitat de Barcelona (UB)<\/strong><\/p>\n<p style=\"font-family: 'Helvetica Neue', Helvetica, Helvetica, Arial, sans-serif; font-size: 16px;\"><a href=\"https:\/\/agora.xtec.cat\/esc-camidelcros\/wp-content\/uploads\/usu1981\/2021\/01\/UB-b.png\"><img loading=\"lazy\" decoding=\"async\" class=\"alignnone wp-image-1228 aligncenter\" src=\"https:\/\/agora.xtec.cat\/esc-camidelcros\/wp-content\/uploads\/usu1981\/2021\/01\/UB-b-300x131.png\" alt=\"\" width=\"268\" height=\"117\" srcset=\"https:\/\/agora.xtec.cat\/esc-camidelcros\/wp-content\/uploads\/usu1981\/2021\/01\/UB-b-300x131.png 300w, https:\/\/agora.xtec.cat\/esc-camidelcros\/wp-content\/uploads\/usu1981\/2021\/01\/UB-b-768x335.png 768w, https:\/\/agora.xtec.cat\/esc-camidelcros\/wp-content\/uploads\/usu1981\/2021\/01\/UB-b-1024x447.png 1024w, https:\/\/agora.xtec.cat\/esc-camidelcros\/wp-content\/uploads\/usu1981\/2021\/01\/UB-b.png 1105w\" sizes=\"auto, (max-width: 268px) 100vw, 268px\" \/><\/a><\/p>\n<\/td>\n<td style=\"width: 33.3333%; text-align: center;\"><strong>Universitat Aut\u00f2noma de Barcelona (UAB)<\/strong><\/p>\n<p style=\"font-family: 'Helvetica Neue', Helvetica, Helvetica, Arial, sans-serif; font-size: 16px;\"><a href=\"https:\/\/agora.xtec.cat\/esc-camidelcros\/wp-content\/uploads\/usu1981\/2021\/01\/UAB.png\"><img loading=\"lazy\" decoding=\"async\" class=\"alignnone wp-image-1231\" src=\"https:\/\/agora.xtec.cat\/esc-camidelcros\/wp-content\/uploads\/usu1981\/2021\/01\/UAB-300x139.png\" alt=\"\" width=\"201\" height=\"93\" srcset=\"https:\/\/agora.xtec.cat\/esc-camidelcros\/wp-content\/uploads\/usu1981\/2021\/01\/UAB-300x139.png 300w, https:\/\/agora.xtec.cat\/esc-camidelcros\/wp-content\/uploads\/usu1981\/2021\/01\/UAB-768x355.png 768w, https:\/\/agora.xtec.cat\/esc-camidelcros\/wp-content\/uploads\/usu1981\/2021\/01\/UAB-1024x474.png 1024w, https:\/\/agora.xtec.cat\/esc-camidelcros\/wp-content\/uploads\/usu1981\/2021\/01\/UAB.png 1225w\" sizes=\"auto, (max-width: 201px) 100vw, 201px\" \/><\/a><\/p>\n<\/td>\n<td style=\"width: 33.3333%; text-align: center;\"><strong>Universitat de Girona (UdG)<\/strong><\/p>\n<p style=\"font-family: 'Helvetica Neue', Helvetica, Helvetica, Arial, sans-serif; font-size: 16px;\"><a style=\"color: #2795b6;\" href=\"https:\/\/agora.xtec.cat\/esc-camidelcros\/wp-content\/uploads\/usu1981\/2021\/01\/UDg.png\"><img loading=\"lazy\" decoding=\"async\" class=\"alignnone wp-image-1230\" src=\"https:\/\/agora.xtec.cat\/esc-camidelcros\/wp-content\/uploads\/usu1981\/2021\/01\/UDg-300x141.png\" alt=\"\" width=\"232\" height=\"109\" srcset=\"https:\/\/agora.xtec.cat\/esc-camidelcros\/wp-content\/uploads\/usu1981\/2021\/01\/UDg-300x141.png 300w, https:\/\/agora.xtec.cat\/esc-camidelcros\/wp-content\/uploads\/usu1981\/2021\/01\/UDg.png 335w\" sizes=\"auto, (max-width: 232px) 100vw, 232px\" \/><\/a><\/p>\n<\/td>\n<\/tr>\n<\/tbody>\n<\/table>\n<table style=\"border-collapse: collapse; width: 100%; height: 201px;\">\n<tbody>\n<tr style=\"height: 201px;\">\n<td style=\"width: 50%; height: 201px;\">\n<p style=\"text-align: center;\"><strong>Universitat Pompeu Fabra (UPF)<\/strong><\/p>\n<p style=\"font-family: 'Helvetica Neue', Helvetica, Helvetica, Arial, sans-serif; font-size: 16px;\"><a style=\"color: #2795b6;\" href=\"https:\/\/agora.xtec.cat\/esc-camidelcros\/wp-content\/uploads\/usu1981\/2021\/01\/UPFt_rgb.png\"><img loading=\"lazy\" decoding=\"async\" class=\"size-medium wp-image-1232 aligncenter\" src=\"https:\/\/agora.xtec.cat\/esc-camidelcros\/wp-content\/uploads\/usu1981\/2021\/01\/UPFt_rgb-300x104.png\" alt=\"\" width=\"300\" height=\"104\" srcset=\"https:\/\/agora.xtec.cat\/esc-camidelcros\/wp-content\/uploads\/usu1981\/2021\/01\/UPFt_rgb-300x104.png 300w, https:\/\/agora.xtec.cat\/esc-camidelcros\/wp-content\/uploads\/usu1981\/2021\/01\/UPFt_rgb-768x266.png 768w, https:\/\/agora.xtec.cat\/esc-camidelcros\/wp-content\/uploads\/usu1981\/2021\/01\/UPFt_rgb-1024x355.png 1024w\" sizes=\"auto, (max-width: 300px) 100vw, 300px\" \/><\/a><\/p>\n<\/td>\n<td style=\"width: 50%; height: 201px;\">\n<p style=\"text-align: center;\"><strong>Universitat Ramon LLull-Blanquerna (URL)<\/strong><\/p>\n<p style=\"font-family: 'Helvetica Neue', Helvetica, Helvetica, Arial, sans-serif; font-size: 16px;\"><a href=\"https:\/\/agora.xtec.cat\/esc-camidelcros\/wp-content\/uploads\/usu1981\/2021\/01\/Blanquerna.jpg\"><img loading=\"lazy\" decoding=\"async\" class=\"size-medium wp-image-1229 aligncenter\" src=\"https:\/\/agora.xtec.cat\/esc-camidelcros\/wp-content\/uploads\/usu1981\/2021\/01\/Blanquerna-300x94.jpg\" alt=\"\" width=\"300\" height=\"94\" srcset=\"https:\/\/agora.xtec.cat\/esc-camidelcros\/wp-content\/uploads\/usu1981\/2021\/01\/Blanquerna-300x94.jpg 300w, https:\/\/agora.xtec.cat\/esc-camidelcros\/wp-content\/uploads\/usu1981\/2021\/01\/Blanquerna.jpg 512w\" sizes=\"auto, (max-width: 300px) 100vw, 300px\" \/><\/a><\/p>\n<\/td>\n<\/tr>\n<\/tbody>\n<\/table>\n<h6 style=\"text-align: justify;\">ESTADA\u00a0 A L&#8217;EMPRESA<\/h6>\n<p style=\"text-align: justify;\">L\u2019estada a l\u2019empresa \u00e9s una mat\u00e8ria espec\u00edfica del curr\u00edculum de batxillerat amb una funci\u00f3 essencialment orientadora que t\u00e9 com a objectiu fer con\u00e8ixer als alumnes la realitat del m\u00f3n laboral.<\/p>\n<p style=\"text-align: justify;\">Consisteix b\u00e0sicament en un per\u00edode de perman\u00e8ncia i activitat dels alumnes en una empresa, entesa com a unitat de producci\u00f3, distribuci\u00f3 o de serveis. Durant l\u2019estada, l\u2019alumne pren contacte amb un camp professional vers el qual se sent motivat i, aix\u00ed, enfocar millor el seu projecte de futur acad\u00e8mic i professional.<\/p>\n<p style=\"text-align: justify;\">La mat\u00e8ria ofereix als alumnes la possibilitat de con\u00e8ixer l\u2019estructura organitzativa d\u2019una empresa i la gesti\u00f3 dels seus recursos humans, materials i energ\u00e8tics; les condicions legals que afecten les relacions laborals; i la identificaci\u00f3 de les capacitats pr\u00f2pies referides al m\u00f3n laboral per tal d\u2019establir el seu itinerari formatiu i professional d\u2019acord amb els seus interessos.<\/p>\n<p style=\"text-align: justify;\">Permet posar en pr\u00e0ctica un seguit de procediments, habilitats i actituds generals que s\u00f3n indispensables per a la bona adaptaci\u00f3 dels alumnes al m\u00f3n laboral futur ( assist\u00e8ncia, puntualitat, curiositat, creativitat, afany de superaci\u00f3, capacitat de treball individual i en grup, etc.). Es tracta d\u2019un recurs que serveix a la funci\u00f3 orientadora del batxillerat, amb independ\u00e8ncia de la modalitat cursada, ja que permet que l\u2019alumne\/a canalitzi les seves prefer\u00e8ncies i capacitats en un cotext diferent de l\u2019acad\u00e8mic i amb l\u2019orientaci\u00f3 adequada.<\/p>\n<p style=\"text-align: justify;\">L&#8217;escola col\u00b7labora amb els seg\u00fcents instituts:<\/p>\n<table style=\"border-collapse: collapse; width: 100%;\">\n<tbody>\n<tr>\n<td style=\"width: 25%; text-align: center;\"><strong>IES Puig i Cadafalch<\/strong><a style=\"color: #2795b6;\" href=\"https:\/\/agora.xtec.cat\/esc-camidelcros\/wp-content\/uploads\/usu1981\/2021\/01\/Puig-i-cadafalch.png\"><img loading=\"lazy\" decoding=\"async\" class=\"wp-image-1234 aligncenter\" src=\"https:\/\/agora.xtec.cat\/esc-camidelcros\/wp-content\/uploads\/usu1981\/2021\/01\/Puig-i-cadafalch-300x114.png\" alt=\"\" width=\"142\" height=\"54\" \/><\/a><\/td>\n<td style=\"width: 25%; text-align: center;\"><strong>Escoles Freta Matar\u00f3<\/strong><a style=\"color: #2795b6;\" href=\"https:\/\/agora.xtec.cat\/esc-camidelcros\/wp-content\/uploads\/usu1981\/2021\/01\/freta.jpg\"><img loading=\"lazy\" decoding=\"async\" class=\"wp-image-1237 aligncenter\" src=\"https:\/\/agora.xtec.cat\/esc-camidelcros\/wp-content\/uploads\/usu1981\/2021\/01\/freta-300x300.jpg\" alt=\"\" width=\"82\" height=\"82\" srcset=\"https:\/\/agora.xtec.cat\/esc-camidelcros\/wp-content\/uploads\/usu1981\/2021\/01\/freta-300x300.jpg 300w, https:\/\/agora.xtec.cat\/esc-camidelcros\/wp-content\/uploads\/usu1981\/2021\/01\/freta-150x150.jpg 150w, https:\/\/agora.xtec.cat\/esc-camidelcros\/wp-content\/uploads\/usu1981\/2021\/01\/freta.jpg 512w\" sizes=\"auto, (max-width: 82px) 100vw, 82px\" \/><\/a><\/td>\n<td style=\"width: 25%; text-align: center;\"><strong>IES Maremar<\/strong><\/p>\n<p><a style=\"color: #2795b6;\" href=\"https:\/\/agora.xtec.cat\/esc-camidelcros\/wp-content\/uploads\/usu1981\/2021\/01\/Institut-Maremar.jpg\"><img loading=\"lazy\" decoding=\"async\" class=\"alignnone wp-image-1235\" src=\"https:\/\/agora.xtec.cat\/esc-camidelcros\/wp-content\/uploads\/usu1981\/2021\/01\/Institut-Maremar.jpg\" alt=\"\" width=\"82\" height=\"82\" srcset=\"https:\/\/agora.xtec.cat\/esc-camidelcros\/wp-content\/uploads\/usu1981\/2021\/01\/Institut-Maremar.jpg 225w, https:\/\/agora.xtec.cat\/esc-camidelcros\/wp-content\/uploads\/usu1981\/2021\/01\/Institut-Maremar-150x150.jpg 150w\" sizes=\"auto, (max-width: 82px) 100vw, 82px\" \/><\/a><\/td>\n<td style=\"width: 25%; text-align: center;\"><strong>IES Thos i Codina<\/strong><a style=\"color: #2795b6;\" href=\"https:\/\/agora.xtec.cat\/esc-camidelcros\/wp-content\/uploads\/usu1981\/2021\/01\/Thos-i-Codina.png\"><img loading=\"lazy\" decoding=\"async\" class=\"size-medium wp-image-1236 alignleft\" src=\"https:\/\/agora.xtec.cat\/esc-camidelcros\/wp-content\/uploads\/usu1981\/2021\/01\/Thos-i-Codina-300x53.png\" alt=\"\" width=\"300\" height=\"53\" srcset=\"https:\/\/agora.xtec.cat\/esc-camidelcros\/wp-content\/uploads\/usu1981\/2021\/01\/Thos-i-Codina-300x53.png 300w, https:\/\/agora.xtec.cat\/esc-camidelcros\/wp-content\/uploads\/usu1981\/2021\/01\/Thos-i-Codina.png 452w\" sizes=\"auto, (max-width: 300px) 100vw, 300px\" \/><\/a><\/p>\n<p>&nbsp;<\/td>\n<\/tr>\n<\/tbody>\n<\/table>\n<p>&nbsp;<\/p>\n","protected":false},"excerpt":{"rendered":"<p>CENTRES FORMADORS ALUMNES\u00a0UNIVERSITARIS\u00a0EN PR\u00c0CTIQUES<br \/>\nEls centres formadors s\u00f3n aquells centres educatius sostinguts amb fons p\u00fablics que imparteixen ensenyaments d&#8217;educaci\u00f3 infantil, prim\u00e0ria, secund\u00e0ria obligat\u00f2ria, batxillerat, formaci\u00f3 professional, ensenyaments de r\u00e8gim especial i\/o formaci\u00f3 de persones adultes, aix\u00ed com els serveis educatius i unitats del Departament d\u2019Educaci\u00f3 els&hellip;  <a href=\"https:\/\/agora.xtec.cat\/esc-camidelcros\/serveis-digitals\/\" title=\"Read CENTRE FORMADOR (A.P)\">Llegeix m\u00e9s\u00bb<\/a><\/p>\n","protected":false},"author":1,"featured_media":0,"parent":0,"menu_order":10,"comment_status":"closed","ping_status":"closed","template":"page-templates\/side-menu.php","meta":{"_bbp_topic_count":0,"_bbp_reply_count":0,"_bbp_total_topic_count":0,"_bbp_total_reply_count":0,"_bbp_voice_count":0,"_bbp_anonymous_reply_count":0,"_bbp_topic_count_hidden":0,"_bbp_reply_count_hidden":0,"_bbp_forum_subforum_count":0,"footnotes":""},"class_list":["post-71","page","type-page","status-publish","hentry"],"post_mailing_queue_ids":[],"_links":{"self":[{"href":"https:\/\/agora.xtec.cat\/esc-camidelcros\/wp-json\/wp\/v2\/pages\/71","targetHints":{"allow":["GET"]}}],"collection":[{"href":"https:\/\/agora.xtec.cat\/esc-camidelcros\/wp-json\/wp\/v2\/pages"}],"about":[{"href":"https:\/\/agora.xtec.cat\/esc-camidelcros\/wp-json\/wp\/v2\/types\/page"}],"author":[{"embeddable":true,"href":"https:\/\/agora.xtec.cat\/esc-camidelcros\/wp-json\/wp\/v2\/users\/1"}],"replies":[{"embeddable":true,"href":"https:\/\/agora.xtec.cat\/esc-camidelcros\/wp-json\/wp\/v2\/comments?post=71"}],"version-history":[{"count":5,"href":"https:\/\/agora.xtec.cat\/esc-camidelcros\/wp-json\/wp\/v2\/pages\/71\/revisions"}],"predecessor-version":[{"id":3089,"href":"https:\/\/agora.xtec.cat\/esc-camidelcros\/wp-json\/wp\/v2\/pages\/71\/revisions\/3089"}],"wp:attachment":[{"href":"https:\/\/agora.xtec.cat\/esc-camidelcros\/wp-json\/wp\/v2\/media?parent=71"}],"curies":[{"name":"wp","href":"https:\/\/api.w.org\/{rel}","templated":true}]}}