{"id":565,"date":"2019-12-09T16:48:17","date_gmt":"2019-12-09T15:48:17","guid":{"rendered":"https:\/\/agora.xtec.cat\/esc-camidelcros\/?page_id=565"},"modified":"2021-03-26T15:48:14","modified_gmt":"2021-03-26T14:48:14","slug":"model-dialogic-de-prevencio-i-resolucio-de-conflictes","status":"publish","type":"page","link":"https:\/\/agora.xtec.cat\/esc-camidelcros\/model-dialogic-de-prevencio-i-resolucio-de-conflictes\/","title":{"rendered":"MODEL DIAL\u00d2GIC DE PREVENCI\u00d3 I RESOLUCI\u00d3 DE CONFLICTES"},"content":{"rendered":"<p><a href=\"https:\/\/agora.xtec.cat\/esc-camidelcros\/wp-content\/uploads\/usu1981\/2021\/03\/9.png\"><img loading=\"lazy\" decoding=\"async\" class=\"aligncenter wp-image-1403 size-full\" src=\"https:\/\/agora.xtec.cat\/esc-camidelcros\/wp-content\/uploads\/usu1981\/2021\/03\/9.png\" alt=\"\" width=\"1056\" height=\"791\" srcset=\"https:\/\/agora.xtec.cat\/esc-camidelcros\/wp-content\/uploads\/usu1981\/2021\/03\/9.png 1056w, https:\/\/agora.xtec.cat\/esc-camidelcros\/wp-content\/uploads\/usu1981\/2021\/03\/9-300x225.png 300w, https:\/\/agora.xtec.cat\/esc-camidelcros\/wp-content\/uploads\/usu1981\/2021\/03\/9-768x575.png 768w, https:\/\/agora.xtec.cat\/esc-camidelcros\/wp-content\/uploads\/usu1981\/2021\/03\/9-1024x767.png 1024w, https:\/\/agora.xtec.cat\/esc-camidelcros\/wp-content\/uploads\/usu1981\/2021\/03\/9-200x150.png 200w\" sizes=\"auto, (max-width: 1056px) 100vw, 1056px\" \/><\/a><\/p>\n","protected":false},"excerpt":{"rendered":"<p><a href=\"https:\/\/agora.xtec.cat\/esc-camidelcros\/wp-content\/uploads\/usu1981\/2021\/03\/9.png\"><\/a><\/p>\n","protected":false},"author":1,"featured_media":0,"parent":0,"menu_order":0,"comment_status":"closed","ping_status":"closed","template":"","meta":{"_bbp_topic_count":0,"_bbp_reply_count":0,"_bbp_total_topic_count":0,"_bbp_total_reply_count":0,"_bbp_voice_count":0,"_bbp_anonymous_reply_count":0,"_bbp_topic_count_hidden":0,"_bbp_reply_count_hidden":0,"_bbp_forum_subforum_count":0,"footnotes":""},"class_list":["post-565","page","type-page","status-publish","hentry"],"post_mailing_queue_ids":[],"_links":{"self":[{"href":"https:\/\/agora.xtec.cat\/esc-camidelcros\/wp-json\/wp\/v2\/pages\/565","targetHints":{"allow":["GET"]}}],"collection":[{"href":"https:\/\/agora.xtec.cat\/esc-camidelcros\/wp-json\/wp\/v2\/pages"}],"about":[{"href":"https:\/\/agora.xtec.cat\/esc-camidelcros\/wp-json\/wp\/v2\/types\/page"}],"author":[{"embeddable":true,"href":"https:\/\/agora.xtec.cat\/esc-camidelcros\/wp-json\/wp\/v2\/users\/1"}],"replies":[{"embeddable":true,"href":"https:\/\/agora.xtec.cat\/esc-camidelcros\/wp-json\/wp\/v2\/comments?post=565"}],"version-history":[{"count":3,"href":"https:\/\/agora.xtec.cat\/esc-camidelcros\/wp-json\/wp\/v2\/pages\/565\/revisions"}],"predecessor-version":[{"id":1405,"href":"https:\/\/agora.xtec.cat\/esc-camidelcros\/wp-json\/wp\/v2\/pages\/565\/revisions\/1405"}],"wp:attachment":[{"href":"https:\/\/agora.xtec.cat\/esc-camidelcros\/wp-json\/wp\/v2\/media?parent=565"}],"curies":[{"name":"wp","href":"https:\/\/api.w.org\/{rel}","templated":true}]}}