{"id":531,"date":"2019-12-09T16:38:28","date_gmt":"2019-12-09T15:38:28","guid":{"rendered":"https:\/\/agora.xtec.cat\/esc-camidelcros\/?page_id=531"},"modified":"2025-12-01T10:23:28","modified_gmt":"2025-12-01T09:23:28","slug":"projecte-de-patis","status":"publish","type":"page","link":"https:\/\/agora.xtec.cat\/esc-camidelcros\/projecte-de-patis\/","title":{"rendered":"AUCA D&#8217;EN CROSSI"},"content":{"rendered":"<p data-start=\"74\" data-end=\"360\"><strong data-start=\"74\" data-end=\"147\">Ens fa molta il\u00b7lusi\u00f3 compartir l\u2019auca d\u2019en Crossi, el nostre gegant!<\/strong><br data-start=\"147\" data-end=\"150\" \/>Fa temps que aquesta auca forma part del patrimoni i de la hist\u00f2ria de l\u2019escola, i ara, gr\u00e0cies a la dedicaci\u00f3 d\u2019unes fam\u00edlies, l\u2019hem pogut <strong data-start=\"290\" data-end=\"306\">digitalitzar<\/strong> per tal que tothom la pugui veure i gaudir f\u00e0cilment.<\/p>\n<p data-start=\"362\" data-end=\"570\">L\u2019auca recull la hist\u00f2ria i les an\u00e8cdotes d\u2019en Crossi, un personatge ben estimat i vinculat a la vida del centre. Agra\u00efm molt la col\u00b7laboraci\u00f3 de les fam\u00edlies que han fet possible aquesta nova versi\u00f3 digital.<\/p>\n<p data-start=\"572\" data-end=\"649\"><strong data-start=\"572\" data-end=\"649\">Us convidem a visitar-la i a seguir fent cr\u00e9ixer la tradici\u00f3 d\u2019en Crossi!<\/strong><\/p>\n<p data-start=\"572\" data-end=\"649\"><img loading=\"lazy\" decoding=\"async\" class=\"aligncenter size-full wp-image-3313\" src=\"https:\/\/agora.xtec.cat\/esc-camidelcros\/wp-content\/uploads\/usu1981\/2025\/12\/auca_crossi_nomargins_page-0001-scaled.jpg\" alt=\"\" width=\"1810\" height=\"2560\" srcset=\"https:\/\/agora.xtec.cat\/esc-camidelcros\/wp-content\/uploads\/usu1981\/2025\/12\/auca_crossi_nomargins_page-0001-scaled.jpg 1810w, https:\/\/agora.xtec.cat\/esc-camidelcros\/wp-content\/uploads\/usu1981\/2025\/12\/auca_crossi_nomargins_page-0001-212x300.jpg 212w, https:\/\/agora.xtec.cat\/esc-camidelcros\/wp-content\/uploads\/usu1981\/2025\/12\/auca_crossi_nomargins_page-0001-724x1024.jpg 724w, https:\/\/agora.xtec.cat\/esc-camidelcros\/wp-content\/uploads\/usu1981\/2025\/12\/auca_crossi_nomargins_page-0001-768x1086.jpg 768w, https:\/\/agora.xtec.cat\/esc-camidelcros\/wp-content\/uploads\/usu1981\/2025\/12\/auca_crossi_nomargins_page-0001-1086x1536.jpg 1086w, https:\/\/agora.xtec.cat\/esc-camidelcros\/wp-content\/uploads\/usu1981\/2025\/12\/auca_crossi_nomargins_page-0001-1448x2048.jpg 1448w\" sizes=\"auto, (max-width: 1810px) 100vw, 1810px\" \/> <img loading=\"lazy\" decoding=\"async\" class=\"aligncenter size-full wp-image-3314\" src=\"https:\/\/agora.xtec.cat\/esc-camidelcros\/wp-content\/uploads\/usu1981\/2025\/12\/auca_crossi_nomargins_page-0002-scaled.jpg\" alt=\"\" width=\"1810\" height=\"2560\" srcset=\"https:\/\/agora.xtec.cat\/esc-camidelcros\/wp-content\/uploads\/usu1981\/2025\/12\/auca_crossi_nomargins_page-0002-scaled.jpg 1810w, https:\/\/agora.xtec.cat\/esc-camidelcros\/wp-content\/uploads\/usu1981\/2025\/12\/auca_crossi_nomargins_page-0002-212x300.jpg 212w, https:\/\/agora.xtec.cat\/esc-camidelcros\/wp-content\/uploads\/usu1981\/2025\/12\/auca_crossi_nomargins_page-0002-724x1024.jpg 724w, https:\/\/agora.xtec.cat\/esc-camidelcros\/wp-content\/uploads\/usu1981\/2025\/12\/auca_crossi_nomargins_page-0002-768x1086.jpg 768w, https:\/\/agora.xtec.cat\/esc-camidelcros\/wp-content\/uploads\/usu1981\/2025\/12\/auca_crossi_nomargins_page-0002-1086x1536.jpg 1086w, https:\/\/agora.xtec.cat\/esc-camidelcros\/wp-content\/uploads\/usu1981\/2025\/12\/auca_crossi_nomargins_page-0002-1448x2048.jpg 1448w\" sizes=\"auto, (max-width: 1810px) 100vw, 1810px\" \/> <img loading=\"lazy\" decoding=\"async\" class=\"aligncenter size-full wp-image-3315\" src=\"https:\/\/agora.xtec.cat\/esc-camidelcros\/wp-content\/uploads\/usu1981\/2025\/12\/auca_crossi_nomargins_page-0003-scaled.jpg\" alt=\"\" width=\"1810\" height=\"2560\" srcset=\"https:\/\/agora.xtec.cat\/esc-camidelcros\/wp-content\/uploads\/usu1981\/2025\/12\/auca_crossi_nomargins_page-0003-scaled.jpg 1810w, https:\/\/agora.xtec.cat\/esc-camidelcros\/wp-content\/uploads\/usu1981\/2025\/12\/auca_crossi_nomargins_page-0003-212x300.jpg 212w, https:\/\/agora.xtec.cat\/esc-camidelcros\/wp-content\/uploads\/usu1981\/2025\/12\/auca_crossi_nomargins_page-0003-724x1024.jpg 724w, https:\/\/agora.xtec.cat\/esc-camidelcros\/wp-content\/uploads\/usu1981\/2025\/12\/auca_crossi_nomargins_page-0003-768x1086.jpg 768w, https:\/\/agora.xtec.cat\/esc-camidelcros\/wp-content\/uploads\/usu1981\/2025\/12\/auca_crossi_nomargins_page-0003-1086x1536.jpg 1086w, https:\/\/agora.xtec.cat\/esc-camidelcros\/wp-content\/uploads\/usu1981\/2025\/12\/auca_crossi_nomargins_page-0003-1448x2048.jpg 1448w\" sizes=\"auto, (max-width: 1810px) 100vw, 1810px\" \/><\/p>\n<p style=\"text-align: center;\" data-start=\"572\" data-end=\"649\"><a href=\"https:\/\/mail-attachment.googleusercontent.com\/attachment\/u\/0\/?ui=2&amp;ik=9346f0162e&amp;attid=0.1&amp;permmsgid=msg-f:1849401669153884329&amp;th=19aa650500ee88a9&amp;view=att&amp;disp=inline&amp;realattid=f_mi8nzd0a0&amp;zw&amp;saddbat=ANGjdJ94MsVX8USfrR821GABEBTfgvCOIBgg1y10vUoYpfJvOrbAYKToz5vFdvosMRjw53FVHlrQbEELS_I2xlkMYqH6o3gB-OOU1P_cyiGE9RiPLEyD_503liovAAYfbhhXMVC7zu5vgeShQMCy2AA-D2A_ikFnXfwOtYQCCxcofG6usNUROVBntd6ylUkXQM6qnylxwRp_IOAnzAxy3I8QSSttjaqWl_6z2zKg9u6lbBUcHQF4mHdqtys0PQlLyRg4g5x1sBGyzQ7ctr99g_k1C9l_WhWjwugRKgCkmwsWaULoN1UBMMa7mhr2WHAtuZuwu818GAjqrM2iHlnJhOiAaigYTcMwbfj6lCx9dcsIIKhQTmWDHi6moOaUU2Ln4NPM5bF5ZNRbDbUYidtYijYuSI2bADJEy9VkSzG3R3FqsuUl5wL87Ukra1X0e1Wp3F0SRFc5w3p8qF4RWu92duA5D_oPM_nXsv2zygeuvBN7r_dBasZweNEXaEkkz-dzHSxujNh-MUgFVto3PcPUYCX97yjqZuX33SH_1aCf0MgpiIPrTHEhIsfFPZEEFLS0ZiaeubDf7RCDE0KsYIvVdO-QzpiOSCr2EfHMuBNX2fH02YnQv0Ca9V3f9TnlPlAm_Bmz7Vsk4k8DOksfnchxorvOZQcd16hYj0Buyv3GCbTKS-qovEjdsucM3KkCTPWjiCFXqSRzCCcyWDDBIwYe2pnqZIt5pdFZMmLERWQNo7djCSvEODX5S-DYXFlMoJtxfTpaswhj8Yhm8c3DoVxoUNyjjWRissyyZ5LGgxDyLongjZPjAfiQ8YkqJrM--4OI5yXEpc3U9-R_fKla9zqaoX59e4in_x-u1kt8vkL5qHoO8wnM74PSsBUeJRBPJjfJr5vCzWPLKZ2w1oXtS7Pp2RHAVIu004mFQo97cMj7iPE81-952gxgj1xblea6GMjQVugqSpWTnzDeXLSX6m-KTG66qaF7ceh8KZ7JaCV61pkdeAl5hDu-BomrJpp6n5NHvVTvWTTUCg2hbK06aIJaEqfGmty4w3owIUlRyUh6zhQEsaNzsj_6DCURwhNoajW-l0T5BBuFcK8EzcDAKXACxOMQxv4GRhKBPrEbKMYdow\" target=\"_blank\" rel=\"noopener\">AUCA D&#8217;EN CROSSI<\/a><\/p>\n","protected":false},"excerpt":{"rendered":"<p>Ens fa molta il\u00b7lusi\u00f3 compartir l\u2019auca d\u2019en Crossi, el nostre gegant!Fa temps que aquesta auca forma part del patrimoni i de la hist\u00f2ria de l\u2019escola, i ara, gr\u00e0cies a la dedicaci\u00f3 d\u2019unes fam\u00edlies, l\u2019hem pogut digitalitzar per tal que tothom la pugui veure i gaudir&hellip;  <a href=\"https:\/\/agora.xtec.cat\/esc-camidelcros\/projecte-de-patis\/\" title=\"Read AUCA D&#8217;EN CROSSI\">Llegeix m\u00e9s\u00bb<\/a><\/p>\n","protected":false},"author":1,"featured_media":0,"parent":0,"menu_order":0,"comment_status":"closed","ping_status":"closed","template":"","meta":{"_bbp_topic_count":0,"_bbp_reply_count":0,"_bbp_total_topic_count":0,"_bbp_total_reply_count":0,"_bbp_voice_count":0,"_bbp_anonymous_reply_count":0,"_bbp_topic_count_hidden":0,"_bbp_reply_count_hidden":0,"_bbp_forum_subforum_count":0,"footnotes":""},"class_list":["post-531","page","type-page","status-publish","hentry"],"post_mailing_queue_ids":[],"_links":{"self":[{"href":"https:\/\/agora.xtec.cat\/esc-camidelcros\/wp-json\/wp\/v2\/pages\/531","targetHints":{"allow":["GET"]}}],"collection":[{"href":"https:\/\/agora.xtec.cat\/esc-camidelcros\/wp-json\/wp\/v2\/pages"}],"about":[{"href":"https:\/\/agora.xtec.cat\/esc-camidelcros\/wp-json\/wp\/v2\/types\/page"}],"author":[{"embeddable":true,"href":"https:\/\/agora.xtec.cat\/esc-camidelcros\/wp-json\/wp\/v2\/users\/1"}],"replies":[{"embeddable":true,"href":"https:\/\/agora.xtec.cat\/esc-camidelcros\/wp-json\/wp\/v2\/comments?post=531"}],"version-history":[{"count":4,"href":"https:\/\/agora.xtec.cat\/esc-camidelcros\/wp-json\/wp\/v2\/pages\/531\/revisions"}],"predecessor-version":[{"id":3316,"href":"https:\/\/agora.xtec.cat\/esc-camidelcros\/wp-json\/wp\/v2\/pages\/531\/revisions\/3316"}],"wp:attachment":[{"href":"https:\/\/agora.xtec.cat\/esc-camidelcros\/wp-json\/wp\/v2\/media?parent=531"}],"curies":[{"name":"wp","href":"https:\/\/api.w.org\/{rel}","templated":true}]}}