{"id":525,"date":"2019-12-09T16:37:40","date_gmt":"2019-12-09T15:37:40","guid":{"rendered":"https:\/\/agora.xtec.cat\/esc-camidelcros\/?page_id=525"},"modified":"2020-03-31T10:47:59","modified_gmt":"2020-03-31T08:47:59","slug":"nofc","status":"publish","type":"page","link":"https:\/\/agora.xtec.cat\/esc-camidelcros\/nofc\/","title":{"rendered":"NOFC"},"content":{"rendered":"<p>El NOFC s\u00f3n les Normes d\u2019Organitzaci\u00f3 i Funcionament de Centre. S\u00f3n un conjunt d\u2019acords i decisions d\u2019organitzaci\u00f3 i funcionament que s\u2019hi adoptin per fer possible, en el dia a dia, el treball educatiu i de gesti\u00f3 que permeti assolir els objectius proposats en el PEC i en\u00a0 la Programaci\u00f3 General Anual (document que concreta, a partir del Projecte Educatiu de Centre, les actuacions concretes per a cada curs).<\/p>\n<p>Les NOFC regulen aspectes en relaci\u00f3 a:<\/p>\n<ul>\n<li>els \u00f2rgans unipersonals i col\u00b7legiats<\/li>\n<li>l\u2019alumnat, el professorat, el PAS<\/li>\n<li>l\u2019organitzaci\u00f3 de les activitats del centre<\/li>\n<li>el recinte escolar<\/li>\n<li>el suport burocr\u00e0tic<\/li>\n<\/ul>\n<p>Per tenir m\u00e9s informaci\u00f3 sobre que \u00e9s el NOFC podeu entrar al seg\u00fcent enlla\u00e7:\u00a0<a href=\"http:\/\/educacio.gencat.cat\/documents\/IPCNormativa\/DOIGC\/PEC_Documents_gestio.pdf\" target=\"_blank\" rel=\"noopener noreferrer\">Documents per a l&#8217;organitzaci\u00f3 i la gesti\u00f3 dels centres<\/a><\/p>\n<p>En el seg\u00fcent enlla\u00e7 trobareu el NOFC de l&#8217;escola:\u00a0<a href=\"https:\/\/drive.google.com\/file\/d\/1taXcpImCi2osv-_3qDHLO1iesXHTCN3O\/view?usp=sharing\" target=\"_blank\" rel=\"noopener noreferrer\">NOFC Escola Cam\u00ed del Cros<\/a><\/p>\n","protected":false},"excerpt":{"rendered":"<p>El NOFC s\u00f3n les Normes d\u2019Organitzaci\u00f3 i Funcionament de Centre. S\u00f3n un conjunt d\u2019acords i decisions d\u2019organitzaci\u00f3 i funcionament que s\u2019hi adoptin per fer possible, en el dia a dia, el treball educatiu i de gesti\u00f3 que permeti assolir els objectius proposats en el PEC&hellip;  <a href=\"https:\/\/agora.xtec.cat\/esc-camidelcros\/nofc\/\" title=\"Read NOFC\">Llegeix m\u00e9s\u00bb<\/a><\/p>\n","protected":false},"author":1,"featured_media":0,"parent":0,"menu_order":0,"comment_status":"closed","ping_status":"closed","template":"","meta":{"_bbp_topic_count":0,"_bbp_reply_count":0,"_bbp_total_topic_count":0,"_bbp_total_reply_count":0,"_bbp_voice_count":0,"_bbp_anonymous_reply_count":0,"_bbp_topic_count_hidden":0,"_bbp_reply_count_hidden":0,"_bbp_forum_subforum_count":0,"footnotes":""},"class_list":["post-525","page","type-page","status-publish","hentry"],"post_mailing_queue_ids":[],"_links":{"self":[{"href":"https:\/\/agora.xtec.cat\/esc-camidelcros\/wp-json\/wp\/v2\/pages\/525","targetHints":{"allow":["GET"]}}],"collection":[{"href":"https:\/\/agora.xtec.cat\/esc-camidelcros\/wp-json\/wp\/v2\/pages"}],"about":[{"href":"https:\/\/agora.xtec.cat\/esc-camidelcros\/wp-json\/wp\/v2\/types\/page"}],"author":[{"embeddable":true,"href":"https:\/\/agora.xtec.cat\/esc-camidelcros\/wp-json\/wp\/v2\/users\/1"}],"replies":[{"embeddable":true,"href":"https:\/\/agora.xtec.cat\/esc-camidelcros\/wp-json\/wp\/v2\/comments?post=525"}],"version-history":[{"count":3,"href":"https:\/\/agora.xtec.cat\/esc-camidelcros\/wp-json\/wp\/v2\/pages\/525\/revisions"}],"predecessor-version":[{"id":836,"href":"https:\/\/agora.xtec.cat\/esc-camidelcros\/wp-json\/wp\/v2\/pages\/525\/revisions\/836"}],"wp:attachment":[{"href":"https:\/\/agora.xtec.cat\/esc-camidelcros\/wp-json\/wp\/v2\/media?parent=525"}],"curies":[{"name":"wp","href":"https:\/\/api.w.org\/{rel}","templated":true}]}}