{"id":3356,"date":"2026-01-27T16:11:28","date_gmt":"2026-01-27T15:11:28","guid":{"rendered":"https:\/\/agora.xtec.cat\/esc-camidelcros\/?page_id=3356"},"modified":"2026-01-27T16:13:25","modified_gmt":"2026-01-27T15:13:25","slug":"avaluacio-cami-del-cros","status":"publish","type":"page","link":"https:\/\/agora.xtec.cat\/esc-camidelcros\/avaluacio-cami-del-cros\/","title":{"rendered":"AVALUACI\u00d3 CAM\u00cd DEL CROS"},"content":{"rendered":"<p>Informaci\u00f3 clau per a les fam\u00edlies<\/p>\n<p>Quin \u00e9s l\u2019objectiu de l\u2019avaluaci\u00f3?<br \/>\n\u2022 Acompanyar l\u2019aprenentatge dels infants<br \/>\n\u2022 Valorar el progr\u00e9s, no nom\u00e9s els resultats<br \/>\n\u2022 Detectar necessitats i oferir suport<\/p>\n<p>Com \u00e9s l\u2019avaluaci\u00f3?<br \/>\n\u2022 Cont\u00ednua (durant tot el curs)<br \/>\n\u2022 Global (totes les \u00e0rees i dimensions)<br \/>\n\u2022 Formativa i orientadora<br \/>\n\u2022 Inclusiva i respectuosa amb els ritmes<\/p>\n<p>Qu\u00e8 s\u2019avalua?<br \/>\n\u2022 Grau d\u2019assoliment de les compet\u00e8ncies clau<br \/>\n\u2022 Esfor\u00e7 i const\u00e0ncia<br \/>\n\u2022 Autonomia i responsabilitat<br \/>\n\u2022 Conviv\u00e8ncia i treball en equip<\/p>\n<p>Com s\u2019avalua?<br \/>\n\u2022 Observaci\u00f3 di\u00e0ria a l\u2019aula<br \/>\n\u2022 Activitats i tasques competencials<br \/>\n\u2022 Projectes i situacions d\u2019aprenentatge<br \/>\n\u2022 Proves orals i escrites<br \/>\n\u2022 Autoavaluaci\u00f3 i coavaluaci\u00f3<br \/>\n\u2022 Es valora el proc\u00e9s d\u2019aprenentatge, no nom\u00e9s el resultat final<\/p>\n<p>Informaci\u00f3 a les fam\u00edlies<br \/>\n\u2022 Informes trimestrals<br \/>\n\u2022 Reunions amb el tutor o tutora<br \/>\n\u2022 Plataformes digitals del centre<br \/>\n\u2022 Les qualificacions indiquen el grau d\u2019assoliment de les compet\u00e8ncies<\/p>\n<p>Promoci\u00f3 de curs<br \/>\n\u2022 Decisi\u00f3 col\u00b7legiada de l\u2019equip docent<br \/>\n\u2022 Progr\u00e9s global de l\u2019infant<br \/>\n\u2022 Assoliment de les compet\u00e8ncies<br \/>\n\u2022 Mesures de suport aplicades<br \/>\n\u2022 Benestar i \u00e8xit educatiu de l\u2019alumnat<\/p>\n<p>Fam\u00edlia i escola<br \/>\n\u2022 La col\u00b7laboraci\u00f3 entre fam\u00edlies i escola \u00e9s essencial per ajudar els infants a cr\u00e9ixer i<br \/>\naprendre.<\/p>\n<p>L\u2019avaluaci\u00f3 \u00e9s una eina per aprendre, millorar i avan\u00e7ar.<\/p>\n","protected":false},"excerpt":{"rendered":"<p>Informaci\u00f3 clau per a les fam\u00edlies<br \/>\nQuin \u00e9s l\u2019objectiu de l\u2019avaluaci\u00f3?<br \/>\n\u2022 Acompanyar l\u2019aprenentatge dels infants<br \/>\n\u2022 Valorar el progr\u00e9s, no nom\u00e9s els resultats<br \/>\n\u2022 Detectar necessitats i oferir suport<br \/>\nCom \u00e9s l\u2019avaluaci\u00f3?<br \/>\n\u2022 Cont\u00ednua (durant tot el curs)<br \/>\n\u2022 Global (totes les \u00e0rees i dimensions)<br \/>\n\u2022 Formativa i orientadora<br \/>\n\u2022 Inclusiva i respectuosa&hellip;  <a href=\"https:\/\/agora.xtec.cat\/esc-camidelcros\/avaluacio-cami-del-cros\/\" title=\"Read AVALUACI\u00d3 CAM\u00cd DEL CROS\">Llegeix m\u00e9s\u00bb<\/a><\/p>\n","protected":false},"author":1,"featured_media":0,"parent":0,"menu_order":0,"comment_status":"closed","ping_status":"closed","template":"","meta":{"_bbp_topic_count":0,"_bbp_reply_count":0,"_bbp_total_topic_count":0,"_bbp_total_reply_count":0,"_bbp_voice_count":0,"_bbp_anonymous_reply_count":0,"_bbp_topic_count_hidden":0,"_bbp_reply_count_hidden":0,"_bbp_forum_subforum_count":0,"footnotes":""},"class_list":["post-3356","page","type-page","status-publish","hentry"],"post_mailing_queue_ids":[],"_links":{"self":[{"href":"https:\/\/agora.xtec.cat\/esc-camidelcros\/wp-json\/wp\/v2\/pages\/3356","targetHints":{"allow":["GET"]}}],"collection":[{"href":"https:\/\/agora.xtec.cat\/esc-camidelcros\/wp-json\/wp\/v2\/pages"}],"about":[{"href":"https:\/\/agora.xtec.cat\/esc-camidelcros\/wp-json\/wp\/v2\/types\/page"}],"author":[{"embeddable":true,"href":"https:\/\/agora.xtec.cat\/esc-camidelcros\/wp-json\/wp\/v2\/users\/1"}],"replies":[{"embeddable":true,"href":"https:\/\/agora.xtec.cat\/esc-camidelcros\/wp-json\/wp\/v2\/comments?post=3356"}],"version-history":[{"count":1,"href":"https:\/\/agora.xtec.cat\/esc-camidelcros\/wp-json\/wp\/v2\/pages\/3356\/revisions"}],"predecessor-version":[{"id":3359,"href":"https:\/\/agora.xtec.cat\/esc-camidelcros\/wp-json\/wp\/v2\/pages\/3356\/revisions\/3359"}],"wp:attachment":[{"href":"https:\/\/agora.xtec.cat\/esc-camidelcros\/wp-json\/wp\/v2\/media?parent=3356"}],"curies":[{"name":"wp","href":"https:\/\/api.w.org\/{rel}","templated":true}]}}