{"id":2198,"date":"2023-05-25T15:10:36","date_gmt":"2023-05-25T13:10:36","guid":{"rendered":"https:\/\/agora.xtec.cat\/esc-camidelcros\/?page_id=2198"},"modified":"2025-09-03T20:44:17","modified_gmt":"2025-09-03T18:44:17","slug":"estrategia-digital-de-centre","status":"publish","type":"page","link":"https:\/\/agora.xtec.cat\/esc-camidelcros\/estrategia-digital-de-centre\/","title":{"rendered":"ESTRAT\u00c8GIA DIGITAL DE CENTRE"},"content":{"rendered":"<p class=\"zfr3Q CDt4Ke \" dir=\"ltr\"><span class=\"C9DxTc \"><a href=\"https:\/\/projectes.xtec.cat\/edc-suport\/\" target=\"_blank\" rel=\"noopener\">L\u2019Estrat\u00e8gia Digital de Centre<\/a> (EDC) defineix i concreta les l\u00ednies d&#8217;actuaci\u00f3 de la nostra escola que fan possible que docents, alumnat i centre assoleixin la compet\u00e8ncia digital. <\/span><\/p>\n<p class=\"zfr3Q CDt4Ke \" dir=\"ltr\"><span class=\"C9DxTc \">Per aconseguir aquesta compet\u00e8ncia digital, l&#8217;EDC compr\u00e8n tots els \u00e0mbits del nostre centre: organitzatius, metodol\u00f2gics, curriculars i comunicatius, els quals s&#8217;han de veure necess\u00e0riament implicats i, si escau, transformats, des d&#8217;una perspectiva d&#8217;innovaci\u00f3 i de millora cont\u00ednua.<\/span><\/p>\n<p class=\"zfr3Q CDt4Ke \" dir=\"ltr\"><span class=\"C9DxTc \">T\u00e9 com a referent el<\/span><a class=\"XqQF9c\" href=\"https:\/\/educacio.gencat.cat\/ca\/departament\/linies-estrategiques\/pla-educacio-digital\/\" target=\"_blank\" rel=\"noopener\"><span class=\"C9DxTc aw5Odc \">\u00a0Pla d\u2019Educaci\u00f3 Digital de Catalunya<\/span><\/a><span class=\"C9DxTc \">, que\u00a0t\u00e9 com a objectiu contribuir al desenvolupament de les compet\u00e8ncies digitals que els ciutadans i les ciutadanes necessiten per viure i treballar en una societat caracteritzada per les transformacions i els canvis accelerats derivats de les mateixes tecnologies<\/span><\/p>\n<p class=\"zfr3Q CDt4Ke \" dir=\"ltr\"><span class=\"C9DxTc \">\u00a0Un alumnat digitalment competent ser\u00e0 garantia d&#8217;una ciutadania digitalment competent, cr\u00edtica i responsable en l&#8217;\u00fas de la tecnologia.<\/span><\/p>\n<p dir=\"ltr\">A continuaci\u00f3 us deixem l&#8217;enlla\u00e7 de la nostra Estrat\u00e8gia Digital de Centre.<\/p>\n<p dir=\"ltr\"><a href=\"https:\/\/sites.google.com\/camidelcros.cat\/estrategiadigitalcami-delcros\/inici\" target=\"_blank\" rel=\"noopener\">ESTRAT\u00c8GIA DIGITAL DE L&#8217;ESCOLA CAM\u00cd DEL CROS<\/a><\/p>\n<p dir=\"ltr\">\n","protected":false},"excerpt":{"rendered":"<p><a href=\"https:\/\/projectes.xtec.cat\/edc-suport\/\" target=\"_blank\" rel=\"noopener\">L\u2019Estrat\u00e8gia Digital de Centre<\/a> (EDC) defineix i concreta les l\u00ednies d&#8217;actuaci\u00f3 de la nostra escola que fan possible que docents, alumnat i centre assoleixin la compet\u00e8ncia digital.<br \/>\nPer aconseguir aquesta compet\u00e8ncia digital, l&#8217;EDC compr\u00e8n tots els \u00e0mbits del nostre centre: organitzatius, metodol\u00f2gics,&hellip;  <a href=\"https:\/\/agora.xtec.cat\/esc-camidelcros\/estrategia-digital-de-centre\/\" title=\"Read ESTRAT\u00c8GIA DIGITAL DE CENTRE\">Llegeix m\u00e9s\u00bb<\/a><\/p>\n","protected":false},"author":1,"featured_media":0,"parent":0,"menu_order":0,"comment_status":"closed","ping_status":"closed","template":"","meta":{"_bbp_topic_count":0,"_bbp_reply_count":0,"_bbp_total_topic_count":0,"_bbp_total_reply_count":0,"_bbp_voice_count":0,"_bbp_anonymous_reply_count":0,"_bbp_topic_count_hidden":0,"_bbp_reply_count_hidden":0,"_bbp_forum_subforum_count":0,"footnotes":""},"class_list":["post-2198","page","type-page","status-publish","hentry"],"post_mailing_queue_ids":[],"_links":{"self":[{"href":"https:\/\/agora.xtec.cat\/esc-camidelcros\/wp-json\/wp\/v2\/pages\/2198","targetHints":{"allow":["GET"]}}],"collection":[{"href":"https:\/\/agora.xtec.cat\/esc-camidelcros\/wp-json\/wp\/v2\/pages"}],"about":[{"href":"https:\/\/agora.xtec.cat\/esc-camidelcros\/wp-json\/wp\/v2\/types\/page"}],"author":[{"embeddable":true,"href":"https:\/\/agora.xtec.cat\/esc-camidelcros\/wp-json\/wp\/v2\/users\/1"}],"replies":[{"embeddable":true,"href":"https:\/\/agora.xtec.cat\/esc-camidelcros\/wp-json\/wp\/v2\/comments?post=2198"}],"version-history":[{"count":6,"href":"https:\/\/agora.xtec.cat\/esc-camidelcros\/wp-json\/wp\/v2\/pages\/2198\/revisions"}],"predecessor-version":[{"id":3228,"href":"https:\/\/agora.xtec.cat\/esc-camidelcros\/wp-json\/wp\/v2\/pages\/2198\/revisions\/3228"}],"wp:attachment":[{"href":"https:\/\/agora.xtec.cat\/esc-camidelcros\/wp-json\/wp\/v2\/media?parent=2198"}],"curies":[{"name":"wp","href":"https:\/\/api.w.org\/{rel}","templated":true}]}}