{"id":2043,"date":"2023-01-25T17:16:50","date_gmt":"2023-01-25T16:16:50","guid":{"rendered":"https:\/\/agora.xtec.cat\/esc-camidelcros\/?page_id=2043"},"modified":"2026-01-20T11:53:34","modified_gmt":"2026-01-20T10:53:34","slug":"portes-obertes-preinscripcions-i-matricula-26-27","status":"publish","type":"page","link":"https:\/\/agora.xtec.cat\/esc-camidelcros\/portes-obertes-preinscripcions-i-matricula-26-27\/","title":{"rendered":"PORTES OBERTES, PREINSCRIPCIONS I MATR\u00cdCULA 26-27"},"content":{"rendered":"<p>P\u00e0gina preparada per totes les fam\u00edlies que tenen inter\u00e8s en la nostra escola. Estar\u00e0 actualitzada en funci\u00f3 de les diverses informacions.<\/p>\n<p>https:\/\/preinscripcio.gencat.cat\/ca\/detalls\/noticia\/dates-preinscripcio-2026-2027<\/p>\n<p>&nbsp;<\/p>\n<ul>\n<li><strong>Portes Obertes Curs 2026-27<\/strong>:\n<ul>\n<li>Dimecres 25 de febrer de 2026. 3 Sessions:\u00a0 9:15,\u00a0 15:15 i\u00a0 16:45<\/li>\n<\/ul>\n<\/li>\n<li><strong>Proc\u00e9s de preinscripci\u00f3 i matr\u00edcula:<\/strong>\n<ul>\n<li style=\"list-style-type: none;\">\n<ul>\n<li>Presentaci\u00f3 de sol\u00b7licituds: del 4 al 18 de mar\u00e7 al centre triat en primera opci\u00f3 o per internet<\/li>\n<li>Matr\u00edcula: del\u00a0 de juny al\u00a0 de juliol de 2026<\/li>\n<\/ul>\n<\/li>\n<\/ul>\n<\/li>\n<li><strong>Horari lectiu<\/strong>:\n<ul>\n<li style=\"list-style-type: none;\">\n<ul>\n<li>Ed. Infantil i Prim\u00e0ria: de 9.00 \u2013 12.30h i de 15.00 \u2013 16.30h<\/li>\n<\/ul>\n<\/li>\n<\/ul>\n<\/li>\n<li><strong>Oferta de places al centre:<\/strong> Oferta inicial publicada properament<\/li>\n<li><strong>Serveis<\/strong>:\n<ul>\n<li>Acollida matinal: de 7.45 \u2013 9.00h<\/li>\n<li>Menjador escolar: de 12:30 \u2013 15.00h<\/li>\n<li>Activitats de lleure: de 16.30 \u2013 18.00h<\/li>\n<\/ul>\n<\/li>\n<li><strong>Quotes (previsi\u00f3 2025-26) (Pendent de concretar):<\/strong>\n<ul>\n<li>Material:<\/li>\n<li>Llibres:<\/li>\n<li>Sortides:\u00a0 \u20ac \/ infant \/ curs<\/li>\n<li>AFA:\u00a0 \u20ac \/ fam\u00edlia \/ curs<\/li>\n<li>Perman\u00e8ncies: \u20ac \/ dia<\/li>\n<li>Menjador: \u20ac<\/li>\n<li>Activitats de lleure:<\/li>\n<\/ul>\n<\/li>\n<\/ul>\n<p>Si necessiteu ampliar la informaci\u00f3, no dubteu a contactar amb nosaltres:<\/p>\n<ul>\n<li>Tel\u00e8fon: 93.799.35.63 \/ 634800143 (9:00-13:30h i de 15-17.00h)<\/li>\n<li>Correu electr\u00f2nic: a8039616@xtec.cat<\/li>\n<\/ul>\n","protected":false},"excerpt":{"rendered":"<p>P\u00e0gina preparada per totes les fam\u00edlies que tenen inter\u00e8s en la nostra escola. Estar\u00e0 actualitzada en funci\u00f3 de les diverses informacions.<br \/>\nhttps:\/\/preinscripcio.gencat.cat\/ca\/detalls\/noticia\/dates-preinscripcio-2026-2027<br \/>\n&nbsp;<\/p>\n<ul>\n<li>Portes Obertes Curs 2026-27:\n<ul>\n<li>Dimecres 25 de febrer de 2026. 3 Sessions:\u00a0 9:15,\u00a0 15:15 i\u00a0 16:45<\/li>\n<\/ul>\n<\/li>\n<li>Proc\u00e9s de preinscripci\u00f3 i matr\u00edcula:\n<ul>\n<li style=\"list-style-type: none;\">\n<ul>\n<li>Presentaci\u00f3 de sol\u00b7licituds: del 4&hellip;  <a href=\"https:\/\/agora.xtec.cat\/esc-camidelcros\/portes-obertes-preinscripcions-i-matricula-26-27\/\" title=\"Read PORTES OBERTES, PREINSCRIPCIONS I MATR\u00cdCULA 26-27\">Llegeix m\u00e9s\u00bb<\/a><br \/>\n","protected":false},"author":1,"featured_media":0,"parent":0,"menu_order":0,"comment_status":"closed","ping_status":"closed","template":"","meta":{"_bbp_topic_count":0,"_bbp_reply_count":0,"_bbp_total_topic_count":0,"_bbp_total_reply_count":0,"_bbp_voice_count":0,"_bbp_anonymous_reply_count":0,"_bbp_topic_count_hidden":0,"_bbp_reply_count_hidden":0,"_bbp_forum_subforum_count":0,"footnotes":""},"class_list":["post-2043","page","type-page","status-publish","hentry"],"post_mailing_queue_ids":[],"_links":{"self":[{"href":"https:\/\/agora.xtec.cat\/esc-camidelcros\/wp-json\/wp\/v2\/pages\/2043","targetHints":{"allow":["GET"]}}],"collection":[{"href":"https:\/\/agora.xtec.cat\/esc-camidelcros\/wp-json\/wp\/v2\/pages"}],"about":[{"href":"https:\/\/agora.xtec.cat\/esc-camidelcros\/wp-json\/wp\/v2\/types\/page"}],"author":[{"embeddable":true,"href":"https:\/\/agora.xtec.cat\/esc-camidelcros\/wp-json\/wp\/v2\/users\/1"}],"replies":[{"embeddable":true,"href":"https:\/\/agora.xtec.cat\/esc-camidelcros\/wp-json\/wp\/v2\/comments?post=2043"}],"version-history":[{"count":5,"href":"https:\/\/agora.xtec.cat\/esc-camidelcros\/wp-json\/wp\/v2\/pages\/2043\/revisions"}],"predecessor-version":[{"id":3351,"href":"https:\/\/agora.xtec.cat\/esc-camidelcros\/wp-json\/wp\/v2\/pages\/2043\/revisions\/3351"}],"wp:attachment":[{"href":"https:\/\/agora.xtec.cat\/esc-camidelcros\/wp-json\/wp\/v2\/media?parent=2043"}],"curies":[{"name":"wp","href":"https:\/\/api.w.org\/{rel}","templated":true}]}}