{"id":1853,"date":"2022-02-23T11:50:39","date_gmt":"2022-02-23T10:50:39","guid":{"rendered":"https:\/\/agora.xtec.cat\/esc-camidelcros\/?page_id=1853"},"modified":"2023-06-30T09:59:01","modified_gmt":"2023-06-30T07:59:01","slug":"projecte-erasmus","status":"publish","type":"page","link":"https:\/\/agora.xtec.cat\/esc-camidelcros\/projecte-erasmus\/","title":{"rendered":"PROJECTE ERASMUS+"},"content":{"rendered":"<p><strong>La nostra escola ha comen\u00e7at a participar aquest curs del PROGRAMA ERASMUS +CETE + (consorci europeu per a la transformaci\u00f3 educativa) MCAEA (aprendre a l&#8217;escola que apr\u00e8n)<\/strong><\/p>\n<p><strong>Amb l&#8217;objectiu d&#8217;impulsar la Internacionalitzaci\u00f3 com a Eina de Transformaci\u00f3 Educativa en un m\u00f3n global.<\/strong><\/p>\n<h6 dir=\"ltr\" style=\"text-align: center;\">Del 2 al 6 de maig 4 mestres del Cam\u00ed del Cros visitaran unes escoles de Portugal per observar les seves pr\u00e0ctiques educatives i intercanviar experi\u00e8ncies.<\/h6>\n<h6 dir=\"ltr\" style=\"text-align: center;\">Di\u00e0riament, us anirem explicant el que anem aprenent i les activitats en qu\u00e8 participem.<\/h6>\n<p><span style=\"color: #000080;\"><strong>FINALITAT DEL PROJECTE ERASMUS+ AMB EL SUPORT DE L&#8217;EQUIP DEL MICROCONSORCI<\/strong><\/span>:<\/p>\n<ul style=\"list-style-type: circle;\">\n<li>Consensuar objectius<\/li>\n<li>Pensar activitats d&#8217;aprenentatge, ensenyament, transfer\u00e8ncia i implementaci\u00f3 del projecte<\/li>\n<li>Pensar la finalitat de mobilitat (Job-shadowing)<\/li>\n<li>Detectar les necessitats del centre<\/li>\n<li>Objectius d&#8217;aprenentatge alumnat i professorat.<\/li>\n<li>Organitzaci\u00f3 i gesti\u00f3<\/li>\n<li>An\u00e0lisi de resultats tangibles i intangibles.<\/li>\n<\/ul>\n<p><strong>Us mantindrem informats de la nostra experi\u00e8ncia. <\/strong><\/p>\n<p><strong>Podeu trobar m\u00e9s informaci\u00f3 a trav\u00e9s d&#8217;aquest link<\/strong>: <a href=\"https:\/\/sites.google.com\/d\/1lPQ-nN8cnrGOMe19NHwjtsa5FQ__TIqm\/p\/1oB4Wpz5gRB3EFwdwsTTNeI--VzVwUoZn\/edit\">GOOGLE SITES- Erasmus<\/a><\/p>\n<p>&nbsp;<\/p>\n<p><span style=\"color: #000080;\"><b>Participaci\u00f3 a la JORNADA D&#8217;INTERNACIONALITZACI\u00d3 ERASMUS +<\/b><\/span><\/p>\n<p><span style=\"font-weight: 400;\">El dia 16 de maig de 2023 dos de les companyes d\u2019escola vam participar a la jornada d\u2019internacionalitzaci\u00f3 Erasmus amb tots els equips impulsors del CETE +.<\/span><\/p>\n<p><span style=\"font-weight: 400;\">Vam presenciar les exposicions de la feina realitzada per part dels diferents equips del consorcii els objectius de les seves experi\u00e8ncies a partir de l\u2019Erasmus. Les accions, actuacions i resultats de les reunions i mobilitzacions realitzades.<\/span><\/p>\n<p><span style=\"font-weight: 400;\">Despr\u00e9s vam reunir-nos amb els membres de la taula on ens havia tocat seure i juntament amb un membre representant del servei internacional de lleng\u00fces estrangeres que dinamitzava vam intercanviar les nostres experi\u00e8ncies i els \u00e0mbits de millora i aprenentatge que hav\u00edem abordat a partir del programa, grup de treball i mobilitats tot reflexionant en aspectes organitzatius, metodol\u00f2gics i d\u2019aprenentatge de l\u2019alumnat.<\/span><\/p>\n<p><a href=\"https:\/\/agora.xtec.cat\/esc-camidelcros\/wp-content\/uploads\/usu1981\/2023\/06\/IMG-20230516-WA0020.jpg\"><img loading=\"lazy\" decoding=\"async\" class=\"alignnone wp-image-2218\" src=\"https:\/\/agora.xtec.cat\/esc-camidelcros\/wp-content\/uploads\/usu1981\/2023\/06\/IMG-20230516-WA0020-768x1024.jpg\" alt=\"\" width=\"351\" height=\"468\" srcset=\"https:\/\/agora.xtec.cat\/esc-camidelcros\/wp-content\/uploads\/usu1981\/2023\/06\/IMG-20230516-WA0020-768x1024.jpg 768w, https:\/\/agora.xtec.cat\/esc-camidelcros\/wp-content\/uploads\/usu1981\/2023\/06\/IMG-20230516-WA0020-225x300.jpg 225w, https:\/\/agora.xtec.cat\/esc-camidelcros\/wp-content\/uploads\/usu1981\/2023\/06\/IMG-20230516-WA0020-1152x1536.jpg 1152w, https:\/\/agora.xtec.cat\/esc-camidelcros\/wp-content\/uploads\/usu1981\/2023\/06\/IMG-20230516-WA0020.jpg 1500w\" sizes=\"auto, (max-width: 351px) 100vw, 351px\" \/><\/a> <a href=\"https:\/\/agora.xtec.cat\/esc-camidelcros\/wp-content\/uploads\/usu1981\/2023\/06\/IMG-20230516-WA0035.jpg\"><img loading=\"lazy\" decoding=\"async\" class=\"alignnone wp-image-2219\" src=\"https:\/\/agora.xtec.cat\/esc-camidelcros\/wp-content\/uploads\/usu1981\/2023\/06\/IMG-20230516-WA0035-1024x768.jpg\" alt=\"\" width=\"330\" height=\"248\" srcset=\"https:\/\/agora.xtec.cat\/esc-camidelcros\/wp-content\/uploads\/usu1981\/2023\/06\/IMG-20230516-WA0035-1024x768.jpg 1024w, https:\/\/agora.xtec.cat\/esc-camidelcros\/wp-content\/uploads\/usu1981\/2023\/06\/IMG-20230516-WA0035-300x225.jpg 300w, https:\/\/agora.xtec.cat\/esc-camidelcros\/wp-content\/uploads\/usu1981\/2023\/06\/IMG-20230516-WA0035-768x576.jpg 768w, https:\/\/agora.xtec.cat\/esc-camidelcros\/wp-content\/uploads\/usu1981\/2023\/06\/IMG-20230516-WA0035-1536x1152.jpg 1536w, https:\/\/agora.xtec.cat\/esc-camidelcros\/wp-content\/uploads\/usu1981\/2023\/06\/IMG-20230516-WA0035-200x150.jpg 200w, https:\/\/agora.xtec.cat\/esc-camidelcros\/wp-content\/uploads\/usu1981\/2023\/06\/IMG-20230516-WA0035.jpg 2000w\" sizes=\"auto, (max-width: 330px) 100vw, 330px\" \/><\/a><a href=\"https:\/\/agora.xtec.cat\/esc-camidelcros\/wp-content\/uploads\/usu1981\/2023\/06\/taula-erasmus-scaled.jpg\"><img loading=\"lazy\" decoding=\"async\" class=\"alignnone size-large wp-image-2221\" src=\"https:\/\/agora.xtec.cat\/esc-camidelcros\/wp-content\/uploads\/usu1981\/2023\/06\/taula-erasmus-1024x737.jpg\" alt=\"\" width=\"1024\" height=\"737\" srcset=\"https:\/\/agora.xtec.cat\/esc-camidelcros\/wp-content\/uploads\/usu1981\/2023\/06\/taula-erasmus-1024x737.jpg 1024w, https:\/\/agora.xtec.cat\/esc-camidelcros\/wp-content\/uploads\/usu1981\/2023\/06\/taula-erasmus-300x216.jpg 300w, https:\/\/agora.xtec.cat\/esc-camidelcros\/wp-content\/uploads\/usu1981\/2023\/06\/taula-erasmus-768x552.jpg 768w, https:\/\/agora.xtec.cat\/esc-camidelcros\/wp-content\/uploads\/usu1981\/2023\/06\/taula-erasmus-1536x1105.jpg 1536w, https:\/\/agora.xtec.cat\/esc-camidelcros\/wp-content\/uploads\/usu1981\/2023\/06\/taula-erasmus-2048x1473.jpg 2048w\" sizes=\"auto, (max-width: 1024px) 100vw, 1024px\" \/><\/a><a href=\"https:\/\/agora.xtec.cat\/esc-camidelcros\/wp-content\/uploads\/usu1981\/2023\/06\/carme-i-rachel-scaled.jpg\"><img loading=\"lazy\" decoding=\"async\" class=\"wp-image-2222 aligncenter\" src=\"https:\/\/agora.xtec.cat\/esc-camidelcros\/wp-content\/uploads\/usu1981\/2023\/06\/carme-i-rachel-1024x777.jpg\" alt=\"\" width=\"392\" height=\"298\" srcset=\"https:\/\/agora.xtec.cat\/esc-camidelcros\/wp-content\/uploads\/usu1981\/2023\/06\/carme-i-rachel-1024x777.jpg 1024w, https:\/\/agora.xtec.cat\/esc-camidelcros\/wp-content\/uploads\/usu1981\/2023\/06\/carme-i-rachel-300x228.jpg 300w, https:\/\/agora.xtec.cat\/esc-camidelcros\/wp-content\/uploads\/usu1981\/2023\/06\/carme-i-rachel-768x582.jpg 768w, https:\/\/agora.xtec.cat\/esc-camidelcros\/wp-content\/uploads\/usu1981\/2023\/06\/carme-i-rachel-1536x1165.jpg 1536w, https:\/\/agora.xtec.cat\/esc-camidelcros\/wp-content\/uploads\/usu1981\/2023\/06\/carme-i-rachel-2048x1553.jpg 2048w\" sizes=\"auto, (max-width: 392px) 100vw, 392px\" \/><\/a><\/p>\n","protected":false},"excerpt":{"rendered":"<p>La nostra escola ha comen\u00e7at a participar aquest curs del PROGRAMA ERASMUS +CETE + (consorci europeu per a la transformaci\u00f3 educativa) MCAEA (aprendre a l&#8217;escola que apr\u00e8n)<br \/>\nAmb l&#8217;objectiu d&#8217;impulsar la Internacionalitzaci\u00f3 com a Eina de Transformaci\u00f3 Educativa en un m\u00f3n global.<br \/>\nDel 2 al 6 de&hellip;  <a href=\"https:\/\/agora.xtec.cat\/esc-camidelcros\/projecte-erasmus\/\" title=\"Read PROJECTE ERASMUS+\">Llegeix m\u00e9s\u00bb<\/a><\/p>\n","protected":false},"author":1,"featured_media":0,"parent":0,"menu_order":0,"comment_status":"closed","ping_status":"closed","template":"","meta":{"_bbp_topic_count":0,"_bbp_reply_count":0,"_bbp_total_topic_count":0,"_bbp_total_reply_count":0,"_bbp_voice_count":0,"_bbp_anonymous_reply_count":0,"_bbp_topic_count_hidden":0,"_bbp_reply_count_hidden":0,"_bbp_forum_subforum_count":0,"footnotes":""},"class_list":["post-1853","page","type-page","status-publish","hentry"],"post_mailing_queue_ids":[],"_links":{"self":[{"href":"https:\/\/agora.xtec.cat\/esc-camidelcros\/wp-json\/wp\/v2\/pages\/1853","targetHints":{"allow":["GET"]}}],"collection":[{"href":"https:\/\/agora.xtec.cat\/esc-camidelcros\/wp-json\/wp\/v2\/pages"}],"about":[{"href":"https:\/\/agora.xtec.cat\/esc-camidelcros\/wp-json\/wp\/v2\/types\/page"}],"author":[{"embeddable":true,"href":"https:\/\/agora.xtec.cat\/esc-camidelcros\/wp-json\/wp\/v2\/users\/1"}],"replies":[{"embeddable":true,"href":"https:\/\/agora.xtec.cat\/esc-camidelcros\/wp-json\/wp\/v2\/comments?post=1853"}],"version-history":[{"count":3,"href":"https:\/\/agora.xtec.cat\/esc-camidelcros\/wp-json\/wp\/v2\/pages\/1853\/revisions"}],"predecessor-version":[{"id":2224,"href":"https:\/\/agora.xtec.cat\/esc-camidelcros\/wp-json\/wp\/v2\/pages\/1853\/revisions\/2224"}],"wp:attachment":[{"href":"https:\/\/agora.xtec.cat\/esc-camidelcros\/wp-json\/wp\/v2\/media?parent=1853"}],"curies":[{"name":"wp","href":"https:\/\/api.w.org\/{rel}","templated":true}]}}